{"id":10408,"date":"2022-02-21T15:16:24","date_gmt":"2022-02-21T13:16:24","guid":{"rendered":"https:\/\/www.nautaran.org\/?page_id=10408"},"modified":"2022-02-21T15:16:29","modified_gmt":"2022-02-21T13:16:29","slug":"gymkana-naut-aran","status":"publish","type":"page","link":"https:\/\/www.nautaran.org\/ca\/servicis\/cultura\/gymkana-naut-aran\/","title":{"rendered":"Gymkana Naut Aran"},"content":{"rendered":"<p>[et_pb_section fb_built=&#8221;1&#8243; _builder_version=&#8221;4.6.1&#8243; _module_preset=&#8221;default&#8221; use_background_color_gradient=&#8221;on&#8221; background_color_gradient_start=&#8221;rgba(115,152,198,0.9)&#8221; background_color_gradient_end=&#8221;rgba(143,196,109,0.9)&#8221; background_color_gradient_direction=&#8221;160deg&#8221; background_color_gradient_overlays_image=&#8221;on&#8221; background_image=&#8221;https:\/\/www.nautaran.org\/wp-content\/uploads\/2020\/10\/naut-aran.jpg&#8221; custom_padding=&#8221;5px||21px|||&#8221; global_colors_info=&#8221;{}&#8221;][et_pb_row _builder_version=&#8221;4.6.1&#8243; _module_preset=&#8221;default&#8221; custom_margin=&#8221;|auto|-10px|auto||&#8221; custom_padding=&#8221;44px||30px|||&#8221; global_colors_info=&#8221;{}&#8221;][et_pb_column type=&#8221;4_4&#8243; _builder_version=&#8221;4.6.1&#8243; _module_preset=&#8221;default&#8221; global_colors_info=&#8221;{}&#8221;][et_pb_text _builder_version=&#8221;4.6.1&#8243; _module_preset=&#8221;default&#8221; header_text_align=&#8221;center&#8221; header_text_color=&#8221;#ffffff&#8221; header_font_size=&#8221;70px&#8221; header_font_size_tablet=&#8221;50px&#8221; header_font_size_phone=&#8221;35px&#8221; header_font_size_last_edited=&#8221;on|phone&#8221; header_text_shadow_style=&#8221;preset3&#8243; global_colors_info=&#8221;{}&#8221;]<\/p>\n<h1>Gymkanas Naut Aran<\/h1>\n<p>[\/et_pb_text][\/et_pb_column][\/et_pb_row][\/et_pb_section][et_pb_section fb_built=&#8221;1&#8243; _builder_version=&#8221;4.6.1&#8243; _module_preset=&#8221;default&#8221; custom_padding=&#8221;17px||31px|||&#8221; global_colors_info=&#8221;{}&#8221;][et_pb_row column_structure=&#8221;1_3,1_3,1_3&#8243; make_equal=&#8221;on&#8221; _builder_version=&#8221;4.6.1&#8243; _module_preset=&#8221;default&#8221; custom_padding=&#8221;29px|||||&#8221; global_colors_info=&#8221;{}&#8221;][et_pb_column type=&#8221;1_3&#8243; _builder_version=&#8221;4.6.1&#8243; _module_preset=&#8221;default&#8221; background_color=&#8221;#ffffff&#8221; custom_padding=&#8221;||20px||false|false&#8221; box_shadow_style=&#8221;preset3&#8243; global_colors_info=&#8221;{}&#8221;][et_pb_image src=&#8221;https:\/\/www.nautaran.org\/wp-content\/uploads\/2022\/02\/ARTIES.png&#8221; title_text=&#8221;ARTIES&#8221; _builder_version=&#8221;4.6.1&#8243; _module_preset=&#8221;default&#8221; background_color=&#8221;#efefef&#8221; global_colors_info=&#8221;{}&#8221;][\/et_pb_image][et_pb_text admin_label=&#8221;Titulo&#8221; _builder_version=&#8221;4.14.7&#8243; _module_preset=&#8221;default&#8221; header_font=&#8221;Roboto|700|||||||&#8221; header_text_align=&#8221;center&#8221; header_font_size=&#8221;35px&#8221; custom_margin=&#8221;|20px|6px|20px|false|false&#8221; link_option_url=&#8221;https:\/\/gymkanaturistica.com\/game\/?pin=arties&#8221; link_option_url_new_window=&#8221;on&#8221; global_colors_info=&#8221;{}&#8221;]<\/p>\n<h1>El origen deth Taro<\/h1>\n<h1>de Arties<\/h1>\n<p>[\/et_pb_text][et_pb_button button_url=&#8221;https:\/\/gymkanaturistica.com\/game\/?pin=arties&#8221; url_new_window=&#8221;on&#8221; button_text=&#8221;Veir m\u00e8s&#8221; button_alignment=&#8221;center&#8221; module_id=&#8221;boton-boxes&#8221; _builder_version=&#8221;4.14.7&#8243; _module_preset=&#8221;default&#8221; custom_button=&#8221;on&#8221; button_use_icon=&#8221;off&#8221; custom_margin=&#8221;|20px||20px|false|false&#8221; custom_padding=&#8221;||||false|false&#8221; global_colors_info=&#8221;{}&#8221; button_bg_color__hover_enabled=&#8221;on|hover&#8221; button_bg_color__hover=&#8221;#e06660&#8243; button_bg_enable_color__hover=&#8221;on&#8221;][\/et_pb_button][\/et_pb_column][et_pb_column type=&#8221;1_3&#8243; _builder_version=&#8221;4.6.1&#8243; _module_preset=&#8221;default&#8221; background_color=&#8221;#ffffff&#8221; custom_padding=&#8221;||20px||false|false&#8221; box_shadow_style=&#8221;preset3&#8243; global_colors_info=&#8221;{}&#8221;][et_pb_image src=&#8221;https:\/\/www.nautaran.org\/wp-content\/uploads\/2022\/02\/bagergue.png&#8221; title_text=&#8221;bagergue&#8221; _builder_version=&#8221;4.6.1&#8243; _module_preset=&#8221;default&#8221; background_color=&#8221;#efefef&#8221; global_colors_info=&#8221;{}&#8221;][\/et_pb_image][et_pb_text admin_label=&#8221;Titulo&#8221; _builder_version=&#8221;4.14.7&#8243; _module_preset=&#8221;default&#8221; header_font=&#8221;Roboto|700|||||||&#8221; header_text_align=&#8221;center&#8221; header_font_size=&#8221;35px&#8221; custom_margin=&#8221;|20px|6px|20px|false|false&#8221; link_option_url=&#8221;https:\/\/gymkanaturistica.com\/game\/?pin=bagergue&#8221; link_option_url_new_window=&#8221;on&#8221; global_colors_info=&#8221;{}&#8221;]<\/p>\n<h1>El Contrabandista de<\/h1>\n<h1>Bagergue<\/h1>\n<p>[\/et_pb_text][et_pb_button button_url=&#8221;https:\/\/gymkanaturistica.com\/game\/?pin=bagergue&#8221; url_new_window=&#8221;on&#8221; button_text=&#8221;Veir m\u00e8s&#8221; button_alignment=&#8221;center&#8221; module_id=&#8221;boton-boxes&#8221; _builder_version=&#8221;4.14.7&#8243; _module_preset=&#8221;default&#8221; custom_button=&#8221;on&#8221; button_use_icon=&#8221;off&#8221; custom_margin=&#8221;|20px||20px|false|false&#8221; custom_padding=&#8221;||||false|false&#8221; global_colors_info=&#8221;{}&#8221; button_bg_color__hover_enabled=&#8221;on|hover&#8221; button_bg_color__hover=&#8221;#e06660&#8243; button_bg_enable_color__hover=&#8221;on&#8221;][\/et_pb_button][\/et_pb_column][et_pb_column type=&#8221;1_3&#8243; _builder_version=&#8221;4.6.1&#8243; _module_preset=&#8221;default&#8221; background_color=&#8221;#ffffff&#8221; custom_padding=&#8221;||20px||false|false&#8221; box_shadow_style=&#8221;preset3&#8243; global_colors_info=&#8221;{}&#8221;][et_pb_image src=&#8221;https:\/\/www.nautaran.org\/wp-content\/uploads\/2022\/02\/garos.png&#8221; title_text=&#8221;gar\u00f2s&#8221; _builder_version=&#8221;4.14.7&#8243; _module_preset=&#8221;default&#8221; background_color=&#8221;#efefef&#8221; global_colors_info=&#8221;{}&#8221;][\/et_pb_image][et_pb_text admin_label=&#8221;Titulo&#8221; _builder_version=&#8221;4.14.7&#8243; _module_preset=&#8221;default&#8221; header_font=&#8221;Roboto|700|||||||&#8221; header_text_align=&#8221;center&#8221; header_font_size=&#8221;35px&#8221; custom_margin=&#8221;|20px|6px|20px|false|false&#8221; link_option_url=&#8221;https:\/\/gymkanaturistica.com\/game\/?pin=garos&#8221; link_option_url_new_window=&#8221;on&#8221; global_colors_info=&#8221;{}&#8221;]<\/p>\n<h1>Mandronius, el gigante de Gar\u00f2s<\/h1>\n<p>[\/et_pb_text][et_pb_button button_url=&#8221;https:\/\/gymkanaturistica.com\/game\/?pin=garos&#8221; url_new_window=&#8221;on&#8221; button_text=&#8221;Veir m\u00e8s&#8221; button_alignment=&#8221;center&#8221; module_id=&#8221;boton-boxes&#8221; _builder_version=&#8221;4.14.7&#8243; _module_preset=&#8221;default&#8221; custom_button=&#8221;on&#8221; button_use_icon=&#8221;off&#8221; custom_margin=&#8221;|20px||20px|false|false&#8221; custom_padding=&#8221;||||false|false&#8221; global_colors_info=&#8221;{}&#8221; button_bg_color__hover_enabled=&#8221;on|hover&#8221; button_bg_color__hover=&#8221;#e06660&#8243; button_bg_enable_color__hover=&#8221;on&#8221;][\/et_pb_button][\/et_pb_column][\/et_pb_row][et_pb_row column_structure=&#8221;1_3,1_3,1_3&#8243; make_equal=&#8221;on&#8221; _builder_version=&#8221;4.6.1&#8243; _module_preset=&#8221;default&#8221; custom_padding=&#8221;22px|||||&#8221; global_colors_info=&#8221;{}&#8221;][et_pb_column type=&#8221;1_3&#8243; _builder_version=&#8221;4.6.1&#8243; _module_preset=&#8221;default&#8221; background_color=&#8221;#ffffff&#8221; custom_padding=&#8221;||20px||false|false&#8221; box_shadow_style=&#8221;preset3&#8243; global_colors_info=&#8221;{}&#8221;][et_pb_image src=&#8221;https:\/\/www.nautaran.org\/wp-content\/uploads\/2022\/02\/gessa.png&#8221; title_text=&#8221;gessa&#8221; _builder_version=&#8221;4.14.7&#8243; _module_preset=&#8221;default&#8221; background_color=&#8221;#efefef&#8221; global_colors_info=&#8221;{}&#8221;][\/et_pb_image][et_pb_text admin_label=&#8221;Titulo&#8221; _builder_version=&#8221;4.14.7&#8243; _module_preset=&#8221;default&#8221; header_font=&#8221;Roboto|700|||||||&#8221; header_text_align=&#8221;center&#8221; header_font_size=&#8221;35px&#8221; custom_margin=&#8221;|20px|6px|20px|false|false&#8221; link_option_url=&#8221;https:\/\/gymkanaturistica.com\/game\/?pin=gessa&#8221; link_option_url_new_window=&#8221;on&#8221; global_colors_info=&#8221;{}&#8221;]<\/p>\n<h1>El camino del Exilio de Gessa<\/h1>\n<p>[\/et_pb_text][et_pb_button button_url=&#8221;https:\/\/gymkanaturistica.com\/game\/?pin=gessa&#8221; url_new_window=&#8221;on&#8221; button_text=&#8221;Veir m\u00e8s&#8221; button_alignment=&#8221;center&#8221; module_id=&#8221;boton-boxes&#8221; _builder_version=&#8221;4.14.7&#8243; _module_preset=&#8221;default&#8221; custom_button=&#8221;on&#8221; button_use_icon=&#8221;off&#8221; custom_margin=&#8221;|20px||20px|false|false&#8221; custom_padding=&#8221;||||false|false&#8221; global_colors_info=&#8221;{}&#8221; button_bg_color__hover_enabled=&#8221;on|hover&#8221; button_bg_color__hover=&#8221;#e06660&#8243; button_bg_enable_color__hover=&#8221;on&#8221;][\/et_pb_button][\/et_pb_column][et_pb_column type=&#8221;1_3&#8243; _builder_version=&#8221;4.6.1&#8243; _module_preset=&#8221;default&#8221; background_color=&#8221;#ffffff&#8221; custom_padding=&#8221;||20px||false|false&#8221; box_shadow_style=&#8221;preset3&#8243; global_colors_info=&#8221;{}&#8221;][et_pb_image src=&#8221;https:\/\/www.nautaran.org\/wp-content\/uploads\/2022\/02\/salardu.png&#8221; title_text=&#8221;salard\u00fa&#8221; _builder_version=&#8221;4.14.7&#8243; _module_preset=&#8221;default&#8221; background_color=&#8221;#efefef&#8221; global_colors_info=&#8221;{}&#8221;][\/et_pb_image][et_pb_text admin_label=&#8221;Titulo&#8221; _builder_version=&#8221;4.14.7&#8243; _module_preset=&#8221;default&#8221; header_font=&#8221;Roboto|700|||||||&#8221; header_text_align=&#8221;center&#8221; header_font_size=&#8221;35px&#8221; custom_margin=&#8221;|20px|6px|20px|false|false&#8221; link_option_url=&#8221;https:\/\/gymkanaturistica.com\/game\/?pin=salardu&#8221; link_option_url_new_window=&#8221;on&#8221; global_colors_info=&#8221;{}&#8221;]<\/p>\n<h1>El Asedio de Salard\u00fa<\/h1>\n<p>&nbsp;<\/p>\n<p>[\/et_pb_text][et_pb_button button_url=&#8221;https:\/\/gymkanaturistica.com\/game\/?pin=salardu&#8221; url_new_window=&#8221;on&#8221; button_text=&#8221;Veir m\u00e8s&#8221; button_alignment=&#8221;center&#8221; module_id=&#8221;boton-boxes&#8221; _builder_version=&#8221;4.14.7&#8243; _module_preset=&#8221;default&#8221; custom_button=&#8221;on&#8221; button_use_icon=&#8221;off&#8221; custom_margin=&#8221;|20px||20px|false|false&#8221; custom_padding=&#8221;||||false|false&#8221; global_colors_info=&#8221;{}&#8221; button_bg_color__hover_enabled=&#8221;on|hover&#8221; button_bg_color__hover=&#8221;#e06660&#8243; button_bg_enable_color__hover=&#8221;on&#8221;][\/et_pb_button][\/et_pb_column][et_pb_column type=&#8221;1_3&#8243; _builder_version=&#8221;4.6.1&#8243; _module_preset=&#8221;default&#8221; background_color=&#8221;#ffffff&#8221; custom_padding=&#8221;||20px||false|false&#8221; box_shadow_style=&#8221;preset3&#8243; global_colors_info=&#8221;{}&#8221;][et_pb_image src=&#8221;https:\/\/www.nautaran.org\/wp-content\/uploads\/2022\/02\/tredos.png&#8221; title_text=&#8221;tred\u00f2s&#8221; _builder_version=&#8221;4.14.7&#8243; _module_preset=&#8221;default&#8221; background_color=&#8221;#efefef&#8221; global_colors_info=&#8221;{}&#8221;][\/et_pb_image][et_pb_text admin_label=&#8221;Titulo&#8221; _builder_version=&#8221;4.14.7&#8243; _module_preset=&#8221;default&#8221; header_font=&#8221;Roboto|700|||||||&#8221; header_text_align=&#8221;center&#8221; header_font_size=&#8221;35px&#8221; custom_margin=&#8221;|20px|6px|20px|false|false&#8221; link_option_url=&#8221;https:\/\/gymkanaturistica.com\/game\/?pin=TREDOS&#8221; link_option_url_new_window=&#8221;on&#8221; global_colors_info=&#8221;{}&#8221;]<\/p>\n<h1>La bruja de Tred\u00f2s<\/h1>\n<p>&nbsp;<\/p>\n<p>[\/et_pb_text][et_pb_button button_url=&#8221;https:\/\/gymkanaturistica.com\/game\/?pin=TREDOS&#8221; url_new_window=&#8221;on&#8221; button_text=&#8221;Veir m\u00e8s&#8221; button_alignment=&#8221;center&#8221; module_id=&#8221;boton-boxes&#8221; _builder_version=&#8221;4.14.7&#8243; _module_preset=&#8221;default&#8221; custom_button=&#8221;on&#8221; button_use_icon=&#8221;off&#8221; custom_margin=&#8221;|20px||20px|false|false&#8221; custom_padding=&#8221;||||false|false&#8221; global_colors_info=&#8221;{}&#8221; button_bg_color__hover_enabled=&#8221;on|hover&#8221; button_bg_color__hover=&#8221;#e06660&#8243; button_bg_enable_color__hover=&#8221;on&#8221;][\/et_pb_button][\/et_pb_column][\/et_pb_row][et_pb_row column_structure=&#8221;1_3,1_3,1_3&#8243; make_equal=&#8221;on&#8221; _builder_version=&#8221;4.14.7&#8243; _module_preset=&#8221;default&#8221; min_height=&#8221;221.5px&#8221; custom_margin=&#8221;|auto|2px|auto||&#8221; custom_padding=&#8221;22px|||||&#8221; global_colors_info=&#8221;{}&#8221;][et_pb_column type=&#8221;1_3&#8243; _builder_version=&#8221;4.6.1&#8243; _module_preset=&#8221;default&#8221; background_color=&#8221;#ffffff&#8221; custom_padding=&#8221;||20px||false|false&#8221; box_shadow_style=&#8221;preset3&#8243; global_colors_info=&#8221;{}&#8221;][et_pb_image src=&#8221;https:\/\/www.nautaran.org\/wp-content\/uploads\/2022\/02\/unha.png&#8221; title_text=&#8221;unha&#8221; _builder_version=&#8221;4.14.7&#8243; _module_preset=&#8221;default&#8221; background_color=&#8221;#efefef&#8221; global_colors_info=&#8221;{}&#8221;][\/et_pb_image][et_pb_text admin_label=&#8221;Titulo&#8221; _builder_version=&#8221;4.14.7&#8243; _module_preset=&#8221;default&#8221; header_font=&#8221;Roboto|700|||||||&#8221; header_text_align=&#8221;center&#8221; header_font_size=&#8221;35px&#8221; custom_margin=&#8221;|20px|6px|20px|false|false&#8221; link_option_url=&#8221;https:\/\/gymkanaturistica.com\/game\/?pin=unha&#8221; link_option_url_new_window=&#8221;on&#8221; global_colors_info=&#8221;{}&#8221;]<\/p>\n<h1>El secreto de Unha<\/h1>\n<p>[\/et_pb_text][et_pb_button button_url=&#8221;https:\/\/gymkanaturistica.com\/game\/?pin=unha&#8221; url_new_window=&#8221;on&#8221; button_text=&#8221;Veir m\u00e8s&#8221; button_alignment=&#8221;center&#8221; module_id=&#8221;boton-boxes&#8221; _builder_version=&#8221;4.14.7&#8243; _module_preset=&#8221;default&#8221; custom_button=&#8221;on&#8221; button_use_icon=&#8221;off&#8221; custom_margin=&#8221;|20px||20px|false|false&#8221; custom_padding=&#8221;||||false|false&#8221; global_colors_info=&#8221;{}&#8221; button_bg_color__hover_enabled=&#8221;on|hover&#8221; button_bg_color__hover=&#8221;#e06660&#8243; button_bg_enable_color__hover=&#8221;on&#8221;][\/et_pb_button][\/et_pb_column][et_pb_column type=&#8221;1_3&#8243; _builder_version=&#8221;4.6.1&#8243; _module_preset=&#8221;default&#8221; background_color=&#8221;#ffffff&#8221; custom_padding=&#8221;||20px||false|false&#8221; box_shadow_style=&#8221;preset3&#8243; global_colors_info=&#8221;{}&#8221;][et_pb_image src=&#8221;https:\/\/www.nautaran.org\/wp-content\/uploads\/2022\/02\/baqueira.png&#8221; title_text=&#8221;baqueira&#8221; _builder_version=&#8221;4.14.7&#8243; _module_preset=&#8221;default&#8221; background_color=&#8221;#efefef&#8221; global_colors_info=&#8221;{}&#8221;][\/et_pb_image][et_pb_text admin_label=&#8221;Titulo&#8221; _builder_version=&#8221;4.14.7&#8243; _module_preset=&#8221;default&#8221; header_font=&#8221;Roboto|700|||||||&#8221; header_text_align=&#8221;center&#8221; header_font_size=&#8221;35px&#8221; custom_margin=&#8221;|20px|6px|20px|false|false&#8221; link_option_url=&#8221;https:\/\/gymkanaturistica.com\/game\/?pin=Baqueira&#8221; link_option_url_new_window=&#8221;on&#8221; global_colors_info=&#8221;{}&#8221;]<\/p>\n<h1>El tesoro de Baqueira<\/h1>\n<p>[\/et_pb_text][et_pb_button button_url=&#8221;https:\/\/gymkanaturistica.com\/game\/?pin=Baqueira&#8221; url_new_window=&#8221;on&#8221; button_text=&#8221;Veir m\u00e8s&#8221; button_alignment=&#8221;center&#8221; module_id=&#8221;boton-boxes&#8221; _builder_version=&#8221;4.14.7&#8243; _module_preset=&#8221;default&#8221; custom_button=&#8221;on&#8221; button_use_icon=&#8221;off&#8221; custom_margin=&#8221;|20px||20px|false|false&#8221; custom_padding=&#8221;||||false|false&#8221; global_colors_info=&#8221;{}&#8221; button_bg_color__hover_enabled=&#8221;on|hover&#8221; button_bg_color__hover=&#8221;#e06660&#8243; button_bg_enable_color__hover=&#8221;on&#8221;][\/et_pb_button][\/et_pb_column][et_pb_column type=&#8221;1_3&#8243; _builder_version=&#8221;4.6.1&#8243; _module_preset=&#8221;default&#8221; background_color=&#8221;#ffffff&#8221; custom_padding=&#8221;||20px||false|false&#8221; box_shadow_style=&#8221;preset3&#8243; global_colors_info=&#8221;{}&#8221;][\/et_pb_column][\/et_pb_row][\/et_pb_section]<\/p>\n","protected":false},"excerpt":{"rendered":"<p>Gymkanas Naut AranEl origen deth Taro de ArtiesEl Contrabandista de BagergueMandronius, el gigante de Gar\u00f2sEl camino del Exilio de GessaEl Asedio de Salard\u00fa &nbsp;La bruja de Tred\u00f2s &nbsp;El secreto de UnhaEl tesoro de Baqueira<\/p>\n","protected":false},"author":6,"featured_media":0,"parent":8957,"menu_order":0,"comment_status":"closed","ping_status":"closed","template":"","meta":{"_acf_changed":false,"_et_pb_use_builder":"on","_et_pb_old_content":"","_et_gb_content_width":"","footnotes":""},"class_list":["post-10408","page","type-page","status-publish","hentry"],"acf":[],"yoast_head":"<!-- This site is optimized with the Yoast SEO plugin v26.8 - https:\/\/yoast.com\/product\/yoast-seo-wordpress\/ -->\n<title>Gymkana Naut Aran - Ajuntament de Naut Aran<\/title>\n<meta name=\"robots\" content=\"index, follow, max-snippet:-1, max-image-preview:large, max-video-preview:-1\" \/>\n<link rel=\"canonical\" href=\"https:\/\/www.nautaran.org\/ca\/servicis\/cultura\/gymkana-naut-aran\/\" \/>\n<meta property=\"og:locale\" content=\"ca_ES\" \/>\n<meta property=\"og:type\" content=\"article\" \/>\n<meta property=\"og:title\" content=\"Gymkana Naut Aran - Ajuntament de Naut Aran\" \/>\n<meta property=\"og:description\" content=\"Gymkanas Naut AranEl origen deth Taro de ArtiesEl Contrabandista de BagergueMandronius, el gigante de Gar\u00f2sEl camino del Exilio de GessaEl Asedio de Salard\u00fa &nbsp;La bruja de Tred\u00f2s &nbsp;El secreto de UnhaEl tesoro de Baqueira\" \/>\n<meta property=\"og:url\" content=\"https:\/\/www.nautaran.org\/ca\/servicis\/cultura\/gymkana-naut-aran\/\" \/>\n<meta property=\"og:site_name\" content=\"Ajuntament de Naut Aran\" \/>\n<meta property=\"article:modified_time\" content=\"2022-02-21T13:16:29+00:00\" \/>\n<meta name=\"twitter:card\" content=\"summary_large_image\" \/>\n<meta name=\"twitter:label1\" content=\"Est. reading time\" \/>\n\t<meta name=\"twitter:data1\" content=\"9 minutes\" \/>\n<script type=\"application\/ld+json\" class=\"yoast-schema-graph\">{\"@context\":\"https:\/\/schema.org\",\"@graph\":[{\"@type\":\"WebPage\",\"@id\":\"https:\/\/www.nautaran.org\/ca\/servicis\/cultura\/gymkana-naut-aran\/\",\"url\":\"https:\/\/www.nautaran.org\/ca\/servicis\/cultura\/gymkana-naut-aran\/\",\"name\":\"Gymkana Naut Aran - Ajuntament de Naut Aran\",\"isPartOf\":{\"@id\":\"https:\/\/www.nautaran.org\/#website\"},\"datePublished\":\"2022-02-21T13:16:24+00:00\",\"dateModified\":\"2022-02-21T13:16:29+00:00\",\"breadcrumb\":{\"@id\":\"https:\/\/www.nautaran.org\/ca\/servicis\/cultura\/gymkana-naut-aran\/#breadcrumb\"},\"inLanguage\":\"ca-ES\",\"potentialAction\":[{\"@type\":\"ReadAction\",\"target\":[\"https:\/\/www.nautaran.org\/ca\/servicis\/cultura\/gymkana-naut-aran\/\"]}]},{\"@type\":\"BreadcrumbList\",\"@id\":\"https:\/\/www.nautaran.org\/ca\/servicis\/cultura\/gymkana-naut-aran\/#breadcrumb\",\"itemListElement\":[{\"@type\":\"ListItem\",\"position\":1,\"name\":\"Portada\",\"item\":\"https:\/\/www.nautaran.org\/ca\/home-2\/\"},{\"@type\":\"ListItem\",\"position\":2,\"name\":\"Servicis\",\"item\":\"https:\/\/www.nautaran.org\/ca\/servicis\/\"},{\"@type\":\"ListItem\",\"position\":3,\"name\":\"Cultura\",\"item\":\"https:\/\/www.nautaran.org\/ca\/servicis\/cultura\/\"},{\"@type\":\"ListItem\",\"position\":4,\"name\":\"Gymkana Naut Aran\"}]},{\"@type\":\"WebSite\",\"@id\":\"https:\/\/www.nautaran.org\/#website\",\"url\":\"https:\/\/www.nautaran.org\/\",\"name\":\"Ajuntament de Naut Aran\",\"description\":\"Naut Aran\",\"potentialAction\":[{\"@type\":\"SearchAction\",\"target\":{\"@type\":\"EntryPoint\",\"urlTemplate\":\"https:\/\/www.nautaran.org\/?s={search_term_string}\"},\"query-input\":{\"@type\":\"PropertyValueSpecification\",\"valueRequired\":true,\"valueName\":\"search_term_string\"}}],\"inLanguage\":\"ca-ES\"}]}<\/script>\n<!-- \/ Yoast SEO plugin. -->","yoast_head_json":{"title":"Gymkana Naut Aran - Ajuntament de Naut Aran","robots":{"index":"index","follow":"follow","max-snippet":"max-snippet:-1","max-image-preview":"max-image-preview:large","max-video-preview":"max-video-preview:-1"},"canonical":"https:\/\/www.nautaran.org\/ca\/servicis\/cultura\/gymkana-naut-aran\/","og_locale":"ca_ES","og_type":"article","og_title":"Gymkana Naut Aran - Ajuntament de Naut Aran","og_description":"Gymkanas Naut AranEl origen deth Taro de ArtiesEl Contrabandista de BagergueMandronius, el gigante de Gar\u00f2sEl camino del Exilio de GessaEl Asedio de Salard\u00fa &nbsp;La bruja de Tred\u00f2s &nbsp;El secreto de UnhaEl tesoro de Baqueira","og_url":"https:\/\/www.nautaran.org\/ca\/servicis\/cultura\/gymkana-naut-aran\/","og_site_name":"Ajuntament de Naut Aran","article_modified_time":"2022-02-21T13:16:29+00:00","twitter_card":"summary_large_image","twitter_misc":{"Est. reading time":"9 minutes"},"schema":{"@context":"https:\/\/schema.org","@graph":[{"@type":"WebPage","@id":"https:\/\/www.nautaran.org\/ca\/servicis\/cultura\/gymkana-naut-aran\/","url":"https:\/\/www.nautaran.org\/ca\/servicis\/cultura\/gymkana-naut-aran\/","name":"Gymkana Naut Aran - Ajuntament de Naut Aran","isPartOf":{"@id":"https:\/\/www.nautaran.org\/#website"},"datePublished":"2022-02-21T13:16:24+00:00","dateModified":"2022-02-21T13:16:29+00:00","breadcrumb":{"@id":"https:\/\/www.nautaran.org\/ca\/servicis\/cultura\/gymkana-naut-aran\/#breadcrumb"},"inLanguage":"ca-ES","potentialAction":[{"@type":"ReadAction","target":["https:\/\/www.nautaran.org\/ca\/servicis\/cultura\/gymkana-naut-aran\/"]}]},{"@type":"BreadcrumbList","@id":"https:\/\/www.nautaran.org\/ca\/servicis\/cultura\/gymkana-naut-aran\/#breadcrumb","itemListElement":[{"@type":"ListItem","position":1,"name":"Portada","item":"https:\/\/www.nautaran.org\/ca\/home-2\/"},{"@type":"ListItem","position":2,"name":"Servicis","item":"https:\/\/www.nautaran.org\/ca\/servicis\/"},{"@type":"ListItem","position":3,"name":"Cultura","item":"https:\/\/www.nautaran.org\/ca\/servicis\/cultura\/"},{"@type":"ListItem","position":4,"name":"Gymkana Naut Aran"}]},{"@type":"WebSite","@id":"https:\/\/www.nautaran.org\/#website","url":"https:\/\/www.nautaran.org\/","name":"Ajuntament de Naut Aran","description":"Naut Aran","potentialAction":[{"@type":"SearchAction","target":{"@type":"EntryPoint","urlTemplate":"https:\/\/www.nautaran.org\/?s={search_term_string}"},"query-input":{"@type":"PropertyValueSpecification","valueRequired":true,"valueName":"search_term_string"}}],"inLanguage":"ca-ES"}]}},"_links":{"self":[{"href":"https:\/\/www.nautaran.org\/ca\/wp-json\/wp\/v2\/pages\/10408","targetHints":{"allow":["GET"]}}],"collection":[{"href":"https:\/\/www.nautaran.org\/ca\/wp-json\/wp\/v2\/pages"}],"about":[{"href":"https:\/\/www.nautaran.org\/ca\/wp-json\/wp\/v2\/types\/page"}],"author":[{"embeddable":true,"href":"https:\/\/www.nautaran.org\/ca\/wp-json\/wp\/v2\/users\/6"}],"replies":[{"embeddable":true,"href":"https:\/\/www.nautaran.org\/ca\/wp-json\/wp\/v2\/comments?post=10408"}],"version-history":[{"count":2,"href":"https:\/\/www.nautaran.org\/ca\/wp-json\/wp\/v2\/pages\/10408\/revisions"}],"predecessor-version":[{"id":10450,"href":"https:\/\/www.nautaran.org\/ca\/wp-json\/wp\/v2\/pages\/10408\/revisions\/10450"}],"up":[{"embeddable":true,"href":"https:\/\/www.nautaran.org\/ca\/wp-json\/wp\/v2\/pages\/8957"}],"wp:attachment":[{"href":"https:\/\/www.nautaran.org\/ca\/wp-json\/wp\/v2\/media?parent=10408"}],"curies":[{"name":"wp","href":"https:\/\/api.w.org\/{rel}","templated":true}]}}