{"id":12002,"date":"2022-07-12T12:29:44","date_gmt":"2022-07-12T10:29:44","guid":{"rendered":"https:\/\/www.nautaran.org\/servicis\/banys-termaus\/banys-termaus-tredos\/"},"modified":"2022-07-22T13:01:37","modified_gmt":"2022-07-22T11:01:37","slug":"banys-termaus-tredos","status":"publish","type":"page","link":"https:\/\/www.nautaran.org\/ca\/servicis\/banys-termaus\/banys-termaus-tredos\/","title":{"rendered":"Banys Termals Tred\u00f2s"},"content":{"rendered":"<p>[et_pb_section fb_built=&#8221;1&#8243; _builder_version=&#8221;4.16&#8243; _module_preset=&#8221;default&#8221; use_background_color_gradient=&#8221;on&#8221; background_color_gradient_direction=&#8221;160deg&#8221; background_color_gradient_stops=&#8221;rgba(115,152,198,0.79) 0%|rgba(143,196,109,0.77) 100%&#8221; background_color_gradient_overlays_image=&#8221;on&#8221; background_color_gradient_start=&#8221;rgba(115,152,198,0.79)&#8221; background_color_gradient_end=&#8221;rgba(143,196,109,0.77)&#8221; background_image=&#8221;https:\/\/www.nautaran.org\/wp-content\/uploads\/2021\/05\/aguas-termales-arties-6.jpg&#8221; custom_padding=&#8221;5px||13px|||&#8221; global_colors_info=&#8221;{}&#8221;][et_pb_row _builder_version=&#8221;4.16&#8243; _module_preset=&#8221;default&#8221; custom_margin=&#8221;|auto|-10px|auto||&#8221; custom_padding=&#8221;82px||66px|||&#8221; global_colors_info=&#8221;{}&#8221;][et_pb_column type=&#8221;4_4&#8243; _builder_version=&#8221;4.16&#8243; _module_preset=&#8221;default&#8221; global_colors_info=&#8221;{}&#8221;][et_pb_text _builder_version=&#8221;4.16&#8243; _module_preset=&#8221;default&#8221; header_text_align=&#8221;center&#8221; header_text_color=&#8221;#ffffff&#8221; header_font_size=&#8221;50px&#8221; header_font_size_tablet=&#8221;50px&#8221; header_font_size_phone=&#8221;35px&#8221; header_font_size_last_edited=&#8221;on|phone&#8221; header_text_shadow_style=&#8221;preset3&#8243; global_colors_info=&#8221;{}&#8221;]<\/p>\n<h1>Banys Termals Tred\u00f2s<\/h1>\n<p>[\/et_pb_text][\/et_pb_column][\/et_pb_row][\/et_pb_section][et_pb_section fb_built=&#8221;1&#8243; _builder_version=&#8221;4.16&#8243; _module_preset=&#8221;default&#8221; background_color=&#8221;#efefef&#8221; custom_padding=&#8221;30px||60px|||&#8221; global_colors_info=&#8221;{}&#8221;][et_pb_row column_structure=&#8221;1_2,1_2&#8243; make_equal=&#8221;on&#8221; _builder_version=&#8221;4.16&#8243; _module_preset=&#8221;default&#8221; background_enable_color=&#8221;off&#8221; custom_padding=&#8221;||0px|||&#8221; global_colors_info=&#8221;{}&#8221;][et_pb_column type=&#8221;1_2&#8243; _builder_version=&#8221;4.16&#8243; _module_preset=&#8221;default&#8221; background_color=&#8221;#ffffff&#8221; custom_padding=&#8221;30px|30px|30px|30px|false|false&#8221; global_colors_info=&#8221;{}&#8221;][et_pb_text _builder_version=&#8221;4.16&#8243; _module_preset=&#8221;default&#8221; custom_margin=&#8221;20px||||false|false&#8221; global_colors_info=&#8221;{}&#8221;]<\/p>\n<h3><\/h3>\n<h4><span style=\"font-size: 32px;\">Banys Termals de Tred\u00f2s<\/span><span style=\"font-size: 17px; color: #666666; font-family: 'Open Sans', Helvetica, Arial, Lucida, sans-serif; font-weight: 500;\">\u00a0<\/span><\/h4>\n<p>&nbsp;<\/p>\n<p style=\"text-align: justify;\">L&#8217;hotel ofereix una <strong>font d&#8217;aigua termal<\/strong> que sorgeix a 33\u00baC. Relaxa&#8217;t a la nostra <strong>piscina termal<\/strong> coberta, gaudeix del <strong>jacuzzi<\/strong> i completa el circuit amb una <strong>sauna finlandesa<\/strong> a m\u00e9s de 88 graus.<\/p>\n<p style=\"text-align: justify;\">Pel seu alt contingut en sofre i sulfobacteris, aquestes aig\u00fces estan especialment indicades per tractar afeccions dermatol\u00f2giques, problemes articulars i respiratoris. L&#8217;aigua mineralitzada i calenta de les <strong>termes<\/strong> augmenta la temperatura i la pressi\u00f3 del cos afavorint la circulaci\u00f3 i l&#8217;eliminaci\u00f3 de les toxines, a m\u00e9s els microorganismes (sulfobacteris) presents a les <strong>aig\u00fces sulfuroses<\/strong> ajuden el sistema de defensa de la pell i disminueixen el seu proc\u00e9s de envelliment.<\/p>\n<p>(*)\u00a0 Horaris i tarifes a consultar en <a href=\"https:\/\/www.banhsdetredos.com\">https:\/\/www.banhsdetredos.com<\/a><\/p>\n<p>[\/et_pb_text][\/et_pb_column][et_pb_column type=&#8221;1_2&#8243; _builder_version=&#8221;4.16&#8243; _module_preset=&#8221;default&#8221; global_colors_info=&#8221;{}&#8221;][et_pb_image src=&#8221;https:\/\/www.nautaran.org\/wp-content\/uploads\/2022\/07\/banhs_tredos-1.jpg&#8221; title_text=&#8221;banhs_tred\u00f2s&#8221; show_in_lightbox=&#8221;on&#8221; _builder_version=&#8221;4.16&#8243; _module_preset=&#8221;default&#8221; global_colors_info=&#8221;{}&#8221;][\/et_pb_image][\/et_pb_column][\/et_pb_row][\/et_pb_section][et_pb_section fb_built=&#8221;1&#8243; _builder_version=&#8221;4.16&#8243; _module_preset=&#8221;default&#8221; global_colors_info=&#8221;{}&#8221;][et_pb_row make_equal=&#8221;on&#8221; _builder_version=&#8221;4.17.6&#8243; _module_preset=&#8221;default&#8221; background_enable_color=&#8221;off&#8221; width=&#8221;79.5%&#8221; custom_margin=&#8221;-3px|auto||auto||&#8221; custom_padding=&#8221;3px||0px|0px||&#8221; hover_enabled=&#8221;0&#8243; border_color_bottom=&#8221;#e8e8e8&#8243; global_colors_info=&#8221;{}&#8221; locked=&#8221;off&#8221; sticky_enabled=&#8221;0&#8243;][et_pb_column type=&#8221;4_4&#8243; _builder_version=&#8221;4.16&#8243; _module_preset=&#8221;default&#8221; background_color=&#8221;#efefef&#8221; custom_padding=&#8221;30px|30px|30px|30px|false|false&#8221; global_colors_info=&#8221;{}&#8221;][et_pb_text _builder_version=&#8221;4.16&#8243; _module_preset=&#8221;default&#8221; header_text_align=&#8221;left&#8221; header_3_text_align=&#8221;left&#8221; custom_margin=&#8221;||-3px|||&#8221; custom_padding=&#8221;2px||13px|||&#8221; hover_enabled=&#8221;0&#8243; global_colors_info=&#8221;{}&#8221; sticky_enabled=&#8221;0&#8243;]<\/p>\n<h3>M\u00e9s informaci\u00f3<\/h3>\n<p>[\/et_pb_text][et_pb_text _builder_version=&#8221;4.17.6&#8243; _module_preset=&#8221;default&#8221; background_color=&#8221;#ffffff&#8221; custom_margin=&#8221;3px||11px||false|false&#8221; custom_padding=&#8221;10px|10px|10px|10px|false|false&#8221; hover_enabled=&#8221;0&#8243; global_colors_info=&#8221;{}&#8221; sticky_enabled=&#8221;0&#8243;]<\/p>\n<p><a href=\"https:\/\/www.nautaran.org\/wp-content\/uploads\/2022\/07\/Triptico_banhs-1.pdf\">Tr\u00edptic del Banys deTred\u00f2s<\/a><\/p>\n<p>[\/et_pb_text][\/et_pb_column][\/et_pb_row][\/et_pb_section]<\/p>\n","protected":false},"excerpt":{"rendered":"<p>Banys Termals Tred\u00f2s Banys Termals de Tred\u00f2s\u00a0 &nbsp; L&#8217;hotel ofereix una font d&#8217;aigua termal que sorgeix a 33\u00baC. Relaxa&#8217;t a la nostra piscina termal coberta, gaudeix del jacuzzi i completa el circuit amb una sauna finlandesa a m\u00e9s de 88 graus. Pel seu alt contingut en sofre i sulfobacteris, aquestes aig\u00fces estan especialment indicades per [&hellip;]<\/p>\n","protected":false},"author":6,"featured_media":0,"parent":11987,"menu_order":2,"comment_status":"closed","ping_status":"closed","template":"","meta":{"_acf_changed":false,"_et_pb_use_builder":"on","_et_pb_old_content":"","_et_gb_content_width":"","footnotes":""},"class_list":["post-12002","page","type-page","status-publish","hentry"],"acf":[],"yoast_head":"<!-- This site is optimized with the Yoast SEO plugin v26.8 - https:\/\/yoast.com\/product\/yoast-seo-wordpress\/ -->\n<title>Banys Termals Tred\u00f2s - Ajuntament de Naut Aran<\/title>\n<meta name=\"robots\" content=\"index, follow, max-snippet:-1, max-image-preview:large, max-video-preview:-1\" \/>\n<link rel=\"canonical\" href=\"https:\/\/www.nautaran.org\/ca\/servicis\/banys-termaus\/banys-termaus-tredos\/\" \/>\n<meta property=\"og:locale\" content=\"ca_ES\" \/>\n<meta property=\"og:type\" content=\"article\" \/>\n<meta property=\"og:title\" content=\"Banys Termals Tred\u00f2s - Ajuntament de Naut Aran\" \/>\n<meta property=\"og:description\" content=\"Banys Termals Tred\u00f2s Banys Termals de Tred\u00f2s\u00a0 &nbsp; L&#039;hotel ofereix una font d&#039;aigua termal que sorgeix a 33\u00baC. Relaxa&#039;t a la nostra piscina termal coberta, gaudeix del jacuzzi i completa el circuit amb una sauna finlandesa a m\u00e9s de 88 graus. Pel seu alt contingut en sofre i sulfobacteris, aquestes aig\u00fces estan especialment indicades per [&hellip;]\" \/>\n<meta property=\"og:url\" content=\"https:\/\/www.nautaran.org\/ca\/servicis\/banys-termaus\/banys-termaus-tredos\/\" \/>\n<meta property=\"og:site_name\" content=\"Ajuntament de Naut Aran\" \/>\n<meta property=\"article:modified_time\" content=\"2022-07-22T11:01:37+00:00\" \/>\n<meta name=\"twitter:card\" content=\"summary_large_image\" \/>\n<meta name=\"twitter:label1\" content=\"Est. reading time\" \/>\n\t<meta name=\"twitter:data1\" content=\"3 minutes\" \/>\n<script type=\"application\/ld+json\" class=\"yoast-schema-graph\">{\"@context\":\"https:\/\/schema.org\",\"@graph\":[{\"@type\":\"WebPage\",\"@id\":\"https:\/\/www.nautaran.org\/ca\/servicis\/banys-termaus\/banys-termaus-tredos\/\",\"url\":\"https:\/\/www.nautaran.org\/ca\/servicis\/banys-termaus\/banys-termaus-tredos\/\",\"name\":\"Banys Termals Tred\u00f2s - Ajuntament de Naut Aran\",\"isPartOf\":{\"@id\":\"https:\/\/www.nautaran.org\/#website\"},\"datePublished\":\"2022-07-12T10:29:44+00:00\",\"dateModified\":\"2022-07-22T11:01:37+00:00\",\"breadcrumb\":{\"@id\":\"https:\/\/www.nautaran.org\/ca\/servicis\/banys-termaus\/banys-termaus-tredos\/#breadcrumb\"},\"inLanguage\":\"ca-ES\",\"potentialAction\":[{\"@type\":\"ReadAction\",\"target\":[\"https:\/\/www.nautaran.org\/ca\/servicis\/banys-termaus\/banys-termaus-tredos\/\"]}]},{\"@type\":\"BreadcrumbList\",\"@id\":\"https:\/\/www.nautaran.org\/ca\/servicis\/banys-termaus\/banys-termaus-tredos\/#breadcrumb\",\"itemListElement\":[{\"@type\":\"ListItem\",\"position\":1,\"name\":\"Portada\",\"item\":\"https:\/\/www.nautaran.org\/ca\/home-2\/\"},{\"@type\":\"ListItem\",\"position\":2,\"name\":\"Servicis\",\"item\":\"https:\/\/www.nautaran.org\/ca\/servicis\/\"},{\"@type\":\"ListItem\",\"position\":3,\"name\":\"Viles Termals\",\"item\":\"https:\/\/www.nautaran.org\/ca\/servicis\/banys-termaus\/\"},{\"@type\":\"ListItem\",\"position\":4,\"name\":\"Banys Termals Tred\u00f2s\"}]},{\"@type\":\"WebSite\",\"@id\":\"https:\/\/www.nautaran.org\/#website\",\"url\":\"https:\/\/www.nautaran.org\/\",\"name\":\"Ajuntament de Naut Aran\",\"description\":\"Naut Aran\",\"potentialAction\":[{\"@type\":\"SearchAction\",\"target\":{\"@type\":\"EntryPoint\",\"urlTemplate\":\"https:\/\/www.nautaran.org\/?s={search_term_string}\"},\"query-input\":{\"@type\":\"PropertyValueSpecification\",\"valueRequired\":true,\"valueName\":\"search_term_string\"}}],\"inLanguage\":\"ca-ES\"}]}<\/script>\n<!-- \/ Yoast SEO plugin. -->","yoast_head_json":{"title":"Banys Termals Tred\u00f2s - Ajuntament de Naut Aran","robots":{"index":"index","follow":"follow","max-snippet":"max-snippet:-1","max-image-preview":"max-image-preview:large","max-video-preview":"max-video-preview:-1"},"canonical":"https:\/\/www.nautaran.org\/ca\/servicis\/banys-termaus\/banys-termaus-tredos\/","og_locale":"ca_ES","og_type":"article","og_title":"Banys Termals Tred\u00f2s - Ajuntament de Naut Aran","og_description":"Banys Termals Tred\u00f2s Banys Termals de Tred\u00f2s\u00a0 &nbsp; L'hotel ofereix una font d'aigua termal que sorgeix a 33\u00baC. Relaxa't a la nostra piscina termal coberta, gaudeix del jacuzzi i completa el circuit amb una sauna finlandesa a m\u00e9s de 88 graus. Pel seu alt contingut en sofre i sulfobacteris, aquestes aig\u00fces estan especialment indicades per [&hellip;]","og_url":"https:\/\/www.nautaran.org\/ca\/servicis\/banys-termaus\/banys-termaus-tredos\/","og_site_name":"Ajuntament de Naut Aran","article_modified_time":"2022-07-22T11:01:37+00:00","twitter_card":"summary_large_image","twitter_misc":{"Est. reading time":"3 minutes"},"schema":{"@context":"https:\/\/schema.org","@graph":[{"@type":"WebPage","@id":"https:\/\/www.nautaran.org\/ca\/servicis\/banys-termaus\/banys-termaus-tredos\/","url":"https:\/\/www.nautaran.org\/ca\/servicis\/banys-termaus\/banys-termaus-tredos\/","name":"Banys Termals Tred\u00f2s - Ajuntament de Naut Aran","isPartOf":{"@id":"https:\/\/www.nautaran.org\/#website"},"datePublished":"2022-07-12T10:29:44+00:00","dateModified":"2022-07-22T11:01:37+00:00","breadcrumb":{"@id":"https:\/\/www.nautaran.org\/ca\/servicis\/banys-termaus\/banys-termaus-tredos\/#breadcrumb"},"inLanguage":"ca-ES","potentialAction":[{"@type":"ReadAction","target":["https:\/\/www.nautaran.org\/ca\/servicis\/banys-termaus\/banys-termaus-tredos\/"]}]},{"@type":"BreadcrumbList","@id":"https:\/\/www.nautaran.org\/ca\/servicis\/banys-termaus\/banys-termaus-tredos\/#breadcrumb","itemListElement":[{"@type":"ListItem","position":1,"name":"Portada","item":"https:\/\/www.nautaran.org\/ca\/home-2\/"},{"@type":"ListItem","position":2,"name":"Servicis","item":"https:\/\/www.nautaran.org\/ca\/servicis\/"},{"@type":"ListItem","position":3,"name":"Viles Termals","item":"https:\/\/www.nautaran.org\/ca\/servicis\/banys-termaus\/"},{"@type":"ListItem","position":4,"name":"Banys Termals Tred\u00f2s"}]},{"@type":"WebSite","@id":"https:\/\/www.nautaran.org\/#website","url":"https:\/\/www.nautaran.org\/","name":"Ajuntament de Naut Aran","description":"Naut Aran","potentialAction":[{"@type":"SearchAction","target":{"@type":"EntryPoint","urlTemplate":"https:\/\/www.nautaran.org\/?s={search_term_string}"},"query-input":{"@type":"PropertyValueSpecification","valueRequired":true,"valueName":"search_term_string"}}],"inLanguage":"ca-ES"}]}},"_links":{"self":[{"href":"https:\/\/www.nautaran.org\/ca\/wp-json\/wp\/v2\/pages\/12002","targetHints":{"allow":["GET"]}}],"collection":[{"href":"https:\/\/www.nautaran.org\/ca\/wp-json\/wp\/v2\/pages"}],"about":[{"href":"https:\/\/www.nautaran.org\/ca\/wp-json\/wp\/v2\/types\/page"}],"author":[{"embeddable":true,"href":"https:\/\/www.nautaran.org\/ca\/wp-json\/wp\/v2\/users\/6"}],"replies":[{"embeddable":true,"href":"https:\/\/www.nautaran.org\/ca\/wp-json\/wp\/v2\/comments?post=12002"}],"version-history":[{"count":4,"href":"https:\/\/www.nautaran.org\/ca\/wp-json\/wp\/v2\/pages\/12002\/revisions"}],"predecessor-version":[{"id":12056,"href":"https:\/\/www.nautaran.org\/ca\/wp-json\/wp\/v2\/pages\/12002\/revisions\/12056"}],"up":[{"embeddable":true,"href":"https:\/\/www.nautaran.org\/ca\/wp-json\/wp\/v2\/pages\/11987"}],"wp:attachment":[{"href":"https:\/\/www.nautaran.org\/ca\/wp-json\/wp\/v2\/media?parent=12002"}],"curies":[{"name":"wp","href":"https:\/\/api.w.org\/{rel}","templated":true}]}}