{"id":12267,"date":"2022-07-26T10:53:28","date_gmt":"2022-07-26T08:53:28","guid":{"rendered":"https:\/\/www.nautaran.org\/?page_id=12267"},"modified":"2022-08-03T08:44:58","modified_gmt":"2022-08-03T06:44:58","slug":"viles-de-garos","status":"publish","type":"page","link":"https:\/\/www.nautaran.org\/ca\/viles-florides-naut-aran\/viles-de-garos\/","title":{"rendered":"Viles de Gar\u00f2s"},"content":{"rendered":"<p>[et_pb_section fb_built=&#8221;1&#8243; _builder_version=&#8221;4.16&#8243; _module_preset=&#8221;default&#8221; use_background_color_gradient=&#8221;on&#8221; background_color_gradient_direction=&#8221;160deg&#8221; background_color_gradient_stops=&#8221;rgba(115,152,198,0.9) 0%|rgba(143,196,109,0.9) 100%&#8221; background_color_gradient_overlays_image=&#8221;on&#8221; background_color_gradient_start=&#8221;rgba(115,152,198,0.9)&#8221; background_color_gradient_end=&#8221;rgba(143,196,109,0.9)&#8221; background_image=&#8221;https:\/\/www.nautaran.org\/wp-content\/uploads\/2020\/10\/arties-3.jpg&#8221; custom_padding=&#8221;5px||13px|||&#8221; global_colors_info=&#8221;{}&#8221;][et_pb_row _builder_version=&#8221;4.16&#8243; _module_preset=&#8221;default&#8221; custom_margin=&#8221;|auto|-10px|auto||&#8221; custom_padding=&#8221;82px||66px|||&#8221; global_colors_info=&#8221;{}&#8221;][et_pb_column type=&#8221;4_4&#8243; _builder_version=&#8221;4.16&#8243; _module_preset=&#8221;default&#8221; global_colors_info=&#8221;{}&#8221;][et_pb_text _builder_version=&#8221;4.16&#8243; _module_preset=&#8221;default&#8221; header_text_align=&#8221;center&#8221; header_text_color=&#8221;#ffffff&#8221; header_font_size=&#8221;70px&#8221; header_font_size_tablet=&#8221;50px&#8221; header_font_size_phone=&#8221;35px&#8221; header_font_size_last_edited=&#8221;on|phone&#8221; header_text_shadow_style=&#8221;preset3&#8243; global_colors_info=&#8221;{}&#8221;]<\/p>\n<h1>Viles Florides poble de Gar\u00f2s<\/h1>\n<p>[\/et_pb_text][\/et_pb_column][\/et_pb_row][\/et_pb_section][et_pb_section fb_built=&#8221;1&#8243; _builder_version=&#8221;4.16&#8243; _module_preset=&#8221;default&#8221; background_color=&#8221;#efefef&#8221; custom_padding=&#8221;33px||31px|||&#8221; global_colors_info=&#8221;{}&#8221;][et_pb_row column_structure=&#8221;1_2,1_2&#8243; _builder_version=&#8221;4.16&#8243; _module_preset=&#8221;default&#8221; global_colors_info=&#8221;{}&#8221;][et_pb_column type=&#8221;1_2&#8243; _builder_version=&#8221;4.16&#8243; _module_preset=&#8221;default&#8221; global_colors_info=&#8221;{}&#8221;][et_pb_text _builder_version=&#8221;4.17.6&#8243; _module_preset=&#8221;default&#8221; custom_padding=&#8221;||2px|||&#8221; global_colors_info=&#8221;{}&#8221;]<\/p>\n<h5 style=\"text-align: justify;\">GAR\u00d2S<\/h5>\n<p style=\"text-align: justify;\">Situat a 1.115 metres d\u2019altitud, Gar\u00f2s s\u2019empla\u00e7a al peu de la muntanya d\u2019Espiargo, al vessant dret del riu Garona. Entre els principals atractius d\u2019aquest petit poble destaquen la necr\u00f2polis amb restes paleocristianes i l\u2019esgl\u00e9sia de Sant Juli\u00e0. D\u2019origen rom\u00e0nic i reformada al segle XV, compta amb un campanar de l\u2019any 1619 que emula una torre de defensa.<\/p>\n<p style=\"text-align: justify;\">Davant de l\u2019esgl\u00e9sia pot contemplar-se el bust de Moss\u00e8n Jus\u00e8p Amiell, obra de l\u2019escultora aranesa Gloria Corona Socasau en reconeixement a tota la traject\u00f2ria d\u2019aquest honorable ve\u00ed de Gar\u00f2s que, entre d\u2019altres, va ser guardonat amb el Premi Lengua Viua l\u2019any 2004, la Medalla d\u2019Or del Conselh Generau d\u2019Aran al 2010 i la Creu de Sant Jordi de la Generalitat de Catalunya al 2012.<\/p>\n<p style=\"text-align: justify;\">No podeu deixar de visitar la urbanitzaci\u00f3 \u201cPleta de Gar\u00f2s\u201d, premi FAD (Foment de les Arts Decoratives) per la seva excel\u00b7lent construcci\u00f3 d\u2019estil de bordes araneses.<\/p>\n<h5 style=\"text-align: justify;\">Projecte Florit<\/h5>\n<p style=\"text-align: justify;\">Els carrers de Gar\u00f2s s\u2019omplen de colors i de vida amb les flors que llueixen a molts racons del poble. Els ve\u00efns tamb\u00e9 contribueixen a embellir la vila guarnint amb molta cura les fa\u00e7anes, finestres i balcons.<\/p>\n<h5 style=\"text-align: justify;\"><\/h5>\n<h5 style=\"text-align: justify;\">Qualificaci\u00f3<\/h5>\n<p>[\/et_pb_text][et_pb_image src=&#8221;https:\/\/www.nautaran.org\/wp-content\/uploads\/2022\/07\/3_Flors-1.png&#8221; title_text=&#8221;3_Flors&#8221; _builder_version=&#8221;4.17.6&#8243; _module_preset=&#8221;default&#8221; global_colors_info=&#8221;{}&#8221;][\/et_pb_image][\/et_pb_column][et_pb_column type=&#8221;1_2&#8243; _builder_version=&#8221;4.16&#8243; _module_preset=&#8221;default&#8221; global_colors_info=&#8221;{}&#8221;][et_pb_image src=&#8221;https:\/\/www.nautaran.org\/wp-content\/uploads\/2022\/08\/garos.jpg&#8221; title_text=&#8221;garos&#8221; show_in_lightbox=&#8221;on&#8221; _builder_version=&#8221;4.17.6&#8243; _module_preset=&#8221;default&#8221; hover_enabled=&#8221;0&#8243; global_colors_info=&#8221;{}&#8221; sticky_enabled=&#8221;0&#8243;][\/et_pb_image][\/et_pb_column][\/et_pb_row][\/et_pb_section][et_pb_section fb_built=&#8221;1&#8243; _builder_version=&#8221;4.16&#8243; _module_preset=&#8221;default&#8221; background_color=&#8221;#ffffff&#8221; custom_padding=&#8221;33px||17px|||&#8221; global_colors_info=&#8221;{}&#8221;][et_pb_row _builder_version=&#8221;4.16&#8243; _module_preset=&#8221;default&#8221; background_enable_color=&#8221;off&#8221; custom_margin=&#8221;-3px|auto||auto||&#8221; custom_padding=&#8221;3px||0px|||&#8221; border_width_bottom=&#8221;2px&#8221; border_color_bottom=&#8221;#e8e8e8&#8243; global_colors_info=&#8221;{}&#8221;][et_pb_column type=&#8221;4_4&#8243; _builder_version=&#8221;4.16&#8243; _module_preset=&#8221;default&#8221; global_colors_info=&#8221;{}&#8221;][et_pb_text _builder_version=&#8221;4.16&#8243; _module_preset=&#8221;default&#8221; header_text_align=&#8221;left&#8221; header_3_text_align=&#8221;center&#8221; custom_margin=&#8221;||-3px|||&#8221; custom_padding=&#8221;||0px|||&#8221; global_colors_info=&#8221;{}&#8221;]<\/p>\n<h3>Mapa<\/h3>\n<p>[\/et_pb_text][\/et_pb_column][\/et_pb_row][et_pb_row _builder_version=&#8221;4.16&#8243; _module_preset=&#8221;default&#8221; global_colors_info=&#8221;{}&#8221;][et_pb_column type=&#8221;4_4&#8243; _builder_version=&#8221;4.16&#8243; _module_preset=&#8221;default&#8221; global_colors_info=&#8221;{}&#8221;][et_pb_code _builder_version=&#8221;4.17.6&#8243; _module_preset=&#8221;default&#8221; global_colors_info=&#8221;{}&#8221;]<iframe loading=\"lazy\" style=\"border: 0;\" tabindex=\"0\" src=\"https:\/\/www.google.com\/maps\/embed?pb=!1m18!1m12!1m3!1d1466.074469365574!2d0.8444757583158777!3d42.700567015968694!2m3!1f0!2f0!3f0!3m2!1i1024!2i768!4f13.1!3m3!1m2!1s0x12a899e12365faab%3A0x4b707014d4d418d3!2zMjU1MzkgR2Fyw7NzLCBMw6lyaWRh!5e0!3m2!1ses!2ses!4v1602321359443!5m2!1ses!2ses\" width=\"1920\" height=\"600\" frameborder=\"0\" allowfullscreen=\"allowfullscreen\" aria-hidden=\"false\"><\/iframe>[\/et_pb_code][\/et_pb_column][\/et_pb_row][\/et_pb_section]<\/p>\n","protected":false},"excerpt":{"rendered":"<p>Viles Florides poble de Gar\u00f2sGAR\u00d2S Situat a 1.115 metres d\u2019altitud, Gar\u00f2s s\u2019empla\u00e7a al peu de la muntanya d\u2019Espiargo, al vessant dret del riu Garona. Entre els principals atractius d\u2019aquest petit poble destaquen la necr\u00f2polis amb restes paleocristianes i l\u2019esgl\u00e9sia de Sant Juli\u00e0. D\u2019origen rom\u00e0nic i reformada al segle XV, compta amb un campanar de l\u2019any [&hellip;]<\/p>\n","protected":false},"author":6,"featured_media":0,"parent":12059,"menu_order":0,"comment_status":"closed","ping_status":"closed","template":"","meta":{"_acf_changed":false,"_et_pb_use_builder":"on","_et_pb_old_content":"","_et_gb_content_width":"","footnotes":""},"class_list":["post-12267","page","type-page","status-publish","hentry"],"acf":[],"yoast_head":"<!-- This site is optimized with the Yoast SEO plugin v26.8 - https:\/\/yoast.com\/product\/yoast-seo-wordpress\/ -->\n<title>Viles de Gar\u00f2s - Ajuntament de Naut Aran<\/title>\n<meta name=\"robots\" content=\"index, follow, max-snippet:-1, max-image-preview:large, max-video-preview:-1\" \/>\n<link rel=\"canonical\" href=\"https:\/\/www.nautaran.org\/ca\/viles-florides-naut-aran\/viles-de-garos\/\" \/>\n<meta property=\"og:locale\" content=\"ca_ES\" \/>\n<meta property=\"og:type\" content=\"article\" \/>\n<meta property=\"og:title\" content=\"Viles de Gar\u00f2s - Ajuntament de Naut Aran\" \/>\n<meta property=\"og:description\" content=\"Viles Florides poble de Gar\u00f2sGAR\u00d2S Situat a 1.115 metres d\u2019altitud, Gar\u00f2s s\u2019empla\u00e7a al peu de la muntanya d\u2019Espiargo, al vessant dret del riu Garona. Entre els principals atractius d\u2019aquest petit poble destaquen la necr\u00f2polis amb restes paleocristianes i l\u2019esgl\u00e9sia de Sant Juli\u00e0. D\u2019origen rom\u00e0nic i reformada al segle XV, compta amb un campanar de l\u2019any [&hellip;]\" \/>\n<meta property=\"og:url\" content=\"https:\/\/www.nautaran.org\/ca\/viles-florides-naut-aran\/viles-de-garos\/\" \/>\n<meta property=\"og:site_name\" content=\"Ajuntament de Naut Aran\" \/>\n<meta property=\"article:modified_time\" content=\"2022-08-03T06:44:58+00:00\" \/>\n<meta name=\"twitter:card\" content=\"summary_large_image\" \/>\n<meta name=\"twitter:label1\" content=\"Est. reading time\" \/>\n\t<meta name=\"twitter:data1\" content=\"2 minutes\" \/>\n<script type=\"application\/ld+json\" class=\"yoast-schema-graph\">{\"@context\":\"https:\/\/schema.org\",\"@graph\":[{\"@type\":\"WebPage\",\"@id\":\"https:\/\/www.nautaran.org\/ca\/viles-florides-naut-aran\/viles-de-garos\/\",\"url\":\"https:\/\/www.nautaran.org\/ca\/viles-florides-naut-aran\/viles-de-garos\/\",\"name\":\"Viles de Gar\u00f2s - Ajuntament de Naut Aran\",\"isPartOf\":{\"@id\":\"https:\/\/www.nautaran.org\/#website\"},\"datePublished\":\"2022-07-26T08:53:28+00:00\",\"dateModified\":\"2022-08-03T06:44:58+00:00\",\"breadcrumb\":{\"@id\":\"https:\/\/www.nautaran.org\/ca\/viles-florides-naut-aran\/viles-de-garos\/#breadcrumb\"},\"inLanguage\":\"ca-ES\",\"potentialAction\":[{\"@type\":\"ReadAction\",\"target\":[\"https:\/\/www.nautaran.org\/ca\/viles-florides-naut-aran\/viles-de-garos\/\"]}]},{\"@type\":\"BreadcrumbList\",\"@id\":\"https:\/\/www.nautaran.org\/ca\/viles-florides-naut-aran\/viles-de-garos\/#breadcrumb\",\"itemListElement\":[{\"@type\":\"ListItem\",\"position\":1,\"name\":\"Portada\",\"item\":\"https:\/\/www.nautaran.org\/ca\/home-2\/\"},{\"@type\":\"ListItem\",\"position\":2,\"name\":\"Viles Florides\",\"item\":\"https:\/\/www.nautaran.org\/ca\/viles-florides-naut-aran\/\"},{\"@type\":\"ListItem\",\"position\":3,\"name\":\"Viles de Gar\u00f2s\"}]},{\"@type\":\"WebSite\",\"@id\":\"https:\/\/www.nautaran.org\/#website\",\"url\":\"https:\/\/www.nautaran.org\/\",\"name\":\"Ajuntament de Naut Aran\",\"description\":\"Naut Aran\",\"potentialAction\":[{\"@type\":\"SearchAction\",\"target\":{\"@type\":\"EntryPoint\",\"urlTemplate\":\"https:\/\/www.nautaran.org\/?s={search_term_string}\"},\"query-input\":{\"@type\":\"PropertyValueSpecification\",\"valueRequired\":true,\"valueName\":\"search_term_string\"}}],\"inLanguage\":\"ca-ES\"}]}<\/script>\n<!-- \/ Yoast SEO plugin. -->","yoast_head_json":{"title":"Viles de Gar\u00f2s - Ajuntament de Naut Aran","robots":{"index":"index","follow":"follow","max-snippet":"max-snippet:-1","max-image-preview":"max-image-preview:large","max-video-preview":"max-video-preview:-1"},"canonical":"https:\/\/www.nautaran.org\/ca\/viles-florides-naut-aran\/viles-de-garos\/","og_locale":"ca_ES","og_type":"article","og_title":"Viles de Gar\u00f2s - Ajuntament de Naut Aran","og_description":"Viles Florides poble de Gar\u00f2sGAR\u00d2S Situat a 1.115 metres d\u2019altitud, Gar\u00f2s s\u2019empla\u00e7a al peu de la muntanya d\u2019Espiargo, al vessant dret del riu Garona. Entre els principals atractius d\u2019aquest petit poble destaquen la necr\u00f2polis amb restes paleocristianes i l\u2019esgl\u00e9sia de Sant Juli\u00e0. D\u2019origen rom\u00e0nic i reformada al segle XV, compta amb un campanar de l\u2019any [&hellip;]","og_url":"https:\/\/www.nautaran.org\/ca\/viles-florides-naut-aran\/viles-de-garos\/","og_site_name":"Ajuntament de Naut Aran","article_modified_time":"2022-08-03T06:44:58+00:00","twitter_card":"summary_large_image","twitter_misc":{"Est. reading time":"2 minutes"},"schema":{"@context":"https:\/\/schema.org","@graph":[{"@type":"WebPage","@id":"https:\/\/www.nautaran.org\/ca\/viles-florides-naut-aran\/viles-de-garos\/","url":"https:\/\/www.nautaran.org\/ca\/viles-florides-naut-aran\/viles-de-garos\/","name":"Viles de Gar\u00f2s - Ajuntament de Naut Aran","isPartOf":{"@id":"https:\/\/www.nautaran.org\/#website"},"datePublished":"2022-07-26T08:53:28+00:00","dateModified":"2022-08-03T06:44:58+00:00","breadcrumb":{"@id":"https:\/\/www.nautaran.org\/ca\/viles-florides-naut-aran\/viles-de-garos\/#breadcrumb"},"inLanguage":"ca-ES","potentialAction":[{"@type":"ReadAction","target":["https:\/\/www.nautaran.org\/ca\/viles-florides-naut-aran\/viles-de-garos\/"]}]},{"@type":"BreadcrumbList","@id":"https:\/\/www.nautaran.org\/ca\/viles-florides-naut-aran\/viles-de-garos\/#breadcrumb","itemListElement":[{"@type":"ListItem","position":1,"name":"Portada","item":"https:\/\/www.nautaran.org\/ca\/home-2\/"},{"@type":"ListItem","position":2,"name":"Viles Florides","item":"https:\/\/www.nautaran.org\/ca\/viles-florides-naut-aran\/"},{"@type":"ListItem","position":3,"name":"Viles de Gar\u00f2s"}]},{"@type":"WebSite","@id":"https:\/\/www.nautaran.org\/#website","url":"https:\/\/www.nautaran.org\/","name":"Ajuntament de Naut Aran","description":"Naut Aran","potentialAction":[{"@type":"SearchAction","target":{"@type":"EntryPoint","urlTemplate":"https:\/\/www.nautaran.org\/?s={search_term_string}"},"query-input":{"@type":"PropertyValueSpecification","valueRequired":true,"valueName":"search_term_string"}}],"inLanguage":"ca-ES"}]}},"_links":{"self":[{"href":"https:\/\/www.nautaran.org\/ca\/wp-json\/wp\/v2\/pages\/12267","targetHints":{"allow":["GET"]}}],"collection":[{"href":"https:\/\/www.nautaran.org\/ca\/wp-json\/wp\/v2\/pages"}],"about":[{"href":"https:\/\/www.nautaran.org\/ca\/wp-json\/wp\/v2\/types\/page"}],"author":[{"embeddable":true,"href":"https:\/\/www.nautaran.org\/ca\/wp-json\/wp\/v2\/users\/6"}],"replies":[{"embeddable":true,"href":"https:\/\/www.nautaran.org\/ca\/wp-json\/wp\/v2\/comments?post=12267"}],"version-history":[{"count":5,"href":"https:\/\/www.nautaran.org\/ca\/wp-json\/wp\/v2\/pages\/12267\/revisions"}],"predecessor-version":[{"id":12460,"href":"https:\/\/www.nautaran.org\/ca\/wp-json\/wp\/v2\/pages\/12267\/revisions\/12460"}],"up":[{"embeddable":true,"href":"https:\/\/www.nautaran.org\/ca\/wp-json\/wp\/v2\/pages\/12059"}],"wp:attachment":[{"href":"https:\/\/www.nautaran.org\/ca\/wp-json\/wp\/v2\/media?parent=12267"}],"curies":[{"name":"wp","href":"https:\/\/api.w.org\/{rel}","templated":true}]}}