{"id":12284,"date":"2022-07-26T11:12:01","date_gmt":"2022-07-26T09:12:01","guid":{"rendered":"https:\/\/www.nautaran.org\/?page_id=12284"},"modified":"2022-08-03T10:55:57","modified_gmt":"2022-08-03T08:55:57","slug":"viles-de-bagergue","status":"publish","type":"page","link":"https:\/\/www.nautaran.org\/ca\/viles-florides-naut-aran\/viles-de-bagergue\/","title":{"rendered":"Viles de Bagergue"},"content":{"rendered":"<p>[et_pb_section fb_built=&#8221;1&#8243; _builder_version=&#8221;4.16&#8243; _module_preset=&#8221;default&#8221; use_background_color_gradient=&#8221;on&#8221; background_color_gradient_direction=&#8221;160deg&#8221; background_color_gradient_stops=&#8221;rgba(115,152,198,0.9) 0%|rgba(143,196,109,0.9) 100%&#8221; background_color_gradient_overlays_image=&#8221;on&#8221; background_color_gradient_start=&#8221;rgba(115,152,198,0.9)&#8221; background_color_gradient_end=&#8221;rgba(143,196,109,0.9)&#8221; background_image=&#8221;https:\/\/www.nautaran.org\/wp-content\/uploads\/2020\/10\/arties-3.jpg&#8221; custom_padding=&#8221;5px||13px|||&#8221; global_colors_info=&#8221;{}&#8221;][et_pb_row _builder_version=&#8221;4.16&#8243; _module_preset=&#8221;default&#8221; custom_margin=&#8221;|auto|-10px|auto||&#8221; custom_padding=&#8221;82px||66px|||&#8221; global_colors_info=&#8221;{}&#8221;][et_pb_column type=&#8221;4_4&#8243; _builder_version=&#8221;4.16&#8243; _module_preset=&#8221;default&#8221; global_colors_info=&#8221;{}&#8221;][et_pb_text _builder_version=&#8221;4.16&#8243; _module_preset=&#8221;default&#8221; header_text_align=&#8221;center&#8221; header_text_color=&#8221;#ffffff&#8221; header_font_size=&#8221;70px&#8221; header_font_size_tablet=&#8221;50px&#8221; header_font_size_phone=&#8221;35px&#8221; header_font_size_last_edited=&#8221;on|phone&#8221; header_text_shadow_style=&#8221;preset3&#8243; global_colors_info=&#8221;{}&#8221;]<\/p>\n<h1>Viles Florides poble de Bagergue<\/h1>\n<p>[\/et_pb_text][\/et_pb_column][\/et_pb_row][\/et_pb_section][et_pb_section fb_built=&#8221;1&#8243; _builder_version=&#8221;4.16&#8243; _module_preset=&#8221;default&#8221; background_color=&#8221;#efefef&#8221; custom_padding=&#8221;33px||31px|||&#8221; global_colors_info=&#8221;{}&#8221;][et_pb_row column_structure=&#8221;1_2,1_2&#8243; _builder_version=&#8221;4.16&#8243; _module_preset=&#8221;default&#8221; global_colors_info=&#8221;{}&#8221;][et_pb_column type=&#8221;1_2&#8243; _builder_version=&#8221;4.16&#8243; _module_preset=&#8221;default&#8221; global_colors_info=&#8221;{}&#8221;][et_pb_text _builder_version=&#8221;4.17.6&#8243; _module_preset=&#8221;default&#8221; custom_padding=&#8221;||2px|||&#8221; global_colors_info=&#8221;{}&#8221;]<\/p>\n<h5 style=\"text-align: justify;\">BAGERGUE<\/h5>\n<p style=\"text-align: justify;\">Situat a 1.419 metres, Bagergue \u00e9s el poble habitat m\u00e9s alt de la Val d\u2019Aran. Penjada en una terrassa natural, envoltada de prats i boscos densos, la vila, com sortida d\u2019un conte, es caracteritza pels seus carrers engalanats amb flors de tot tipus. El nucli hist\u00f2ric forma part de l\u2019Inventari del Patrimoni Arquitect\u00f2nic de Catalunya. Entre els seus edificis destaca l\u2019esgl\u00e9sia parroquial de Sant Feliu, d\u2019origen rom\u00e0nic; el museu etnol\u00f2gic privat, Eth Corrau, amb 2.500 objectes antics relacionats amb la vida quotidiana; i l\u2019ermita de Santa Margarida, on s\u2019hi va en romeria cada 20 de juliol. Per la seva immillorable ubicaci\u00f3, Bagergue presenta un bon ventall de possibilitats, tant a l\u2019estiu com a l\u2019hivern.<\/p>\n<h5 style=\"text-align: justify;\">Projecte Florit<\/h5>\n<p style=\"text-align: justify;\">Bagergue es caracteritza pels seus carrers engalanats amb flors de tot tipus; surf\u00ednies, pet\u00fanies, geranis, gitanilles, cal\u00edopes, etc. Els seus ve\u00efns del destaquen pel l\u2019entusiasme i implicaci\u00f3 en les tasques d\u2019embelliment d\u2019aquest poble tan acollidor.<\/p>\n<h5 style=\"text-align: justify;\"><\/h5>\n<h5 style=\"text-align: justify;\">Qualificaci\u00f3<\/h5>\n<p>[\/et_pb_text][et_pb_image src=&#8221;https:\/\/www.nautaran.org\/wp-content\/uploads\/2022\/07\/4_Flors.png&#8221; title_text=&#8221;4_Flors&#8221; _builder_version=&#8221;4.17.6&#8243; _module_preset=&#8221;default&#8221; global_colors_info=&#8221;{}&#8221;][\/et_pb_image][\/et_pb_column][et_pb_column type=&#8221;1_2&#8243; _builder_version=&#8221;4.16&#8243; _module_preset=&#8221;default&#8221; global_colors_info=&#8221;{}&#8221;][et_pb_image src=&#8221;https:\/\/www.nautaran.org\/wp-content\/uploads\/2022\/08\/bagergue.png&#8221; title_text=&#8221;bagergue&#8221; show_in_lightbox=&#8221;on&#8221; _builder_version=&#8221;4.17.6&#8243; _module_preset=&#8221;default&#8221; hover_enabled=&#8221;0&#8243; global_colors_info=&#8221;{}&#8221; sticky_enabled=&#8221;0&#8243;][\/et_pb_image][\/et_pb_column][\/et_pb_row][\/et_pb_section][et_pb_section fb_built=&#8221;1&#8243; _builder_version=&#8221;4.16&#8243; _module_preset=&#8221;default&#8221; background_color=&#8221;#ffffff&#8221; custom_padding=&#8221;33px||17px|||&#8221; global_colors_info=&#8221;{}&#8221;][et_pb_row _builder_version=&#8221;4.16&#8243; _module_preset=&#8221;default&#8221; background_enable_color=&#8221;off&#8221; custom_margin=&#8221;-3px|auto||auto||&#8221; custom_padding=&#8221;3px||0px|||&#8221; border_width_bottom=&#8221;2px&#8221; border_color_bottom=&#8221;#e8e8e8&#8243; global_colors_info=&#8221;{}&#8221;][et_pb_column type=&#8221;4_4&#8243; _builder_version=&#8221;4.16&#8243; _module_preset=&#8221;default&#8221; global_colors_info=&#8221;{}&#8221;][et_pb_text _builder_version=&#8221;4.16&#8243; _module_preset=&#8221;default&#8221; header_text_align=&#8221;left&#8221; header_3_text_align=&#8221;center&#8221; custom_margin=&#8221;||-3px|||&#8221; custom_padding=&#8221;||0px|||&#8221; global_colors_info=&#8221;{}&#8221;]<\/p>\n<h3>Mapa<\/h3>\n<p>[\/et_pb_text][\/et_pb_column][\/et_pb_row][et_pb_row _builder_version=&#8221;4.16&#8243; _module_preset=&#8221;default&#8221; global_colors_info=&#8221;{}&#8221;][et_pb_column type=&#8221;4_4&#8243; _builder_version=&#8221;4.16&#8243; _module_preset=&#8221;default&#8221; global_colors_info=&#8221;{}&#8221;][et_pb_code _builder_version=&#8221;4.17.6&#8243; _module_preset=&#8221;default&#8221; global_colors_info=&#8221;{}&#8221;]<iframe loading=\"lazy\" src=\"https:\/\/www.google.com\/maps\/embed?pb=!1m18!1m12!1m3!1d2931.2800649297965!2d0.9136586658202115!3d42.71896262035224!2m3!1f0!2f0!3f0!3m2!1i1024!2i768!4f13.1!3m3!1m2!1s0x12a8bd435a1afef1%3A0xb1652d8ed38b24a2!2s25598%20Bagergue%2C%20L%C3%A9rida!5e0!3m2!1ses!2ses!4v1602316732720!5m2!1ses!2ses\" width=\"1920\" height=\"600\" frameborder=\"0\" style=\"border:0;\" allowfullscreen=\"\" aria-hidden=\"false\" tabindex=\"0\"><\/iframe>[\/et_pb_code][\/et_pb_column][\/et_pb_row][\/et_pb_section]<\/p>\n","protected":false},"excerpt":{"rendered":"<p>Viles Florides poble de BagergueBAGERGUE Situat a 1.419 metres, Bagergue \u00e9s el poble habitat m\u00e9s alt de la Val d\u2019Aran. Penjada en una terrassa natural, envoltada de prats i boscos densos, la vila, com sortida d\u2019un conte, es caracteritza pels seus carrers engalanats amb flors de tot tipus. El nucli hist\u00f2ric forma part de l\u2019Inventari [&hellip;]<\/p>\n","protected":false},"author":6,"featured_media":0,"parent":12059,"menu_order":0,"comment_status":"closed","ping_status":"closed","template":"","meta":{"_acf_changed":false,"_et_pb_use_builder":"on","_et_pb_old_content":"","_et_gb_content_width":"","footnotes":""},"class_list":["post-12284","page","type-page","status-publish","hentry"],"acf":[],"yoast_head":"<!-- This site is optimized with the Yoast SEO plugin v26.8 - https:\/\/yoast.com\/product\/yoast-seo-wordpress\/ -->\n<title>Viles de Bagergue - Ajuntament de Naut Aran<\/title>\n<meta name=\"robots\" content=\"index, follow, max-snippet:-1, max-image-preview:large, max-video-preview:-1\" \/>\n<link rel=\"canonical\" href=\"https:\/\/www.nautaran.org\/ca\/viles-florides-naut-aran\/viles-de-bagergue\/\" \/>\n<meta property=\"og:locale\" content=\"ca_ES\" \/>\n<meta property=\"og:type\" content=\"article\" \/>\n<meta property=\"og:title\" content=\"Viles de Bagergue - Ajuntament de Naut Aran\" \/>\n<meta property=\"og:description\" content=\"Viles Florides poble de BagergueBAGERGUE Situat a 1.419 metres, Bagergue \u00e9s el poble habitat m\u00e9s alt de la Val d\u2019Aran. Penjada en una terrassa natural, envoltada de prats i boscos densos, la vila, com sortida d\u2019un conte, es caracteritza pels seus carrers engalanats amb flors de tot tipus. El nucli hist\u00f2ric forma part de l\u2019Inventari [&hellip;]\" \/>\n<meta property=\"og:url\" content=\"https:\/\/www.nautaran.org\/ca\/viles-florides-naut-aran\/viles-de-bagergue\/\" \/>\n<meta property=\"og:site_name\" content=\"Ajuntament de Naut Aran\" \/>\n<meta property=\"article:modified_time\" content=\"2022-08-03T08:55:57+00:00\" \/>\n<meta name=\"twitter:card\" content=\"summary_large_image\" \/>\n<meta name=\"twitter:label1\" content=\"Est. reading time\" \/>\n\t<meta name=\"twitter:data1\" content=\"3 minutes\" \/>\n<script type=\"application\/ld+json\" class=\"yoast-schema-graph\">{\"@context\":\"https:\/\/schema.org\",\"@graph\":[{\"@type\":\"WebPage\",\"@id\":\"https:\/\/www.nautaran.org\/ca\/viles-florides-naut-aran\/viles-de-bagergue\/\",\"url\":\"https:\/\/www.nautaran.org\/ca\/viles-florides-naut-aran\/viles-de-bagergue\/\",\"name\":\"Viles de Bagergue - Ajuntament de Naut Aran\",\"isPartOf\":{\"@id\":\"https:\/\/www.nautaran.org\/#website\"},\"datePublished\":\"2022-07-26T09:12:01+00:00\",\"dateModified\":\"2022-08-03T08:55:57+00:00\",\"breadcrumb\":{\"@id\":\"https:\/\/www.nautaran.org\/ca\/viles-florides-naut-aran\/viles-de-bagergue\/#breadcrumb\"},\"inLanguage\":\"ca-ES\",\"potentialAction\":[{\"@type\":\"ReadAction\",\"target\":[\"https:\/\/www.nautaran.org\/ca\/viles-florides-naut-aran\/viles-de-bagergue\/\"]}]},{\"@type\":\"BreadcrumbList\",\"@id\":\"https:\/\/www.nautaran.org\/ca\/viles-florides-naut-aran\/viles-de-bagergue\/#breadcrumb\",\"itemListElement\":[{\"@type\":\"ListItem\",\"position\":1,\"name\":\"Portada\",\"item\":\"https:\/\/www.nautaran.org\/ca\/home-2\/\"},{\"@type\":\"ListItem\",\"position\":2,\"name\":\"Viles Florides\",\"item\":\"https:\/\/www.nautaran.org\/ca\/viles-florides-naut-aran\/\"},{\"@type\":\"ListItem\",\"position\":3,\"name\":\"Viles de Bagergue\"}]},{\"@type\":\"WebSite\",\"@id\":\"https:\/\/www.nautaran.org\/#website\",\"url\":\"https:\/\/www.nautaran.org\/\",\"name\":\"Ajuntament de Naut Aran\",\"description\":\"Naut Aran\",\"potentialAction\":[{\"@type\":\"SearchAction\",\"target\":{\"@type\":\"EntryPoint\",\"urlTemplate\":\"https:\/\/www.nautaran.org\/?s={search_term_string}\"},\"query-input\":{\"@type\":\"PropertyValueSpecification\",\"valueRequired\":true,\"valueName\":\"search_term_string\"}}],\"inLanguage\":\"ca-ES\"}]}<\/script>\n<!-- \/ Yoast SEO plugin. -->","yoast_head_json":{"title":"Viles de Bagergue - Ajuntament de Naut Aran","robots":{"index":"index","follow":"follow","max-snippet":"max-snippet:-1","max-image-preview":"max-image-preview:large","max-video-preview":"max-video-preview:-1"},"canonical":"https:\/\/www.nautaran.org\/ca\/viles-florides-naut-aran\/viles-de-bagergue\/","og_locale":"ca_ES","og_type":"article","og_title":"Viles de Bagergue - Ajuntament de Naut Aran","og_description":"Viles Florides poble de BagergueBAGERGUE Situat a 1.419 metres, Bagergue \u00e9s el poble habitat m\u00e9s alt de la Val d\u2019Aran. Penjada en una terrassa natural, envoltada de prats i boscos densos, la vila, com sortida d\u2019un conte, es caracteritza pels seus carrers engalanats amb flors de tot tipus. El nucli hist\u00f2ric forma part de l\u2019Inventari [&hellip;]","og_url":"https:\/\/www.nautaran.org\/ca\/viles-florides-naut-aran\/viles-de-bagergue\/","og_site_name":"Ajuntament de Naut Aran","article_modified_time":"2022-08-03T08:55:57+00:00","twitter_card":"summary_large_image","twitter_misc":{"Est. reading time":"3 minutes"},"schema":{"@context":"https:\/\/schema.org","@graph":[{"@type":"WebPage","@id":"https:\/\/www.nautaran.org\/ca\/viles-florides-naut-aran\/viles-de-bagergue\/","url":"https:\/\/www.nautaran.org\/ca\/viles-florides-naut-aran\/viles-de-bagergue\/","name":"Viles de Bagergue - Ajuntament de Naut Aran","isPartOf":{"@id":"https:\/\/www.nautaran.org\/#website"},"datePublished":"2022-07-26T09:12:01+00:00","dateModified":"2022-08-03T08:55:57+00:00","breadcrumb":{"@id":"https:\/\/www.nautaran.org\/ca\/viles-florides-naut-aran\/viles-de-bagergue\/#breadcrumb"},"inLanguage":"ca-ES","potentialAction":[{"@type":"ReadAction","target":["https:\/\/www.nautaran.org\/ca\/viles-florides-naut-aran\/viles-de-bagergue\/"]}]},{"@type":"BreadcrumbList","@id":"https:\/\/www.nautaran.org\/ca\/viles-florides-naut-aran\/viles-de-bagergue\/#breadcrumb","itemListElement":[{"@type":"ListItem","position":1,"name":"Portada","item":"https:\/\/www.nautaran.org\/ca\/home-2\/"},{"@type":"ListItem","position":2,"name":"Viles Florides","item":"https:\/\/www.nautaran.org\/ca\/viles-florides-naut-aran\/"},{"@type":"ListItem","position":3,"name":"Viles de Bagergue"}]},{"@type":"WebSite","@id":"https:\/\/www.nautaran.org\/#website","url":"https:\/\/www.nautaran.org\/","name":"Ajuntament de Naut Aran","description":"Naut Aran","potentialAction":[{"@type":"SearchAction","target":{"@type":"EntryPoint","urlTemplate":"https:\/\/www.nautaran.org\/?s={search_term_string}"},"query-input":{"@type":"PropertyValueSpecification","valueRequired":true,"valueName":"search_term_string"}}],"inLanguage":"ca-ES"}]}},"_links":{"self":[{"href":"https:\/\/www.nautaran.org\/ca\/wp-json\/wp\/v2\/pages\/12284","targetHints":{"allow":["GET"]}}],"collection":[{"href":"https:\/\/www.nautaran.org\/ca\/wp-json\/wp\/v2\/pages"}],"about":[{"href":"https:\/\/www.nautaran.org\/ca\/wp-json\/wp\/v2\/types\/page"}],"author":[{"embeddable":true,"href":"https:\/\/www.nautaran.org\/ca\/wp-json\/wp\/v2\/users\/6"}],"replies":[{"embeddable":true,"href":"https:\/\/www.nautaran.org\/ca\/wp-json\/wp\/v2\/comments?post=12284"}],"version-history":[{"count":5,"href":"https:\/\/www.nautaran.org\/ca\/wp-json\/wp\/v2\/pages\/12284\/revisions"}],"predecessor-version":[{"id":12549,"href":"https:\/\/www.nautaran.org\/ca\/wp-json\/wp\/v2\/pages\/12284\/revisions\/12549"}],"up":[{"embeddable":true,"href":"https:\/\/www.nautaran.org\/ca\/wp-json\/wp\/v2\/pages\/12059"}],"wp:attachment":[{"href":"https:\/\/www.nautaran.org\/ca\/wp-json\/wp\/v2\/media?parent=12284"}],"curies":[{"name":"wp","href":"https:\/\/api.w.org\/{rel}","templated":true}]}}