{"id":12351,"date":"2022-07-26T12:00:48","date_gmt":"2022-07-26T10:00:48","guid":{"rendered":"https:\/\/www.nautaran.org\/?page_id=12351"},"modified":"2022-08-03T09:28:22","modified_gmt":"2022-08-03T07:28:22","slug":"viles-de-unha","status":"publish","type":"page","link":"https:\/\/www.nautaran.org\/ca\/viles-florides-naut-aran\/viles-de-unha\/","title":{"rendered":"Viles de Unha"},"content":{"rendered":"<p>[et_pb_section fb_built=&#8221;1&#8243; _builder_version=&#8221;4.16&#8243; _module_preset=&#8221;default&#8221; use_background_color_gradient=&#8221;on&#8221; background_color_gradient_direction=&#8221;160deg&#8221; background_color_gradient_stops=&#8221;rgba(115,152,198,0.9) 0%|rgba(143,196,109,0.9) 100%&#8221; background_color_gradient_overlays_image=&#8221;on&#8221; background_color_gradient_start=&#8221;rgba(115,152,198,0.9)&#8221; background_color_gradient_end=&#8221;rgba(143,196,109,0.9)&#8221; background_image=&#8221;https:\/\/www.nautaran.org\/wp-content\/uploads\/2020\/10\/arties-3.jpg&#8221; custom_padding=&#8221;5px||13px|||&#8221; global_colors_info=&#8221;{}&#8221;][et_pb_row _builder_version=&#8221;4.16&#8243; _module_preset=&#8221;default&#8221; custom_margin=&#8221;|auto|-10px|auto||&#8221; custom_padding=&#8221;82px||66px|||&#8221; global_colors_info=&#8221;{}&#8221;][et_pb_column type=&#8221;4_4&#8243; _builder_version=&#8221;4.16&#8243; _module_preset=&#8221;default&#8221; global_colors_info=&#8221;{}&#8221;][et_pb_text _builder_version=&#8221;4.16&#8243; _module_preset=&#8221;default&#8221; header_text_align=&#8221;center&#8221; header_text_color=&#8221;#ffffff&#8221; header_font_size=&#8221;70px&#8221; header_font_size_tablet=&#8221;50px&#8221; header_font_size_phone=&#8221;35px&#8221; header_font_size_last_edited=&#8221;on|phone&#8221; header_text_shadow_style=&#8221;preset3&#8243; global_colors_info=&#8221;{}&#8221;]<\/p>\n<h1>Viles Florides poble d&#8217;Unha<\/h1>\n<p>[\/et_pb_text][\/et_pb_column][\/et_pb_row][\/et_pb_section][et_pb_section fb_built=&#8221;1&#8243; _builder_version=&#8221;4.16&#8243; _module_preset=&#8221;default&#8221; background_color=&#8221;#efefef&#8221; custom_padding=&#8221;33px||31px|||&#8221; global_colors_info=&#8221;{}&#8221;][et_pb_row column_structure=&#8221;1_2,1_2&#8243; _builder_version=&#8221;4.16&#8243; _module_preset=&#8221;default&#8221; global_colors_info=&#8221;{}&#8221;][et_pb_column type=&#8221;1_2&#8243; _builder_version=&#8221;4.16&#8243; _module_preset=&#8221;default&#8221; global_colors_info=&#8221;{}&#8221;][et_pb_text _builder_version=&#8221;4.17.6&#8243; _module_preset=&#8221;default&#8221; custom_padding=&#8221;||2px|||&#8221; global_colors_info=&#8221;{}&#8221;]<\/p>\n<h5 style=\"text-align: justify;\">UNHA<\/h5>\n<p style=\"text-align: justify;\">Situat al peu de l\u2019escarpat Pui d\u2019Unha, Unha compta entre el seu patrimoni arquitect\u00f2nic amb l\u2019esgl\u00e9sia rom\u00e0nica de Santa Eul\u00e0ria, de base quadrada i amb una bell\u00edssima torre octogonal que data de l\u2019any 1755 i acaba en forma de bulb d\u2019aire oriental.<\/p>\n<p style=\"text-align: justify;\">Al municipi trobem tamb\u00e9 un conjunt de cases d\u2019estil araneses on sobresurt l\u2019antiga casa senyorial fortificada coneguda com \u00c7\u00f2 de Brastet, amb portes i finestres de l\u2019\u00e8poca renaixentista. Destaquen tamb\u00e9 el Museu de la neu i el mol\u00ed Era M\u00f2la, actualment restaurat i un dels grans atractius tur\u00edstics del poble.<\/p>\n<p style=\"text-align: justify;\">La via ferrada al Pui d\u2019Unha \u00e9s el reclam esportiu de la zona. Compta amb un gran nombre de participants que la visiten i que, despr\u00e9s, gaudeixen de la gastronomia t\u00edpica aranesa en algun dels set restaurants ubicats en aquest petit poble.<\/p>\n<h5 style=\"text-align: justify;\">Projecte Florit<\/h5>\n<p style=\"text-align: justify;\">Aquest poblet proper a Salard\u00fa, de poc m\u00e9s de 100 habitants, est\u00e0 situat en un entorn natural de conte que vol donar a con\u00e8ixer. Unha compta amb unes boniques vistes de la vall i la glacera i pics de La Maladeta.<\/p>\n<p style=\"text-align: justify;\">\n<h5 style=\"text-align: justify;\">Qualificaci\u00f3<\/h5>\n<p>[\/et_pb_text][et_pb_image src=&#8221;https:\/\/www.nautaran.org\/wp-content\/uploads\/2022\/07\/3_Flors-1.png&#8221; title_text=&#8221;3_Flors&#8221; _builder_version=&#8221;4.17.6&#8243; _module_preset=&#8221;default&#8221; global_colors_info=&#8221;{}&#8221;][\/et_pb_image][\/et_pb_column][et_pb_column type=&#8221;1_2&#8243; _builder_version=&#8221;4.16&#8243; _module_preset=&#8221;default&#8221; global_colors_info=&#8221;{}&#8221;][et_pb_image src=&#8221;https:\/\/www.nautaran.org\/wp-content\/uploads\/2022\/08\/unha.jpg&#8221; title_text=&#8221;unha&#8221; show_in_lightbox=&#8221;on&#8221; _builder_version=&#8221;4.17.6&#8243; _module_preset=&#8221;default&#8221; hover_enabled=&#8221;0&#8243; global_colors_info=&#8221;{}&#8221; sticky_enabled=&#8221;0&#8243;][\/et_pb_image][\/et_pb_column][\/et_pb_row][\/et_pb_section][et_pb_section fb_built=&#8221;1&#8243; _builder_version=&#8221;4.16&#8243; _module_preset=&#8221;default&#8221; background_color=&#8221;#ffffff&#8221; custom_padding=&#8221;33px||17px|||&#8221; global_colors_info=&#8221;{}&#8221;][et_pb_row _builder_version=&#8221;4.16&#8243; _module_preset=&#8221;default&#8221; background_enable_color=&#8221;off&#8221; custom_margin=&#8221;-3px|auto||auto||&#8221; custom_padding=&#8221;3px||0px|||&#8221; border_width_bottom=&#8221;2px&#8221; border_color_bottom=&#8221;#e8e8e8&#8243; global_colors_info=&#8221;{}&#8221;][et_pb_column type=&#8221;4_4&#8243; _builder_version=&#8221;4.16&#8243; _module_preset=&#8221;default&#8221; global_colors_info=&#8221;{}&#8221;][et_pb_text _builder_version=&#8221;4.16&#8243; _module_preset=&#8221;default&#8221; header_text_align=&#8221;left&#8221; header_3_text_align=&#8221;center&#8221; custom_margin=&#8221;||-3px|||&#8221; custom_padding=&#8221;||0px|||&#8221; global_colors_info=&#8221;{}&#8221;]<\/p>\n<h3>Mapa<\/h3>\n<p>[\/et_pb_text][\/et_pb_column][\/et_pb_row][et_pb_row _builder_version=&#8221;4.16&#8243; _module_preset=&#8221;default&#8221; global_colors_info=&#8221;{}&#8221;][et_pb_column type=&#8221;4_4&#8243; _builder_version=&#8221;4.16&#8243; _module_preset=&#8221;default&#8221; global_colors_info=&#8221;{}&#8221;][et_pb_code _builder_version=&#8221;4.17.6&#8243; _module_preset=&#8221;default&#8221; global_colors_info=&#8221;{}&#8221;]<iframe loading=\"lazy\" src=\"https:\/\/www.google.com\/maps\/embed?pb=!1m18!1m12!1m3!1d1465.8399618173803!2d0.9018860083309129!3d42.71049769479125!2m3!1f0!2f0!3f0!3m2!1i1024!2i768!4f13.1!3m3!1m2!1s0x12a897fc4c01f8e5%3A0x97340ef37ea6c5a6!2s25598%20Unha%2C%20L%C3%A9rida!5e0!3m2!1ses!2ses!4v1602326796720!5m2!1ses!2ses\" width=\"1920\" height=\"600\" frameborder=\"0\" style=\"border:0;\" allowfullscreen=\"\" aria-hidden=\"false\" tabindex=\"0\"><\/iframe>[\/et_pb_code][\/et_pb_column][\/et_pb_row][\/et_pb_section]<\/p>\n","protected":false},"excerpt":{"rendered":"<p>Viles Florides poble d&#8217;UnhaUNHA Situat al peu de l\u2019escarpat Pui d\u2019Unha, Unha compta entre el seu patrimoni arquitect\u00f2nic amb l\u2019esgl\u00e9sia rom\u00e0nica de Santa Eul\u00e0ria, de base quadrada i amb una bell\u00edssima torre octogonal que data de l\u2019any 1755 i acaba en forma de bulb d\u2019aire oriental. Al municipi trobem tamb\u00e9 un conjunt de cases d\u2019estil [&hellip;]<\/p>\n","protected":false},"author":6,"featured_media":0,"parent":12059,"menu_order":0,"comment_status":"closed","ping_status":"closed","template":"","meta":{"_acf_changed":false,"_et_pb_use_builder":"on","_et_pb_old_content":"","_et_gb_content_width":"","footnotes":""},"class_list":["post-12351","page","type-page","status-publish","hentry"],"acf":[],"yoast_head":"<!-- This site is optimized with the Yoast SEO plugin v26.8 - https:\/\/yoast.com\/product\/yoast-seo-wordpress\/ -->\n<title>Viles de Unha - Ajuntament de Naut Aran<\/title>\n<meta name=\"robots\" content=\"index, follow, max-snippet:-1, max-image-preview:large, max-video-preview:-1\" \/>\n<link rel=\"canonical\" href=\"https:\/\/www.nautaran.org\/ca\/viles-florides-naut-aran\/viles-de-unha\/\" \/>\n<meta property=\"og:locale\" content=\"ca_ES\" \/>\n<meta property=\"og:type\" content=\"article\" \/>\n<meta property=\"og:title\" content=\"Viles de Unha - Ajuntament de Naut Aran\" \/>\n<meta property=\"og:description\" content=\"Viles Florides poble d&#039;UnhaUNHA Situat al peu de l\u2019escarpat Pui d\u2019Unha, Unha compta entre el seu patrimoni arquitect\u00f2nic amb l\u2019esgl\u00e9sia rom\u00e0nica de Santa Eul\u00e0ria, de base quadrada i amb una bell\u00edssima torre octogonal que data de l\u2019any 1755 i acaba en forma de bulb d\u2019aire oriental. Al municipi trobem tamb\u00e9 un conjunt de cases d\u2019estil [&hellip;]\" \/>\n<meta property=\"og:url\" content=\"https:\/\/www.nautaran.org\/ca\/viles-florides-naut-aran\/viles-de-unha\/\" \/>\n<meta property=\"og:site_name\" content=\"Ajuntament de Naut Aran\" \/>\n<meta property=\"article:modified_time\" content=\"2022-08-03T07:28:22+00:00\" \/>\n<meta name=\"twitter:card\" content=\"summary_large_image\" \/>\n<meta name=\"twitter:label1\" content=\"Est. reading time\" \/>\n\t<meta name=\"twitter:data1\" content=\"3 minutes\" \/>\n<script type=\"application\/ld+json\" class=\"yoast-schema-graph\">{\"@context\":\"https:\/\/schema.org\",\"@graph\":[{\"@type\":\"WebPage\",\"@id\":\"https:\/\/www.nautaran.org\/ca\/viles-florides-naut-aran\/viles-de-unha\/\",\"url\":\"https:\/\/www.nautaran.org\/ca\/viles-florides-naut-aran\/viles-de-unha\/\",\"name\":\"Viles de Unha - Ajuntament de Naut Aran\",\"isPartOf\":{\"@id\":\"https:\/\/www.nautaran.org\/#website\"},\"datePublished\":\"2022-07-26T10:00:48+00:00\",\"dateModified\":\"2022-08-03T07:28:22+00:00\",\"breadcrumb\":{\"@id\":\"https:\/\/www.nautaran.org\/ca\/viles-florides-naut-aran\/viles-de-unha\/#breadcrumb\"},\"inLanguage\":\"ca-ES\",\"potentialAction\":[{\"@type\":\"ReadAction\",\"target\":[\"https:\/\/www.nautaran.org\/ca\/viles-florides-naut-aran\/viles-de-unha\/\"]}]},{\"@type\":\"BreadcrumbList\",\"@id\":\"https:\/\/www.nautaran.org\/ca\/viles-florides-naut-aran\/viles-de-unha\/#breadcrumb\",\"itemListElement\":[{\"@type\":\"ListItem\",\"position\":1,\"name\":\"Portada\",\"item\":\"https:\/\/www.nautaran.org\/ca\/home-2\/\"},{\"@type\":\"ListItem\",\"position\":2,\"name\":\"Viles Florides\",\"item\":\"https:\/\/www.nautaran.org\/ca\/viles-florides-naut-aran\/\"},{\"@type\":\"ListItem\",\"position\":3,\"name\":\"Viles de Unha\"}]},{\"@type\":\"WebSite\",\"@id\":\"https:\/\/www.nautaran.org\/#website\",\"url\":\"https:\/\/www.nautaran.org\/\",\"name\":\"Ajuntament de Naut Aran\",\"description\":\"Naut Aran\",\"potentialAction\":[{\"@type\":\"SearchAction\",\"target\":{\"@type\":\"EntryPoint\",\"urlTemplate\":\"https:\/\/www.nautaran.org\/?s={search_term_string}\"},\"query-input\":{\"@type\":\"PropertyValueSpecification\",\"valueRequired\":true,\"valueName\":\"search_term_string\"}}],\"inLanguage\":\"ca-ES\"}]}<\/script>\n<!-- \/ Yoast SEO plugin. -->","yoast_head_json":{"title":"Viles de Unha - Ajuntament de Naut Aran","robots":{"index":"index","follow":"follow","max-snippet":"max-snippet:-1","max-image-preview":"max-image-preview:large","max-video-preview":"max-video-preview:-1"},"canonical":"https:\/\/www.nautaran.org\/ca\/viles-florides-naut-aran\/viles-de-unha\/","og_locale":"ca_ES","og_type":"article","og_title":"Viles de Unha - Ajuntament de Naut Aran","og_description":"Viles Florides poble d'UnhaUNHA Situat al peu de l\u2019escarpat Pui d\u2019Unha, Unha compta entre el seu patrimoni arquitect\u00f2nic amb l\u2019esgl\u00e9sia rom\u00e0nica de Santa Eul\u00e0ria, de base quadrada i amb una bell\u00edssima torre octogonal que data de l\u2019any 1755 i acaba en forma de bulb d\u2019aire oriental. Al municipi trobem tamb\u00e9 un conjunt de cases d\u2019estil [&hellip;]","og_url":"https:\/\/www.nautaran.org\/ca\/viles-florides-naut-aran\/viles-de-unha\/","og_site_name":"Ajuntament de Naut Aran","article_modified_time":"2022-08-03T07:28:22+00:00","twitter_card":"summary_large_image","twitter_misc":{"Est. reading time":"3 minutes"},"schema":{"@context":"https:\/\/schema.org","@graph":[{"@type":"WebPage","@id":"https:\/\/www.nautaran.org\/ca\/viles-florides-naut-aran\/viles-de-unha\/","url":"https:\/\/www.nautaran.org\/ca\/viles-florides-naut-aran\/viles-de-unha\/","name":"Viles de Unha - Ajuntament de Naut Aran","isPartOf":{"@id":"https:\/\/www.nautaran.org\/#website"},"datePublished":"2022-07-26T10:00:48+00:00","dateModified":"2022-08-03T07:28:22+00:00","breadcrumb":{"@id":"https:\/\/www.nautaran.org\/ca\/viles-florides-naut-aran\/viles-de-unha\/#breadcrumb"},"inLanguage":"ca-ES","potentialAction":[{"@type":"ReadAction","target":["https:\/\/www.nautaran.org\/ca\/viles-florides-naut-aran\/viles-de-unha\/"]}]},{"@type":"BreadcrumbList","@id":"https:\/\/www.nautaran.org\/ca\/viles-florides-naut-aran\/viles-de-unha\/#breadcrumb","itemListElement":[{"@type":"ListItem","position":1,"name":"Portada","item":"https:\/\/www.nautaran.org\/ca\/home-2\/"},{"@type":"ListItem","position":2,"name":"Viles Florides","item":"https:\/\/www.nautaran.org\/ca\/viles-florides-naut-aran\/"},{"@type":"ListItem","position":3,"name":"Viles de Unha"}]},{"@type":"WebSite","@id":"https:\/\/www.nautaran.org\/#website","url":"https:\/\/www.nautaran.org\/","name":"Ajuntament de Naut Aran","description":"Naut Aran","potentialAction":[{"@type":"SearchAction","target":{"@type":"EntryPoint","urlTemplate":"https:\/\/www.nautaran.org\/?s={search_term_string}"},"query-input":{"@type":"PropertyValueSpecification","valueRequired":true,"valueName":"search_term_string"}}],"inLanguage":"ca-ES"}]}},"_links":{"self":[{"href":"https:\/\/www.nautaran.org\/ca\/wp-json\/wp\/v2\/pages\/12351","targetHints":{"allow":["GET"]}}],"collection":[{"href":"https:\/\/www.nautaran.org\/ca\/wp-json\/wp\/v2\/pages"}],"about":[{"href":"https:\/\/www.nautaran.org\/ca\/wp-json\/wp\/v2\/types\/page"}],"author":[{"embeddable":true,"href":"https:\/\/www.nautaran.org\/ca\/wp-json\/wp\/v2\/users\/6"}],"replies":[{"embeddable":true,"href":"https:\/\/www.nautaran.org\/ca\/wp-json\/wp\/v2\/comments?post=12351"}],"version-history":[{"count":4,"href":"https:\/\/www.nautaran.org\/ca\/wp-json\/wp\/v2\/pages\/12351\/revisions"}],"predecessor-version":[{"id":12471,"href":"https:\/\/www.nautaran.org\/ca\/wp-json\/wp\/v2\/pages\/12351\/revisions\/12471"}],"up":[{"embeddable":true,"href":"https:\/\/www.nautaran.org\/ca\/wp-json\/wp\/v2\/pages\/12059"}],"wp:attachment":[{"href":"https:\/\/www.nautaran.org\/ca\/wp-json\/wp\/v2\/media?parent=12351"}],"curies":[{"name":"wp","href":"https:\/\/api.w.org\/{rel}","templated":true}]}}