{"id":15704,"date":"2023-07-04T11:51:44","date_gmt":"2023-07-04T10:51:44","guid":{"rendered":"https:\/\/www.nautaran.org\/?page_id=15704"},"modified":"2023-07-23T23:02:57","modified_gmt":"2023-07-23T22:02:57","slug":"eleccions-generals-23-juliol-2023","status":"publish","type":"page","link":"https:\/\/www.nautaran.org\/ca\/naut-aran\/eleccions\/eleccions-generals-23-juliol-2023\/","title":{"rendered":"Eleccions Generals 23 juliol 2023"},"content":{"rendered":"<p>[et_pb_section fb_built=&#8221;1&#8243; _builder_version=&#8221;4.16&#8243; _module_preset=&#8221;default&#8221; use_background_color_gradient=&#8221;on&#8221; background_color_gradient_direction=&#8221;160deg&#8221; background_color_gradient_stops=&#8221;rgba(115,152,198,0.79) 0%|rgba(143,196,109,0.77) 100%&#8221; background_color_gradient_overlays_image=&#8221;on&#8221; background_color_gradient_start=&#8221;rgba(115,152,198,0.79)&#8221; background_color_gradient_end=&#8221;rgba(143,196,109,0.77)&#8221; background_image=&#8221;https:\/\/www.nautaran.org\/wp-content\/uploads\/2021\/01\/crayons-1209804_1920.jpg&#8221; custom_padding=&#8221;5px||13px|||&#8221; global_colors_info=&#8221;{}&#8221;][et_pb_row _builder_version=&#8221;4.16&#8243; _module_preset=&#8221;default&#8221; custom_margin=&#8221;|auto|-10px|auto||&#8221; custom_padding=&#8221;82px||66px|||&#8221; global_colors_info=&#8221;{}&#8221;][et_pb_column type=&#8221;4_4&#8243; _builder_version=&#8221;4.16&#8243; _module_preset=&#8221;default&#8221; global_colors_info=&#8221;{}&#8221;][et_pb_text _builder_version=&#8221;4.20.4&#8243; _module_preset=&#8221;default&#8221; header_text_align=&#8221;center&#8221; header_text_color=&#8221;#ffffff&#8221; header_font_size=&#8221;50px&#8221; header_font_size_tablet=&#8221;50px&#8221; header_font_size_phone=&#8221;35px&#8221; header_font_size_last_edited=&#8221;on|phone&#8221; header_text_shadow_style=&#8221;preset3&#8243; global_colors_info=&#8221;{}&#8221;]<\/p>\n<h1>Eleccions Generals 23 juliol 2023<\/h1>\n<p>[\/et_pb_text][\/et_pb_column][\/et_pb_row][\/et_pb_section][et_pb_section fb_built=&#8221;1&#8243; _builder_version=&#8221;4.16&#8243; _module_preset=&#8221;default&#8221; custom_padding=&#8221;33px||31px|||&#8221; global_colors_info=&#8221;{}&#8221;][et_pb_row column_structure=&#8221;2_5,3_5&#8243; make_equal=&#8221;on&#8221; _builder_version=&#8221;4.20.4&#8243; _module_preset=&#8221;default&#8221; background_enable_color=&#8221;off&#8221; width=&#8221;79.5%&#8221; custom_margin=&#8221;-3px|auto||auto||&#8221; custom_padding=&#8221;3px||0px|0px||&#8221; border_color_bottom=&#8221;#e8e8e8&#8243; global_colors_info=&#8221;{}&#8221;][et_pb_column type=&#8221;2_5&#8243; _builder_version=&#8221;4.16&#8243; _module_preset=&#8221;default&#8221; background_color=&#8221;#efefef&#8221; custom_padding=&#8221;30px|30px|30px|30px|false|false&#8221; global_colors_info=&#8221;{}&#8221;][et_pb_text _builder_version=&#8221;4.20.4&#8243; _module_preset=&#8221;default&#8221; header_text_align=&#8221;left&#8221; header_3_text_align=&#8221;left&#8221; background_color=&#8221;RGBA(255,255,255,0)&#8221; custom_margin=&#8221;||-3px|||&#8221; custom_padding=&#8221;||13px|||&#8221; global_colors_info=&#8221;{}&#8221;]<\/p>\n<h3>Documents Oficials Eleccions<\/h3>\n<p>[\/et_pb_text][et_pb_blurb title=&#8221;Edicte BOE&#8221; url=&#8221;https:\/\/www.nautaran.org\/wp-content\/uploads\/2023\/07\/BOE-A-2023-12663-ELECCIONS-GENERALS-2023.pdf&#8221; use_icon=&#8221;on&#8221; font_icon=&#8221;&#x68;||divi||400&#8243; icon_placement=&#8221;left&#8221; _builder_version=&#8221;4.20.4&#8243; _module_preset=&#8221;default&#8221; header_font=&#8221;||||||||&#8221; header_text_align=&#8221;left&#8221; header_line_height=&#8221;1.9em&#8221; background_color=&#8221;#FFFFFF&#8221; custom_margin=&#8221;||8px|||&#8221; custom_padding=&#8221;10px|10px||10px|false|false&#8221; global_colors_info=&#8221;{}&#8221;][\/et_pb_blurb][et_pb_text _builder_version=&#8221;4.20.4&#8243; _module_preset=&#8221;default&#8221; header_text_align=&#8221;left&#8221; header_3_text_align=&#8221;left&#8221; background_color=&#8221;RGBA(255,255,255,0)&#8221; max_width=&#8221;100%&#8221; custom_margin=&#8221;33px||16px||false|false&#8221; custom_padding=&#8221;||13px|||&#8221; locked=&#8221;off&#8221; global_colors_info=&#8221;{}&#8221;]<\/p>\n<h3 style=\"text-align: left;\">Constituci\u00f3 de Meses<\/h3>\n<p>[\/et_pb_text][et_pb_blurb title=&#8221;Constituci\u00f3 Mesa A Salard\u00fa  &#8211; Mesa constitu\u00efda i 960 Censats&#8221; icon_placement=&#8221;left&#8221; _builder_version=&#8221;4.20.4&#8243; _module_preset=&#8221;default&#8221; header_font=&#8221;||||||||&#8221; header_text_align=&#8221;left&#8221; header_text_color=&#8221;#0A0A0A&#8221; header_line_height=&#8221;1.9em&#8221; background_color=&#8221;#FFFFFF&#8221; custom_margin=&#8221;||8px|||&#8221; custom_padding=&#8221;10px|10px||10px|false|false&#8221; locked=&#8221;off&#8221; global_colors_info=&#8221;{}&#8221;][\/et_pb_blurb][et_pb_blurb title=&#8221;Constituci\u00f3 Mesa B Arties e Gar\u00f2s &#8211; Mesa constitu\u00efda i 506 Censats&#8221; icon_placement=&#8221;left&#8221; _builder_version=&#8221;4.20.4&#8243; _module_preset=&#8221;default&#8221; header_font=&#8221;||||||||&#8221; header_text_align=&#8221;left&#8221; header_text_color=&#8221;#0A0A0A&#8221; header_line_height=&#8221;1.9em&#8221; background_color=&#8221;#FFFFFF&#8221; custom_margin=&#8221;||8px|||&#8221; custom_padding=&#8221;10px|10px||10px|false|false&#8221; locked=&#8221;off&#8221; global_colors_info=&#8221;{}&#8221;][\/et_pb_blurb][et_pb_text _builder_version=&#8221;4.20.4&#8243; _module_preset=&#8221;default&#8221; header_text_align=&#8221;left&#8221; header_3_text_align=&#8221;left&#8221; background_color=&#8221;RGBA(255,255,255,0)&#8221; max_width=&#8221;100%&#8221; custom_margin=&#8221;33px||16px||false|false&#8221; custom_padding=&#8221;||13px|||&#8221; locked=&#8221;off&#8221; global_colors_info=&#8221;{}&#8221;]<\/p>\n<h3>Primer Avan\u00e7 de Participaci\u00f3<\/h3>\n<p>[\/et_pb_text][et_pb_blurb title=&#8221;N\u00ba Primer Avan\u00e7 Mesa A: 260 vots&#8221; icon_placement=&#8221;left&#8221; _builder_version=&#8221;4.20.4&#8243; _module_preset=&#8221;default&#8221; header_font=&#8221;||||||||&#8221; header_text_align=&#8221;left&#8221; header_text_color=&#8221;#0A0A0A&#8221; header_line_height=&#8221;1.9em&#8221; background_color=&#8221;#FFFFFF&#8221; custom_margin=&#8221;||8px|||&#8221; custom_padding=&#8221;10px|10px||10px|false|false&#8221; locked=&#8221;off&#8221; global_colors_info=&#8221;{}&#8221;][\/et_pb_blurb][et_pb_blurb title=&#8221;N\u00ba Primer Avan\u00e7 Mesa B: 177 vots&#8221; icon_placement=&#8221;left&#8221; _builder_version=&#8221;4.20.4&#8243; _module_preset=&#8221;default&#8221; header_font=&#8221;||||||||&#8221; header_text_align=&#8221;left&#8221; header_text_color=&#8221;#0A0A0A&#8221; header_line_height=&#8221;1.9em&#8221; background_color=&#8221;#FFFFFF&#8221; custom_margin=&#8221;||8px|||&#8221; custom_padding=&#8221;10px|10px||10px|false|false&#8221; locked=&#8221;off&#8221; global_colors_info=&#8221;{}&#8221;][\/et_pb_blurb][et_pb_text _builder_version=&#8221;4.20.4&#8243; _module_preset=&#8221;default&#8221; header_text_align=&#8221;left&#8221; header_3_text_align=&#8221;left&#8221; background_color=&#8221;RGBA(255,255,255,0)&#8221; max_width=&#8221;100%&#8221; custom_margin=&#8221;33px||16px||false|false&#8221; custom_padding=&#8221;||13px|||&#8221; locked=&#8221;off&#8221; global_colors_info=&#8221;{}&#8221;]<\/p>\n<h3>Segon Avan\u00e7 de Participaci\u00f3<\/h3>\n<p>[\/et_pb_text][et_pb_blurb title=&#8221;N\u00ba Segon Avan\u00e7 Mesa A: 390 vots&#8221; icon_placement=&#8221;left&#8221; _builder_version=&#8221;4.20.4&#8243; _module_preset=&#8221;default&#8221; header_font=&#8221;||||||||&#8221; header_text_align=&#8221;left&#8221; header_text_color=&#8221;#0A0A0A&#8221; header_line_height=&#8221;1.9em&#8221; background_color=&#8221;#FFFFFF&#8221; custom_margin=&#8221;||8px|||&#8221; custom_padding=&#8221;10px|10px||10px|false|false&#8221; locked=&#8221;off&#8221; global_colors_info=&#8221;{}&#8221;][\/et_pb_blurb][et_pb_blurb title=&#8221;N\u00ba Segon Avan\u00e7 Mesa B: 250 vots&#8221; icon_placement=&#8221;left&#8221; _builder_version=&#8221;4.20.4&#8243; _module_preset=&#8221;default&#8221; header_font=&#8221;||||||||&#8221; header_text_align=&#8221;left&#8221; header_text_color=&#8221;#0A0A0A&#8221; header_line_height=&#8221;1.9em&#8221; background_color=&#8221;#FFFFFF&#8221; custom_margin=&#8221;||8px|||&#8221; custom_padding=&#8221;10px|10px||10px|false|false&#8221; locked=&#8221;off&#8221; global_colors_info=&#8221;{}&#8221;][\/et_pb_blurb][et_pb_text _builder_version=&#8221;4.20.4&#8243; _module_preset=&#8221;default&#8221; header_text_align=&#8221;left&#8221; header_3_text_align=&#8221;left&#8221; background_color=&#8221;RGBA(255,255,255,0)&#8221; max_width=&#8221;100%&#8221; custom_margin=&#8221;33px||16px||false|false&#8221; custom_padding=&#8221;||13px|||&#8221; locked=&#8221;off&#8221; global_colors_info=&#8221;{}&#8221;]<\/p>\n<h3>Actes d&#8217;Escrutini<\/h3>\n<p>[\/et_pb_text][et_pb_blurb title=&#8221;Acta d&#8217;Escrutini Mesa A Congr\u00e9s&#8221; icon_placement=&#8221;left&#8221; _builder_version=&#8221;4.20.4&#8243; _module_preset=&#8221;default&#8221; header_font=&#8221;||||||||&#8221; header_text_align=&#8221;left&#8221; header_line_height=&#8221;1.9em&#8221; background_color=&#8221;#FFFFFF&#8221; custom_margin=&#8221;||8px|||&#8221; custom_padding=&#8221;10px|10px||10px|false|false&#8221; hover_enabled=&#8221;0&#8243; locked=&#8221;off&#8221; global_colors_info=&#8221;{}&#8221; use_icon=&#8221;on&#8221; font_icon=&#8221;&#x68;||divi||400&#8243; url=&#8221;https:\/\/www.nautaran.org\/wp-content\/uploads\/2023\/07\/Resultados-Mesa-A-congreso.pdf&#8221; sticky_enabled=&#8221;0&#8243;][\/et_pb_blurb][et_pb_blurb title=&#8221;Acta d&#8217;Escrutini Mesa B Congr\u00e9s&#8221; url=&#8221;https:\/\/www.nautaran.org\/wp-content\/uploads\/2023\/07\/Resultados-elecciones-congreso-mesa-B.pdf&#8221; use_icon=&#8221;on&#8221; font_icon=&#8221;&#x68;||divi||400&#8243; icon_placement=&#8221;left&#8221; _builder_version=&#8221;4.20.4&#8243; _module_preset=&#8221;default&#8221; header_font=&#8221;||||||||&#8221; header_text_align=&#8221;left&#8221; header_line_height=&#8221;1.9em&#8221; background_color=&#8221;#FFFFFF&#8221; custom_margin=&#8221;||8px|||&#8221; custom_padding=&#8221;10px|10px||10px|false|false&#8221; locked=&#8221;off&#8221; global_colors_info=&#8221;{}&#8221;][\/et_pb_blurb][et_pb_blurb title=&#8221;Acta d&#8217;Escrutini Mesa A Senat&#8221; icon_placement=&#8221;left&#8221; _builder_version=&#8221;4.20.4&#8243; _module_preset=&#8221;default&#8221; header_font=&#8221;||||||||&#8221; header_text_align=&#8221;left&#8221; header_line_height=&#8221;1.9em&#8221; background_color=&#8221;#FFFFFF&#8221; custom_margin=&#8221;||8px|||&#8221; custom_padding=&#8221;10px|10px||10px|false|false&#8221; hover_enabled=&#8221;0&#8243; locked=&#8221;off&#8221; global_colors_info=&#8221;{}&#8221; use_icon=&#8221;on&#8221; font_icon=&#8221;&#x68;||divi||400&#8243; url=&#8221;https:\/\/www.nautaran.org\/wp-content\/uploads\/2023\/07\/Resultados-Mesa-A-Senado.pdf&#8221; sticky_enabled=&#8221;0&#8243;][\/et_pb_blurb][et_pb_blurb title=&#8221;Acta d&#8217;Escrutini Mesa B Senat&#8221; url=&#8221;https:\/\/www.nautaran.org\/wp-content\/uploads\/2023\/07\/Resultados-elecciones-senado-mesa-B.pdf&#8221; use_icon=&#8221;on&#8221; font_icon=&#8221;&#x68;||divi||400&#8243; icon_placement=&#8221;left&#8221; _builder_version=&#8221;4.20.4&#8243; _module_preset=&#8221;default&#8221; header_font=&#8221;||||||||&#8221; header_text_align=&#8221;left&#8221; header_line_height=&#8221;1.9em&#8221; background_color=&#8221;#FFFFFF&#8221; custom_margin=&#8221;||8px|||&#8221; custom_padding=&#8221;10px|10px||10px|false|false&#8221; locked=&#8221;off&#8221; global_colors_info=&#8221;{}&#8221;][\/et_pb_blurb][\/et_pb_column][et_pb_column type=&#8221;3_5&#8243; _builder_version=&#8221;4.20.4&#8243; _module_preset=&#8221;default&#8221; global_colors_info=&#8221;{}&#8221;][et_pb_image src=&#8221;https:\/\/www.nautaran.org\/wp-content\/uploads\/2023\/06\/PORTADA-2.jpg&#8221; title_text=&#8221;PORTADA&#8221; _builder_version=&#8221;4.20.4&#8243; _module_preset=&#8221;default&#8221; global_colors_info=&#8221;{}&#8221;][\/et_pb_image][\/et_pb_column][\/et_pb_row][et_pb_row _builder_version=&#8221;4.20.4&#8243; _module_preset=&#8221;default&#8221; global_colors_info=&#8221;{}&#8221;][et_pb_column type=&#8221;4_4&#8243; _builder_version=&#8221;4.20.4&#8243; _module_preset=&#8221;default&#8221; global_colors_info=&#8221;{}&#8221;][et_pb_text _builder_version=&#8221;4.20.4&#8243; _module_preset=&#8221;default&#8221; global_colors_info=&#8221;{}&#8221;]<\/p>\n<p>Tamb\u00e9 podeu seguir els resultats les eleccions en la web oficial de les eleccions en aquesta web: <a href=\"https:\/\/resultados.generales23j.es\/ca\/meses\/0\/4922\/0\">Eleccions Generals de juliol 2023<\/a><\/p>\n<p>[\/et_pb_text][\/et_pb_column][\/et_pb_row][\/et_pb_section]<\/p>\n","protected":false},"excerpt":{"rendered":"<p>Eleccions Generals 23 juliol 2023Documents Oficials EleccionsConstituci\u00f3 de MesesPrimer Avan\u00e7 de Participaci\u00f3Segon Avan\u00e7 de Participaci\u00f3Actes d&#8217;EscrutiniTamb\u00e9 podeu seguir els resultats les eleccions en la web oficial de les eleccions en aquesta web: Eleccions Generals de juliol 2023<\/p>\n","protected":false},"author":6,"featured_media":0,"parent":15039,"menu_order":0,"comment_status":"closed","ping_status":"closed","template":"","meta":{"_acf_changed":false,"_et_pb_use_builder":"on","_et_pb_old_content":"","_et_gb_content_width":"","footnotes":""},"class_list":["post-15704","page","type-page","status-publish","hentry"],"acf":[],"yoast_head":"<!-- This site is optimized with the Yoast SEO plugin v26.8 - https:\/\/yoast.com\/product\/yoast-seo-wordpress\/ -->\n<title>Eleccions Generals 23 juliol 2023 - Ajuntament de Naut Aran<\/title>\n<meta name=\"robots\" content=\"index, follow, max-snippet:-1, max-image-preview:large, max-video-preview:-1\" \/>\n<link rel=\"canonical\" href=\"https:\/\/www.nautaran.org\/ca\/naut-aran\/eleccions\/eleccions-generals-23-juliol-2023\/\" \/>\n<meta property=\"og:locale\" content=\"ca_ES\" \/>\n<meta property=\"og:type\" content=\"article\" \/>\n<meta property=\"og:title\" content=\"Eleccions Generals 23 juliol 2023 - Ajuntament de Naut Aran\" \/>\n<meta property=\"og:description\" content=\"Eleccions Generals 23 juliol 2023Documents Oficials EleccionsConstituci\u00f3 de MesesPrimer Avan\u00e7 de Participaci\u00f3Segon Avan\u00e7 de Participaci\u00f3Actes d&#039;EscrutiniTamb\u00e9 podeu seguir els resultats les eleccions en la web oficial de les eleccions en aquesta web: Eleccions Generals de juliol 2023\" \/>\n<meta property=\"og:url\" content=\"https:\/\/www.nautaran.org\/ca\/naut-aran\/eleccions\/eleccions-generals-23-juliol-2023\/\" \/>\n<meta property=\"og:site_name\" content=\"Ajuntament de Naut Aran\" \/>\n<meta property=\"article:modified_time\" content=\"2023-07-23T22:02:57+00:00\" \/>\n<meta name=\"twitter:card\" content=\"summary_large_image\" \/>\n<meta name=\"twitter:label1\" content=\"Est. reading time\" \/>\n\t<meta name=\"twitter:data1\" content=\"2 minutes\" \/>\n<script type=\"application\/ld+json\" class=\"yoast-schema-graph\">{\"@context\":\"https:\/\/schema.org\",\"@graph\":[{\"@type\":\"WebPage\",\"@id\":\"https:\/\/www.nautaran.org\/ca\/naut-aran\/eleccions\/eleccions-generals-23-juliol-2023\/\",\"url\":\"https:\/\/www.nautaran.org\/ca\/naut-aran\/eleccions\/eleccions-generals-23-juliol-2023\/\",\"name\":\"Eleccions Generals 23 juliol 2023 - Ajuntament de Naut Aran\",\"isPartOf\":{\"@id\":\"https:\/\/www.nautaran.org\/#website\"},\"datePublished\":\"2023-07-04T10:51:44+00:00\",\"dateModified\":\"2023-07-23T22:02:57+00:00\",\"breadcrumb\":{\"@id\":\"https:\/\/www.nautaran.org\/ca\/naut-aran\/eleccions\/eleccions-generals-23-juliol-2023\/#breadcrumb\"},\"inLanguage\":\"ca-ES\",\"potentialAction\":[{\"@type\":\"ReadAction\",\"target\":[\"https:\/\/www.nautaran.org\/ca\/naut-aran\/eleccions\/eleccions-generals-23-juliol-2023\/\"]}]},{\"@type\":\"BreadcrumbList\",\"@id\":\"https:\/\/www.nautaran.org\/ca\/naut-aran\/eleccions\/eleccions-generals-23-juliol-2023\/#breadcrumb\",\"itemListElement\":[{\"@type\":\"ListItem\",\"position\":1,\"name\":\"Portada\",\"item\":\"https:\/\/www.nautaran.org\/ca\/home-2\/\"},{\"@type\":\"ListItem\",\"position\":2,\"name\":\"Naut Aran\",\"item\":\"https:\/\/www.nautaran.org\/ca\/naut-aran\/\"},{\"@type\":\"ListItem\",\"position\":3,\"name\":\"Eleccions\",\"item\":\"https:\/\/www.nautaran.org\/ca\/naut-aran\/eleccions\/\"},{\"@type\":\"ListItem\",\"position\":4,\"name\":\"Eleccions Generals 23 juliol 2023\"}]},{\"@type\":\"WebSite\",\"@id\":\"https:\/\/www.nautaran.org\/#website\",\"url\":\"https:\/\/www.nautaran.org\/\",\"name\":\"Ajuntament de Naut Aran\",\"description\":\"Naut Aran\",\"potentialAction\":[{\"@type\":\"SearchAction\",\"target\":{\"@type\":\"EntryPoint\",\"urlTemplate\":\"https:\/\/www.nautaran.org\/?s={search_term_string}\"},\"query-input\":{\"@type\":\"PropertyValueSpecification\",\"valueRequired\":true,\"valueName\":\"search_term_string\"}}],\"inLanguage\":\"ca-ES\"}]}<\/script>\n<!-- \/ Yoast SEO plugin. -->","yoast_head_json":{"title":"Eleccions Generals 23 juliol 2023 - Ajuntament de Naut Aran","robots":{"index":"index","follow":"follow","max-snippet":"max-snippet:-1","max-image-preview":"max-image-preview:large","max-video-preview":"max-video-preview:-1"},"canonical":"https:\/\/www.nautaran.org\/ca\/naut-aran\/eleccions\/eleccions-generals-23-juliol-2023\/","og_locale":"ca_ES","og_type":"article","og_title":"Eleccions Generals 23 juliol 2023 - Ajuntament de Naut Aran","og_description":"Eleccions Generals 23 juliol 2023Documents Oficials EleccionsConstituci\u00f3 de MesesPrimer Avan\u00e7 de Participaci\u00f3Segon Avan\u00e7 de Participaci\u00f3Actes d'EscrutiniTamb\u00e9 podeu seguir els resultats les eleccions en la web oficial de les eleccions en aquesta web: Eleccions Generals de juliol 2023","og_url":"https:\/\/www.nautaran.org\/ca\/naut-aran\/eleccions\/eleccions-generals-23-juliol-2023\/","og_site_name":"Ajuntament de Naut Aran","article_modified_time":"2023-07-23T22:02:57+00:00","twitter_card":"summary_large_image","twitter_misc":{"Est. reading time":"2 minutes"},"schema":{"@context":"https:\/\/schema.org","@graph":[{"@type":"WebPage","@id":"https:\/\/www.nautaran.org\/ca\/naut-aran\/eleccions\/eleccions-generals-23-juliol-2023\/","url":"https:\/\/www.nautaran.org\/ca\/naut-aran\/eleccions\/eleccions-generals-23-juliol-2023\/","name":"Eleccions Generals 23 juliol 2023 - Ajuntament de Naut Aran","isPartOf":{"@id":"https:\/\/www.nautaran.org\/#website"},"datePublished":"2023-07-04T10:51:44+00:00","dateModified":"2023-07-23T22:02:57+00:00","breadcrumb":{"@id":"https:\/\/www.nautaran.org\/ca\/naut-aran\/eleccions\/eleccions-generals-23-juliol-2023\/#breadcrumb"},"inLanguage":"ca-ES","potentialAction":[{"@type":"ReadAction","target":["https:\/\/www.nautaran.org\/ca\/naut-aran\/eleccions\/eleccions-generals-23-juliol-2023\/"]}]},{"@type":"BreadcrumbList","@id":"https:\/\/www.nautaran.org\/ca\/naut-aran\/eleccions\/eleccions-generals-23-juliol-2023\/#breadcrumb","itemListElement":[{"@type":"ListItem","position":1,"name":"Portada","item":"https:\/\/www.nautaran.org\/ca\/home-2\/"},{"@type":"ListItem","position":2,"name":"Naut Aran","item":"https:\/\/www.nautaran.org\/ca\/naut-aran\/"},{"@type":"ListItem","position":3,"name":"Eleccions","item":"https:\/\/www.nautaran.org\/ca\/naut-aran\/eleccions\/"},{"@type":"ListItem","position":4,"name":"Eleccions Generals 23 juliol 2023"}]},{"@type":"WebSite","@id":"https:\/\/www.nautaran.org\/#website","url":"https:\/\/www.nautaran.org\/","name":"Ajuntament de Naut Aran","description":"Naut Aran","potentialAction":[{"@type":"SearchAction","target":{"@type":"EntryPoint","urlTemplate":"https:\/\/www.nautaran.org\/?s={search_term_string}"},"query-input":{"@type":"PropertyValueSpecification","valueRequired":true,"valueName":"search_term_string"}}],"inLanguage":"ca-ES"}]}},"_links":{"self":[{"href":"https:\/\/www.nautaran.org\/ca\/wp-json\/wp\/v2\/pages\/15704","targetHints":{"allow":["GET"]}}],"collection":[{"href":"https:\/\/www.nautaran.org\/ca\/wp-json\/wp\/v2\/pages"}],"about":[{"href":"https:\/\/www.nautaran.org\/ca\/wp-json\/wp\/v2\/types\/page"}],"author":[{"embeddable":true,"href":"https:\/\/www.nautaran.org\/ca\/wp-json\/wp\/v2\/users\/6"}],"replies":[{"embeddable":true,"href":"https:\/\/www.nautaran.org\/ca\/wp-json\/wp\/v2\/comments?post=15704"}],"version-history":[{"count":17,"href":"https:\/\/www.nautaran.org\/ca\/wp-json\/wp\/v2\/pages\/15704\/revisions"}],"predecessor-version":[{"id":16313,"href":"https:\/\/www.nautaran.org\/ca\/wp-json\/wp\/v2\/pages\/15704\/revisions\/16313"}],"up":[{"embeddable":true,"href":"https:\/\/www.nautaran.org\/ca\/wp-json\/wp\/v2\/pages\/15039"}],"wp:attachment":[{"href":"https:\/\/www.nautaran.org\/ca\/wp-json\/wp\/v2\/media?parent=15704"}],"curies":[{"name":"wp","href":"https:\/\/api.w.org\/{rel}","templated":true}]}}