{"id":16784,"date":"2023-09-21T07:46:53","date_gmt":"2023-09-21T06:46:53","guid":{"rendered":"https:\/\/www.nautaran.org\/?page_id=16784"},"modified":"2023-09-29T11:50:20","modified_gmt":"2023-09-29T10:50:20","slug":"camp_de_fotbol_naut_aran","status":"publish","type":"page","link":"https:\/\/www.nautaran.org\/ca\/servicis\/esports\/camp_de_fotbol_naut_aran\/","title":{"rendered":"Camp de Futbol Naut Aran"},"content":{"rendered":"<p>[et_pb_section fb_built=&#8221;1&#8243; _builder_version=&#8221;4.19.4&#8243; _module_preset=&#8221;default&#8221; use_background_color_gradient=&#8221;on&#8221; background_color_gradient_direction=&#8221;160deg&#8221; background_color_gradient_stops=&#8221;rgba(115,152,198,0.79) 0%|rgba(143,196,109,0.77) 100%&#8221; background_color_gradient_overlays_image=&#8221;on&#8221; background_color_gradient_start=&#8221;rgba(115,152,198,0.79)&#8221; background_color_gradient_end=&#8221;rgba(143,196,109,0.77)&#8221; background_image=&#8221;https:\/\/www.nautaran.org\/wp-content\/uploads\/2020\/10\/carta-baile.jpg&#8221; custom_padding=&#8221;5px||13px|||&#8221; global_colors_info=&#8221;{}&#8221;][et_pb_row _builder_version=&#8221;4.16&#8243; _module_preset=&#8221;default&#8221; custom_margin=&#8221;|auto|-10px|auto||&#8221; custom_padding=&#8221;82px||66px|||&#8221; global_colors_info=&#8221;{}&#8221;][et_pb_column type=&#8221;4_4&#8243; _builder_version=&#8221;4.16&#8243; _module_preset=&#8221;default&#8221; global_colors_info=&#8221;{}&#8221;][et_pb_text _builder_version=&#8221;4.20.4&#8243; _module_preset=&#8221;default&#8221; header_text_align=&#8221;center&#8221; header_text_color=&#8221;#ffffff&#8221; header_font_size=&#8221;50px&#8221; hover_enabled=&#8221;0&#8243; header_font_size_tablet=&#8221;50px&#8221; header_font_size_phone=&#8221;35px&#8221; header_font_size_last_edited=&#8221;on|phone&#8221; header_text_shadow_style=&#8221;preset3&#8243; global_colors_info=&#8221;{}&#8221; sticky_enabled=&#8221;0&#8243;]<\/p>\n<h1>Camp de Futbol Naut Aran (Gar\u00f2s)<\/h1>\n<p>[\/et_pb_text][\/et_pb_column][\/et_pb_row][\/et_pb_section][et_pb_section fb_built=&#8221;1&#8243; _builder_version=&#8221;4.16&#8243; _module_preset=&#8221;default&#8221; background_color=&#8221;#efefef&#8221; custom_padding=&#8221;30px||60px|||&#8221; global_colors_info=&#8221;{}&#8221;][et_pb_row column_structure=&#8221;1_2,1_2&#8243; make_equal=&#8221;on&#8221; _builder_version=&#8221;4.16&#8243; _module_preset=&#8221;default&#8221; background_enable_color=&#8221;off&#8221; custom_padding=&#8221;||0px|||&#8221; global_colors_info=&#8221;{}&#8221;][et_pb_column type=&#8221;1_2&#8243; _builder_version=&#8221;4.16&#8243; _module_preset=&#8221;default&#8221; background_color=&#8221;#ffffff&#8221; custom_padding=&#8221;30px|30px|30px|30px|false|false&#8221; global_colors_info=&#8221;{}&#8221;][et_pb_text _builder_version=&#8221;4.20.4&#8243; _module_preset=&#8221;default&#8221; text_orientation=&#8221;justified&#8221; custom_margin=&#8221;20px||||false|false&#8221; hover_enabled=&#8221;0&#8243; global_colors_info=&#8221;{}&#8221; sticky_enabled=&#8221;0&#8243;]<\/p>\n<p><b style=\"color: #d52430; font-size: 29px; font-family: Roboto, Helvetica, Arial, Lucida, sans-serif;\">Horaris:<\/b><\/p>\n<p>El camp de futbol municipal de Naut Aran est\u00e0 obert de les <strong>09:00<\/strong> del mat\u00ed fins a les <strong>22:00<\/strong> de la nit de dilluns a divendres del <strong>15 d\u2019abril fins al 31 d\u2019octubre de forma ininterrompuda<\/strong>, aquest per\u00edode podria variar en funci\u00f3 de les condicions climatol\u00f2giques (si neva o plou i en el camp no pot fer-se la pr\u00e0ctica de l&#8217;esport no estar\u00e0 obert al p\u00fablic).<\/p>\n<p><b style=\"color: #d52430; font-size: 29px; font-family: Roboto, Helvetica, Arial, Lucida, sans-serif;\">Com Reservar:<\/b><\/p>\n<p>Les persones que resideixin\u00a0a Naut Aran i la resta de la Vall d\u2019Aran tenen acc\u00e9s lliure a aquest equipament i pot reservar-se trucant al tel\u00e8fon <strong>973 64 41 86<\/strong>.<\/p>\n<p>Les persones de fora de la Vall d\u2019Aran podran reservar el complex amb un preu de 80 euros per hora.<\/p>\n<p>Si hi ha algun club aran\u00e8s interessat en el lloguer del camp de futbol, s&#8217;informa que tamb\u00e9 ser\u00e0 gratu\u00eft, per\u00f2 caldr\u00e0 fer una reserva per tel\u00e8fon al <strong>973 64 41 86.<\/strong><\/p>\n<p>[\/et_pb_text][\/et_pb_column][et_pb_column type=&#8221;1_2&#8243; _builder_version=&#8221;4.16&#8243; _module_preset=&#8221;default&#8221; global_colors_info=&#8221;{}&#8221;][et_pb_image src=&#8221;https:\/\/www.nautaran.org\/wp-content\/uploads\/2023\/09\/Portada_futboll-1.png&#8221; title_text=&#8221;Portada_futboll&#8221; show_in_lightbox=&#8221;on&#8221; align=&#8221;center&#8221; _builder_version=&#8221;4.20.4&#8243; _module_preset=&#8221;default&#8221; global_colors_info=&#8221;{}&#8221;][\/et_pb_image][\/et_pb_column][\/et_pb_row][\/et_pb_section]<\/p>\n","protected":false},"excerpt":{"rendered":"<p>Camp de Futbol Naut Aran (Gar\u00f2s)Horaris: El camp de futbol municipal de Naut Aran est\u00e0 obert de les 09:00 del mat\u00ed fins a les 22:00 de la nit de dilluns a divendres del 15 d\u2019abril fins al 31 d\u2019octubre de forma ininterrompuda, aquest per\u00edode podria variar en funci\u00f3 de les condicions climatol\u00f2giques (si neva o [&hellip;]<\/p>\n","protected":false},"author":6,"featured_media":0,"parent":13938,"menu_order":0,"comment_status":"closed","ping_status":"closed","template":"","meta":{"_acf_changed":false,"_et_pb_use_builder":"on","_et_pb_old_content":"","_et_gb_content_width":"","footnotes":""},"class_list":["post-16784","page","type-page","status-publish","hentry"],"acf":[],"yoast_head":"<!-- This site is optimized with the Yoast SEO plugin v26.8 - https:\/\/yoast.com\/product\/yoast-seo-wordpress\/ -->\n<title>Camp de Futbol Naut Aran - Ajuntament de Naut Aran<\/title>\n<meta name=\"robots\" content=\"index, follow, max-snippet:-1, max-image-preview:large, max-video-preview:-1\" \/>\n<link rel=\"canonical\" href=\"https:\/\/www.nautaran.org\/ca\/servicis\/esports\/camp_de_fotbol_naut_aran\/\" \/>\n<meta property=\"og:locale\" content=\"ca_ES\" \/>\n<meta property=\"og:type\" content=\"article\" \/>\n<meta property=\"og:title\" content=\"Camp de Futbol Naut Aran - Ajuntament de Naut Aran\" \/>\n<meta property=\"og:description\" content=\"Camp de Futbol Naut Aran (Gar\u00f2s)Horaris: El camp de futbol municipal de Naut Aran est\u00e0 obert de les 09:00 del mat\u00ed fins a les 22:00 de la nit de dilluns a divendres del 15 d\u2019abril fins al 31 d\u2019octubre de forma ininterrompuda, aquest per\u00edode podria variar en funci\u00f3 de les condicions climatol\u00f2giques (si neva o [&hellip;]\" \/>\n<meta property=\"og:url\" content=\"https:\/\/www.nautaran.org\/ca\/servicis\/esports\/camp_de_fotbol_naut_aran\/\" \/>\n<meta property=\"og:site_name\" content=\"Ajuntament de Naut Aran\" \/>\n<meta property=\"article:modified_time\" content=\"2023-09-29T10:50:20+00:00\" \/>\n<meta name=\"twitter:card\" content=\"summary_large_image\" \/>\n<meta name=\"twitter:label1\" content=\"Est. reading time\" \/>\n\t<meta name=\"twitter:data1\" content=\"2 minutes\" \/>\n<script type=\"application\/ld+json\" class=\"yoast-schema-graph\">{\"@context\":\"https:\/\/schema.org\",\"@graph\":[{\"@type\":\"WebPage\",\"@id\":\"https:\/\/www.nautaran.org\/ca\/servicis\/esports\/camp_de_fotbol_naut_aran\/\",\"url\":\"https:\/\/www.nautaran.org\/ca\/servicis\/esports\/camp_de_fotbol_naut_aran\/\",\"name\":\"Camp de Futbol Naut Aran - Ajuntament de Naut Aran\",\"isPartOf\":{\"@id\":\"https:\/\/www.nautaran.org\/#website\"},\"datePublished\":\"2023-09-21T06:46:53+00:00\",\"dateModified\":\"2023-09-29T10:50:20+00:00\",\"breadcrumb\":{\"@id\":\"https:\/\/www.nautaran.org\/ca\/servicis\/esports\/camp_de_fotbol_naut_aran\/#breadcrumb\"},\"inLanguage\":\"ca-ES\",\"potentialAction\":[{\"@type\":\"ReadAction\",\"target\":[\"https:\/\/www.nautaran.org\/ca\/servicis\/esports\/camp_de_fotbol_naut_aran\/\"]}]},{\"@type\":\"BreadcrumbList\",\"@id\":\"https:\/\/www.nautaran.org\/ca\/servicis\/esports\/camp_de_fotbol_naut_aran\/#breadcrumb\",\"itemListElement\":[{\"@type\":\"ListItem\",\"position\":1,\"name\":\"Portada\",\"item\":\"https:\/\/www.nautaran.org\/ca\/home-2\/\"},{\"@type\":\"ListItem\",\"position\":2,\"name\":\"Servicis\",\"item\":\"https:\/\/www.nautaran.org\/ca\/servicis\/\"},{\"@type\":\"ListItem\",\"position\":3,\"name\":\"Esports\",\"item\":\"https:\/\/www.nautaran.org\/ca\/servicis\/esports\/\"},{\"@type\":\"ListItem\",\"position\":4,\"name\":\"Camp de Futbol Naut Aran\"}]},{\"@type\":\"WebSite\",\"@id\":\"https:\/\/www.nautaran.org\/#website\",\"url\":\"https:\/\/www.nautaran.org\/\",\"name\":\"Ajuntament de Naut Aran\",\"description\":\"Naut Aran\",\"potentialAction\":[{\"@type\":\"SearchAction\",\"target\":{\"@type\":\"EntryPoint\",\"urlTemplate\":\"https:\/\/www.nautaran.org\/?s={search_term_string}\"},\"query-input\":{\"@type\":\"PropertyValueSpecification\",\"valueRequired\":true,\"valueName\":\"search_term_string\"}}],\"inLanguage\":\"ca-ES\"}]}<\/script>\n<!-- \/ Yoast SEO plugin. -->","yoast_head_json":{"title":"Camp de Futbol Naut Aran - Ajuntament de Naut Aran","robots":{"index":"index","follow":"follow","max-snippet":"max-snippet:-1","max-image-preview":"max-image-preview:large","max-video-preview":"max-video-preview:-1"},"canonical":"https:\/\/www.nautaran.org\/ca\/servicis\/esports\/camp_de_fotbol_naut_aran\/","og_locale":"ca_ES","og_type":"article","og_title":"Camp de Futbol Naut Aran - Ajuntament de Naut Aran","og_description":"Camp de Futbol Naut Aran (Gar\u00f2s)Horaris: El camp de futbol municipal de Naut Aran est\u00e0 obert de les 09:00 del mat\u00ed fins a les 22:00 de la nit de dilluns a divendres del 15 d\u2019abril fins al 31 d\u2019octubre de forma ininterrompuda, aquest per\u00edode podria variar en funci\u00f3 de les condicions climatol\u00f2giques (si neva o [&hellip;]","og_url":"https:\/\/www.nautaran.org\/ca\/servicis\/esports\/camp_de_fotbol_naut_aran\/","og_site_name":"Ajuntament de Naut Aran","article_modified_time":"2023-09-29T10:50:20+00:00","twitter_card":"summary_large_image","twitter_misc":{"Est. reading time":"2 minutes"},"schema":{"@context":"https:\/\/schema.org","@graph":[{"@type":"WebPage","@id":"https:\/\/www.nautaran.org\/ca\/servicis\/esports\/camp_de_fotbol_naut_aran\/","url":"https:\/\/www.nautaran.org\/ca\/servicis\/esports\/camp_de_fotbol_naut_aran\/","name":"Camp de Futbol Naut Aran - Ajuntament de Naut Aran","isPartOf":{"@id":"https:\/\/www.nautaran.org\/#website"},"datePublished":"2023-09-21T06:46:53+00:00","dateModified":"2023-09-29T10:50:20+00:00","breadcrumb":{"@id":"https:\/\/www.nautaran.org\/ca\/servicis\/esports\/camp_de_fotbol_naut_aran\/#breadcrumb"},"inLanguage":"ca-ES","potentialAction":[{"@type":"ReadAction","target":["https:\/\/www.nautaran.org\/ca\/servicis\/esports\/camp_de_fotbol_naut_aran\/"]}]},{"@type":"BreadcrumbList","@id":"https:\/\/www.nautaran.org\/ca\/servicis\/esports\/camp_de_fotbol_naut_aran\/#breadcrumb","itemListElement":[{"@type":"ListItem","position":1,"name":"Portada","item":"https:\/\/www.nautaran.org\/ca\/home-2\/"},{"@type":"ListItem","position":2,"name":"Servicis","item":"https:\/\/www.nautaran.org\/ca\/servicis\/"},{"@type":"ListItem","position":3,"name":"Esports","item":"https:\/\/www.nautaran.org\/ca\/servicis\/esports\/"},{"@type":"ListItem","position":4,"name":"Camp de Futbol Naut Aran"}]},{"@type":"WebSite","@id":"https:\/\/www.nautaran.org\/#website","url":"https:\/\/www.nautaran.org\/","name":"Ajuntament de Naut Aran","description":"Naut Aran","potentialAction":[{"@type":"SearchAction","target":{"@type":"EntryPoint","urlTemplate":"https:\/\/www.nautaran.org\/?s={search_term_string}"},"query-input":{"@type":"PropertyValueSpecification","valueRequired":true,"valueName":"search_term_string"}}],"inLanguage":"ca-ES"}]}},"_links":{"self":[{"href":"https:\/\/www.nautaran.org\/ca\/wp-json\/wp\/v2\/pages\/16784","targetHints":{"allow":["GET"]}}],"collection":[{"href":"https:\/\/www.nautaran.org\/ca\/wp-json\/wp\/v2\/pages"}],"about":[{"href":"https:\/\/www.nautaran.org\/ca\/wp-json\/wp\/v2\/types\/page"}],"author":[{"embeddable":true,"href":"https:\/\/www.nautaran.org\/ca\/wp-json\/wp\/v2\/users\/6"}],"replies":[{"embeddable":true,"href":"https:\/\/www.nautaran.org\/ca\/wp-json\/wp\/v2\/comments?post=16784"}],"version-history":[{"count":8,"href":"https:\/\/www.nautaran.org\/ca\/wp-json\/wp\/v2\/pages\/16784\/revisions"}],"predecessor-version":[{"id":16955,"href":"https:\/\/www.nautaran.org\/ca\/wp-json\/wp\/v2\/pages\/16784\/revisions\/16955"}],"up":[{"embeddable":true,"href":"https:\/\/www.nautaran.org\/ca\/wp-json\/wp\/v2\/pages\/13938"}],"wp:attachment":[{"href":"https:\/\/www.nautaran.org\/ca\/wp-json\/wp\/v2\/media?parent=16784"}],"curies":[{"name":"wp","href":"https:\/\/api.w.org\/{rel}","templated":true}]}}