{"id":23030,"date":"2025-06-05T12:05:16","date_gmt":"2025-06-05T11:05:16","guid":{"rendered":"https:\/\/www.nautaran.org\/?page_id=23030"},"modified":"2025-06-05T12:23:20","modified_gmt":"2025-06-05T11:23:20","slug":"suport-naut-aran","status":"publish","type":"page","link":"https:\/\/www.nautaran.org\/ca\/suport-naut-aran\/","title":{"rendered":"Suport Naut Aran"},"content":{"rendered":"<p>[et_pb_section fb_built=&#8221;1&#8243; _builder_version=&#8221;4.16&#8243; global_colors_info=&#8221;{}&#8221;][et_pb_row _builder_version=&#8221;4.20.4&#8243; background_size=&#8221;initial&#8221; background_position=&#8221;top_left&#8221; background_repeat=&#8221;repeat&#8221; global_colors_info=&#8221;{}&#8221;][et_pb_column type=&#8221;4_4&#8243; _builder_version=&#8221;4.16&#8243; custom_padding=&#8221;|||&#8221; global_colors_info=&#8221;{}&#8221; custom_padding__hover=&#8221;|||&#8221;][et_pb_text _builder_version=&#8221;4.20.4&#8243; background_size=&#8221;initial&#8221; background_position=&#8221;top_left&#8221; background_repeat=&#8221;repeat&#8221; custom_padding=&#8221;||0px|||&#8221; global_colors_info=&#8221;{}&#8221;]<\/p>\n<h5 data-start=\"234\" data-end=\"263\">Necessites ajuda t\u00e8cnica?<\/h5>\n<p data-start=\"265\" data-end=\"560\">Des de l&#8217;Ajuntament de Naut Aran oferim assist\u00e8ncia remota per ajudar-te amb incid\u00e8ncies inform\u00e0tiques relacionades amb els serveis municipals<\/p>\n<p>[\/et_pb_text][et_pb_text _builder_version=&#8221;4.20.4&#8243; _module_preset=&#8221;default&#8221; hover_enabled=&#8221;0&#8243; global_colors_info=&#8221;{}&#8221; sticky_enabled=&#8221;0&#8243;]<\/p>\n<h5 data-start=\"1163\" data-end=\"1186\">Com funciona?<\/h5>\n<ul>\n<li data-start=\"1191\" data-end=\"1242\">Fes clic al bot\u00f3 de <strong>Descargar TeamviewerQS Naut Aran<\/strong> i executa el fitxer<\/li>\n<li data-start=\"1191\" data-end=\"1242\">Apareixer\u00e0 una finestra amb el teu <strong>ID<\/strong> i <strong>contrasenya<\/strong> temporal<\/li>\n<li data-start=\"1191\" data-end=\"1242\">Facilita aquestes dades al nostre equip perqu\u00e8 ens puguem connectar<\/li>\n<li data-start=\"1191\" data-end=\"1242\">Un cop finalitzada la sessi\u00f3, <strong>ja no tindrem acc\u00e9s al teu dispositiu.<\/strong><\/li>\n<\/ul>\n<p>[\/et_pb_text][et_pb_text _builder_version=&#8221;4.20.4&#8243; _module_preset=&#8221;default&#8221; global_colors_info=&#8221;{}&#8221;]<\/p>\n<h5 data-start=\"567\" data-end=\"605\">Descarrega d&#8217;assist\u00e8ncia remota<\/h5>\n<p data-start=\"607\" data-end=\"765\">Per tal que ens puguem connectar al teu equip i ajudar-te de manera remota, descarrega i executa l&#8217;eina <strong data-start=\"711\" data-end=\"738\">TeamViewer QS de Naut Aran <\/strong>fent clic al bot\u00f3 seg\u00fcent:<\/p>\n<p>[\/et_pb_text][et_pb_code _builder_version=&#8221;4.20.4&#8243; _module_preset=&#8221;default&#8221; hover_enabled=&#8221;0&#8243; global_colors_info=&#8221;{}&#8221; sticky_enabled=&#8221;0&#8243;]<\/p>\n<div style=\"text-align: center; margin-top: 20px; margin-bottom: 20px;\"> <a href=\"https:\/\/www.nautaran.org\/wp-content\/uploads\/2025\/06\/TeamViewerQS_NautAran.exe\" target=\"_blank\" rel=\"noopener\"> <button style=\"background-color:#9b0000; color:white; border:none; padding:15px 25px; font-size:16px; border-radius:5px; cursor:pointer;\"> <b>Descarrega <!\u2013- [et_pb_br_holder] -\u2013>TeamViewerQS Naut Aran<\/b> <\/button> <\/a> <\/div>\n<p> <!-- [et_pb_line_break_holder] -->[\/et_pb_code][\/et_pb_column][\/et_pb_row][\/et_pb_section]<\/p>\n","protected":false},"excerpt":{"rendered":"<p>Necessites ajuda t\u00e8cnica? Des de l&#8217;Ajuntament de Naut Aran oferim assist\u00e8ncia remota per ajudar-te amb incid\u00e8ncies inform\u00e0tiques relacionades amb els serveis municipalsCom funciona? Fes clic al bot\u00f3 de Descargar TeamviewerQS Naut Aran i executa el fitxer Apareixer\u00e0 una finestra amb el teu ID i contrasenya temporal Facilita aquestes dades al nostre equip perqu\u00e8 ens puguem [&hellip;]<\/p>\n","protected":false},"author":6,"featured_media":0,"parent":0,"menu_order":0,"comment_status":"closed","ping_status":"closed","template":"","meta":{"_acf_changed":false,"_et_pb_use_builder":"on","_et_pb_old_content":"<h2 data-start=\"194\" data-end=\"244\">\ufe0f P\u00e1gina de Soporte \u2013 Ajuntament de Naut Aran<\/h2><h3 data-start=\"246\" data-end=\"275\">\u00bfNecesitas ayuda t\u00e9cnica?<\/h3><p data-start=\"277\" data-end=\"580\">Desde el Ayuntamiento de Naut Aran ofrecemos asistencia remota para ayudarte con incidencias inform\u00e1ticas relacionadas con los servicios municipales. Si tienes alg\u00fan problema con tu ordenador, red o aplicaciones municipales, puedes contactar con el Departamento de Inform\u00e1tica para asistencia inmediata.<\/p><hr data-start=\"582\" data-end=\"585\" \/><h3 data-start=\"587\" data-end=\"623\">Descarga de asistencia remota<\/h3><p data-start=\"625\" data-end=\"802\">Para que podamos conectarnos a tu equipo y ayudarte de forma remota, por favor descarga e instala la herramienta <strong data-start=\"738\" data-end=\"765\">TeamViewer QuickSupport<\/strong> haciendo clic en el siguiente bot\u00f3n:<\/p><p>\u00a0<\/p><hr data-start=\"1194\" data-end=\"1197\" \/><h3 data-start=\"1199\" data-end=\"1224\">\u200d \u00bfC\u00f3mo funciona?<\/h3><ol data-start=\"1226\" data-end=\"1481\"><li data-start=\"1226\" data-end=\"1283\"><p data-start=\"1229\" data-end=\"1283\">Haz clic en el bot\u00f3n de descarga y ejecuta el archivo.<\/p><\/li><li data-start=\"1284\" data-end=\"1341\"><p data-start=\"1287\" data-end=\"1341\">Aparecer\u00e1 una ventana con tu ID y contrase\u00f1a temporal.<\/p><\/li><li data-start=\"1342\" data-end=\"1412\"><p data-start=\"1345\" data-end=\"1412\">Proporci\u00f3nanos estos datos para que podamos conectarnos y ayudarte.<\/p><\/li><li data-start=\"1413\" data-end=\"1481\"><p data-start=\"1416\" data-end=\"1481\">Una vez terminada la sesi\u00f3n, no tendremos m\u00e1s acceso a tu equipo.<\/p><\/li><\/ol>","_et_gb_content_width":"","footnotes":""},"class_list":["post-23030","page","type-page","status-publish","hentry"],"acf":[],"yoast_head":"<!-- This site is optimized with the Yoast SEO plugin v26.8 - https:\/\/yoast.com\/product\/yoast-seo-wordpress\/ -->\n<title>Suport Naut Aran - Ajuntament de Naut Aran<\/title>\n<meta name=\"robots\" content=\"index, follow, max-snippet:-1, max-image-preview:large, max-video-preview:-1\" \/>\n<link rel=\"canonical\" href=\"https:\/\/www.nautaran.org\/ca\/suport-naut-aran\/\" \/>\n<meta property=\"og:locale\" content=\"ca_ES\" \/>\n<meta property=\"og:type\" content=\"article\" \/>\n<meta property=\"og:title\" content=\"Suport Naut Aran - Ajuntament de Naut Aran\" \/>\n<meta property=\"og:description\" content=\"Necessites ajuda t\u00e8cnica? Des de l&#039;Ajuntament de Naut Aran oferim assist\u00e8ncia remota per ajudar-te amb incid\u00e8ncies inform\u00e0tiques relacionades amb els serveis municipalsCom funciona? Fes clic al bot\u00f3 de Descargar TeamviewerQS Naut Aran i executa el fitxer Apareixer\u00e0 una finestra amb el teu ID i contrasenya temporal Facilita aquestes dades al nostre equip perqu\u00e8 ens puguem [&hellip;]\" \/>\n<meta property=\"og:url\" content=\"https:\/\/www.nautaran.org\/ca\/suport-naut-aran\/\" \/>\n<meta property=\"og:site_name\" content=\"Ajuntament de Naut Aran\" \/>\n<meta property=\"article:modified_time\" content=\"2025-06-05T11:23:20+00:00\" \/>\n<meta name=\"twitter:card\" content=\"summary_large_image\" \/>\n<meta name=\"twitter:label1\" content=\"Est. reading time\" \/>\n\t<meta name=\"twitter:data1\" content=\"1 minute\" \/>\n<script type=\"application\/ld+json\" class=\"yoast-schema-graph\">{\"@context\":\"https:\/\/schema.org\",\"@graph\":[{\"@type\":\"WebPage\",\"@id\":\"https:\/\/www.nautaran.org\/ca\/suport-naut-aran\/\",\"url\":\"https:\/\/www.nautaran.org\/ca\/suport-naut-aran\/\",\"name\":\"Suport Naut Aran - Ajuntament de Naut Aran\",\"isPartOf\":{\"@id\":\"https:\/\/www.nautaran.org\/#website\"},\"datePublished\":\"2025-06-05T11:05:16+00:00\",\"dateModified\":\"2025-06-05T11:23:20+00:00\",\"breadcrumb\":{\"@id\":\"https:\/\/www.nautaran.org\/ca\/suport-naut-aran\/#breadcrumb\"},\"inLanguage\":\"ca-ES\",\"potentialAction\":[{\"@type\":\"ReadAction\",\"target\":[\"https:\/\/www.nautaran.org\/ca\/suport-naut-aran\/\"]}]},{\"@type\":\"BreadcrumbList\",\"@id\":\"https:\/\/www.nautaran.org\/ca\/suport-naut-aran\/#breadcrumb\",\"itemListElement\":[{\"@type\":\"ListItem\",\"position\":1,\"name\":\"Portada\",\"item\":\"https:\/\/www.nautaran.org\/ca\/home-2\/\"},{\"@type\":\"ListItem\",\"position\":2,\"name\":\"Suport Naut Aran\"}]},{\"@type\":\"WebSite\",\"@id\":\"https:\/\/www.nautaran.org\/#website\",\"url\":\"https:\/\/www.nautaran.org\/\",\"name\":\"Ajuntament de Naut Aran\",\"description\":\"Naut Aran\",\"potentialAction\":[{\"@type\":\"SearchAction\",\"target\":{\"@type\":\"EntryPoint\",\"urlTemplate\":\"https:\/\/www.nautaran.org\/?s={search_term_string}\"},\"query-input\":{\"@type\":\"PropertyValueSpecification\",\"valueRequired\":true,\"valueName\":\"search_term_string\"}}],\"inLanguage\":\"ca-ES\"}]}<\/script>\n<!-- \/ Yoast SEO plugin. -->","yoast_head_json":{"title":"Suport Naut Aran - Ajuntament de Naut Aran","robots":{"index":"index","follow":"follow","max-snippet":"max-snippet:-1","max-image-preview":"max-image-preview:large","max-video-preview":"max-video-preview:-1"},"canonical":"https:\/\/www.nautaran.org\/ca\/suport-naut-aran\/","og_locale":"ca_ES","og_type":"article","og_title":"Suport Naut Aran - Ajuntament de Naut Aran","og_description":"Necessites ajuda t\u00e8cnica? Des de l'Ajuntament de Naut Aran oferim assist\u00e8ncia remota per ajudar-te amb incid\u00e8ncies inform\u00e0tiques relacionades amb els serveis municipalsCom funciona? Fes clic al bot\u00f3 de Descargar TeamviewerQS Naut Aran i executa el fitxer Apareixer\u00e0 una finestra amb el teu ID i contrasenya temporal Facilita aquestes dades al nostre equip perqu\u00e8 ens puguem [&hellip;]","og_url":"https:\/\/www.nautaran.org\/ca\/suport-naut-aran\/","og_site_name":"Ajuntament de Naut Aran","article_modified_time":"2025-06-05T11:23:20+00:00","twitter_card":"summary_large_image","twitter_misc":{"Est. reading time":"1 minute"},"schema":{"@context":"https:\/\/schema.org","@graph":[{"@type":"WebPage","@id":"https:\/\/www.nautaran.org\/ca\/suport-naut-aran\/","url":"https:\/\/www.nautaran.org\/ca\/suport-naut-aran\/","name":"Suport Naut Aran - Ajuntament de Naut Aran","isPartOf":{"@id":"https:\/\/www.nautaran.org\/#website"},"datePublished":"2025-06-05T11:05:16+00:00","dateModified":"2025-06-05T11:23:20+00:00","breadcrumb":{"@id":"https:\/\/www.nautaran.org\/ca\/suport-naut-aran\/#breadcrumb"},"inLanguage":"ca-ES","potentialAction":[{"@type":"ReadAction","target":["https:\/\/www.nautaran.org\/ca\/suport-naut-aran\/"]}]},{"@type":"BreadcrumbList","@id":"https:\/\/www.nautaran.org\/ca\/suport-naut-aran\/#breadcrumb","itemListElement":[{"@type":"ListItem","position":1,"name":"Portada","item":"https:\/\/www.nautaran.org\/ca\/home-2\/"},{"@type":"ListItem","position":2,"name":"Suport Naut Aran"}]},{"@type":"WebSite","@id":"https:\/\/www.nautaran.org\/#website","url":"https:\/\/www.nautaran.org\/","name":"Ajuntament de Naut Aran","description":"Naut Aran","potentialAction":[{"@type":"SearchAction","target":{"@type":"EntryPoint","urlTemplate":"https:\/\/www.nautaran.org\/?s={search_term_string}"},"query-input":{"@type":"PropertyValueSpecification","valueRequired":true,"valueName":"search_term_string"}}],"inLanguage":"ca-ES"}]}},"_links":{"self":[{"href":"https:\/\/www.nautaran.org\/ca\/wp-json\/wp\/v2\/pages\/23030","targetHints":{"allow":["GET"]}}],"collection":[{"href":"https:\/\/www.nautaran.org\/ca\/wp-json\/wp\/v2\/pages"}],"about":[{"href":"https:\/\/www.nautaran.org\/ca\/wp-json\/wp\/v2\/types\/page"}],"author":[{"embeddable":true,"href":"https:\/\/www.nautaran.org\/ca\/wp-json\/wp\/v2\/users\/6"}],"replies":[{"embeddable":true,"href":"https:\/\/www.nautaran.org\/ca\/wp-json\/wp\/v2\/comments?post=23030"}],"version-history":[{"count":2,"href":"https:\/\/www.nautaran.org\/ca\/wp-json\/wp\/v2\/pages\/23030\/revisions"}],"predecessor-version":[{"id":23043,"href":"https:\/\/www.nautaran.org\/ca\/wp-json\/wp\/v2\/pages\/23030\/revisions\/23043"}],"wp:attachment":[{"href":"https:\/\/www.nautaran.org\/ca\/wp-json\/wp\/v2\/media?parent=23030"}],"curies":[{"name":"wp","href":"https:\/\/api.w.org\/{rel}","templated":true}]}}