{"id":23199,"date":"2025-06-27T10:03:56","date_gmt":"2025-06-27T09:03:56","guid":{"rendered":"https:\/\/www.nautaran.org\/servicis\/transport\/"},"modified":"2025-06-27T10:06:49","modified_gmt":"2025-06-27T09:06:49","slug":"transport","status":"publish","type":"page","link":"https:\/\/www.nautaran.org\/ca\/servicis\/transport\/","title":{"rendered":"Transport"},"content":{"rendered":"<p>Aquest 2025 el Bus del Parc estar\u00e0 operatiu del 23 de juny al 30 de setembre, i a partir de l\u20191 de juliol en el tram compr\u00e8s entre la Pobla de Segur i l\u2019embassament de Sallente, coincidint amb el per\u00edode de funcionament del telef\u00e8ric de la Vall Fosca.<\/p>\n<p>Actualment aquest servei disposa de quatre freq\u00fc\u00e8ncies per sentit i l\u2019any 2024 va registrar-se el r\u00e8cord hist\u00f2ric de persones transportades, superant els 13.500 passatgers.<\/p>\n<p>Els horaris estan ajustats per a donar major qualitat en el servei i per enlla\u00e7ar amb diferents serveis de transport p\u00fablic que connecten amb Lleida i Barcelona i tamb\u00e9 amb la l\u00ednia de tren Lleida\u2013la Pobla (FGC). Els autobusos permeten tamb\u00e9 el transport de fins a 5 bicicletes per vehicle.<\/p>\n<p>Coincidint amb la celebraci\u00f3 del 70\u00ba aniversari de la declaraci\u00f3 del Parc, les parades d\u2019autob\u00fas de les localitats Bo\u00ed, el Pont de Suert, la Pobla de Segur i Vielha s\u2019han tematitzat amb un vinilat a les zones de vidrieres amb imatges dels indrets m\u00e9s representatius d\u2019aquest espai natural protegit dels Pirineus.<\/p>\n<p>Com ja \u00e9s habitual, es podr\u00e0 adquirir el bitllet al mateix autob\u00fas, per internet a trav\u00e9s del web d\u2019ALSA i tamb\u00e9 mitjan\u00e7ant la seva pr\u00f2pia app.<\/p>\n<p><a href=\"https:\/\/www.nautaran.org\/wp-content\/uploads\/2025\/06\/horaris_bus.png\"><img loading=\"lazy\" decoding=\"async\" class=\"aligncenter size-large wp-image-23190\" src=\"https:\/\/www.nautaran.org\/wp-content\/uploads\/2025\/06\/horaris_bus-720x1024.png\" alt=\"\" width=\"720\" height=\"1024\" \/><\/a><\/p>\n<p>Podeu descarregar-vos el PDF dels horaris al seg\u00fcent enlla\u00e7 <a href=\"https:\/\/www.nautaran.org\/wp-content\/uploads\/2025\/06\/2025_horaris_bus_parc.pdf\">horaris Autobus del Parc<\/a><\/p>\n","protected":false},"excerpt":{"rendered":"<p>Aquest 2025 el Bus del Parc estar\u00e0 operatiu del 23 de juny al 30 de setembre, i a partir de l\u20191 de juliol en el tram compr\u00e8s entre la Pobla de Segur i l\u2019embassament de Sallente, coincidint amb el per\u00edode de funcionament del telef\u00e8ric de la Vall Fosca. Actualment aquest servei disposa de quatre freq\u00fc\u00e8ncies [&hellip;]<\/p>\n","protected":false},"author":6,"featured_media":0,"parent":6120,"menu_order":0,"comment_status":"closed","ping_status":"closed","template":"","meta":{"_acf_changed":false,"_et_pb_use_builder":"","_et_pb_old_content":"","_et_gb_content_width":"","footnotes":""},"class_list":["post-23199","page","type-page","status-publish","hentry"],"acf":[],"yoast_head":"<!-- This site is optimized with the Yoast SEO plugin v26.8 - https:\/\/yoast.com\/product\/yoast-seo-wordpress\/ -->\n<title>Transport - Ajuntament de Naut Aran<\/title>\n<meta name=\"robots\" content=\"index, follow, max-snippet:-1, max-image-preview:large, max-video-preview:-1\" \/>\n<link rel=\"canonical\" href=\"https:\/\/www.nautaran.org\/ca\/servicis\/transport\/\" \/>\n<meta property=\"og:locale\" content=\"ca_ES\" \/>\n<meta property=\"og:type\" content=\"article\" \/>\n<meta property=\"og:title\" content=\"Transport - Ajuntament de Naut Aran\" \/>\n<meta property=\"og:description\" content=\"Aquest 2025 el Bus del Parc estar\u00e0 operatiu del 23 de juny al 30 de setembre, i a partir de l\u20191 de juliol en el tram compr\u00e8s entre la Pobla de Segur i l\u2019embassament de Sallente, coincidint amb el per\u00edode de funcionament del telef\u00e8ric de la Vall Fosca. Actualment aquest servei disposa de quatre freq\u00fc\u00e8ncies [&hellip;]\" \/>\n<meta property=\"og:url\" content=\"https:\/\/www.nautaran.org\/ca\/servicis\/transport\/\" \/>\n<meta property=\"og:site_name\" content=\"Ajuntament de Naut Aran\" \/>\n<meta property=\"article:modified_time\" content=\"2025-06-27T09:06:49+00:00\" \/>\n<meta property=\"og:image\" content=\"https:\/\/www.nautaran.org\/wp-content\/uploads\/2025\/06\/horaris_bus-720x1024.png\" \/>\n<meta name=\"twitter:card\" content=\"summary_large_image\" \/>\n<meta name=\"twitter:label1\" content=\"Est. reading time\" \/>\n\t<meta name=\"twitter:data1\" content=\"2 minutes\" \/>\n<script type=\"application\/ld+json\" class=\"yoast-schema-graph\">{\"@context\":\"https:\/\/schema.org\",\"@graph\":[{\"@type\":\"WebPage\",\"@id\":\"https:\/\/www.nautaran.org\/ca\/servicis\/transport\/\",\"url\":\"https:\/\/www.nautaran.org\/ca\/servicis\/transport\/\",\"name\":\"Transport - Ajuntament de Naut Aran\",\"isPartOf\":{\"@id\":\"https:\/\/www.nautaran.org\/#website\"},\"primaryImageOfPage\":{\"@id\":\"https:\/\/www.nautaran.org\/ca\/servicis\/transport\/#primaryimage\"},\"image\":{\"@id\":\"https:\/\/www.nautaran.org\/ca\/servicis\/transport\/#primaryimage\"},\"thumbnailUrl\":\"https:\/\/www.nautaran.org\/wp-content\/uploads\/2025\/06\/horaris_bus-720x1024.png\",\"datePublished\":\"2025-06-27T09:03:56+00:00\",\"dateModified\":\"2025-06-27T09:06:49+00:00\",\"breadcrumb\":{\"@id\":\"https:\/\/www.nautaran.org\/ca\/servicis\/transport\/#breadcrumb\"},\"inLanguage\":\"ca-ES\",\"potentialAction\":[{\"@type\":\"ReadAction\",\"target\":[\"https:\/\/www.nautaran.org\/ca\/servicis\/transport\/\"]}]},{\"@type\":\"ImageObject\",\"inLanguage\":\"ca-ES\",\"@id\":\"https:\/\/www.nautaran.org\/ca\/servicis\/transport\/#primaryimage\",\"url\":\"https:\/\/www.nautaran.org\/wp-content\/uploads\/2025\/06\/horaris_bus-720x1024.png\",\"contentUrl\":\"https:\/\/www.nautaran.org\/wp-content\/uploads\/2025\/06\/horaris_bus-720x1024.png\"},{\"@type\":\"BreadcrumbList\",\"@id\":\"https:\/\/www.nautaran.org\/ca\/servicis\/transport\/#breadcrumb\",\"itemListElement\":[{\"@type\":\"ListItem\",\"position\":1,\"name\":\"Portada\",\"item\":\"https:\/\/www.nautaran.org\/ca\/home-2\/\"},{\"@type\":\"ListItem\",\"position\":2,\"name\":\"Servicis\",\"item\":\"https:\/\/www.nautaran.org\/ca\/servicis\/\"},{\"@type\":\"ListItem\",\"position\":3,\"name\":\"Transport\"}]},{\"@type\":\"WebSite\",\"@id\":\"https:\/\/www.nautaran.org\/#website\",\"url\":\"https:\/\/www.nautaran.org\/\",\"name\":\"Ajuntament de Naut Aran\",\"description\":\"Naut Aran\",\"potentialAction\":[{\"@type\":\"SearchAction\",\"target\":{\"@type\":\"EntryPoint\",\"urlTemplate\":\"https:\/\/www.nautaran.org\/?s={search_term_string}\"},\"query-input\":{\"@type\":\"PropertyValueSpecification\",\"valueRequired\":true,\"valueName\":\"search_term_string\"}}],\"inLanguage\":\"ca-ES\"}]}<\/script>\n<!-- \/ Yoast SEO plugin. -->","yoast_head_json":{"title":"Transport - Ajuntament de Naut Aran","robots":{"index":"index","follow":"follow","max-snippet":"max-snippet:-1","max-image-preview":"max-image-preview:large","max-video-preview":"max-video-preview:-1"},"canonical":"https:\/\/www.nautaran.org\/ca\/servicis\/transport\/","og_locale":"ca_ES","og_type":"article","og_title":"Transport - Ajuntament de Naut Aran","og_description":"Aquest 2025 el Bus del Parc estar\u00e0 operatiu del 23 de juny al 30 de setembre, i a partir de l\u20191 de juliol en el tram compr\u00e8s entre la Pobla de Segur i l\u2019embassament de Sallente, coincidint amb el per\u00edode de funcionament del telef\u00e8ric de la Vall Fosca. Actualment aquest servei disposa de quatre freq\u00fc\u00e8ncies [&hellip;]","og_url":"https:\/\/www.nautaran.org\/ca\/servicis\/transport\/","og_site_name":"Ajuntament de Naut Aran","article_modified_time":"2025-06-27T09:06:49+00:00","og_image":[{"url":"https:\/\/www.nautaran.org\/wp-content\/uploads\/2025\/06\/horaris_bus-720x1024.png","type":"","width":"","height":""}],"twitter_card":"summary_large_image","twitter_misc":{"Est. reading time":"2 minutes"},"schema":{"@context":"https:\/\/schema.org","@graph":[{"@type":"WebPage","@id":"https:\/\/www.nautaran.org\/ca\/servicis\/transport\/","url":"https:\/\/www.nautaran.org\/ca\/servicis\/transport\/","name":"Transport - Ajuntament de Naut Aran","isPartOf":{"@id":"https:\/\/www.nautaran.org\/#website"},"primaryImageOfPage":{"@id":"https:\/\/www.nautaran.org\/ca\/servicis\/transport\/#primaryimage"},"image":{"@id":"https:\/\/www.nautaran.org\/ca\/servicis\/transport\/#primaryimage"},"thumbnailUrl":"https:\/\/www.nautaran.org\/wp-content\/uploads\/2025\/06\/horaris_bus-720x1024.png","datePublished":"2025-06-27T09:03:56+00:00","dateModified":"2025-06-27T09:06:49+00:00","breadcrumb":{"@id":"https:\/\/www.nautaran.org\/ca\/servicis\/transport\/#breadcrumb"},"inLanguage":"ca-ES","potentialAction":[{"@type":"ReadAction","target":["https:\/\/www.nautaran.org\/ca\/servicis\/transport\/"]}]},{"@type":"ImageObject","inLanguage":"ca-ES","@id":"https:\/\/www.nautaran.org\/ca\/servicis\/transport\/#primaryimage","url":"https:\/\/www.nautaran.org\/wp-content\/uploads\/2025\/06\/horaris_bus-720x1024.png","contentUrl":"https:\/\/www.nautaran.org\/wp-content\/uploads\/2025\/06\/horaris_bus-720x1024.png"},{"@type":"BreadcrumbList","@id":"https:\/\/www.nautaran.org\/ca\/servicis\/transport\/#breadcrumb","itemListElement":[{"@type":"ListItem","position":1,"name":"Portada","item":"https:\/\/www.nautaran.org\/ca\/home-2\/"},{"@type":"ListItem","position":2,"name":"Servicis","item":"https:\/\/www.nautaran.org\/ca\/servicis\/"},{"@type":"ListItem","position":3,"name":"Transport"}]},{"@type":"WebSite","@id":"https:\/\/www.nautaran.org\/#website","url":"https:\/\/www.nautaran.org\/","name":"Ajuntament de Naut Aran","description":"Naut Aran","potentialAction":[{"@type":"SearchAction","target":{"@type":"EntryPoint","urlTemplate":"https:\/\/www.nautaran.org\/?s={search_term_string}"},"query-input":{"@type":"PropertyValueSpecification","valueRequired":true,"valueName":"search_term_string"}}],"inLanguage":"ca-ES"}]}},"_links":{"self":[{"href":"https:\/\/www.nautaran.org\/ca\/wp-json\/wp\/v2\/pages\/23199","targetHints":{"allow":["GET"]}}],"collection":[{"href":"https:\/\/www.nautaran.org\/ca\/wp-json\/wp\/v2\/pages"}],"about":[{"href":"https:\/\/www.nautaran.org\/ca\/wp-json\/wp\/v2\/types\/page"}],"author":[{"embeddable":true,"href":"https:\/\/www.nautaran.org\/ca\/wp-json\/wp\/v2\/users\/6"}],"replies":[{"embeddable":true,"href":"https:\/\/www.nautaran.org\/ca\/wp-json\/wp\/v2\/comments?post=23199"}],"version-history":[{"count":2,"href":"https:\/\/www.nautaran.org\/ca\/wp-json\/wp\/v2\/pages\/23199\/revisions"}],"predecessor-version":[{"id":23202,"href":"https:\/\/www.nautaran.org\/ca\/wp-json\/wp\/v2\/pages\/23199\/revisions\/23202"}],"up":[{"embeddable":true,"href":"https:\/\/www.nautaran.org\/ca\/wp-json\/wp\/v2\/pages\/6120"}],"wp:attachment":[{"href":"https:\/\/www.nautaran.org\/ca\/wp-json\/wp\/v2\/media?parent=23199"}],"curies":[{"name":"wp","href":"https:\/\/api.w.org\/{rel}","templated":true}]}}