{"id":5625,"date":"2020-10-15T18:35:37","date_gmt":"2020-10-15T16:35:37","guid":{"rendered":"https:\/\/www.nautaran.org\/ajuntament\/carta-deth-baile\/"},"modified":"2021-01-27T10:30:43","modified_gmt":"2021-01-27T08:30:43","slug":"salutacio-de-lalcalde","status":"publish","type":"page","link":"https:\/\/www.nautaran.org\/ca\/ajuntament\/salutacio-de-lalcalde\/","title":{"rendered":"Salutaci\u00f3 de l&#8217;Alcalde"},"content":{"rendered":"<p>[et_pb_section fb_built=&#8221;1&#8243; _builder_version=&#8221;4.6.1&#8243; _module_preset=&#8221;default&#8221; use_background_color_gradient=&#8221;on&#8221; background_color_gradient_start=&#8221;rgba(115,152,198,0.9)&#8221; background_color_gradient_end=&#8221;rgba(143,196,109,0.9)&#8221; background_color_gradient_direction=&#8221;160deg&#8221; background_color_gradient_overlays_image=&#8221;on&#8221; background_image=&#8221;https:\/\/www.nautaran.org\/wp-content\/uploads\/2020\/10\/carta-baile.jpg&#8221; background_position=&#8221;bottom_left&#8221; custom_padding=&#8221;5px||13px|||&#8221;][et_pb_row _builder_version=&#8221;4.6.1&#8243; _module_preset=&#8221;default&#8221; custom_margin=&#8221;|auto|-10px|auto||&#8221; custom_padding=&#8221;82px||66px|||&#8221;][et_pb_column type=&#8221;4_4&#8243; _builder_version=&#8221;4.6.1&#8243; _module_preset=&#8221;default&#8221;][et_pb_text _builder_version=&#8221;4.6.1&#8243; _module_preset=&#8221;default&#8221; header_text_align=&#8221;center&#8221; header_text_color=&#8221;#ffffff&#8221; header_font_size=&#8221;70px&#8221; header_font_size_tablet=&#8221;50px&#8221; header_font_size_phone=&#8221;35px&#8221; header_font_size_last_edited=&#8221;on|phone&#8221; header_text_shadow_style=&#8221;preset3&#8243;]<\/p>\n<h1>Salutaci\u00f3 de l&#8217;Alcalde<\/h1>\n<p>[\/et_pb_text][\/et_pb_column][\/et_pb_row][\/et_pb_section][et_pb_section fb_built=&#8221;1&#8243; _builder_version=&#8221;4.6.1&#8243; use_background_color_gradient=&#8221;on&#8221; background_color_gradient_start=&#8221;#ffffff&#8221; background_color_gradient_end=&#8221;#efefef&#8221; background_enable_image=&#8221;off&#8221; custom_margin=&#8221;-3px|||||&#8221; custom_padding=&#8221;30px||22px|||&#8221;][et_pb_row column_structure=&#8221;3_5,2_5&#8243; use_custom_gutter=&#8221;on&#8221; gutter_width=&#8221;1&#8243; make_equal=&#8221;on&#8221; _builder_version=&#8221;4.6.1&#8243; _module_preset=&#8221;default&#8221; custom_margin=&#8221;|auto|18px|auto||&#8221;][et_pb_column type=&#8221;3_5&#8243; _builder_version=&#8221;4.6.1&#8243; _module_preset=&#8221;default&#8221; background_color=&#8221;#ffffff&#8221; custom_padding=&#8221;||20px||false|false&#8221; box_shadow_style=&#8221;preset3&#8243;][et_pb_text _builder_version=&#8221;4.6.1&#8243; _module_preset=&#8221;default&#8221; header_4_font=&#8221;||on||||||&#8221; custom_padding=&#8221;30px|30px|30px|30px|false|false&#8221;]Benvinguts a la Web oficial de l&#8217;Ajuntament de Naut Aran. \u00c9s una p\u00e0gina que intenta complir un triple objectiu:<\/p>\n<p>En primer lloc, mostrar als que vulguin con\u00e8ixer-nos millor com a destinaci\u00f3 tur\u00edstica, l&#8217;encant dels nostres pobles, de les nostres esgl\u00e9sies, les nostres festes populars, la nostra cultura, la nostra gastronomia, etc. &#8230;<\/p>\n<p>En segon lloc oferir a tots els ciutadans, la possibilitat d&#8217;accedir a diferents serveis per agilitzar els seus tr\u00e0mits i gestions amb l&#8217;administraci\u00f3 municipal.<\/p>\n<p>En tercer lloc i no menys important, a conseq\u00fc\u00e8ncia de la Llei de la Transpar\u00e8ncia, facilitar l&#8217;acc\u00e9s a la informaci\u00f3 p\u00fablica i bon govern.<\/p>\n<p>Tamb\u00e9 m&#8217;agradaria agrair a tots els ve\u00efns que han dipositat la seva confian\u00e7a en el nostre equip de govern per servir a aquest municipi i a tots els ve\u00efns en general, assegurant-los que estem fent tot el possible per no defraudar cap de les expectatives que han dipositat en nosaltres.<\/p>\n<p>&nbsp;<\/p>\n<h4><span>Cesar Ruiz-Canela Nieto<\/span><\/h4>\n<p>[\/et_pb_text][\/et_pb_column][et_pb_column type=&#8221;2_5&#8243; _builder_version=&#8221;4.6.1&#8243; _module_preset=&#8221;default&#8221; background_color=&#8221;#ffffff&#8221; background_image=&#8221;https:\/\/www.nautaran.org\/wp-content\/uploads\/2020\/10\/Baile.jpg&#8221; custom_padding=&#8221;||20px||false|false&#8221; box_shadow_style=&#8221;preset3&#8243;][et_pb_code _builder_version=&#8221;4.6.1&#8243; _module_preset=&#8221;default&#8221;]<\/p>\n<div style=\"min-width: 360px; min-height: 360px;\"><!-- [et_pb_line_break_holder] -->  <!-- [et_pb_line_break_holder] --><\/div>\n<p>[\/et_pb_code][\/et_pb_column][\/et_pb_row][\/et_pb_section]<\/p>\n","protected":false},"excerpt":{"rendered":"<p>Salutaci\u00f3 de l&#8217;AlcaldeBenvinguts a la Web oficial de l&#8217;Ajuntament de Naut Aran. \u00c9s una p\u00e0gina que intenta complir un triple objectiu: En primer lloc, mostrar als que vulguin con\u00e8ixer-nos millor com a destinaci\u00f3 tur\u00edstica, l&#8217;encant dels nostres pobles, de les nostres esgl\u00e9sies, les nostres festes populars, la nostra cultura, la nostra gastronomia, etc. &#8230; En [&hellip;]<\/p>\n","protected":false},"author":1,"featured_media":0,"parent":5399,"menu_order":0,"comment_status":"closed","ping_status":"closed","template":"","meta":{"_acf_changed":false,"_et_pb_use_builder":"on","_et_pb_old_content":"","_et_gb_content_width":"","footnotes":""},"class_list":["post-5625","page","type-page","status-publish","hentry"],"acf":[],"yoast_head":"<!-- This site is optimized with the Yoast SEO plugin v26.8 - https:\/\/yoast.com\/product\/yoast-seo-wordpress\/ -->\n<title>Salutaci\u00f3 de l&#039;Alcalde - Ajuntament de Naut Aran<\/title>\n<meta name=\"robots\" content=\"index, follow, max-snippet:-1, max-image-preview:large, max-video-preview:-1\" \/>\n<link rel=\"canonical\" href=\"https:\/\/www.nautaran.org\/ca\/ajuntament\/salutacio-de-lalcalde\/\" \/>\n<meta property=\"og:locale\" content=\"ca_ES\" \/>\n<meta property=\"og:type\" content=\"article\" \/>\n<meta property=\"og:title\" content=\"Salutaci\u00f3 de l&#039;Alcalde - Ajuntament de Naut Aran\" \/>\n<meta property=\"og:description\" content=\"Salutaci\u00f3 de l&#039;AlcaldeBenvinguts a la Web oficial de l&#039;Ajuntament de Naut Aran. \u00c9s una p\u00e0gina que intenta complir un triple objectiu: En primer lloc, mostrar als que vulguin con\u00e8ixer-nos millor com a destinaci\u00f3 tur\u00edstica, l&#039;encant dels nostres pobles, de les nostres esgl\u00e9sies, les nostres festes populars, la nostra cultura, la nostra gastronomia, etc. ... En [&hellip;]\" \/>\n<meta property=\"og:url\" content=\"https:\/\/www.nautaran.org\/ca\/ajuntament\/salutacio-de-lalcalde\/\" \/>\n<meta property=\"og:site_name\" content=\"Ajuntament de Naut Aran\" \/>\n<meta property=\"article:modified_time\" content=\"2021-01-27T08:30:43+00:00\" \/>\n<meta name=\"twitter:card\" content=\"summary_large_image\" \/>\n<meta name=\"twitter:label1\" content=\"Est. reading time\" \/>\n\t<meta name=\"twitter:data1\" content=\"2 minutes\" \/>\n<script type=\"application\/ld+json\" class=\"yoast-schema-graph\">{\"@context\":\"https:\/\/schema.org\",\"@graph\":[{\"@type\":\"WebPage\",\"@id\":\"https:\/\/www.nautaran.org\/ca\/ajuntament\/salutacio-de-lalcalde\/\",\"url\":\"https:\/\/www.nautaran.org\/ca\/ajuntament\/salutacio-de-lalcalde\/\",\"name\":\"Salutaci\u00f3 de l'Alcalde - Ajuntament de Naut Aran\",\"isPartOf\":{\"@id\":\"https:\/\/www.nautaran.org\/#website\"},\"datePublished\":\"2020-10-15T16:35:37+00:00\",\"dateModified\":\"2021-01-27T08:30:43+00:00\",\"breadcrumb\":{\"@id\":\"https:\/\/www.nautaran.org\/ca\/ajuntament\/salutacio-de-lalcalde\/#breadcrumb\"},\"inLanguage\":\"ca-ES\",\"potentialAction\":[{\"@type\":\"ReadAction\",\"target\":[\"https:\/\/www.nautaran.org\/ca\/ajuntament\/salutacio-de-lalcalde\/\"]}]},{\"@type\":\"BreadcrumbList\",\"@id\":\"https:\/\/www.nautaran.org\/ca\/ajuntament\/salutacio-de-lalcalde\/#breadcrumb\",\"itemListElement\":[{\"@type\":\"ListItem\",\"position\":1,\"name\":\"Portada\",\"item\":\"https:\/\/www.nautaran.org\/ca\/home-2\/\"},{\"@type\":\"ListItem\",\"position\":2,\"name\":\"Ajuntament\",\"item\":\"https:\/\/www.nautaran.org\/ca\/ajuntament\/\"},{\"@type\":\"ListItem\",\"position\":3,\"name\":\"Salutaci\u00f3 de l&#8217;Alcalde\"}]},{\"@type\":\"WebSite\",\"@id\":\"https:\/\/www.nautaran.org\/#website\",\"url\":\"https:\/\/www.nautaran.org\/\",\"name\":\"Ajuntament de Naut Aran\",\"description\":\"Naut Aran\",\"potentialAction\":[{\"@type\":\"SearchAction\",\"target\":{\"@type\":\"EntryPoint\",\"urlTemplate\":\"https:\/\/www.nautaran.org\/?s={search_term_string}\"},\"query-input\":{\"@type\":\"PropertyValueSpecification\",\"valueRequired\":true,\"valueName\":\"search_term_string\"}}],\"inLanguage\":\"ca-ES\"}]}<\/script>\n<!-- \/ Yoast SEO plugin. -->","yoast_head_json":{"title":"Salutaci\u00f3 de l'Alcalde - Ajuntament de Naut Aran","robots":{"index":"index","follow":"follow","max-snippet":"max-snippet:-1","max-image-preview":"max-image-preview:large","max-video-preview":"max-video-preview:-1"},"canonical":"https:\/\/www.nautaran.org\/ca\/ajuntament\/salutacio-de-lalcalde\/","og_locale":"ca_ES","og_type":"article","og_title":"Salutaci\u00f3 de l'Alcalde - Ajuntament de Naut Aran","og_description":"Salutaci\u00f3 de l'AlcaldeBenvinguts a la Web oficial de l'Ajuntament de Naut Aran. \u00c9s una p\u00e0gina que intenta complir un triple objectiu: En primer lloc, mostrar als que vulguin con\u00e8ixer-nos millor com a destinaci\u00f3 tur\u00edstica, l'encant dels nostres pobles, de les nostres esgl\u00e9sies, les nostres festes populars, la nostra cultura, la nostra gastronomia, etc. ... En [&hellip;]","og_url":"https:\/\/www.nautaran.org\/ca\/ajuntament\/salutacio-de-lalcalde\/","og_site_name":"Ajuntament de Naut Aran","article_modified_time":"2021-01-27T08:30:43+00:00","twitter_card":"summary_large_image","twitter_misc":{"Est. reading time":"2 minutes"},"schema":{"@context":"https:\/\/schema.org","@graph":[{"@type":"WebPage","@id":"https:\/\/www.nautaran.org\/ca\/ajuntament\/salutacio-de-lalcalde\/","url":"https:\/\/www.nautaran.org\/ca\/ajuntament\/salutacio-de-lalcalde\/","name":"Salutaci\u00f3 de l'Alcalde - Ajuntament de Naut Aran","isPartOf":{"@id":"https:\/\/www.nautaran.org\/#website"},"datePublished":"2020-10-15T16:35:37+00:00","dateModified":"2021-01-27T08:30:43+00:00","breadcrumb":{"@id":"https:\/\/www.nautaran.org\/ca\/ajuntament\/salutacio-de-lalcalde\/#breadcrumb"},"inLanguage":"ca-ES","potentialAction":[{"@type":"ReadAction","target":["https:\/\/www.nautaran.org\/ca\/ajuntament\/salutacio-de-lalcalde\/"]}]},{"@type":"BreadcrumbList","@id":"https:\/\/www.nautaran.org\/ca\/ajuntament\/salutacio-de-lalcalde\/#breadcrumb","itemListElement":[{"@type":"ListItem","position":1,"name":"Portada","item":"https:\/\/www.nautaran.org\/ca\/home-2\/"},{"@type":"ListItem","position":2,"name":"Ajuntament","item":"https:\/\/www.nautaran.org\/ca\/ajuntament\/"},{"@type":"ListItem","position":3,"name":"Salutaci\u00f3 de l&#8217;Alcalde"}]},{"@type":"WebSite","@id":"https:\/\/www.nautaran.org\/#website","url":"https:\/\/www.nautaran.org\/","name":"Ajuntament de Naut Aran","description":"Naut Aran","potentialAction":[{"@type":"SearchAction","target":{"@type":"EntryPoint","urlTemplate":"https:\/\/www.nautaran.org\/?s={search_term_string}"},"query-input":{"@type":"PropertyValueSpecification","valueRequired":true,"valueName":"search_term_string"}}],"inLanguage":"ca-ES"}]}},"_links":{"self":[{"href":"https:\/\/www.nautaran.org\/ca\/wp-json\/wp\/v2\/pages\/5625","targetHints":{"allow":["GET"]}}],"collection":[{"href":"https:\/\/www.nautaran.org\/ca\/wp-json\/wp\/v2\/pages"}],"about":[{"href":"https:\/\/www.nautaran.org\/ca\/wp-json\/wp\/v2\/types\/page"}],"author":[{"embeddable":true,"href":"https:\/\/www.nautaran.org\/ca\/wp-json\/wp\/v2\/users\/1"}],"replies":[{"embeddable":true,"href":"https:\/\/www.nautaran.org\/ca\/wp-json\/wp\/v2\/comments?post=5625"}],"version-history":[{"count":3,"href":"https:\/\/www.nautaran.org\/ca\/wp-json\/wp\/v2\/pages\/5625\/revisions"}],"predecessor-version":[{"id":6366,"href":"https:\/\/www.nautaran.org\/ca\/wp-json\/wp\/v2\/pages\/5625\/revisions\/6366"}],"up":[{"embeddable":true,"href":"https:\/\/www.nautaran.org\/ca\/wp-json\/wp\/v2\/pages\/5399"}],"wp:attachment":[{"href":"https:\/\/www.nautaran.org\/ca\/wp-json\/wp\/v2\/media?parent=5625"}],"curies":[{"name":"wp","href":"https:\/\/api.w.org\/{rel}","templated":true}]}}