{"id":5979,"date":"2020-10-09T17:48:37","date_gmt":"2020-10-09T15:48:37","guid":{"rendered":"https:\/\/www.nautaran.org\/naut-aran\/arties\/"},"modified":"2020-12-18T13:13:44","modified_gmt":"2020-12-18T11:13:44","slug":"arties","status":"publish","type":"page","link":"https:\/\/www.nautaran.org\/ca\/naut-aran\/arties\/","title":{"rendered":"Arties"},"content":{"rendered":"<p>[et_pb_section fb_built=&#8221;1&#8243; _builder_version=&#8221;4.6.1&#8243; _module_preset=&#8221;default&#8221; use_background_color_gradient=&#8221;on&#8221; background_color_gradient_start=&#8221;rgba(115,152,198,0.9)&#8221; background_color_gradient_end=&#8221;rgba(143,196,109,0.9)&#8221; background_color_gradient_direction=&#8221;160deg&#8221; background_color_gradient_overlays_image=&#8221;on&#8221; background_image=&#8221;https:\/\/www.nautaran.org\/wp-content\/uploads\/2020\/10\/arties-3.jpg&#8221; custom_padding=&#8221;5px||13px|||&#8221;][et_pb_row _builder_version=&#8221;4.6.1&#8243; _module_preset=&#8221;default&#8221; custom_margin=&#8221;|auto|-10px|auto||&#8221; custom_padding=&#8221;82px||66px|||&#8221;][et_pb_column type=&#8221;4_4&#8243; _builder_version=&#8221;4.6.1&#8243; _module_preset=&#8221;default&#8221;][et_pb_text _builder_version=&#8221;4.6.1&#8243; _module_preset=&#8221;default&#8221; header_text_align=&#8221;center&#8221; header_text_color=&#8221;#ffffff&#8221; header_font_size=&#8221;70px&#8221; header_font_size_tablet=&#8221;50px&#8221; header_font_size_phone=&#8221;35px&#8221; header_font_size_last_edited=&#8221;on|phone&#8221; header_text_shadow_style=&#8221;preset3&#8243;]<\/p>\n<h1>Arties<\/h1>\n<p>[\/et_pb_text][\/et_pb_column][\/et_pb_row][\/et_pb_section][et_pb_section fb_built=&#8221;1&#8243; _builder_version=&#8221;4.6.1&#8243; _module_preset=&#8221;default&#8221; background_color=&#8221;#efefef&#8221; custom_padding=&#8221;33px||31px|||&#8221;][et_pb_row column_structure=&#8221;1_2,1_2&#8243; _builder_version=&#8221;4.6.1&#8243; _module_preset=&#8221;default&#8221;][et_pb_column type=&#8221;1_2&#8243; _builder_version=&#8221;4.6.1&#8243; _module_preset=&#8221;default&#8221;][et_pb_image src=&#8221;https:\/\/www.nautaran.org\/wp-content\/uploads\/2020\/10\/Arties1.jpg&#8221; title_text=&#8221;Arties1&#8243; show_in_lightbox=&#8221;on&#8221; _builder_version=&#8221;4.6.1&#8243; _module_preset=&#8221;default&#8221;][\/et_pb_image][\/et_pb_column][et_pb_column type=&#8221;1_2&#8243; _builder_version=&#8221;4.6.1&#8243; _module_preset=&#8221;default&#8221;][et_pb_image src=&#8221;https:\/\/www.nautaran.org\/wp-content\/uploads\/2020\/10\/Arties3.jpg&#8221; title_text=&#8221;Arties3&#8243; show_in_lightbox=&#8221;on&#8221; _builder_version=&#8221;4.6.1&#8243; _module_preset=&#8221;default&#8221;][\/et_pb_image][\/et_pb_column][\/et_pb_row][\/et_pb_section][et_pb_section fb_built=&#8221;1&#8243; _builder_version=&#8221;4.6.1&#8243; _module_preset=&#8221;default&#8221; background_color=&#8221;#ffffff&#8221; custom_padding=&#8221;33px||17px|||&#8221;][et_pb_row _builder_version=&#8221;4.6.1&#8243; _module_preset=&#8221;default&#8221; background_enable_color=&#8221;off&#8221; custom_margin=&#8221;-3px|auto||auto||&#8221; custom_padding=&#8221;3px||0px|||&#8221; border_width_bottom=&#8221;2px&#8221; border_color_bottom=&#8221;#e8e8e8&#8243;][et_pb_column type=&#8221;4_4&#8243; _builder_version=&#8221;4.6.1&#8243; _module_preset=&#8221;default&#8221;][et_pb_text _builder_version=&#8221;4.6.1&#8243; _module_preset=&#8221;default&#8221; header_text_align=&#8221;left&#8221; header_3_text_align=&#8221;center&#8221; custom_margin=&#8221;||-3px|||&#8221; custom_padding=&#8221;||0px|||&#8221;]<\/p>\n<h3>Descripci\u00f3<\/h3>\n<p>[\/et_pb_text][\/et_pb_column][\/et_pb_row][\/et_pb_section][et_pb_section fb_built=&#8221;1&#8243; _builder_version=&#8221;4.6.1&#8243; _module_preset=&#8221;default&#8221; custom_padding=&#8221;33px||31px|||&#8221;][et_pb_row column_structure=&#8221;1_2,1_2&#8243; _builder_version=&#8221;4.6.1&#8243; _module_preset=&#8221;default&#8221; background_enable_color=&#8221;off&#8221; custom_margin=&#8221;-3px|auto||auto||&#8221; custom_padding=&#8221;3px||36px|||&#8221; border_color_bottom=&#8221;#e8e8e8&#8243;][et_pb_column type=&#8221;1_2&#8243; _builder_version=&#8221;4.6.1&#8243; _module_preset=&#8221;default&#8221;][et_pb_text _builder_version=&#8221;4.6.1&#8243; _module_preset=&#8221;default&#8221;]<\/p>\n<p>El poble d&#8217;Arties (400 habitants) es troba a 1.143 m d?altitud, a la conflu\u00e8ncia del riu Valarties amb el riu Garona, en un petit eixampla de la Val. Al final del poble la ribera de Valarties dominada pel tuc del Montardo (2.833 m) ens porta a la cap\u00e7alera del riu Valarties on hi ha els estanys de Mar, T\u00f2rt, de Rius, el de Restanca amb el seu refugi de muntanya al costat i altres menors.<\/p>\n<p>En el nucli antic es destaca l&#8217;esgl\u00e9sia parroquial de Sta. Maria d&#8217;Arties, construcci\u00f3 rom\u00e0nica del segle XI al XII, amb un campanar molt elegant obra dels darrers anys del segle XIII i primers del XIV, tamb\u00e9 t\u00e9 un campanar de cadireta rom\u00e0nic.<\/p>\n<p>L&#8217;esgl\u00e9sia t\u00e9 tres naus separades per pilars cil\u00edndrics, que no tenen bases. Aquests pilars s\u00f3n coronats per un \u00e0bac quadrat i sense decorar dels que arranquen els arcs de mig punt que aguanten els murs. Sobresurt l&#8217;important nombre i qualitat de les seves pintures. Al N de la poblaci\u00f3, a la dreta del Garona i a l&#8217;altra banda de la carretera, hi ha l&#8217;esgl\u00e9sia de Sant Joan d&#8217;Arties, edifici g\u00f2tic de finals del segle XIII, primers del XIV, amb campanar octogonal. Actualment es un equipament muse\u00edstic, que acull exposicions itinerants.<\/p>\n<p>[\/et_pb_text][\/et_pb_column][et_pb_column type=&#8221;1_2&#8243; _builder_version=&#8221;4.6.1&#8243; _module_preset=&#8221;default&#8221;][et_pb_text _builder_version=&#8221;4.6.1&#8243; _module_preset=&#8221;default&#8221;]<\/p>\n<p>Al sud de la vila hi ha la capella de Sant Pelegrin amb petit campanar d&#8217;espadanya i absis semicircular i actualment emblanquinat. Al vell nucli del poble es destaquen dos edificis civils. L&#8217;un, la casa anomenada \u00c7\u00f2 de Paulet (1.549) amb notables finestrals, i l&#8217;altre , la casa de Portol\u00e0, de la que resta una torre quadrada del segle XVI. Cap al 1.970 es construir el Parador Nacional de Turisme Gaspar de Portol\u00e1.<\/p>\n<p>Als afores del poble hi ha els Banhs d&#8217;Arties, actualment abandonats, d&#8217;aig\u00fces sulfuroses i que tenen dues fonts una a 43 \u00ba i l&#8217;altra a 29\u00ba.<\/p>\n<p>Celebra la festa major el 24 de juny  per Sant Joan, i a la revetlla es fa la festa del  Taro. El dia 25 de juny hi ha romeria a Sant Pelegr\u00ed, i el  25 de juliol romeria a Sant Jaume.<\/p>\n<p>El poble te escola,biblioteca, llar de jubilats, consultori m\u00e8dic, farm\u00e0cia, oficina banc\u00e0ria, estanc, comer\u00e7, hotels, un c\u00e0mping i una abundosa oferta de bars i restaurants. Tamb\u00e9 hi ha un espai recreatiu al aire lliure amb zona esportiva, i un nucli zool\u00f2gic dins d&#8217;un espai delimitat i protegit amb un os bru.<\/p>\n<p>[\/et_pb_text][\/et_pb_column][\/et_pb_row][\/et_pb_section][et_pb_section fb_built=&#8221;1&#8243; _builder_version=&#8221;4.6.1&#8243; _module_preset=&#8221;default&#8221; background_color=&#8221;#ffffff&#8221; custom_padding=&#8221;33px||17px|||&#8221;][et_pb_row _builder_version=&#8221;4.6.1&#8243; _module_preset=&#8221;default&#8221; background_enable_color=&#8221;off&#8221; custom_margin=&#8221;-3px|auto||auto||&#8221; custom_padding=&#8221;3px||0px|||&#8221; border_width_bottom=&#8221;2px&#8221; border_color_bottom=&#8221;#e8e8e8&#8243;][et_pb_column type=&#8221;4_4&#8243; _builder_version=&#8221;4.6.1&#8243; _module_preset=&#8221;default&#8221;][et_pb_text _builder_version=&#8221;4.6.1&#8243; _module_preset=&#8221;default&#8221; header_text_align=&#8221;left&#8221; header_3_text_align=&#8221;center&#8221; custom_margin=&#8221;||-3px|||&#8221; custom_padding=&#8221;||0px|||&#8221;]<\/p>\n<h3>Mapa<\/h3>\n<p>[\/et_pb_text][\/et_pb_column][\/et_pb_row][et_pb_row _builder_version=&#8221;4.6.1&#8243; _module_preset=&#8221;default&#8221;][et_pb_column type=&#8221;4_4&#8243; _builder_version=&#8221;4.6.1&#8243; _module_preset=&#8221;default&#8221;][et_pb_code _builder_version=&#8221;4.6.1&#8243; _module_preset=&#8221;default&#8221;]<iframe loading=\"lazy\" src=\"https:\/\/www.google.com\/maps\/embed?pb=!1m18!1m12!1m3!1d5864.485543919067!2d0.8676655769812753!3d42.698580016662305!2m3!1f0!2f0!3f0!3m2!1i1024!2i768!4f13.1!3m3!1m2!1s0x12a8982c1c6b14dd%3A0x866ceaa724ed98c4!2s25599%20Arties%2C%20L%C3%A9rida!5e0!3m2!1ses!2ses!4v1602261968158!5m2!1ses!2ses\" width=\"1920\" height=\"600\" frameborder=\"0\" style=\"border:0;\" allowfullscreen=\"\" aria-hidden=\"false\" tabindex=\"0\"><\/iframe>[\/et_pb_code][\/et_pb_column][\/et_pb_row][\/et_pb_section]<\/p>\n","protected":false},"excerpt":{"rendered":"<p>ArtiesDescripci\u00f3El poble d&#8217;Arties (400 habitants) es troba a 1.143 m d?altitud, a la conflu\u00e8ncia del riu Valarties amb el riu Garona, en un petit eixampla de la Val. Al final del poble la ribera de Valarties dominada pel tuc del Montardo (2.833 m) ens porta a la cap\u00e7alera del riu Valarties on hi ha els [&hellip;]<\/p>\n","protected":false},"author":1,"featured_media":0,"parent":5950,"menu_order":0,"comment_status":"closed","ping_status":"closed","template":"","meta":{"_acf_changed":false,"_et_pb_use_builder":"on","_et_pb_old_content":"","_et_gb_content_width":"","footnotes":""},"class_list":["post-5979","page","type-page","status-publish","hentry"],"acf":[],"yoast_head":"<!-- This site is optimized with the Yoast SEO plugin v26.8 - https:\/\/yoast.com\/product\/yoast-seo-wordpress\/ -->\n<title>Arties - Ajuntament de Naut Aran<\/title>\n<meta name=\"robots\" content=\"index, follow, max-snippet:-1, max-image-preview:large, max-video-preview:-1\" \/>\n<link rel=\"canonical\" href=\"https:\/\/www.nautaran.org\/ca\/naut-aran\/arties\/\" \/>\n<meta property=\"og:locale\" content=\"ca_ES\" \/>\n<meta property=\"og:type\" content=\"article\" \/>\n<meta property=\"og:title\" content=\"Arties - Ajuntament de Naut Aran\" \/>\n<meta property=\"og:description\" content=\"ArtiesDescripci\u00f3El poble d&#039;Arties (400 habitants) es troba a 1.143 m d?altitud, a la conflu\u00e8ncia del riu Valarties amb el riu Garona, en un petit eixampla de la Val. Al final del poble la ribera de Valarties dominada pel tuc del Montardo (2.833 m) ens porta a la cap\u00e7alera del riu Valarties on hi ha els [&hellip;]\" \/>\n<meta property=\"og:url\" content=\"https:\/\/www.nautaran.org\/ca\/naut-aran\/arties\/\" \/>\n<meta property=\"og:site_name\" content=\"Ajuntament de Naut Aran\" \/>\n<meta property=\"article:modified_time\" content=\"2020-12-18T11:13:44+00:00\" \/>\n<meta name=\"twitter:card\" content=\"summary_large_image\" \/>\n<meta name=\"twitter:label1\" content=\"Est. reading time\" \/>\n\t<meta name=\"twitter:data1\" content=\"5 minutes\" \/>\n<script type=\"application\/ld+json\" class=\"yoast-schema-graph\">{\"@context\":\"https:\/\/schema.org\",\"@graph\":[{\"@type\":\"WebPage\",\"@id\":\"https:\/\/www.nautaran.org\/ca\/naut-aran\/arties\/\",\"url\":\"https:\/\/www.nautaran.org\/ca\/naut-aran\/arties\/\",\"name\":\"Arties - Ajuntament de Naut Aran\",\"isPartOf\":{\"@id\":\"https:\/\/www.nautaran.org\/#website\"},\"datePublished\":\"2020-10-09T15:48:37+00:00\",\"dateModified\":\"2020-12-18T11:13:44+00:00\",\"breadcrumb\":{\"@id\":\"https:\/\/www.nautaran.org\/ca\/naut-aran\/arties\/#breadcrumb\"},\"inLanguage\":\"ca-ES\",\"potentialAction\":[{\"@type\":\"ReadAction\",\"target\":[\"https:\/\/www.nautaran.org\/ca\/naut-aran\/arties\/\"]}]},{\"@type\":\"BreadcrumbList\",\"@id\":\"https:\/\/www.nautaran.org\/ca\/naut-aran\/arties\/#breadcrumb\",\"itemListElement\":[{\"@type\":\"ListItem\",\"position\":1,\"name\":\"Portada\",\"item\":\"https:\/\/www.nautaran.org\/ca\/home-2\/\"},{\"@type\":\"ListItem\",\"position\":2,\"name\":\"Naut Aran\",\"item\":\"https:\/\/www.nautaran.org\/ca\/naut-aran\/\"},{\"@type\":\"ListItem\",\"position\":3,\"name\":\"Arties\"}]},{\"@type\":\"WebSite\",\"@id\":\"https:\/\/www.nautaran.org\/#website\",\"url\":\"https:\/\/www.nautaran.org\/\",\"name\":\"Ajuntament de Naut Aran\",\"description\":\"Naut Aran\",\"potentialAction\":[{\"@type\":\"SearchAction\",\"target\":{\"@type\":\"EntryPoint\",\"urlTemplate\":\"https:\/\/www.nautaran.org\/?s={search_term_string}\"},\"query-input\":{\"@type\":\"PropertyValueSpecification\",\"valueRequired\":true,\"valueName\":\"search_term_string\"}}],\"inLanguage\":\"ca-ES\"}]}<\/script>\n<!-- \/ Yoast SEO plugin. -->","yoast_head_json":{"title":"Arties - Ajuntament de Naut Aran","robots":{"index":"index","follow":"follow","max-snippet":"max-snippet:-1","max-image-preview":"max-image-preview:large","max-video-preview":"max-video-preview:-1"},"canonical":"https:\/\/www.nautaran.org\/ca\/naut-aran\/arties\/","og_locale":"ca_ES","og_type":"article","og_title":"Arties - Ajuntament de Naut Aran","og_description":"ArtiesDescripci\u00f3El poble d'Arties (400 habitants) es troba a 1.143 m d?altitud, a la conflu\u00e8ncia del riu Valarties amb el riu Garona, en un petit eixampla de la Val. Al final del poble la ribera de Valarties dominada pel tuc del Montardo (2.833 m) ens porta a la cap\u00e7alera del riu Valarties on hi ha els [&hellip;]","og_url":"https:\/\/www.nautaran.org\/ca\/naut-aran\/arties\/","og_site_name":"Ajuntament de Naut Aran","article_modified_time":"2020-12-18T11:13:44+00:00","twitter_card":"summary_large_image","twitter_misc":{"Est. reading time":"5 minutes"},"schema":{"@context":"https:\/\/schema.org","@graph":[{"@type":"WebPage","@id":"https:\/\/www.nautaran.org\/ca\/naut-aran\/arties\/","url":"https:\/\/www.nautaran.org\/ca\/naut-aran\/arties\/","name":"Arties - Ajuntament de Naut Aran","isPartOf":{"@id":"https:\/\/www.nautaran.org\/#website"},"datePublished":"2020-10-09T15:48:37+00:00","dateModified":"2020-12-18T11:13:44+00:00","breadcrumb":{"@id":"https:\/\/www.nautaran.org\/ca\/naut-aran\/arties\/#breadcrumb"},"inLanguage":"ca-ES","potentialAction":[{"@type":"ReadAction","target":["https:\/\/www.nautaran.org\/ca\/naut-aran\/arties\/"]}]},{"@type":"BreadcrumbList","@id":"https:\/\/www.nautaran.org\/ca\/naut-aran\/arties\/#breadcrumb","itemListElement":[{"@type":"ListItem","position":1,"name":"Portada","item":"https:\/\/www.nautaran.org\/ca\/home-2\/"},{"@type":"ListItem","position":2,"name":"Naut Aran","item":"https:\/\/www.nautaran.org\/ca\/naut-aran\/"},{"@type":"ListItem","position":3,"name":"Arties"}]},{"@type":"WebSite","@id":"https:\/\/www.nautaran.org\/#website","url":"https:\/\/www.nautaran.org\/","name":"Ajuntament de Naut Aran","description":"Naut Aran","potentialAction":[{"@type":"SearchAction","target":{"@type":"EntryPoint","urlTemplate":"https:\/\/www.nautaran.org\/?s={search_term_string}"},"query-input":{"@type":"PropertyValueSpecification","valueRequired":true,"valueName":"search_term_string"}}],"inLanguage":"ca-ES"}]}},"_links":{"self":[{"href":"https:\/\/www.nautaran.org\/ca\/wp-json\/wp\/v2\/pages\/5979","targetHints":{"allow":["GET"]}}],"collection":[{"href":"https:\/\/www.nautaran.org\/ca\/wp-json\/wp\/v2\/pages"}],"about":[{"href":"https:\/\/www.nautaran.org\/ca\/wp-json\/wp\/v2\/types\/page"}],"author":[{"embeddable":true,"href":"https:\/\/www.nautaran.org\/ca\/wp-json\/wp\/v2\/users\/1"}],"replies":[{"embeddable":true,"href":"https:\/\/www.nautaran.org\/ca\/wp-json\/wp\/v2\/comments?post=5979"}],"version-history":[{"count":3,"href":"https:\/\/www.nautaran.org\/ca\/wp-json\/wp\/v2\/pages\/5979\/revisions"}],"predecessor-version":[{"id":6969,"href":"https:\/\/www.nautaran.org\/ca\/wp-json\/wp\/v2\/pages\/5979\/revisions\/6969"}],"up":[{"embeddable":true,"href":"https:\/\/www.nautaran.org\/ca\/wp-json\/wp\/v2\/pages\/5950"}],"wp:attachment":[{"href":"https:\/\/www.nautaran.org\/ca\/wp-json\/wp\/v2\/media?parent=5979"}],"curies":[{"name":"wp","href":"https:\/\/api.w.org\/{rel}","templated":true}]}}