{"id":6096,"date":"2020-10-10T12:21:33","date_gmt":"2020-10-10T10:21:33","guid":{"rendered":"https:\/\/www.nautaran.org\/naut-aran\/salardu\/"},"modified":"2020-11-05T13:35:15","modified_gmt":"2020-11-05T11:35:15","slug":"salardu","status":"publish","type":"page","link":"https:\/\/www.nautaran.org\/ca\/naut-aran\/salardu\/","title":{"rendered":"Salard\u00fa"},"content":{"rendered":"<p>[et_pb_section fb_built=&#8221;1&#8243; _builder_version=&#8221;4.6.1&#8243; _module_preset=&#8221;default&#8221; use_background_color_gradient=&#8221;on&#8221; background_color_gradient_start=&#8221;rgba(115,152,198,0.9)&#8221; background_color_gradient_end=&#8221;rgba(143,196,109,0.9)&#8221; background_color_gradient_direction=&#8221;160deg&#8221; background_color_gradient_overlays_image=&#8221;on&#8221; background_image=&#8221;https:\/\/www.nautaran.org\/wp-content\/uploads\/2020\/10\/naut-aran.jpg&#8221; custom_padding=&#8221;5px||13px|||&#8221;][et_pb_row _builder_version=&#8221;4.6.1&#8243; _module_preset=&#8221;default&#8221; custom_margin=&#8221;|auto|-10px|auto||&#8221; custom_padding=&#8221;82px||66px|||&#8221;][et_pb_column type=&#8221;4_4&#8243; _builder_version=&#8221;4.6.1&#8243; _module_preset=&#8221;default&#8221;][et_pb_text _builder_version=&#8221;4.6.1&#8243; _module_preset=&#8221;default&#8221; header_text_align=&#8221;center&#8221; header_text_color=&#8221;#ffffff&#8221; header_font_size=&#8221;70px&#8221; header_font_size_tablet=&#8221;50px&#8221; header_font_size_phone=&#8221;35px&#8221; header_font_size_last_edited=&#8221;on|phone&#8221; header_text_shadow_style=&#8221;preset3&#8243;]<\/p>\n<h1>Salard\u00fa<\/h1>\n<p>[\/et_pb_text][\/et_pb_column][\/et_pb_row][\/et_pb_section][et_pb_section fb_built=&#8221;1&#8243; _builder_version=&#8221;4.6.1&#8243; _module_preset=&#8221;default&#8221; background_color=&#8221;#efefef&#8221; custom_padding=&#8221;33px||31px|||&#8221;][et_pb_row column_structure=&#8221;1_4,1_4,1_4,1_4&#8243; _builder_version=&#8221;4.6.1&#8243; _module_preset=&#8221;default&#8221;][et_pb_column type=&#8221;1_4&#8243; _builder_version=&#8221;4.6.1&#8243; _module_preset=&#8221;default&#8221;][et_pb_image src=&#8221;https:\/\/www.nautaran.org\/wp-content\/uploads\/2020\/10\/Salardu1.jpg&#8221; title_text=&#8221;Salardu1&#8243; show_in_lightbox=&#8221;on&#8221; _builder_version=&#8221;4.6.1&#8243; _module_preset=&#8221;default&#8221;][\/et_pb_image][\/et_pb_column][et_pb_column type=&#8221;1_4&#8243; _builder_version=&#8221;4.6.1&#8243; _module_preset=&#8221;default&#8221;][et_pb_image src=&#8221;https:\/\/www.nautaran.org\/wp-content\/uploads\/2020\/10\/Salardu2.jpg&#8221; title_text=&#8221;Salardu2&#8243; show_in_lightbox=&#8221;on&#8221; _builder_version=&#8221;4.6.1&#8243; _module_preset=&#8221;default&#8221;][\/et_pb_image][\/et_pb_column][et_pb_column type=&#8221;1_4&#8243; _builder_version=&#8221;4.6.1&#8243; _module_preset=&#8221;default&#8221;][et_pb_image src=&#8221;https:\/\/www.nautaran.org\/wp-content\/uploads\/2020\/10\/Salardu3.jpg&#8221; title_text=&#8221;Salardu3&#8243; show_in_lightbox=&#8221;on&#8221; _builder_version=&#8221;4.6.1&#8243; _module_preset=&#8221;default&#8221;][\/et_pb_image][\/et_pb_column][et_pb_column type=&#8221;1_4&#8243; _builder_version=&#8221;4.6.1&#8243; _module_preset=&#8221;default&#8221;][et_pb_image src=&#8221;https:\/\/www.nautaran.org\/wp-content\/uploads\/2020\/10\/Salardu4.jpg&#8221; title_text=&#8221;Salardu4&#8243; show_in_lightbox=&#8221;on&#8221; _builder_version=&#8221;4.6.1&#8243; _module_preset=&#8221;default&#8221;][\/et_pb_image][\/et_pb_column][\/et_pb_row][\/et_pb_section][et_pb_section fb_built=&#8221;1&#8243; _builder_version=&#8221;4.6.1&#8243; _module_preset=&#8221;default&#8221; background_color=&#8221;#ffffff&#8221; custom_padding=&#8221;33px||17px|||&#8221;][et_pb_row _builder_version=&#8221;4.6.1&#8243; _module_preset=&#8221;default&#8221; background_enable_color=&#8221;off&#8221; custom_margin=&#8221;-3px|auto||auto||&#8221; custom_padding=&#8221;3px||0px|||&#8221; border_width_bottom=&#8221;2px&#8221; border_color_bottom=&#8221;#e8e8e8&#8243;][et_pb_column type=&#8221;4_4&#8243; _builder_version=&#8221;4.6.1&#8243; _module_preset=&#8221;default&#8221;][et_pb_text _builder_version=&#8221;4.6.1&#8243; _module_preset=&#8221;default&#8221; header_text_align=&#8221;left&#8221; header_3_text_align=&#8221;center&#8221; custom_margin=&#8221;||-3px|||&#8221; custom_padding=&#8221;||0px|||&#8221; hover_enabled=&#8221;0&#8243; sticky_enabled=&#8221;0&#8243;]<\/p>\n<h3>Descripci\u00f3<\/h3>\n<p>[\/et_pb_text][\/et_pb_column][\/et_pb_row][\/et_pb_section][et_pb_section fb_built=&#8221;1&#8243; _builder_version=&#8221;4.6.1&#8243; _module_preset=&#8221;default&#8221; custom_padding=&#8221;33px||31px|||&#8221;][et_pb_row column_structure=&#8221;1_2,1_2&#8243; _builder_version=&#8221;4.6.1&#8243; _module_preset=&#8221;default&#8221; background_enable_color=&#8221;off&#8221; custom_margin=&#8221;-3px|auto||auto||&#8221; custom_padding=&#8221;3px||36px|||&#8221; border_color_bottom=&#8221;#e8e8e8&#8243;][et_pb_column type=&#8221;1_2&#8243; _builder_version=&#8221;4.6.1&#8243; _module_preset=&#8221;default&#8221;][et_pb_text _builder_version=&#8221;4.6.1&#8243; _module_preset=&#8221;default&#8221; hover_enabled=&#8221;0&#8243; sticky_enabled=&#8221;0&#8243;]Capital del municipi de Naut Aran, amb 597 habitants i a una altitud de 1.268 m., en una elevaci\u00f3 rocosa a la dreta del riu Garona, i a on conflueix amb el riu Unh\u00f2la, que envolta el nucli de Salard\u00fa pel N  i per l&#8217;E.<\/p>\n<p>Donada la seva situaci\u00f3 estrat\u00e8gica a l&#8217;entrada de la Vall pel port de la Bonaigua, don\u00e0 lloc que des de l`\u00e8poca medieval la vila fos fortificada. A la part alta, on avui hi ha l&#8217;esgl\u00e9sia, hi havia el castell de Salard\u00fa, la torre mestra devia ser l&#8217;actual campanar. Avui resten escasses restes de la fortificaci\u00f3 prop de l&#8217;absis de l&#8217;esgl\u00e9sia.<\/p>\n<p>Es conserven en canvi alguns casals amb finestres del segle XVII. La Pla\u00e7a Major centra el nucli antic i t\u00e9 una bonica font vuitcentista. Cal destacar, sobretot , l&#8217;esgl\u00e9sia parroquial de Sant Andreu, situada a la part alta, presidint una bonica pla\u00e7a tancada per un mur. Es un edifici de transici\u00f3 dels segles XII-XIII, la porta \u00e9s rom\u00e0nica i t\u00e9 algunes finestres g\u00f2tiques. El campanar, un dels m\u00e9s sobresortints de la Val, \u00e9s de planta octogonal, del segle XV i forma un cos a part de l&#8217;angle SW \u00e9s molt esvelt i prove\u00eft de sageteres que li donen un car\u00e0cter defensiu.[\/et_pb_text][\/et_pb_column][et_pb_column type=&#8221;1_2&#8243; _builder_version=&#8221;4.6.1&#8243; _module_preset=&#8221;default&#8221;][et_pb_text _builder_version=&#8221;4.6.1&#8243; _module_preset=&#8221;default&#8221; hover_enabled=&#8221;0&#8243; sticky_enabled=&#8221;0&#8243;]La pe\u00e7a m\u00e9s important del seu interior  \u00e9s el fam\u00f3s Crist de Salard\u00fa, talla rom\u00e0nica de finals del segle XII, d&#8217;uns 0,62 m d&#8217;al\u00e7ada, clavat en una creu d&#8217;amples posts bellament policromats i acabada en els seus extrems en quatre plafons quadrats, est\u00e0 considerada una de les talles m\u00e9s valuoses del rom\u00e1nic de la zona. S&#8217;ha de ressaltar tamb\u00e9 del seu interior un espl\u00e8ndid conjunt de pintura mural de grans dimensions del segle XVI  en la zona del presbiteri.<\/p>\n<p>La vila t\u00e9 escola, biblioteca, polisportiu, piscina a l&#8217;aire lliure climatitzada, un camp de golf Pitch&#038;putt, farm\u00e0cia, oficina de turisme, oficina de correus, oficina banc\u00e0ria, comer\u00e7, diversos hotels, bars i restaurants.<\/p>\n<p>Celebra la seva festa major el dia 3 de maig &#8220;Santa Creu&#8221; , molt nomenada dins de l&#8217;Aran. Al voltant de la creu del Sant Crist de Salard\u00fa, es reuneixen la resta de creus dels altres pobles del municipi i al final de la mateixa arriben en process\u00f3 a la Pla\u00e7a de la Pica per beneir l&#8217;acabo.<br \/>\nEl 30 de novembre se celebra &#8220;Sant Andr\u00e9s&#8221; patr\u00f3 de Salard\u00fa . El 7 d&#8217;octubre \u00e9s la fira d&#8217;animals, que arriben de les pastures de la muntanyes en aquesta \u00e8poca[\/et_pb_text][\/et_pb_column][\/et_pb_row][\/et_pb_section][et_pb_section fb_built=&#8221;1&#8243; _builder_version=&#8221;4.6.1&#8243; _module_preset=&#8221;default&#8221; background_color=&#8221;#ffffff&#8221; custom_padding=&#8221;33px||17px|||&#8221;][et_pb_row _builder_version=&#8221;4.6.1&#8243; _module_preset=&#8221;default&#8221; background_enable_color=&#8221;off&#8221; custom_margin=&#8221;-3px|auto||auto||&#8221; custom_padding=&#8221;3px||0px|||&#8221; border_width_bottom=&#8221;2px&#8221; border_color_bottom=&#8221;#e8e8e8&#8243;][et_pb_column type=&#8221;4_4&#8243; _builder_version=&#8221;4.6.1&#8243; _module_preset=&#8221;default&#8221;][et_pb_text _builder_version=&#8221;4.6.1&#8243; _module_preset=&#8221;default&#8221; header_text_align=&#8221;left&#8221; header_3_text_align=&#8221;center&#8221; custom_margin=&#8221;||-3px|||&#8221; custom_padding=&#8221;||0px|||&#8221;]<\/p>\n<h3>Mapa<\/h3>\n<p>[\/et_pb_text][\/et_pb_column][\/et_pb_row][et_pb_row _builder_version=&#8221;4.6.1&#8243; _module_preset=&#8221;default&#8221;][et_pb_column type=&#8221;4_4&#8243; _builder_version=&#8221;4.6.1&#8243; _module_preset=&#8221;default&#8221;][et_pb_code _builder_version=&#8221;4.6.1&#8243; _module_preset=&#8221;default&#8221;]<iframe loading=\"lazy\" src=\"https:\/\/www.google.com\/maps\/embed?pb=!1m18!1m12!1m3!1d2931.854863455152!2d0.8975039658798472!3d42.706793829165065!2m3!1f0!2f0!3f0!3m2!1i1024!2i768!4f13.1!3m3!1m2!1s0x12a897f93263ef77%3A0xa00fae2bb8b72a0!2zMjU1OTggU2FsYXJkw7osIEzDqXJpZGE!5e0!3m2!1ses!2ses!4v1602326096700!5m2!1ses!2ses\" width=\"1920\" height=\"600\" frameborder=\"0\" style=\"border:0;\" allowfullscreen=\"\" aria-hidden=\"false\" tabindex=\"0\"><\/iframe>[\/et_pb_code][\/et_pb_column][\/et_pb_row][\/et_pb_section]<\/p>\n","protected":false},"excerpt":{"rendered":"<p>Salard\u00faDescripci\u00f3Capital del municipi de Naut Aran, amb 597 habitants i a una altitud de 1.268 m., en una elevaci\u00f3 rocosa a la dreta del riu Garona, i a on conflueix amb el riu Unh\u00f2la, que envolta el nucli de Salard\u00fa pel N i per l&#8217;E. Donada la seva situaci\u00f3 estrat\u00e8gica a l&#8217;entrada de la Vall [&hellip;]<\/p>\n","protected":false},"author":1,"featured_media":0,"parent":5950,"menu_order":0,"comment_status":"closed","ping_status":"closed","template":"","meta":{"_acf_changed":false,"_et_pb_use_builder":"on","_et_pb_old_content":"","_et_gb_content_width":"","footnotes":""},"class_list":["post-6096","page","type-page","status-publish","hentry"],"acf":[],"yoast_head":"<!-- This site is optimized with the Yoast SEO plugin v26.8 - https:\/\/yoast.com\/product\/yoast-seo-wordpress\/ -->\n<title>Salard\u00fa - Ajuntament de Naut Aran<\/title>\n<meta name=\"robots\" content=\"index, follow, max-snippet:-1, max-image-preview:large, max-video-preview:-1\" \/>\n<link rel=\"canonical\" href=\"https:\/\/www.nautaran.org\/ca\/naut-aran\/salardu\/\" \/>\n<meta property=\"og:locale\" content=\"ca_ES\" \/>\n<meta property=\"og:type\" content=\"article\" \/>\n<meta property=\"og:title\" content=\"Salard\u00fa - Ajuntament de Naut Aran\" \/>\n<meta property=\"og:description\" content=\"Salard\u00faDescripci\u00f3Capital del municipi de Naut Aran, amb 597 habitants i a una altitud de 1.268 m., en una elevaci\u00f3 rocosa a la dreta del riu Garona, i a on conflueix amb el riu Unh\u00f2la, que envolta el nucli de Salard\u00fa pel N i per l&#039;E. Donada la seva situaci\u00f3 estrat\u00e8gica a l&#039;entrada de la Vall [&hellip;]\" \/>\n<meta property=\"og:url\" content=\"https:\/\/www.nautaran.org\/ca\/naut-aran\/salardu\/\" \/>\n<meta property=\"og:site_name\" content=\"Ajuntament de Naut Aran\" \/>\n<meta property=\"article:modified_time\" content=\"2020-11-05T11:35:15+00:00\" \/>\n<meta name=\"twitter:card\" content=\"summary_large_image\" \/>\n<meta name=\"twitter:label1\" content=\"Est. reading time\" \/>\n\t<meta name=\"twitter:data1\" content=\"5 minutes\" \/>\n<script type=\"application\/ld+json\" class=\"yoast-schema-graph\">{\"@context\":\"https:\/\/schema.org\",\"@graph\":[{\"@type\":\"WebPage\",\"@id\":\"https:\/\/www.nautaran.org\/ca\/naut-aran\/salardu\/\",\"url\":\"https:\/\/www.nautaran.org\/ca\/naut-aran\/salardu\/\",\"name\":\"Salard\u00fa - Ajuntament de Naut Aran\",\"isPartOf\":{\"@id\":\"https:\/\/www.nautaran.org\/#website\"},\"datePublished\":\"2020-10-10T10:21:33+00:00\",\"dateModified\":\"2020-11-05T11:35:15+00:00\",\"breadcrumb\":{\"@id\":\"https:\/\/www.nautaran.org\/ca\/naut-aran\/salardu\/#breadcrumb\"},\"inLanguage\":\"ca-ES\",\"potentialAction\":[{\"@type\":\"ReadAction\",\"target\":[\"https:\/\/www.nautaran.org\/ca\/naut-aran\/salardu\/\"]}]},{\"@type\":\"BreadcrumbList\",\"@id\":\"https:\/\/www.nautaran.org\/ca\/naut-aran\/salardu\/#breadcrumb\",\"itemListElement\":[{\"@type\":\"ListItem\",\"position\":1,\"name\":\"Portada\",\"item\":\"https:\/\/www.nautaran.org\/ca\/home-2\/\"},{\"@type\":\"ListItem\",\"position\":2,\"name\":\"Naut Aran\",\"item\":\"https:\/\/www.nautaran.org\/ca\/naut-aran\/\"},{\"@type\":\"ListItem\",\"position\":3,\"name\":\"Salard\u00fa\"}]},{\"@type\":\"WebSite\",\"@id\":\"https:\/\/www.nautaran.org\/#website\",\"url\":\"https:\/\/www.nautaran.org\/\",\"name\":\"Ajuntament de Naut Aran\",\"description\":\"Naut Aran\",\"potentialAction\":[{\"@type\":\"SearchAction\",\"target\":{\"@type\":\"EntryPoint\",\"urlTemplate\":\"https:\/\/www.nautaran.org\/?s={search_term_string}\"},\"query-input\":{\"@type\":\"PropertyValueSpecification\",\"valueRequired\":true,\"valueName\":\"search_term_string\"}}],\"inLanguage\":\"ca-ES\"}]}<\/script>\n<!-- \/ Yoast SEO plugin. -->","yoast_head_json":{"title":"Salard\u00fa - Ajuntament de Naut Aran","robots":{"index":"index","follow":"follow","max-snippet":"max-snippet:-1","max-image-preview":"max-image-preview:large","max-video-preview":"max-video-preview:-1"},"canonical":"https:\/\/www.nautaran.org\/ca\/naut-aran\/salardu\/","og_locale":"ca_ES","og_type":"article","og_title":"Salard\u00fa - Ajuntament de Naut Aran","og_description":"Salard\u00faDescripci\u00f3Capital del municipi de Naut Aran, amb 597 habitants i a una altitud de 1.268 m., en una elevaci\u00f3 rocosa a la dreta del riu Garona, i a on conflueix amb el riu Unh\u00f2la, que envolta el nucli de Salard\u00fa pel N i per l'E. Donada la seva situaci\u00f3 estrat\u00e8gica a l'entrada de la Vall [&hellip;]","og_url":"https:\/\/www.nautaran.org\/ca\/naut-aran\/salardu\/","og_site_name":"Ajuntament de Naut Aran","article_modified_time":"2020-11-05T11:35:15+00:00","twitter_card":"summary_large_image","twitter_misc":{"Est. reading time":"5 minutes"},"schema":{"@context":"https:\/\/schema.org","@graph":[{"@type":"WebPage","@id":"https:\/\/www.nautaran.org\/ca\/naut-aran\/salardu\/","url":"https:\/\/www.nautaran.org\/ca\/naut-aran\/salardu\/","name":"Salard\u00fa - Ajuntament de Naut Aran","isPartOf":{"@id":"https:\/\/www.nautaran.org\/#website"},"datePublished":"2020-10-10T10:21:33+00:00","dateModified":"2020-11-05T11:35:15+00:00","breadcrumb":{"@id":"https:\/\/www.nautaran.org\/ca\/naut-aran\/salardu\/#breadcrumb"},"inLanguage":"ca-ES","potentialAction":[{"@type":"ReadAction","target":["https:\/\/www.nautaran.org\/ca\/naut-aran\/salardu\/"]}]},{"@type":"BreadcrumbList","@id":"https:\/\/www.nautaran.org\/ca\/naut-aran\/salardu\/#breadcrumb","itemListElement":[{"@type":"ListItem","position":1,"name":"Portada","item":"https:\/\/www.nautaran.org\/ca\/home-2\/"},{"@type":"ListItem","position":2,"name":"Naut Aran","item":"https:\/\/www.nautaran.org\/ca\/naut-aran\/"},{"@type":"ListItem","position":3,"name":"Salard\u00fa"}]},{"@type":"WebSite","@id":"https:\/\/www.nautaran.org\/#website","url":"https:\/\/www.nautaran.org\/","name":"Ajuntament de Naut Aran","description":"Naut Aran","potentialAction":[{"@type":"SearchAction","target":{"@type":"EntryPoint","urlTemplate":"https:\/\/www.nautaran.org\/?s={search_term_string}"},"query-input":{"@type":"PropertyValueSpecification","valueRequired":true,"valueName":"search_term_string"}}],"inLanguage":"ca-ES"}]}},"_links":{"self":[{"href":"https:\/\/www.nautaran.org\/ca\/wp-json\/wp\/v2\/pages\/6096","targetHints":{"allow":["GET"]}}],"collection":[{"href":"https:\/\/www.nautaran.org\/ca\/wp-json\/wp\/v2\/pages"}],"about":[{"href":"https:\/\/www.nautaran.org\/ca\/wp-json\/wp\/v2\/types\/page"}],"author":[{"embeddable":true,"href":"https:\/\/www.nautaran.org\/ca\/wp-json\/wp\/v2\/users\/1"}],"replies":[{"embeddable":true,"href":"https:\/\/www.nautaran.org\/ca\/wp-json\/wp\/v2\/comments?post=6096"}],"version-history":[{"count":1,"href":"https:\/\/www.nautaran.org\/ca\/wp-json\/wp\/v2\/pages\/6096\/revisions"}],"predecessor-version":[{"id":6102,"href":"https:\/\/www.nautaran.org\/ca\/wp-json\/wp\/v2\/pages\/6096\/revisions\/6102"}],"up":[{"embeddable":true,"href":"https:\/\/www.nautaran.org\/ca\/wp-json\/wp\/v2\/pages\/5950"}],"wp:attachment":[{"href":"https:\/\/www.nautaran.org\/ca\/wp-json\/wp\/v2\/media?parent=6096"}],"curies":[{"name":"wp","href":"https:\/\/api.w.org\/{rel}","templated":true}]}}