{"id":6138,"date":"2020-10-12T11:40:49","date_gmt":"2020-10-12T09:40:49","guid":{"rendered":"https:\/\/www.nautaran.org\/servicis\/telefons-durgencia\/"},"modified":"2025-06-13T07:14:06","modified_gmt":"2025-06-13T06:14:06","slug":"telefons-durgencia","status":"publish","type":"page","link":"https:\/\/www.nautaran.org\/ca\/servicis\/telefons-durgencia\/","title":{"rendered":"Telef\u00f2ns d&#8217;urg\u00e9ncia"},"content":{"rendered":"<p>[et_pb_section fb_built=&#8221;1&#8243; _builder_version=&#8221;4.16&#8243; _module_preset=&#8221;default&#8221; use_background_color_gradient=&#8221;on&#8221; background_color_gradient_direction=&#8221;160deg&#8221; background_color_gradient_stops=&#8221;rgba(115,152,198,0.9) 0%|rgba(143,196,109,0.9) 100%&#8221; background_color_gradient_overlays_image=&#8221;on&#8221; background_color_gradient_start=&#8221;rgba(115,152,198,0.9)&#8221; background_color_gradient_end=&#8221;rgba(143,196,109,0.9)&#8221; background_image=&#8221;https:\/\/www.nautaran.org\/wp-content\/uploads\/2020\/10\/telefonos-1.jpg&#8221; custom_padding=&#8221;5px||13px|||&#8221; global_colors_info=&#8221;{}&#8221;][et_pb_row _builder_version=&#8221;4.16&#8243; _module_preset=&#8221;default&#8221; custom_margin=&#8221;|auto|-10px|auto||&#8221; custom_padding=&#8221;67px||53px|||&#8221; global_colors_info=&#8221;{}&#8221;][et_pb_column type=&#8221;4_4&#8243; _builder_version=&#8221;4.16&#8243; _module_preset=&#8221;default&#8221; global_colors_info=&#8221;{}&#8221;][et_pb_text _builder_version=&#8221;4.16&#8243; _module_preset=&#8221;default&#8221; header_text_align=&#8221;center&#8221; header_text_color=&#8221;#ffffff&#8221; header_font_size=&#8221;70px&#8221; header_font_size_tablet=&#8221;50px&#8221; header_font_size_phone=&#8221;35px&#8221; header_font_size_last_edited=&#8221;on|phone&#8221; header_text_shadow_style=&#8221;preset3&#8243; global_colors_info=&#8221;{}&#8221;]<\/p>\n<h1>Tel\u00e8fons d&#8217;urg\u00e8ncia<\/h1>\n<p>[\/et_pb_text][\/et_pb_column][\/et_pb_row][\/et_pb_section][et_pb_section fb_built=&#8221;1&#8243; _builder_version=&#8221;4.16&#8243; _module_preset=&#8221;default&#8221; background_color=&#8221;#efefef&#8221; custom_padding=&#8221;27px||31px|||&#8221; global_colors_info=&#8221;{}&#8221;][et_pb_row column_structure=&#8221;1_3,1_3,1_3&#8243; make_equal=&#8221;on&#8221; _builder_version=&#8221;4.16&#8243; _module_preset=&#8221;default&#8221; custom_padding=&#8221;||19px|||&#8221; global_colors_info=&#8221;{}&#8221;][et_pb_column type=&#8221;1_3&#8243; _builder_version=&#8221;4.16&#8243; _module_preset=&#8221;default&#8221; background_color=&#8221;#ffffff&#8221; custom_padding=&#8221;20px||20px||false|false&#8221; box_shadow_style=&#8221;preset3&#8243; global_colors_info=&#8221;{}&#8221;][et_pb_text admin_label=&#8221;Titulo&#8221; _builder_version=&#8221;4.16&#8243; _module_preset=&#8221;default&#8221; header_font=&#8221;Roboto|700|||||||&#8221; header_text_align=&#8221;left&#8221; header_font_size=&#8221;35px&#8221; custom_margin=&#8221;|20px|6px|20px|false|false&#8221; global_colors_info=&#8221;{}&#8221;]<\/p>\n<h1>Urg\u00e8ncies<\/h1>\n<p>[\/et_pb_text][et_pb_text admin_label=&#8221;Enlace&#8221; _builder_version=&#8221;4.16&#8243; _module_preset=&#8221;default&#8221; text_text_color=&#8221;#e02b20&#8243; background_color=&#8221;#efefef&#8221; custom_margin=&#8221;|20px|7px|20px|false|false&#8221; custom_padding=&#8221;10px|20px|10px|20px|false|false&#8221; border_color_top=&#8221;#d2d2d2&#8243; global_colors_info=&#8221;{}&#8221;]<a href=\"tel:112\">Emerg\u00e8ncies: 112<\/a>[\/et_pb_text][et_pb_text admin_label=&#8221;Enlace&#8221; _builder_version=&#8221;4.16&#8243; _module_preset=&#8221;default&#8221; text_text_color=&#8221;#e02b20&#8243; background_color=&#8221;#efefef&#8221; custom_margin=&#8221;|20px|7px|20px|false|false&#8221; custom_padding=&#8221;10px|20px|10px|20px|false|false&#8221; border_color_top=&#8221;#d2d2d2&#8243; global_colors_info=&#8221;{}&#8221;]<a href=\"tel:+34973640006\">Hospital Val d&#8217;Aran: +34 973 64 00 06<\/a>[\/et_pb_text][et_pb_text admin_label=&#8221;Enlace&#8221; _builder_version=&#8221;4.16&#8243; _module_preset=&#8221;default&#8221; text_text_color=&#8221;#e02b20&#8243; background_color=&#8221;#efefef&#8221; custom_margin=&#8221;|20px|7px|20px|false|false&#8221; custom_padding=&#8221;10px|20px|10px|20px|false|false&#8221; border_color_top=&#8221;#d2d2d2&#8243; global_colors_info=&#8221;{}&#8221;]<a href=\"tel:065\">Bombers: 065<\/a>[\/et_pb_text][et_pb_text admin_label=&#8221;Enlace&#8221; _builder_version=&#8221;4.16&#8243; _module_preset=&#8221;default&#8221; text_text_color=&#8221;#e02b20&#8243; background_color=&#8221;#efefef&#8221; custom_margin=&#8221;|20px|7px|20px|false|false&#8221; custom_padding=&#8221;10px|20px|10px|20px|false|false&#8221; border_color_top=&#8221;#d2d2d2&#8243; global_colors_info=&#8221;{}&#8221;]<a href=\"tel:062\">Guardia Civil: 062<\/a>[\/et_pb_text][et_pb_text admin_label=&#8221;Enlace&#8221; _builder_version=&#8221;4.16&#8243; _module_preset=&#8221;default&#8221; text_text_color=&#8221;#e02b20&#8243; background_color=&#8221;#efefef&#8221; custom_margin=&#8221;|20px|7px|20px|false|false&#8221; custom_padding=&#8221;10px|20px|10px|20px|false|false&#8221; border_color_top=&#8221;#d2d2d2&#8243; global_colors_info=&#8221;{}&#8221;]<a href=\"tel:091\">Policia Nacional: 091<\/a>[\/et_pb_text][\/et_pb_column][et_pb_column type=&#8221;1_3&#8243; _builder_version=&#8221;4.16&#8243; _module_preset=&#8221;default&#8221; background_color=&#8221;#ffffff&#8221; custom_padding=&#8221;20px||20px||false|false&#8221; box_shadow_style=&#8221;preset3&#8243; global_colors_info=&#8221;{}&#8221;][et_pb_text admin_label=&#8221;Titulo&#8221; _builder_version=&#8221;4.16&#8243; _module_preset=&#8221;default&#8221; header_font=&#8221;Roboto|700|||||||&#8221; header_text_align=&#8221;left&#8221; header_font_size=&#8221;35px&#8221; custom_margin=&#8221;|20px|6px|20px|false|false&#8221; global_colors_info=&#8221;{}&#8221;]<\/p>\n<h1>Protecci\u00f3 ciutadana<\/h1>\n<p>[\/et_pb_text][et_pb_text admin_label=&#8221;Enlace&#8221; _builder_version=&#8221;4.16&#8243; _module_preset=&#8221;default&#8221; text_text_color=&#8221;#e02b20&#8243; background_color=&#8221;#efefef&#8221; custom_margin=&#8221;|20px|7px|20px|false|false&#8221; custom_padding=&#8221;10px|20px|10px|20px|false|false&#8221; border_color_top=&#8221;#d2d2d2&#8243; global_colors_info=&#8221;{}&#8221;]<a href=\"tel:+34973640080\">Bombers Vielha: +34 973 64 00 80<\/a>[\/et_pb_text][et_pb_text admin_label=&#8221;Enlace&#8221; _builder_version=&#8221;4.16&#8243; _module_preset=&#8221;default&#8221; text_text_color=&#8221;#e02b20&#8243; background_color=&#8221;#efefef&#8221; custom_margin=&#8221;|20px|7px|20px|false|false&#8221; custom_padding=&#8221;10px|20px|10px|20px|false|false&#8221; border_color_top=&#8221;#d2d2d2&#8243; global_colors_info=&#8221;{}&#8221;]<\/p>\n<p><a href=\"tel:+34973640080\">Bombers Vielha Transitori: +34 973 08 84 00<\/a><\/p>\n<p>[\/et_pb_text][et_pb_text admin_label=&#8221;Enlace&#8221; _builder_version=&#8221;4.16&#8243; _module_preset=&#8221;default&#8221; text_text_color=&#8221;#e02b20&#8243; background_color=&#8221;#efefef&#8221; custom_margin=&#8221;|20px|7px|20px|false|false&#8221; custom_padding=&#8221;10px|20px|10px|20px|false|false&#8221; border_color_top=&#8221;#d2d2d2&#8243; global_colors_info=&#8221;{}&#8221;]<a href=\"tel:+34973357285\">Mossos d&#8217;esquadra: +34 973 35 72 85<\/a>[\/et_pb_text][et_pb_text admin_label=&#8221;Enlace&#8221; _builder_version=&#8221;4.20.4&#8243; _module_preset=&#8221;default&#8221; text_text_color=&#8221;#e02b20&#8243; background_color=&#8221;#efefef&#8221; custom_margin=&#8221;|20px|7px|20px|false|false&#8221; custom_padding=&#8221;10px|20px|10px|20px|false|false&#8221; hover_enabled=&#8221;0&#8243; border_color_top=&#8221;#d2d2d2&#8243; global_colors_info=&#8221;{}&#8221; sticky_enabled=&#8221;0&#8243;]<\/p>\n<p><a href=\"tel:+34973648207\">Vigilants Municipals Naut Aran : +34 973 64 57 31<\/a><\/p>\n<p>[\/et_pb_text][et_pb_text admin_label=&#8221;Enlace&#8221; _builder_version=&#8221;4.16&#8243; _module_preset=&#8221;default&#8221; text_text_color=&#8221;#e02b20&#8243; background_color=&#8221;#efefef&#8221; custom_margin=&#8221;|20px|7px|20px|false|false&#8221; custom_padding=&#8221;10px|20px|10px|20px|false|false&#8221; border_color_top=&#8221;#d2d2d2&#8243; global_colors_info=&#8221;{}&#8221;]<a href=\"tel:+34973648014\">Policia Nacional Les: +34 973 64 80 14<\/a>[\/et_pb_text][et_pb_text admin_label=&#8221;Enlace&#8221; _builder_version=&#8221;4.16&#8243; _module_preset=&#8221;default&#8221; text_text_color=&#8221;#e02b20&#8243; background_color=&#8221;#efefef&#8221; custom_margin=&#8221;|20px|7px|20px|false|false&#8221; custom_padding=&#8221;10px|20px|10px|20px|false|false&#8221; border_color_top=&#8221;#d2d2d2&#8243; global_colors_info=&#8221;{}&#8221;]<a href=\"tel:+34973640005\">Guardia Civil Vielha: +34 973 64 00 05<\/a>[\/et_pb_text][et_pb_text admin_label=&#8221;Enlace&#8221; _builder_version=&#8221;4.16&#8243; _module_preset=&#8221;default&#8221; text_text_color=&#8221;#e02b20&#8243; background_color=&#8221;#efefef&#8221; custom_margin=&#8221;|20px|7px|20px|false|false&#8221; custom_padding=&#8221;10px|20px|10px|20px|false|false&#8221; border_color_top=&#8221;#d2d2d2&#8243; global_colors_info=&#8221;{}&#8221;]<a href=\"tel:+34973648207\">Guardia Civil Boss\u00f2st: +34 973 64 82 07<\/a>[\/et_pb_text][\/et_pb_column][et_pb_column type=&#8221;1_3&#8243; _builder_version=&#8221;4.16&#8243; _module_preset=&#8221;default&#8221; background_color=&#8221;#ffffff&#8221; custom_padding=&#8221;20px||20px||false|false&#8221; box_shadow_style=&#8221;preset3&#8243; global_colors_info=&#8221;{}&#8221;][et_pb_text admin_label=&#8221;Titulo&#8221; _builder_version=&#8221;4.16&#8243; _module_preset=&#8221;default&#8221; header_font=&#8221;Roboto|700|||||||&#8221; header_text_align=&#8221;left&#8221; header_font_size=&#8221;35px&#8221; custom_margin=&#8221;|20px|6px|20px|false|false&#8221; global_colors_info=&#8221;{}&#8221;]<\/p>\n<h1>Serveis Salut<\/h1>\n<p>[\/et_pb_text][et_pb_text admin_label=&#8221;Enlace&#8221; _builder_version=&#8221;4.16&#8243; _module_preset=&#8221;default&#8221; text_text_color=&#8221;#e02b20&#8243; background_color=&#8221;#efefef&#8221; custom_margin=&#8221;|20px|7px|20px|false|false&#8221; custom_padding=&#8221;10px|20px|10px|20px|false|false&#8221; border_color_top=&#8221;#d2d2d2&#8243; global_colors_info=&#8221;{}&#8221;]<a href=\"tel:+34973640006\">Hospital Val d&#8217;Aran: +34 973 64 00 06<\/a>[\/et_pb_text][et_pb_text admin_label=&#8221;Enlace&#8221; _builder_version=&#8221;4.16&#8243; _module_preset=&#8221;default&#8221; text_text_color=&#8221;#e02b20&#8243; background_color=&#8221;#efefef&#8221; custom_margin=&#8221;|20px|7px|20px|false|false&#8221; custom_padding=&#8221;10px|20px|10px|20px|false|false&#8221; border_color_top=&#8221;#d2d2d2&#8243; global_colors_info=&#8221;{}&#8221;]<a href=\"tel:+34973645818\">Dispensari Salard\u00fa: +34 973 64 58 18<\/a>[\/et_pb_text][et_pb_text admin_label=&#8221;Enlace&#8221; _builder_version=&#8221;4.16&#8243; _module_preset=&#8221;default&#8221; text_text_color=&#8221;#e02b20&#8243; background_color=&#8221;#efefef&#8221; custom_margin=&#8221;|20px|7px|20px|false|false&#8221; custom_padding=&#8221;10px|20px|10px|20px|false|false&#8221; border_color_top=&#8221;#d2d2d2&#8243; global_colors_info=&#8221;{}&#8221;]<a href=\"tel:+34973642847\">Dispensari Arties: +34 973 64 28 47<\/a>[\/et_pb_text][et_pb_text admin_label=&#8221;Enlace&#8221; _builder_version=&#8221;4.16&#8243; _module_preset=&#8221;default&#8221; text_text_color=&#8221;#e02b20&#8243; background_color=&#8221;#efefef&#8221; custom_margin=&#8221;|20px|7px|20px|false|false&#8221; custom_padding=&#8221;10px|20px|10px|20px|false|false&#8221; border_color_top=&#8221;#d2d2d2&#8243; global_colors_info=&#8221;{}&#8221;]<a href=\"tel:+34973644462\">Farm\u00e0cia Pal\u00e1 Baqueira: +34 973 64 44 62<\/a>[\/et_pb_text][et_pb_text admin_label=&#8221;Enlace&#8221; _builder_version=&#8221;4.16&#8243; _module_preset=&#8221;default&#8221; text_text_color=&#8221;#e02b20&#8243; background_color=&#8221;#efefef&#8221; custom_margin=&#8221;|20px|7px|20px|false|false&#8221; custom_padding=&#8221;10px|20px|10px|20px|false|false&#8221; border_color_top=&#8221;#d2d2d2&#8243; global_colors_info=&#8221;{}&#8221;]<a href=\"tel:+34973644346\">Farm\u00e0cia Pal\u00e1 Arties: +34 973 64 43 46<\/a>[\/et_pb_text][\/et_pb_column][\/et_pb_row][et_pb_row column_structure=&#8221;1_2,1_2&#8243; make_equal=&#8221;on&#8221; _builder_version=&#8221;4.16&#8243; _module_preset=&#8221;default&#8221; custom_padding=&#8221;22px|||||&#8221; global_colors_info=&#8221;{}&#8221;][et_pb_column type=&#8221;1_2&#8243; _builder_version=&#8221;4.16&#8243; _module_preset=&#8221;default&#8221; background_color=&#8221;#ffffff&#8221; custom_padding=&#8221;20px||20px||false|false&#8221; box_shadow_style=&#8221;preset3&#8243; global_colors_info=&#8221;{}&#8221;][et_pb_text admin_label=&#8221;Titulo&#8221; _builder_version=&#8221;4.16&#8243; _module_preset=&#8221;default&#8221; header_font=&#8221;Roboto|700|||||||&#8221; header_text_align=&#8221;left&#8221; header_font_size=&#8221;35px&#8221; custom_margin=&#8221;|20px|6px|20px|false|false&#8221; global_colors_info=&#8221;{}&#8221;]<\/p>\n<h1>Organismes p\u00fablics<\/h1>\n<p>[\/et_pb_text][et_pb_text admin_label=&#8221;Enlace&#8221; _builder_version=&#8221;4.16&#8243; _module_preset=&#8221;default&#8221; text_text_color=&#8221;#e02b20&#8243; background_color=&#8221;#efefef&#8221; custom_margin=&#8221;|20px|7px|20px|false|false&#8221; custom_padding=&#8221;10px|20px|10px|20px|false|false&#8221; border_color_top=&#8221;#d2d2d2&#8243; global_colors_info=&#8221;{}&#8221;]<a href=\"tel:012\">Atenci\u00f3 Ciutadana: 012<\/a>[\/et_pb_text][et_pb_text admin_label=&#8221;Enlace&#8221; _builder_version=&#8221;4.16&#8243; _module_preset=&#8221;default&#8221; text_text_color=&#8221;#e02b20&#8243; background_color=&#8221;#efefef&#8221; custom_margin=&#8221;|20px|7px|20px|false|false&#8221; custom_padding=&#8221;10px|20px|10px|20px|false|false&#8221; border_color_top=&#8221;#d2d2d2&#8243; global_colors_info=&#8221;{}&#8221;]<a href=\"tel:+34973644030\">Ajuntament de Naut Aran: +34 973 64 40 30<\/a>[\/et_pb_text][et_pb_text admin_label=&#8221;Enlace&#8221; _builder_version=&#8221;4.16&#8243; _module_preset=&#8221;default&#8221; text_text_color=&#8221;#e02b20&#8243; background_color=&#8221;#efefef&#8221; custom_margin=&#8221;|20px|7px|20px|false|false&#8221; custom_padding=&#8221;10px|20px|10px|20px|false|false&#8221; border_color_top=&#8221;#d2d2d2&#8243; global_colors_info=&#8221;{}&#8221;]<a href=\"tel:+34973640018\">Ajuntament de Vielha: +34 973 64 00 18<\/a>[\/et_pb_text][et_pb_text admin_label=&#8221;Enlace&#8221; _builder_version=&#8221;4.16&#8243; _module_preset=&#8221;default&#8221; text_text_color=&#8221;#e02b20&#8243; background_color=&#8221;#efefef&#8221; custom_margin=&#8221;|20px|7px|20px|false|false&#8221; custom_padding=&#8221;10px|20px|10px|20px|false|false&#8221; border_color_top=&#8221;#d2d2d2&#8243; global_colors_info=&#8221;{}&#8221;]<a href=\"tel:+34973641801\">Conselh Generau d&#8217;Aran: +34 973 64 18 01<\/a>[\/et_pb_text][et_pb_text admin_label=&#8221;Enlace&#8221; _builder_version=&#8221;4.16&#8243; _module_preset=&#8221;default&#8221; text_text_color=&#8221;#e02b20&#8243; background_color=&#8221;#efefef&#8221; custom_margin=&#8221;|20px|7px|20px|false|false&#8221; custom_padding=&#8221;10px|20px|10px|20px|false|false&#8221; border_color_top=&#8221;#d2d2d2&#8243; global_colors_info=&#8221;{}&#8221;]<a href=\"tel:+34973915910\">Jutjat de primera inst\u00e0ncia de Vielha: +34 973 91 59 10<\/a>[\/et_pb_text][et_pb_text admin_label=&#8221;Enlace&#8221; _builder_version=&#8221;4.16&#8243; _module_preset=&#8221;default&#8221; text_text_color=&#8221;#e02b20&#8243; background_color=&#8221;#efefef&#8221; custom_margin=&#8221;|20px|7px|20px|false|false&#8221; custom_padding=&#8221;10px|20px|10px|20px|false|false&#8221; border_color_top=&#8221;#d2d2d2&#8243; global_colors_info=&#8221;{}&#8221;]<a href=\"tel:+34973640912\">Correus: +34 973 64 09 12<\/a>[\/et_pb_text][\/et_pb_column][et_pb_column type=&#8221;1_2&#8243; _builder_version=&#8221;4.16&#8243; _module_preset=&#8221;default&#8221; background_color=&#8221;#ffffff&#8221; custom_padding=&#8221;20px||20px||false|false&#8221; box_shadow_style=&#8221;preset3&#8243; global_colors_info=&#8221;{}&#8221;][et_pb_text admin_label=&#8221;Titulo&#8221; _builder_version=&#8221;4.16&#8243; _module_preset=&#8221;default&#8221; header_font=&#8221;Roboto|700|||||||&#8221; header_text_align=&#8221;left&#8221; header_font_size=&#8221;35px&#8221; custom_margin=&#8221;|20px|6px|20px|false|false&#8221; global_colors_info=&#8221;{}&#8221;]<\/p>\n<h1>Altres serveis d&#8217;inter\u00e8s<\/h1>\n<p>[\/et_pb_text][et_pb_text admin_label=&#8221;Enlace&#8221; _builder_version=&#8221;4.16&#8243; _module_preset=&#8221;default&#8221; text_text_color=&#8221;#e02b20&#8243; background_color=&#8221;#efefef&#8221; custom_margin=&#8221;|20px|7px|20px|false|false&#8221; custom_padding=&#8221;10px|20px|10px|20px|false|false&#8221; border_color_top=&#8221;#d2d2d2&#8243; global_colors_info=&#8221;{}&#8221;]<a href=\"tel:+34902422242\">ALSA: +34 902 42 22 42<\/a>[\/et_pb_text][et_pb_text admin_label=&#8221;Enlace&#8221; _builder_version=&#8221;4.16&#8243; _module_preset=&#8221;default&#8221; text_text_color=&#8221;#e02b20&#8243; background_color=&#8221;#efefef&#8221; custom_margin=&#8221;|20px|7px|20px|false|false&#8221; custom_padding=&#8221;10px|20px|10px|20px|false|false&#8221; border_color_top=&#8221;#d2d2d2&#8243; global_colors_info=&#8221;{}&#8221;]<a href=\"tel:+34900770077\">Fecsa Endesa: +34 900 77 00 77<\/a>[\/et_pb_text][et_pb_text admin_label=&#8221;Enlace&#8221; _builder_version=&#8221;4.16&#8243; _module_preset=&#8221;default&#8221; text_text_color=&#8221;#e02b20&#8243; background_color=&#8221;#efefef&#8221; custom_margin=&#8221;|20px|7px|20px|false|false&#8221; custom_padding=&#8221;10px|20px|10px|20px|false|false&#8221; border_color_top=&#8221;#d2d2d2&#8243; global_colors_info=&#8221;{}&#8221;]<a href=\"tel:+34973640110\">Oficina de Turisme de Vielha: +34 973 64 01 10<\/a>[\/et_pb_text][et_pb_text admin_label=&#8221;Enlace&#8221; _builder_version=&#8221;4.16&#8243; _module_preset=&#8221;default&#8221; text_text_color=&#8221;#e02b20&#8243; background_color=&#8221;#efefef&#8221; custom_margin=&#8221;|20px|7px|20px|false|false&#8221; custom_padding=&#8221;10px|20px|10px|20px|false|false&#8221; border_color_top=&#8221;#d2d2d2&#8243; global_colors_info=&#8221;{}&#8221;]<a href=\"tel:+34973644867\">Taxis p\u00fablics: +34 973 64 48 67<\/a>[\/et_pb_text][\/et_pb_column][\/et_pb_row][\/et_pb_section]<\/p>\n","protected":false},"excerpt":{"rendered":"<p>Tel\u00e8fons d&#8217;urg\u00e8nciaUrg\u00e8nciesEmerg\u00e8ncies: 112Hospital Val d&#8217;Aran: +34 973 64 00 06Bombers: 065Guardia Civil: 062Policia Nacional: 091Protecci\u00f3 ciutadanaBombers Vielha: +34 973 64 00 80Bombers Vielha Transitori: +34 973 08 84 00Mossos d&#8217;esquadra: +34 973 35 72 85Vigilants Municipals Naut Aran : +34 973 64 57 31Policia Nacional Les: +34 973 64 80 14Guardia Civil Vielha: +34 973 [&hellip;]<\/p>\n","protected":false},"author":1,"featured_media":0,"parent":6120,"menu_order":0,"comment_status":"closed","ping_status":"closed","template":"","meta":{"_acf_changed":false,"_et_pb_use_builder":"on","_et_pb_old_content":"","_et_gb_content_width":"","footnotes":""},"class_list":["post-6138","page","type-page","status-publish","hentry"],"acf":[],"yoast_head":"<!-- This site is optimized with the Yoast SEO plugin v26.8 - https:\/\/yoast.com\/product\/yoast-seo-wordpress\/ -->\n<title>Telef\u00f2ns d&#039;urg\u00e9ncia - Ajuntament de Naut Aran<\/title>\n<meta name=\"robots\" content=\"index, follow, max-snippet:-1, max-image-preview:large, max-video-preview:-1\" \/>\n<link rel=\"canonical\" href=\"https:\/\/www.nautaran.org\/ca\/servicis\/telefons-durgencia\/\" \/>\n<meta property=\"og:locale\" content=\"ca_ES\" \/>\n<meta property=\"og:type\" content=\"article\" \/>\n<meta property=\"og:title\" content=\"Telef\u00f2ns d&#039;urg\u00e9ncia - Ajuntament de Naut Aran\" \/>\n<meta property=\"og:description\" content=\"Tel\u00e8fons d&#039;urg\u00e8nciaUrg\u00e8nciesEmerg\u00e8ncies: 112Hospital Val d&#039;Aran: +34 973 64 00 06Bombers: 065Guardia Civil: 062Policia Nacional: 091Protecci\u00f3 ciutadanaBombers Vielha: +34 973 64 00 80Bombers Vielha Transitori: +34 973 08 84 00Mossos d&#039;esquadra: +34 973 35 72 85Vigilants Municipals Naut Aran : +34 973 64 57 31Policia Nacional Les: +34 973 64 80 14Guardia Civil Vielha: +34 973 [&hellip;]\" \/>\n<meta property=\"og:url\" content=\"https:\/\/www.nautaran.org\/ca\/servicis\/telefons-durgencia\/\" \/>\n<meta property=\"og:site_name\" content=\"Ajuntament de Naut Aran\" \/>\n<meta property=\"article:modified_time\" content=\"2025-06-13T06:14:06+00:00\" \/>\n<meta name=\"twitter:card\" content=\"summary_large_image\" \/>\n<meta name=\"twitter:label1\" content=\"Est. reading time\" \/>\n\t<meta name=\"twitter:data1\" content=\"9 minutes\" \/>\n<script type=\"application\/ld+json\" class=\"yoast-schema-graph\">{\"@context\":\"https:\/\/schema.org\",\"@graph\":[{\"@type\":\"WebPage\",\"@id\":\"https:\/\/www.nautaran.org\/ca\/servicis\/telefons-durgencia\/\",\"url\":\"https:\/\/www.nautaran.org\/ca\/servicis\/telefons-durgencia\/\",\"name\":\"Telef\u00f2ns d'urg\u00e9ncia - Ajuntament de Naut Aran\",\"isPartOf\":{\"@id\":\"https:\/\/www.nautaran.org\/#website\"},\"datePublished\":\"2020-10-12T09:40:49+00:00\",\"dateModified\":\"2025-06-13T06:14:06+00:00\",\"breadcrumb\":{\"@id\":\"https:\/\/www.nautaran.org\/ca\/servicis\/telefons-durgencia\/#breadcrumb\"},\"inLanguage\":\"ca-ES\",\"potentialAction\":[{\"@type\":\"ReadAction\",\"target\":[\"https:\/\/www.nautaran.org\/ca\/servicis\/telefons-durgencia\/\"]}]},{\"@type\":\"BreadcrumbList\",\"@id\":\"https:\/\/www.nautaran.org\/ca\/servicis\/telefons-durgencia\/#breadcrumb\",\"itemListElement\":[{\"@type\":\"ListItem\",\"position\":1,\"name\":\"Portada\",\"item\":\"https:\/\/www.nautaran.org\/ca\/home-2\/\"},{\"@type\":\"ListItem\",\"position\":2,\"name\":\"Servicis\",\"item\":\"https:\/\/www.nautaran.org\/ca\/servicis\/\"},{\"@type\":\"ListItem\",\"position\":3,\"name\":\"Telef\u00f2ns d'urg\u00e9ncia\"}]},{\"@type\":\"WebSite\",\"@id\":\"https:\/\/www.nautaran.org\/#website\",\"url\":\"https:\/\/www.nautaran.org\/\",\"name\":\"Ajuntament de Naut Aran\",\"description\":\"Naut Aran\",\"potentialAction\":[{\"@type\":\"SearchAction\",\"target\":{\"@type\":\"EntryPoint\",\"urlTemplate\":\"https:\/\/www.nautaran.org\/?s={search_term_string}\"},\"query-input\":{\"@type\":\"PropertyValueSpecification\",\"valueRequired\":true,\"valueName\":\"search_term_string\"}}],\"inLanguage\":\"ca-ES\"}]}<\/script>\n<!-- \/ Yoast SEO plugin. -->","yoast_head_json":{"title":"Telef\u00f2ns d'urg\u00e9ncia - Ajuntament de Naut Aran","robots":{"index":"index","follow":"follow","max-snippet":"max-snippet:-1","max-image-preview":"max-image-preview:large","max-video-preview":"max-video-preview:-1"},"canonical":"https:\/\/www.nautaran.org\/ca\/servicis\/telefons-durgencia\/","og_locale":"ca_ES","og_type":"article","og_title":"Telef\u00f2ns d'urg\u00e9ncia - Ajuntament de Naut Aran","og_description":"Tel\u00e8fons d'urg\u00e8nciaUrg\u00e8nciesEmerg\u00e8ncies: 112Hospital Val d'Aran: +34 973 64 00 06Bombers: 065Guardia Civil: 062Policia Nacional: 091Protecci\u00f3 ciutadanaBombers Vielha: +34 973 64 00 80Bombers Vielha Transitori: +34 973 08 84 00Mossos d'esquadra: +34 973 35 72 85Vigilants Municipals Naut Aran : +34 973 64 57 31Policia Nacional Les: +34 973 64 80 14Guardia Civil Vielha: +34 973 [&hellip;]","og_url":"https:\/\/www.nautaran.org\/ca\/servicis\/telefons-durgencia\/","og_site_name":"Ajuntament de Naut Aran","article_modified_time":"2025-06-13T06:14:06+00:00","twitter_card":"summary_large_image","twitter_misc":{"Est. reading time":"9 minutes"},"schema":{"@context":"https:\/\/schema.org","@graph":[{"@type":"WebPage","@id":"https:\/\/www.nautaran.org\/ca\/servicis\/telefons-durgencia\/","url":"https:\/\/www.nautaran.org\/ca\/servicis\/telefons-durgencia\/","name":"Telef\u00f2ns d'urg\u00e9ncia - Ajuntament de Naut Aran","isPartOf":{"@id":"https:\/\/www.nautaran.org\/#website"},"datePublished":"2020-10-12T09:40:49+00:00","dateModified":"2025-06-13T06:14:06+00:00","breadcrumb":{"@id":"https:\/\/www.nautaran.org\/ca\/servicis\/telefons-durgencia\/#breadcrumb"},"inLanguage":"ca-ES","potentialAction":[{"@type":"ReadAction","target":["https:\/\/www.nautaran.org\/ca\/servicis\/telefons-durgencia\/"]}]},{"@type":"BreadcrumbList","@id":"https:\/\/www.nautaran.org\/ca\/servicis\/telefons-durgencia\/#breadcrumb","itemListElement":[{"@type":"ListItem","position":1,"name":"Portada","item":"https:\/\/www.nautaran.org\/ca\/home-2\/"},{"@type":"ListItem","position":2,"name":"Servicis","item":"https:\/\/www.nautaran.org\/ca\/servicis\/"},{"@type":"ListItem","position":3,"name":"Telef\u00f2ns d'urg\u00e9ncia"}]},{"@type":"WebSite","@id":"https:\/\/www.nautaran.org\/#website","url":"https:\/\/www.nautaran.org\/","name":"Ajuntament de Naut Aran","description":"Naut Aran","potentialAction":[{"@type":"SearchAction","target":{"@type":"EntryPoint","urlTemplate":"https:\/\/www.nautaran.org\/?s={search_term_string}"},"query-input":{"@type":"PropertyValueSpecification","valueRequired":true,"valueName":"search_term_string"}}],"inLanguage":"ca-ES"}]}},"_links":{"self":[{"href":"https:\/\/www.nautaran.org\/ca\/wp-json\/wp\/v2\/pages\/6138","targetHints":{"allow":["GET"]}}],"collection":[{"href":"https:\/\/www.nautaran.org\/ca\/wp-json\/wp\/v2\/pages"}],"about":[{"href":"https:\/\/www.nautaran.org\/ca\/wp-json\/wp\/v2\/types\/page"}],"author":[{"embeddable":true,"href":"https:\/\/www.nautaran.org\/ca\/wp-json\/wp\/v2\/users\/1"}],"replies":[{"embeddable":true,"href":"https:\/\/www.nautaran.org\/ca\/wp-json\/wp\/v2\/comments?post=6138"}],"version-history":[{"count":3,"href":"https:\/\/www.nautaran.org\/ca\/wp-json\/wp\/v2\/pages\/6138\/revisions"}],"predecessor-version":[{"id":23104,"href":"https:\/\/www.nautaran.org\/ca\/wp-json\/wp\/v2\/pages\/6138\/revisions\/23104"}],"up":[{"embeddable":true,"href":"https:\/\/www.nautaran.org\/ca\/wp-json\/wp\/v2\/pages\/6120"}],"wp:attachment":[{"href":"https:\/\/www.nautaran.org\/ca\/wp-json\/wp\/v2\/media?parent=6138"}],"curies":[{"name":"wp","href":"https:\/\/api.w.org\/{rel}","templated":true}]}}