{"id":7630,"date":"2021-01-28T11:52:46","date_gmt":"2021-01-28T09:52:46","guid":{"rendered":"https:\/\/www.nautaran.org\/?page_id=7630"},"modified":"2021-01-28T15:06:22","modified_gmt":"2021-01-28T13:06:22","slug":"centre-de-primaria-losseron","status":"publish","type":"page","link":"https:\/\/www.nautaran.org\/ca\/servicis\/educacio\/centre-de-primaria-losseron\/","title":{"rendered":"Centre de prim\u00e0ria Losseron"},"content":{"rendered":"<p>[et_pb_section fb_built=&#8221;1&#8243; _builder_version=&#8221;4.7.7&#8243; _module_preset=&#8221;default&#8221; use_background_color_gradient=&#8221;on&#8221; background_color_gradient_start=&#8221;rgba(115,152,198,0.79)&#8221; background_color_gradient_end=&#8221;rgba(143,196,109,0.77)&#8221; background_color_gradient_direction=&#8221;160deg&#8221; background_color_gradient_overlays_image=&#8221;on&#8221; background_image=&#8221;https:\/\/www.nautaran.org\/wp-content\/uploads\/2021\/01\/crayons-1209804_1920.jpg&#8221; custom_padding=&#8221;5px||13px|||&#8221;][et_pb_row _builder_version=&#8221;4.6.1&#8243; _module_preset=&#8221;default&#8221; custom_margin=&#8221;|auto|-10px|auto||&#8221; custom_padding=&#8221;82px||66px|||&#8221;][et_pb_column type=&#8221;4_4&#8243; _builder_version=&#8221;4.6.1&#8243; _module_preset=&#8221;default&#8221;][et_pb_text _builder_version=&#8221;4.7.7&#8243; _module_preset=&#8221;default&#8221; header_text_align=&#8221;center&#8221; header_text_color=&#8221;#ffffff&#8221; header_font_size=&#8221;50px&#8221; header_font_size_tablet=&#8221;50px&#8221; header_font_size_phone=&#8221;35px&#8221; header_font_size_last_edited=&#8221;on|phone&#8221; header_text_shadow_style=&#8221;preset3&#8243;]<\/p>\n<h1>Centre de Prim\u00e0ria Losseron<\/h1>\n<p>[\/et_pb_text][\/et_pb_column][\/et_pb_row][\/et_pb_section][et_pb_section fb_built=&#8221;1&#8243; _builder_version=&#8221;4.6.1&#8243; _module_preset=&#8221;default&#8221; background_color=&#8221;#efefef&#8221; custom_padding=&#8221;33px||21px|||&#8221;][et_pb_row column_structure=&#8221;1_2,1_2&#8243; make_equal=&#8221;on&#8221; _builder_version=&#8221;4.7.7&#8243; _module_preset=&#8221;default&#8221; background_enable_color=&#8221;off&#8221;][et_pb_column type=&#8221;1_2&#8243; _builder_version=&#8221;4.7.7&#8243; _module_preset=&#8221;default&#8221; background_color=&#8221;#ffffff&#8221; custom_padding=&#8221;30px|30px|30px|30px|false|false&#8221;][et_pb_text _builder_version=&#8221;4.7.7&#8243; _module_preset=&#8221;default&#8221; custom_margin=&#8221;3px||||false|false&#8221;]<\/p>\n<p>El CEIP Losseron junt amb altres estudis de la Val d&#8217;Aran: Salard\u00fa, Es B\u00f2rdes, B\u00f2ssost, Les, Canejan, son fruit d&#8217;un projecte de edificaci\u00f3 de nous estudis, en tota la Val, portat\u00a0 a terme a l&#8217;any 1924, pel diputat de la\u00a0 Val d&#8217;Aran, Sr. De\u00f2 (fill de Canejan); es degut amb aix\u00f2 que tots ells responen a un mateix tipus d&#8217;edificaci\u00f3.<\/p>\n<p>En un principi, a l&#8217;any 1934, l&#8217;estudi tenia dues sales, una pels nans i un altra per les nenes. Al pati es reflectia tamb\u00e9 aquesta separaci\u00f3.<\/p>\n<p>Aquest edifici s&#8217;ha reformat en diverses ocasions. La remodelaci\u00f3 m\u00e9s important s&#8217;ha fet durant l&#8217;any escolar 2001-02, en que nom\u00e9s es van guardar les parets exteriors que li donen el seu aspecte caracter\u00edstic<\/p>\n<p>[\/et_pb_text][\/et_pb_column][et_pb_column type=&#8221;1_2&#8243; _builder_version=&#8221;4.6.1&#8243; _module_preset=&#8221;default&#8221;][et_pb_image src=&#8221;https:\/\/www.nautaran.org\/wp-content\/uploads\/2020\/11\/IMG_6958.jpg&#8221; title_text=&#8221;IMG_5557-980&#215;735&#8243; show_in_lightbox=&#8221;on&#8221; _builder_version=&#8221;4.7.7&#8243; _module_preset=&#8221;default&#8221;][\/et_pb_image][\/et_pb_column][\/et_pb_row][\/et_pb_section]<\/p>\n","protected":false},"excerpt":{"rendered":"<p>Centre de Prim\u00e0ria LosseronEl CEIP Losseron junt amb altres estudis de la Val d&#8217;Aran: Salard\u00fa, Es B\u00f2rdes, B\u00f2ssost, Les, Canejan, son fruit d&#8217;un projecte de edificaci\u00f3 de nous estudis, en tota la Val, portat\u00a0 a terme a l&#8217;any 1924, pel diputat de la\u00a0 Val d&#8217;Aran, Sr. De\u00f2 (fill de Canejan); es degut amb aix\u00f2 que [&hellip;]<\/p>\n","protected":false},"author":6,"featured_media":0,"parent":7650,"menu_order":0,"comment_status":"closed","ping_status":"closed","template":"","meta":{"_acf_changed":false,"_et_pb_use_builder":"on","_et_pb_old_content":"","_et_gb_content_width":"","footnotes":""},"class_list":["post-7630","page","type-page","status-publish","hentry"],"acf":[],"yoast_head":"<!-- This site is optimized with the Yoast SEO plugin v26.8 - https:\/\/yoast.com\/product\/yoast-seo-wordpress\/ -->\n<title>Centre de prim\u00e0ria Losseron - Ajuntament de Naut Aran<\/title>\n<meta name=\"robots\" content=\"index, follow, max-snippet:-1, max-image-preview:large, max-video-preview:-1\" \/>\n<link rel=\"canonical\" href=\"https:\/\/www.nautaran.org\/ca\/servicis\/educacio\/centre-de-primaria-losseron\/\" \/>\n<meta property=\"og:locale\" content=\"ca_ES\" \/>\n<meta property=\"og:type\" content=\"article\" \/>\n<meta property=\"og:title\" content=\"Centre de prim\u00e0ria Losseron - Ajuntament de Naut Aran\" \/>\n<meta property=\"og:description\" content=\"Centre de Prim\u00e0ria LosseronEl CEIP Losseron junt amb altres estudis de la Val d&#039;Aran: Salard\u00fa, Es B\u00f2rdes, B\u00f2ssost, Les, Canejan, son fruit d&#039;un projecte de edificaci\u00f3 de nous estudis, en tota la Val, portat\u00a0 a terme a l&#039;any 1924, pel diputat de la\u00a0 Val d&#039;Aran, Sr. De\u00f2 (fill de Canejan); es degut amb aix\u00f2 que [&hellip;]\" \/>\n<meta property=\"og:url\" content=\"https:\/\/www.nautaran.org\/ca\/servicis\/educacio\/centre-de-primaria-losseron\/\" \/>\n<meta property=\"og:site_name\" content=\"Ajuntament de Naut Aran\" \/>\n<meta property=\"article:modified_time\" content=\"2021-01-28T13:06:22+00:00\" \/>\n<meta name=\"twitter:card\" content=\"summary_large_image\" \/>\n<meta name=\"twitter:label1\" content=\"Est. reading time\" \/>\n\t<meta name=\"twitter:data1\" content=\"2 minutes\" \/>\n<script type=\"application\/ld+json\" class=\"yoast-schema-graph\">{\"@context\":\"https:\/\/schema.org\",\"@graph\":[{\"@type\":\"WebPage\",\"@id\":\"https:\/\/www.nautaran.org\/ca\/servicis\/educacio\/centre-de-primaria-losseron\/\",\"url\":\"https:\/\/www.nautaran.org\/ca\/servicis\/educacio\/centre-de-primaria-losseron\/\",\"name\":\"Centre de prim\u00e0ria Losseron - Ajuntament de Naut Aran\",\"isPartOf\":{\"@id\":\"https:\/\/www.nautaran.org\/#website\"},\"datePublished\":\"2021-01-28T09:52:46+00:00\",\"dateModified\":\"2021-01-28T13:06:22+00:00\",\"breadcrumb\":{\"@id\":\"https:\/\/www.nautaran.org\/ca\/servicis\/educacio\/centre-de-primaria-losseron\/#breadcrumb\"},\"inLanguage\":\"ca-ES\",\"potentialAction\":[{\"@type\":\"ReadAction\",\"target\":[\"https:\/\/www.nautaran.org\/ca\/servicis\/educacio\/centre-de-primaria-losseron\/\"]}]},{\"@type\":\"BreadcrumbList\",\"@id\":\"https:\/\/www.nautaran.org\/ca\/servicis\/educacio\/centre-de-primaria-losseron\/#breadcrumb\",\"itemListElement\":[{\"@type\":\"ListItem\",\"position\":1,\"name\":\"Portada\",\"item\":\"https:\/\/www.nautaran.org\/ca\/home-2\/\"},{\"@type\":\"ListItem\",\"position\":2,\"name\":\"Servicis\",\"item\":\"https:\/\/www.nautaran.org\/ca\/servicis\/\"},{\"@type\":\"ListItem\",\"position\":3,\"name\":\"Educaci\u00f3\",\"item\":\"https:\/\/www.nautaran.org\/ca\/servicis\/educacio\/\"},{\"@type\":\"ListItem\",\"position\":4,\"name\":\"Centre de prim\u00e0ria Losseron\"}]},{\"@type\":\"WebSite\",\"@id\":\"https:\/\/www.nautaran.org\/#website\",\"url\":\"https:\/\/www.nautaran.org\/\",\"name\":\"Ajuntament de Naut Aran\",\"description\":\"Naut Aran\",\"potentialAction\":[{\"@type\":\"SearchAction\",\"target\":{\"@type\":\"EntryPoint\",\"urlTemplate\":\"https:\/\/www.nautaran.org\/?s={search_term_string}\"},\"query-input\":{\"@type\":\"PropertyValueSpecification\",\"valueRequired\":true,\"valueName\":\"search_term_string\"}}],\"inLanguage\":\"ca-ES\"}]}<\/script>\n<!-- \/ Yoast SEO plugin. -->","yoast_head_json":{"title":"Centre de prim\u00e0ria Losseron - Ajuntament de Naut Aran","robots":{"index":"index","follow":"follow","max-snippet":"max-snippet:-1","max-image-preview":"max-image-preview:large","max-video-preview":"max-video-preview:-1"},"canonical":"https:\/\/www.nautaran.org\/ca\/servicis\/educacio\/centre-de-primaria-losseron\/","og_locale":"ca_ES","og_type":"article","og_title":"Centre de prim\u00e0ria Losseron - Ajuntament de Naut Aran","og_description":"Centre de Prim\u00e0ria LosseronEl CEIP Losseron junt amb altres estudis de la Val d'Aran: Salard\u00fa, Es B\u00f2rdes, B\u00f2ssost, Les, Canejan, son fruit d'un projecte de edificaci\u00f3 de nous estudis, en tota la Val, portat\u00a0 a terme a l'any 1924, pel diputat de la\u00a0 Val d'Aran, Sr. De\u00f2 (fill de Canejan); es degut amb aix\u00f2 que [&hellip;]","og_url":"https:\/\/www.nautaran.org\/ca\/servicis\/educacio\/centre-de-primaria-losseron\/","og_site_name":"Ajuntament de Naut Aran","article_modified_time":"2021-01-28T13:06:22+00:00","twitter_card":"summary_large_image","twitter_misc":{"Est. reading time":"2 minutes"},"schema":{"@context":"https:\/\/schema.org","@graph":[{"@type":"WebPage","@id":"https:\/\/www.nautaran.org\/ca\/servicis\/educacio\/centre-de-primaria-losseron\/","url":"https:\/\/www.nautaran.org\/ca\/servicis\/educacio\/centre-de-primaria-losseron\/","name":"Centre de prim\u00e0ria Losseron - Ajuntament de Naut Aran","isPartOf":{"@id":"https:\/\/www.nautaran.org\/#website"},"datePublished":"2021-01-28T09:52:46+00:00","dateModified":"2021-01-28T13:06:22+00:00","breadcrumb":{"@id":"https:\/\/www.nautaran.org\/ca\/servicis\/educacio\/centre-de-primaria-losseron\/#breadcrumb"},"inLanguage":"ca-ES","potentialAction":[{"@type":"ReadAction","target":["https:\/\/www.nautaran.org\/ca\/servicis\/educacio\/centre-de-primaria-losseron\/"]}]},{"@type":"BreadcrumbList","@id":"https:\/\/www.nautaran.org\/ca\/servicis\/educacio\/centre-de-primaria-losseron\/#breadcrumb","itemListElement":[{"@type":"ListItem","position":1,"name":"Portada","item":"https:\/\/www.nautaran.org\/ca\/home-2\/"},{"@type":"ListItem","position":2,"name":"Servicis","item":"https:\/\/www.nautaran.org\/ca\/servicis\/"},{"@type":"ListItem","position":3,"name":"Educaci\u00f3","item":"https:\/\/www.nautaran.org\/ca\/servicis\/educacio\/"},{"@type":"ListItem","position":4,"name":"Centre de prim\u00e0ria Losseron"}]},{"@type":"WebSite","@id":"https:\/\/www.nautaran.org\/#website","url":"https:\/\/www.nautaran.org\/","name":"Ajuntament de Naut Aran","description":"Naut Aran","potentialAction":[{"@type":"SearchAction","target":{"@type":"EntryPoint","urlTemplate":"https:\/\/www.nautaran.org\/?s={search_term_string}"},"query-input":{"@type":"PropertyValueSpecification","valueRequired":true,"valueName":"search_term_string"}}],"inLanguage":"ca-ES"}]}},"_links":{"self":[{"href":"https:\/\/www.nautaran.org\/ca\/wp-json\/wp\/v2\/pages\/7630","targetHints":{"allow":["GET"]}}],"collection":[{"href":"https:\/\/www.nautaran.org\/ca\/wp-json\/wp\/v2\/pages"}],"about":[{"href":"https:\/\/www.nautaran.org\/ca\/wp-json\/wp\/v2\/types\/page"}],"author":[{"embeddable":true,"href":"https:\/\/www.nautaran.org\/ca\/wp-json\/wp\/v2\/users\/6"}],"replies":[{"embeddable":true,"href":"https:\/\/www.nautaran.org\/ca\/wp-json\/wp\/v2\/comments?post=7630"}],"version-history":[{"count":4,"href":"https:\/\/www.nautaran.org\/ca\/wp-json\/wp\/v2\/pages\/7630\/revisions"}],"predecessor-version":[{"id":7643,"href":"https:\/\/www.nautaran.org\/ca\/wp-json\/wp\/v2\/pages\/7630\/revisions\/7643"}],"up":[{"embeddable":true,"href":"https:\/\/www.nautaran.org\/ca\/wp-json\/wp\/v2\/pages\/7650"}],"wp:attachment":[{"href":"https:\/\/www.nautaran.org\/ca\/wp-json\/wp\/v2\/media?parent=7630"}],"curies":[{"name":"wp","href":"https:\/\/api.w.org\/{rel}","templated":true}]}}