{"id":8251,"date":"2021-04-07T16:09:38","date_gmt":"2021-04-07T14:09:38","guid":{"rendered":"https:\/\/www.nautaran.org\/?page_id=8251"},"modified":"2025-04-23T12:59:57","modified_gmt":"2025-04-23T11:59:57","slug":"gimnas-de-naut-aran-en-gessa","status":"publish","type":"page","link":"https:\/\/www.nautaran.org\/ca\/servicis\/esports\/gimnas-de-naut-aran-en-gessa\/","title":{"rendered":"Gimnas de Naut Aran en Gessa"},"content":{"rendered":"<p>[et_pb_section fb_built=&#8221;1&#8243; _builder_version=&#8221;4.16&#8243; _module_preset=&#8221;default&#8221; use_background_color_gradient=&#8221;on&#8221; background_color_gradient_direction=&#8221;160deg&#8221; background_color_gradient_stops=&#8221;rgba(115,152,198,0.79) 0%|rgba(143,196,109,0.77) 100%&#8221; background_color_gradient_overlays_image=&#8221;on&#8221; background_color_gradient_start=&#8221;rgba(115,152,198,0.79)&#8221; background_color_gradient_end=&#8221;rgba(143,196,109,0.77)&#8221; background_image=&#8221;https:\/\/www.nautaran.org\/wp-content\/uploads\/2021\/04\/IMG_2815.jpg&#8221; custom_padding=&#8221;5px||13px|||&#8221; global_colors_info=&#8221;{}&#8221;][et_pb_row _builder_version=&#8221;4.16&#8243; _module_preset=&#8221;default&#8221; custom_margin=&#8221;|auto|-10px|auto||&#8221; custom_padding=&#8221;82px||66px|||&#8221; global_colors_info=&#8221;{}&#8221;][et_pb_column type=&#8221;4_4&#8243; _builder_version=&#8221;4.16&#8243; _module_preset=&#8221;default&#8221; global_colors_info=&#8221;{}&#8221;][et_pb_text _builder_version=&#8221;4.16&#8243; _module_preset=&#8221;default&#8221; header_text_align=&#8221;center&#8221; header_text_color=&#8221;#ffffff&#8221; header_font_size=&#8221;50px&#8221; header_font_size_tablet=&#8221;50px&#8221; header_font_size_phone=&#8221;35px&#8221; header_font_size_last_edited=&#8221;on|phone&#8221; header_text_shadow_style=&#8221;preset3&#8243; global_colors_info=&#8221;{}&#8221;]<\/p>\n<h1>Gimnas de Naut Aran en Gessa<\/h1>\n<p>[\/et_pb_text][\/et_pb_column][\/et_pb_row][\/et_pb_section][et_pb_section fb_built=&#8221;1&#8243; _builder_version=&#8221;4.16&#8243; _module_preset=&#8221;default&#8221; background_color=&#8221;#efefef&#8221; custom_padding=&#8221;30px||60px|||&#8221; global_colors_info=&#8221;{}&#8221;][et_pb_row column_structure=&#8221;1_2,1_2&#8243; make_equal=&#8221;on&#8221; _builder_version=&#8221;4.16&#8243; _module_preset=&#8221;default&#8221; background_enable_color=&#8221;off&#8221; custom_padding=&#8221;||0px|||&#8221; global_colors_info=&#8221;{}&#8221;][et_pb_column type=&#8221;1_2&#8243; _builder_version=&#8221;4.16&#8243; _module_preset=&#8221;default&#8221; background_color=&#8221;#ffffff&#8221; custom_padding=&#8221;30px|30px|30px|30px|false|false&#8221; global_colors_info=&#8221;{}&#8221;][et_pb_text _builder_version=&#8221;4.20.4&#8243; _module_preset=&#8221;default&#8221; custom_margin=&#8221;20px||||false|false&#8221; global_colors_info=&#8221;{}&#8221;]<\/p>\n<h3><span style=\"color: #d52430;\"><strong>Direcci\u00f3<\/strong><\/span><span style=\"color: #d52430;\"><strong>:<\/strong> <\/span><\/h3>\n<p>Placa major, 2 25598 Gessa, Lleida<\/p>\n<h3><span style=\"color: #d52430;\"><strong>Horari Bar municipal:<\/strong><\/span><\/h3>\n<p>De Dimarts a Dissabte de 14:30 a 21:00 hores.<\/p>\n<h3><span style=\"color: #d52430;\"><b>Horari gimnas municipal:<\/b><\/span><\/h3>\n<p>De Dilluns a Diumenge de 07:00 a 21:00 hores.<\/p>\n<p>[\/et_pb_text][et_pb_text _builder_version=&#8221;4.20.4&#8243; _module_preset=&#8221;default&#8221; custom_margin=&#8221;20px||||false|false&#8221; custom_padding=&#8221;||0px|||&#8221; global_colors_info=&#8221;{}&#8221;]<\/p>\n<p>Fins a nova normativa es regir\u00e0 per las sig\u00fcents normes espec\u00edfiques:<\/p>\n<ul>\n<li>Habitants residents al municipi de Naut Aran.<\/li>\n<li>Habitants no residents al municipi de Naut Aran.<\/li>\n<li>Un periode m\u00e0xim de 1 hora.<\/li>\n<li><span style=\"font-size: 17px;\">Obertura del Bar de 14:30 hores a 21 hores.<\/span><\/li>\n<\/ul>\n<p>Per m\u00e9s informaci\u00f3 trucar al 973644030, Ajuntament de Naut Aran en horari d&#8217;oficina (08:30 &#8211; 14:30h). O enviar un correu electr\u00f2nic a info@nautaran.org<\/p>\n<p>&nbsp;<\/p>\n<p>[\/et_pb_text][\/et_pb_column][et_pb_column type=&#8221;1_2&#8243; _builder_version=&#8221;4.16&#8243; _module_preset=&#8221;default&#8221; global_colors_info=&#8221;{}&#8221;][et_pb_image src=&#8221;https:\/\/www.nautaran.org\/wp-content\/uploads\/2023\/09\/Portada_gim.png&#8221; title_text=&#8221;Portada_gim&#8221; show_in_lightbox=&#8221;on&#8221; _builder_version=&#8221;4.20.4&#8243; _module_preset=&#8221;default&#8221; global_colors_info=&#8221;{}&#8221;][\/et_pb_image][\/et_pb_column][\/et_pb_row][\/et_pb_section][et_pb_section fb_built=&#8221;1&#8243; _builder_version=&#8221;4.16&#8243; _module_preset=&#8221;default&#8221; background_color=&#8221;#ffffff&#8221; custom_padding=&#8221;0px||31px|||&#8221; global_colors_info=&#8221;{}&#8221;][et_pb_row make_equal=&#8221;on&#8221; _builder_version=&#8221;4.20.4&#8243; _module_preset=&#8221;default&#8221; background_color=&#8221;rgba(0,0,0,0)&#8221; width=&#8221;79.5%&#8221; custom_margin=&#8221;-3px|auto||auto||&#8221; custom_padding=&#8221;15px||0px|0px||&#8221; border_color_bottom=&#8221;#e8e8e8&#8243; global_colors_info=&#8221;{}&#8221;][et_pb_column type=&#8221;4_4&#8243; _builder_version=&#8221;4.16&#8243; _module_preset=&#8221;default&#8221; custom_padding=&#8221;30px|30px|30px|30px|false|false&#8221; global_colors_info=&#8221;{}&#8221;][et_pb_text _builder_version=&#8221;4.16&#8243; _module_preset=&#8221;default&#8221; header_text_align=&#8221;left&#8221; header_3_text_align=&#8221;left&#8221; custom_margin=&#8221;||-3px|||&#8221; custom_padding=&#8221;||13px|||&#8221; global_colors_info=&#8221;{}&#8221;]<\/p>\n<h3>Normes d&#8217;utilitzaci\u00f3 del gimnas<\/h3>\n<p>[\/et_pb_text][et_pb_text _builder_version=&#8221;4.20.4&#8243; _module_preset=&#8221;default&#8221; background_color=&#8221;#ffffff&#8221; custom_margin=&#8221;3px||11px||false|false&#8221; custom_padding=&#8221;10px|10px|10px|10px|false|false&#8221; global_colors_info=&#8221;{}&#8221;]<\/p>\n<ul>\n<li><strong>Duraci\u00f3:<\/strong> El tiemps m\u00e0xim d&#8217;entrenament est\u00e0 limitat a 1 hora.<\/li>\n<li><strong>Amb reserva:<\/strong> Es obligatori reservar per tel\u00e8fono o per la Aplicaci\u00f3.<\/li>\n<\/ul>\n<p>[\/et_pb_text][\/et_pb_column][\/et_pb_row][\/et_pb_section][et_pb_section fb_built=&#8221;1&#8243; _builder_version=&#8221;4.16&#8243; _module_preset=&#8221;default&#8221; background_color=&#8221;#ffffff&#8221; custom_padding=&#8221;0px||31px|||&#8221; locked=&#8221;off&#8221; global_colors_info=&#8221;{}&#8221;][et_pb_row _builder_version=&#8221;4.20.4&#8243; _module_preset=&#8221;default&#8221; global_colors_info=&#8221;{}&#8221;][et_pb_column type=&#8221;4_4&#8243; _builder_version=&#8221;4.20.4&#8243; _module_preset=&#8221;default&#8221; global_colors_info=&#8221;{}&#8221;][et_pb_text _builder_version=&#8221;4.20.4&#8243; _module_preset=&#8221;default&#8221; global_colors_info=&#8221;{}&#8221;]<\/p>\n<h5>Com pots donar-te d&#8217;alta al Gimnas de Naut Aran?<\/h5>\n<h5>Segueix aquets passos:<\/h5>\n<p>[\/et_pb_text][\/et_pb_column][\/et_pb_row][et_pb_row column_structure=&#8221;1_3,1_3,1_3&#8243; _builder_version=&#8221;4.16&#8243; _module_preset=&#8221;default&#8221; global_colors_info=&#8221;{}&#8221;][et_pb_column type=&#8221;1_3&#8243; _builder_version=&#8221;4.16&#8243; _module_preset=&#8221;default&#8221; global_colors_info=&#8221;{}&#8221;][et_pb_text _builder_version=&#8221;4.20.4&#8243; _module_preset=&#8221;default&#8221; global_colors_info=&#8221;{}&#8221;]<\/p>\n<h3 style=\"text-align: center;\">1 &#8211; Registra&#8217;t<\/h3>\n<p>Podeu registrar-vos a la NOVA App de Naut Aran d&#8217;Equipaments de Naut Aran fent un click en el seg\u00fcent enlla\u00e7 <a href=\"https:\/\/equipamentsnautaran.org\/registre\" title=\"Registre Equipaments Naut Aran\"><strong>Registre Equipaments Naut Aran<\/strong> <\/a>o tamb\u00e9 podeu escanejar aquest codi QR:<\/p>\n<p><a href=\"https:\/\/www.nautaran.org\/wp-content\/uploads\/2024\/04\/REGISTRE_qr-code.png\"><img loading=\"lazy\" decoding=\"async\" src=\"https:\/\/www.nautaran.org\/wp-content\/uploads\/2024\/04\/REGISTRE_qr-code-300x300.png\" width=\"300\" height=\"300\" alt=\"\" class=\"wp-image-20323 alignnone size-medium\" style=\"display: block; margin-left: auto; margin-right: auto;\" \/><\/a><\/p>\n<p>&nbsp;<\/p>\n<p>[\/et_pb_text][\/et_pb_column][et_pb_column type=&#8221;1_3&#8243; _builder_version=&#8221;4.16&#8243; _module_preset=&#8221;default&#8221; global_colors_info=&#8221;{}&#8221;][et_pb_text _builder_version=&#8221;4.20.4&#8243; _module_preset=&#8221;default&#8221; global_colors_info=&#8221;{}&#8221;]<\/p>\n<h3 style=\"text-align: center;\">2 &#8211; Obten l&#8217;aplicaci\u00f3 per a\u00a0 dispositius Apple<\/h3>\n<h3 style=\"text-align: center;\"><\/h3>\n<h3 style=\"text-align: center;\"><\/h3>\n<h3 style=\"text-align: center;\"><\/h3>\n<h3 style=\"text-align: center;\"><\/h3>\n<h3 style=\"text-align: center;\"><\/h3>\n<h3 style=\"text-align: center;\"><a href=\"https:\/\/www.nautaran.org\/wp-content\/uploads\/2022\/04\/logo_apple_200x100.png\"><img loading=\"lazy\" decoding=\"async\" src=\"https:\/\/www.nautaran.org\/wp-content\/uploads\/2022\/04\/logo_apple_200x100.png\" width=\"128\" height=\"38\" alt=\"\" class=\"wp-image-10884 aligncenter size-full\" \/><\/a><\/h3>\n<h3 style=\"text-align: center;\"><\/h3>\n<h3 style=\"text-align: center;\"><a href=\"https:\/\/www.nautaran.org\/wp-content\/uploads\/2024\/04\/APPLE_qr-code-1.png\"><img loading=\"lazy\" decoding=\"async\" src=\"https:\/\/www.nautaran.org\/wp-content\/uploads\/2024\/04\/APPLE_qr-code-1-300x300.png\" width=\"300\" height=\"300\" alt=\"\" class=\"wp-image-20320 alignnone size-medium\" \/><\/a><\/h3>\n<p style=\"text-align: center;\">o pots fer click en el seg\u00fcent enlla\u00e7:<\/p>\n<p style=\"text-align: center;\"><strong><a href=\"https:\/\/apps.apple.com\/es\/app\/naut-aran\/id1664760964\" title=\"App Apple Naut Aran\">App Apple Naut Aran<\/a><\/strong><\/p>\n<p>[\/et_pb_text][\/et_pb_column][et_pb_column type=&#8221;1_3&#8243; _builder_version=&#8221;4.16&#8243; _module_preset=&#8221;default&#8221; global_colors_info=&#8221;{}&#8221;][et_pb_text _builder_version=&#8221;4.20.4&#8243; _module_preset=&#8221;default&#8221; global_colors_info=&#8221;{}&#8221;]<\/p>\n<h3 style=\"text-align: center;\">2 &#8211; Obten l&#8217;aplicaci\u00f3 per a dispositius Android<\/h3>\n<p>&nbsp;<\/p>\n<h3 style=\"text-align: center;\"><a href=\"https:\/\/www.nautaran.org\/wp-content\/uploads\/2022\/04\/logo_android_200x100.png\"><img loading=\"lazy\" decoding=\"async\" src=\"https:\/\/www.nautaran.org\/wp-content\/uploads\/2022\/04\/logo_android_200x100.png\" width=\"128\" height=\"38\" alt=\"\" class=\"wp-image-10869 aligncenter size-full\" \/><\/a><\/h3>\n<h3 style=\"text-align: center;\"><\/h3>\n<h3 style=\"text-align: center;\"><a href=\"https:\/\/www.nautaran.org\/wp-content\/uploads\/2024\/04\/android_qr.png\"><img loading=\"lazy\" decoding=\"async\" src=\"https:\/\/www.nautaran.org\/wp-content\/uploads\/2024\/04\/android_qr-300x300.png\" width=\"300\" height=\"300\" alt=\"\" class=\"wp-image-20317 alignnone size-medium\" \/><\/a><\/h3>\n<p style=\"text-align: center;\">o pots fer click en el seg\u00fcent enlla\u00e7:<\/p>\n<p style=\"text-align: center;\"><strong><a href=\"https:\/\/play.google.com\/store\/apps\/details?id=com.kmp.tankuamajunautaran\" title=\"App Android Naut Aran\">App Android Naut Aran<\/a><\/strong><\/p>\n<p>[\/et_pb_text][\/et_pb_column][\/et_pb_row][et_pb_row _builder_version=&#8221;4.20.4&#8243; _module_preset=&#8221;default&#8221; global_colors_info=&#8221;{}&#8221;][et_pb_column type=&#8221;4_4&#8243; _builder_version=&#8221;4.20.4&#8243; _module_preset=&#8221;default&#8221; global_colors_info=&#8221;{}&#8221;][et_pb_text _builder_version=&#8221;4.20.4&#8243; _module_preset=&#8221;default&#8221; global_colors_info=&#8221;{}&#8221;]<\/p>\n<p><em><strong><a href=\"https:\/\/www.nautaran.org\/wp-content\/uploads\/2024\/09\/Manual_Gimnas.pdf\">Manual d&#8217;adquisic\u00f3 de quotes del Gimn\u00e0s.<\/a><\/strong><\/em><\/p>\n<p>[\/et_pb_text][\/et_pb_column][\/et_pb_row][\/et_pb_section][et_pb_section fb_built=&#8221;1&#8243; _builder_version=&#8221;4.16&#8243; _module_preset=&#8221;default&#8221; background_color=&#8221;#efefef&#8221; custom_margin=&#8221;-38px|||||&#8221; custom_padding=&#8221;60px||0px|||&#8221; global_colors_info=&#8221;{}&#8221;][\/et_pb_section]<\/p>\n","protected":false},"excerpt":{"rendered":"<p>Gimnas de Naut Aran en GessaDirecci\u00f3: Placa major, 2 25598 Gessa, Lleida Horari Bar municipal: De Dimarts a Dissabte de 14:30 a 21:00 hores. Horari gimnas municipal: De Dilluns a Diumenge de 07:00 a 21:00 hores.Fins a nova normativa es regir\u00e0 per las sig\u00fcents normes espec\u00edfiques: Habitants residents al municipi de Naut Aran. Habitants no [&hellip;]<\/p>\n","protected":false},"author":3,"featured_media":0,"parent":13938,"menu_order":0,"comment_status":"closed","ping_status":"closed","template":"","meta":{"_acf_changed":false,"_et_pb_use_builder":"on","_et_pb_old_content":"","_et_gb_content_width":"","footnotes":""},"class_list":["post-8251","page","type-page","status-publish","hentry"],"acf":[],"yoast_head":"<!-- This site is optimized with the Yoast SEO plugin v26.8 - https:\/\/yoast.com\/product\/yoast-seo-wordpress\/ -->\n<title>Gimnas de Naut Aran en Gessa - Ajuntament de Naut Aran<\/title>\n<meta name=\"robots\" content=\"index, follow, max-snippet:-1, max-image-preview:large, max-video-preview:-1\" \/>\n<link rel=\"canonical\" href=\"https:\/\/www.nautaran.org\/ca\/servicis\/esports\/gimnas-de-naut-aran-en-gessa\/\" \/>\n<meta property=\"og:locale\" content=\"ca_ES\" \/>\n<meta property=\"og:type\" content=\"article\" \/>\n<meta property=\"og:title\" content=\"Gimnas de Naut Aran en Gessa - Ajuntament de Naut Aran\" \/>\n<meta property=\"og:description\" content=\"Gimnas de Naut Aran en GessaDirecci\u00f3: Placa major, 2 25598 Gessa, Lleida Horari Bar municipal: De Dimarts a Dissabte de 14:30 a 21:00 hores. Horari gimnas municipal: De Dilluns a Diumenge de 07:00 a 21:00 hores.Fins a nova normativa es regir\u00e0 per las sig\u00fcents normes espec\u00edfiques: Habitants residents al municipi de Naut Aran. Habitants no [&hellip;]\" \/>\n<meta property=\"og:url\" content=\"https:\/\/www.nautaran.org\/ca\/servicis\/esports\/gimnas-de-naut-aran-en-gessa\/\" \/>\n<meta property=\"og:site_name\" content=\"Ajuntament de Naut Aran\" \/>\n<meta property=\"article:modified_time\" content=\"2025-04-23T11:59:57+00:00\" \/>\n<meta property=\"og:image\" content=\"https:\/\/www.nautaran.org\/wp-content\/uploads\/2024\/04\/REGISTRE_qr-code-300x300.png\" \/>\n<meta name=\"twitter:card\" content=\"summary_large_image\" \/>\n<meta name=\"twitter:label1\" content=\"Est. reading time\" \/>\n\t<meta name=\"twitter:data1\" content=\"3 minutes\" \/>\n<script type=\"application\/ld+json\" class=\"yoast-schema-graph\">{\"@context\":\"https:\/\/schema.org\",\"@graph\":[{\"@type\":\"WebPage\",\"@id\":\"https:\/\/www.nautaran.org\/ca\/servicis\/esports\/gimnas-de-naut-aran-en-gessa\/\",\"url\":\"https:\/\/www.nautaran.org\/ca\/servicis\/esports\/gimnas-de-naut-aran-en-gessa\/\",\"name\":\"Gimnas de Naut Aran en Gessa - Ajuntament de Naut Aran\",\"isPartOf\":{\"@id\":\"https:\/\/www.nautaran.org\/#website\"},\"primaryImageOfPage\":{\"@id\":\"https:\/\/www.nautaran.org\/ca\/servicis\/esports\/gimnas-de-naut-aran-en-gessa\/#primaryimage\"},\"image\":{\"@id\":\"https:\/\/www.nautaran.org\/ca\/servicis\/esports\/gimnas-de-naut-aran-en-gessa\/#primaryimage\"},\"thumbnailUrl\":\"https:\/\/www.nautaran.org\/wp-content\/uploads\/2024\/04\/REGISTRE_qr-code-300x300.png\",\"datePublished\":\"2021-04-07T14:09:38+00:00\",\"dateModified\":\"2025-04-23T11:59:57+00:00\",\"breadcrumb\":{\"@id\":\"https:\/\/www.nautaran.org\/ca\/servicis\/esports\/gimnas-de-naut-aran-en-gessa\/#breadcrumb\"},\"inLanguage\":\"ca-ES\",\"potentialAction\":[{\"@type\":\"ReadAction\",\"target\":[\"https:\/\/www.nautaran.org\/ca\/servicis\/esports\/gimnas-de-naut-aran-en-gessa\/\"]}]},{\"@type\":\"ImageObject\",\"inLanguage\":\"ca-ES\",\"@id\":\"https:\/\/www.nautaran.org\/ca\/servicis\/esports\/gimnas-de-naut-aran-en-gessa\/#primaryimage\",\"url\":\"https:\/\/www.nautaran.org\/wp-content\/uploads\/2024\/04\/REGISTRE_qr-code-300x300.png\",\"contentUrl\":\"https:\/\/www.nautaran.org\/wp-content\/uploads\/2024\/04\/REGISTRE_qr-code-300x300.png\"},{\"@type\":\"BreadcrumbList\",\"@id\":\"https:\/\/www.nautaran.org\/ca\/servicis\/esports\/gimnas-de-naut-aran-en-gessa\/#breadcrumb\",\"itemListElement\":[{\"@type\":\"ListItem\",\"position\":1,\"name\":\"Portada\",\"item\":\"https:\/\/www.nautaran.org\/ca\/home-2\/\"},{\"@type\":\"ListItem\",\"position\":2,\"name\":\"Servicis\",\"item\":\"https:\/\/www.nautaran.org\/ca\/servicis\/\"},{\"@type\":\"ListItem\",\"position\":3,\"name\":\"Esports\",\"item\":\"https:\/\/www.nautaran.org\/ca\/servicis\/esports\/\"},{\"@type\":\"ListItem\",\"position\":4,\"name\":\"Gimnas de Naut Aran en Gessa\"}]},{\"@type\":\"WebSite\",\"@id\":\"https:\/\/www.nautaran.org\/#website\",\"url\":\"https:\/\/www.nautaran.org\/\",\"name\":\"Ajuntament de Naut Aran\",\"description\":\"Naut Aran\",\"potentialAction\":[{\"@type\":\"SearchAction\",\"target\":{\"@type\":\"EntryPoint\",\"urlTemplate\":\"https:\/\/www.nautaran.org\/?s={search_term_string}\"},\"query-input\":{\"@type\":\"PropertyValueSpecification\",\"valueRequired\":true,\"valueName\":\"search_term_string\"}}],\"inLanguage\":\"ca-ES\"}]}<\/script>\n<!-- \/ Yoast SEO plugin. -->","yoast_head_json":{"title":"Gimnas de Naut Aran en Gessa - Ajuntament de Naut Aran","robots":{"index":"index","follow":"follow","max-snippet":"max-snippet:-1","max-image-preview":"max-image-preview:large","max-video-preview":"max-video-preview:-1"},"canonical":"https:\/\/www.nautaran.org\/ca\/servicis\/esports\/gimnas-de-naut-aran-en-gessa\/","og_locale":"ca_ES","og_type":"article","og_title":"Gimnas de Naut Aran en Gessa - Ajuntament de Naut Aran","og_description":"Gimnas de Naut Aran en GessaDirecci\u00f3: Placa major, 2 25598 Gessa, Lleida Horari Bar municipal: De Dimarts a Dissabte de 14:30 a 21:00 hores. Horari gimnas municipal: De Dilluns a Diumenge de 07:00 a 21:00 hores.Fins a nova normativa es regir\u00e0 per las sig\u00fcents normes espec\u00edfiques: Habitants residents al municipi de Naut Aran. Habitants no [&hellip;]","og_url":"https:\/\/www.nautaran.org\/ca\/servicis\/esports\/gimnas-de-naut-aran-en-gessa\/","og_site_name":"Ajuntament de Naut Aran","article_modified_time":"2025-04-23T11:59:57+00:00","og_image":[{"url":"https:\/\/www.nautaran.org\/wp-content\/uploads\/2024\/04\/REGISTRE_qr-code-300x300.png","type":"","width":"","height":""}],"twitter_card":"summary_large_image","twitter_misc":{"Est. reading time":"3 minutes"},"schema":{"@context":"https:\/\/schema.org","@graph":[{"@type":"WebPage","@id":"https:\/\/www.nautaran.org\/ca\/servicis\/esports\/gimnas-de-naut-aran-en-gessa\/","url":"https:\/\/www.nautaran.org\/ca\/servicis\/esports\/gimnas-de-naut-aran-en-gessa\/","name":"Gimnas de Naut Aran en Gessa - Ajuntament de Naut Aran","isPartOf":{"@id":"https:\/\/www.nautaran.org\/#website"},"primaryImageOfPage":{"@id":"https:\/\/www.nautaran.org\/ca\/servicis\/esports\/gimnas-de-naut-aran-en-gessa\/#primaryimage"},"image":{"@id":"https:\/\/www.nautaran.org\/ca\/servicis\/esports\/gimnas-de-naut-aran-en-gessa\/#primaryimage"},"thumbnailUrl":"https:\/\/www.nautaran.org\/wp-content\/uploads\/2024\/04\/REGISTRE_qr-code-300x300.png","datePublished":"2021-04-07T14:09:38+00:00","dateModified":"2025-04-23T11:59:57+00:00","breadcrumb":{"@id":"https:\/\/www.nautaran.org\/ca\/servicis\/esports\/gimnas-de-naut-aran-en-gessa\/#breadcrumb"},"inLanguage":"ca-ES","potentialAction":[{"@type":"ReadAction","target":["https:\/\/www.nautaran.org\/ca\/servicis\/esports\/gimnas-de-naut-aran-en-gessa\/"]}]},{"@type":"ImageObject","inLanguage":"ca-ES","@id":"https:\/\/www.nautaran.org\/ca\/servicis\/esports\/gimnas-de-naut-aran-en-gessa\/#primaryimage","url":"https:\/\/www.nautaran.org\/wp-content\/uploads\/2024\/04\/REGISTRE_qr-code-300x300.png","contentUrl":"https:\/\/www.nautaran.org\/wp-content\/uploads\/2024\/04\/REGISTRE_qr-code-300x300.png"},{"@type":"BreadcrumbList","@id":"https:\/\/www.nautaran.org\/ca\/servicis\/esports\/gimnas-de-naut-aran-en-gessa\/#breadcrumb","itemListElement":[{"@type":"ListItem","position":1,"name":"Portada","item":"https:\/\/www.nautaran.org\/ca\/home-2\/"},{"@type":"ListItem","position":2,"name":"Servicis","item":"https:\/\/www.nautaran.org\/ca\/servicis\/"},{"@type":"ListItem","position":3,"name":"Esports","item":"https:\/\/www.nautaran.org\/ca\/servicis\/esports\/"},{"@type":"ListItem","position":4,"name":"Gimnas de Naut Aran en Gessa"}]},{"@type":"WebSite","@id":"https:\/\/www.nautaran.org\/#website","url":"https:\/\/www.nautaran.org\/","name":"Ajuntament de Naut Aran","description":"Naut Aran","potentialAction":[{"@type":"SearchAction","target":{"@type":"EntryPoint","urlTemplate":"https:\/\/www.nautaran.org\/?s={search_term_string}"},"query-input":{"@type":"PropertyValueSpecification","valueRequired":true,"valueName":"search_term_string"}}],"inLanguage":"ca-ES"}]}},"_links":{"self":[{"href":"https:\/\/www.nautaran.org\/ca\/wp-json\/wp\/v2\/pages\/8251","targetHints":{"allow":["GET"]}}],"collection":[{"href":"https:\/\/www.nautaran.org\/ca\/wp-json\/wp\/v2\/pages"}],"about":[{"href":"https:\/\/www.nautaran.org\/ca\/wp-json\/wp\/v2\/types\/page"}],"author":[{"embeddable":true,"href":"https:\/\/www.nautaran.org\/ca\/wp-json\/wp\/v2\/users\/3"}],"replies":[{"embeddable":true,"href":"https:\/\/www.nautaran.org\/ca\/wp-json\/wp\/v2\/comments?post=8251"}],"version-history":[{"count":14,"href":"https:\/\/www.nautaran.org\/ca\/wp-json\/wp\/v2\/pages\/8251\/revisions"}],"predecessor-version":[{"id":22718,"href":"https:\/\/www.nautaran.org\/ca\/wp-json\/wp\/v2\/pages\/8251\/revisions\/22718"}],"up":[{"embeddable":true,"href":"https:\/\/www.nautaran.org\/ca\/wp-json\/wp\/v2\/pages\/13938"}],"wp:attachment":[{"href":"https:\/\/www.nautaran.org\/ca\/wp-json\/wp\/v2\/media?parent=8251"}],"curies":[{"name":"wp","href":"https:\/\/api.w.org\/{rel}","templated":true}]}}