{"id":12268,"date":"2022-07-26T10:35:05","date_gmt":"2022-07-26T08:35:05","guid":{"rendered":"https:\/\/www.nautaran.org\/?page_id=12268"},"modified":"2022-08-03T08:45:01","modified_gmt":"2022-08-03T06:45:01","slug":"viles-de-garos","status":"publish","type":"page","link":"https:\/\/www.nautaran.org\/es\/villas-floridas-naut-aran\/viles-de-garos\/","title":{"rendered":"Viles de Gar\u00f2s"},"content":{"rendered":"<p>[et_pb_section fb_built=\u00bb1&#8243; _builder_version=\u00bb4.16&#8243; _module_preset=\u00bbdefault\u00bb use_background_color_gradient=\u00bbon\u00bb background_color_gradient_direction=\u00bb160deg\u00bb background_color_gradient_stops=\u00bbrgba(115,152,198,0.9) 0%|rgba(143,196,109,0.9) 100%\u00bb background_color_gradient_overlays_image=\u00bbon\u00bb background_color_gradient_start=\u00bbrgba(115,152,198,0.9)\u00bb background_color_gradient_end=\u00bbrgba(143,196,109,0.9)\u00bb background_image=\u00bbhttps:\/\/www.nautaran.org\/wp-content\/uploads\/2020\/10\/arties-3.jpg\u00bb custom_padding=\u00bb5px||13px|||\u00bb global_colors_info=\u00bb{}\u00bb][et_pb_row _builder_version=\u00bb4.16&#8243; _module_preset=\u00bbdefault\u00bb custom_margin=\u00bb|auto|-10px|auto||\u00bb custom_padding=\u00bb82px||66px|||\u00bb global_colors_info=\u00bb{}\u00bb][et_pb_column type=\u00bb4_4&#8243; _builder_version=\u00bb4.16&#8243; _module_preset=\u00bbdefault\u00bb global_colors_info=\u00bb{}\u00bb][et_pb_text _builder_version=\u00bb4.16&#8243; _module_preset=\u00bbdefault\u00bb header_text_align=\u00bbcenter\u00bb header_text_color=\u00bb#ffffff\u00bb header_font_size=\u00bb70px\u00bb header_font_size_tablet=\u00bb50px\u00bb header_font_size_phone=\u00bb35px\u00bb header_font_size_last_edited=\u00bbon|phone\u00bb header_text_shadow_style=\u00bbpreset3&#8243; global_colors_info=\u00bb{}\u00bb]<\/p>\n<h1>Viles Florides pueblo de Gar\u00f2s<\/h1>\n<p>[\/et_pb_text][\/et_pb_column][\/et_pb_row][\/et_pb_section][et_pb_section fb_built=\u00bb1&#8243; _builder_version=\u00bb4.16&#8243; _module_preset=\u00bbdefault\u00bb background_color=\u00bb#efefef\u00bb custom_padding=\u00bb33px||31px|||\u00bb global_colors_info=\u00bb{}\u00bb][et_pb_row column_structure=\u00bb1_2,1_2&#8243; _builder_version=\u00bb4.16&#8243; _module_preset=\u00bbdefault\u00bb global_colors_info=\u00bb{}\u00bb][et_pb_column type=\u00bb1_2&#8243; _builder_version=\u00bb4.16&#8243; _module_preset=\u00bbdefault\u00bb global_colors_info=\u00bb{}\u00bb][et_pb_text _builder_version=\u00bb4.17.6&#8243; _module_preset=\u00bbdefault\u00bb custom_padding=\u00bb||2px|||\u00bb global_colors_info=\u00bb{}\u00bb]<\/p>\n<h5 style=\"text-align: justify;\">GAR\u00d2S<\/h5>\n<p style=\"text-align: justify;\">Situado a 1.115 metros de altitud, Gar\u00f2s se emplaza al pie de la monta\u00f1a de Espiargo, en la vertiente derecha del r\u00edo Garona. Entre los principales atractivos de este peque\u00f1o pueblo destacan la necr\u00f3polis con restos paleocristianos y la iglesia de Sant Juli\u00e0. De origen rom\u00e1nico y reformada en el siglo XV, cuenta con un campanario del a\u00f1o 1619 que emula una torre de defensa.<\/p>\n<p style=\"text-align: justify;\">Delante de la iglesia puede contemplarse el busto de Moss\u00e8n Jus\u00e8p Amiell, obra de la escultora aranesa Gloria Corona Socasau en reconocimiento a toda la trayectoria de este honorable vecino de Gar\u00f2s que, entre otros, fue galardonado con el Premio Lengua Viva en 2004, la Medalla de Oro del Conselh Generau d&#8217;Aran en 2010 y la Cruz de San Jorge de la Generalidad de Catalu\u00f1a en 2012.<br \/>No puede dejar de visitar la urbanizaci\u00f3n \u201cPleta de Gar\u00f2s\u201d, premio FAD (Fomento de las Artes Decorativas) por su excelente construcci\u00f3n de estilo de bordas aranesas.<\/p>\n<h5 style=\"text-align: justify;\">Proyecto Florido<\/h5>\n<p style=\"text-align: justify;\">Las calles de Gar\u00f2s se llenan de colores y de vida con las flores que lucen en muchos rincones del pueblo. Los vecinos tambi\u00e9n contribuyen a embellecer la villa adornando con mucho cuidado las fachadas, ventanas y balcones.<\/p>\n<h5 style=\"text-align: justify;\"><\/h5>\n<h5 style=\"text-align: justify;\">Cualificaci\u00f3n<\/h5>\n<p>[\/et_pb_text][et_pb_image src=\u00bbhttps:\/\/www.nautaran.org\/wp-content\/uploads\/2022\/07\/3_Flors-1.png\u00bb title_text=\u00bb3_Flors\u00bb _builder_version=\u00bb4.17.6&#8243; _module_preset=\u00bbdefault\u00bb global_colors_info=\u00bb{}\u00bb][\/et_pb_image][\/et_pb_column][et_pb_column type=\u00bb1_2&#8243; _builder_version=\u00bb4.16&#8243; _module_preset=\u00bbdefault\u00bb global_colors_info=\u00bb{}\u00bb][et_pb_image src=\u00bbhttps:\/\/www.nautaran.org\/wp-content\/uploads\/2022\/08\/garos.jpg\u00bb title_text=\u00bbgaros\u00bb show_in_lightbox=\u00bbon\u00bb _builder_version=\u00bb4.17.6&#8243; _module_preset=\u00bbdefault\u00bb hover_enabled=\u00bb0&#8243; global_colors_info=\u00bb{}\u00bb sticky_enabled=\u00bb0&#8243;][\/et_pb_image][\/et_pb_column][\/et_pb_row][\/et_pb_section][et_pb_section fb_built=\u00bb1&#8243; _builder_version=\u00bb4.16&#8243; _module_preset=\u00bbdefault\u00bb background_color=\u00bb#ffffff\u00bb custom_padding=\u00bb33px||17px|||\u00bb global_colors_info=\u00bb{}\u00bb][et_pb_row _builder_version=\u00bb4.16&#8243; _module_preset=\u00bbdefault\u00bb background_enable_color=\u00bboff\u00bb custom_margin=\u00bb-3px|auto||auto||\u00bb custom_padding=\u00bb3px||0px|||\u00bb border_width_bottom=\u00bb2px\u00bb border_color_bottom=\u00bb#e8e8e8&#8243; global_colors_info=\u00bb{}\u00bb][et_pb_column type=\u00bb4_4&#8243; _builder_version=\u00bb4.16&#8243; _module_preset=\u00bbdefault\u00bb global_colors_info=\u00bb{}\u00bb][et_pb_text _builder_version=\u00bb4.16&#8243; _module_preset=\u00bbdefault\u00bb header_text_align=\u00bbleft\u00bb header_3_text_align=\u00bbcenter\u00bb custom_margin=\u00bb||-3px|||\u00bb custom_padding=\u00bb||0px|||\u00bb global_colors_info=\u00bb{}\u00bb]<\/p>\n<h3>Mapa<\/h3>\n<p>[\/et_pb_text][\/et_pb_column][\/et_pb_row][et_pb_row _builder_version=\u00bb4.16&#8243; _module_preset=\u00bbdefault\u00bb global_colors_info=\u00bb{}\u00bb][et_pb_column type=\u00bb4_4&#8243; _builder_version=\u00bb4.16&#8243; _module_preset=\u00bbdefault\u00bb global_colors_info=\u00bb{}\u00bb][et_pb_code _builder_version=\u00bb4.17.6&#8243; _module_preset=\u00bbdefault\u00bb global_colors_info=\u00bb{}\u00bb]<iframe loading=\"lazy\" style=\"border: 0;\" tabindex=\"0\" src=\"https:\/\/www.google.com\/maps\/embed?pb=!1m18!1m12!1m3!1d1466.074469365574!2d0.8444757583158777!3d42.700567015968694!2m3!1f0!2f0!3f0!3m2!1i1024!2i768!4f13.1!3m3!1m2!1s0x12a899e12365faab%3A0x4b707014d4d418d3!2zMjU1MzkgR2Fyw7NzLCBMw6lyaWRh!5e0!3m2!1ses!2ses!4v1602321359443!5m2!1ses!2ses\" width=\"1920\" height=\"600\" frameborder=\"0\" allowfullscreen=\"allowfullscreen\" aria-hidden=\"false\"><\/iframe>[\/et_pb_code][\/et_pb_column][\/et_pb_row][\/et_pb_section]<\/p>\n","protected":false},"excerpt":{"rendered":"<p>Viles Florides pueblo de Gar\u00f2sGAR\u00d2S Situado a 1.115 metros de altitud, Gar\u00f2s se emplaza al pie de la monta\u00f1a de Espiargo, en la vertiente derecha del r\u00edo Garona. Entre los principales atractivos de este peque\u00f1o pueblo destacan la necr\u00f3polis con restos paleocristianos y la iglesia de Sant Juli\u00e0. De origen rom\u00e1nico y reformada en el [&hellip;]<\/p>\n","protected":false},"author":6,"featured_media":0,"parent":12060,"menu_order":0,"comment_status":"closed","ping_status":"closed","template":"","meta":{"_acf_changed":false,"_et_pb_use_builder":"on","_et_pb_old_content":"","_et_gb_content_width":"","footnotes":""},"class_list":["post-12268","page","type-page","status-publish","hentry"],"acf":[],"yoast_head":"<!-- This site is optimized with the Yoast SEO plugin v26.8 - https:\/\/yoast.com\/product\/yoast-seo-wordpress\/ -->\n<title>Viles de Gar\u00f2s - Ajuntament de Naut Aran<\/title>\n<meta name=\"robots\" content=\"index, follow, max-snippet:-1, max-image-preview:large, max-video-preview:-1\" \/>\n<link rel=\"canonical\" href=\"https:\/\/www.nautaran.org\/es\/villas-floridas-naut-aran\/viles-de-garos\/\" \/>\n<meta property=\"og:locale\" content=\"es_ES\" \/>\n<meta property=\"og:type\" content=\"article\" \/>\n<meta property=\"og:title\" content=\"Viles de Gar\u00f2s - Ajuntament de Naut Aran\" \/>\n<meta property=\"og:description\" content=\"Viles Florides pueblo de Gar\u00f2sGAR\u00d2S Situado a 1.115 metros de altitud, Gar\u00f2s se emplaza al pie de la monta\u00f1a de Espiargo, en la vertiente derecha del r\u00edo Garona. Entre los principales atractivos de este peque\u00f1o pueblo destacan la necr\u00f3polis con restos paleocristianos y la iglesia de Sant Juli\u00e0. De origen rom\u00e1nico y reformada en el [&hellip;]\" \/>\n<meta property=\"og:url\" content=\"https:\/\/www.nautaran.org\/es\/villas-floridas-naut-aran\/viles-de-garos\/\" \/>\n<meta property=\"og:site_name\" content=\"Ajuntament de Naut Aran\" \/>\n<meta property=\"article:modified_time\" content=\"2022-08-03T06:45:01+00:00\" \/>\n<meta name=\"twitter:card\" content=\"summary_large_image\" \/>\n<meta name=\"twitter:label1\" content=\"Tiempo de lectura\" \/>\n\t<meta name=\"twitter:data1\" content=\"2 minutos\" \/>\n<script type=\"application\/ld+json\" class=\"yoast-schema-graph\">{\"@context\":\"https:\/\/schema.org\",\"@graph\":[{\"@type\":\"WebPage\",\"@id\":\"https:\/\/www.nautaran.org\/es\/villas-floridas-naut-aran\/viles-de-garos\/\",\"url\":\"https:\/\/www.nautaran.org\/es\/villas-floridas-naut-aran\/viles-de-garos\/\",\"name\":\"Viles de Gar\u00f2s - Ajuntament de Naut Aran\",\"isPartOf\":{\"@id\":\"https:\/\/www.nautaran.org\/#website\"},\"datePublished\":\"2022-07-26T08:35:05+00:00\",\"dateModified\":\"2022-08-03T06:45:01+00:00\",\"breadcrumb\":{\"@id\":\"https:\/\/www.nautaran.org\/es\/villas-floridas-naut-aran\/viles-de-garos\/#breadcrumb\"},\"inLanguage\":\"es\",\"potentialAction\":[{\"@type\":\"ReadAction\",\"target\":[\"https:\/\/www.nautaran.org\/es\/villas-floridas-naut-aran\/viles-de-garos\/\"]}]},{\"@type\":\"BreadcrumbList\",\"@id\":\"https:\/\/www.nautaran.org\/es\/villas-floridas-naut-aran\/viles-de-garos\/#breadcrumb\",\"itemListElement\":[{\"@type\":\"ListItem\",\"position\":1,\"name\":\"Portada\",\"item\":\"https:\/\/www.nautaran.org\/es\/home-2\/\"},{\"@type\":\"ListItem\",\"position\":2,\"name\":\"Viles Florides\",\"item\":\"https:\/\/www.nautaran.org\/es\/villas-floridas-naut-aran\/\"},{\"@type\":\"ListItem\",\"position\":3,\"name\":\"Viles de Gar\u00f2s\"}]},{\"@type\":\"WebSite\",\"@id\":\"https:\/\/www.nautaran.org\/#website\",\"url\":\"https:\/\/www.nautaran.org\/\",\"name\":\"Ajuntament de Naut Aran\",\"description\":\"Naut Aran\",\"potentialAction\":[{\"@type\":\"SearchAction\",\"target\":{\"@type\":\"EntryPoint\",\"urlTemplate\":\"https:\/\/www.nautaran.org\/?s={search_term_string}\"},\"query-input\":{\"@type\":\"PropertyValueSpecification\",\"valueRequired\":true,\"valueName\":\"search_term_string\"}}],\"inLanguage\":\"es\"}]}<\/script>\n<!-- \/ Yoast SEO plugin. -->","yoast_head_json":{"title":"Viles de Gar\u00f2s - Ajuntament de Naut Aran","robots":{"index":"index","follow":"follow","max-snippet":"max-snippet:-1","max-image-preview":"max-image-preview:large","max-video-preview":"max-video-preview:-1"},"canonical":"https:\/\/www.nautaran.org\/es\/villas-floridas-naut-aran\/viles-de-garos\/","og_locale":"es_ES","og_type":"article","og_title":"Viles de Gar\u00f2s - Ajuntament de Naut Aran","og_description":"Viles Florides pueblo de Gar\u00f2sGAR\u00d2S Situado a 1.115 metros de altitud, Gar\u00f2s se emplaza al pie de la monta\u00f1a de Espiargo, en la vertiente derecha del r\u00edo Garona. Entre los principales atractivos de este peque\u00f1o pueblo destacan la necr\u00f3polis con restos paleocristianos y la iglesia de Sant Juli\u00e0. De origen rom\u00e1nico y reformada en el [&hellip;]","og_url":"https:\/\/www.nautaran.org\/es\/villas-floridas-naut-aran\/viles-de-garos\/","og_site_name":"Ajuntament de Naut Aran","article_modified_time":"2022-08-03T06:45:01+00:00","twitter_card":"summary_large_image","twitter_misc":{"Tiempo de lectura":"2 minutos"},"schema":{"@context":"https:\/\/schema.org","@graph":[{"@type":"WebPage","@id":"https:\/\/www.nautaran.org\/es\/villas-floridas-naut-aran\/viles-de-garos\/","url":"https:\/\/www.nautaran.org\/es\/villas-floridas-naut-aran\/viles-de-garos\/","name":"Viles de Gar\u00f2s - Ajuntament de Naut Aran","isPartOf":{"@id":"https:\/\/www.nautaran.org\/#website"},"datePublished":"2022-07-26T08:35:05+00:00","dateModified":"2022-08-03T06:45:01+00:00","breadcrumb":{"@id":"https:\/\/www.nautaran.org\/es\/villas-floridas-naut-aran\/viles-de-garos\/#breadcrumb"},"inLanguage":"es","potentialAction":[{"@type":"ReadAction","target":["https:\/\/www.nautaran.org\/es\/villas-floridas-naut-aran\/viles-de-garos\/"]}]},{"@type":"BreadcrumbList","@id":"https:\/\/www.nautaran.org\/es\/villas-floridas-naut-aran\/viles-de-garos\/#breadcrumb","itemListElement":[{"@type":"ListItem","position":1,"name":"Portada","item":"https:\/\/www.nautaran.org\/es\/home-2\/"},{"@type":"ListItem","position":2,"name":"Viles Florides","item":"https:\/\/www.nautaran.org\/es\/villas-floridas-naut-aran\/"},{"@type":"ListItem","position":3,"name":"Viles de Gar\u00f2s"}]},{"@type":"WebSite","@id":"https:\/\/www.nautaran.org\/#website","url":"https:\/\/www.nautaran.org\/","name":"Ajuntament de Naut Aran","description":"Naut Aran","potentialAction":[{"@type":"SearchAction","target":{"@type":"EntryPoint","urlTemplate":"https:\/\/www.nautaran.org\/?s={search_term_string}"},"query-input":{"@type":"PropertyValueSpecification","valueRequired":true,"valueName":"search_term_string"}}],"inLanguage":"es"}]}},"_links":{"self":[{"href":"https:\/\/www.nautaran.org\/es\/wp-json\/wp\/v2\/pages\/12268","targetHints":{"allow":["GET"]}}],"collection":[{"href":"https:\/\/www.nautaran.org\/es\/wp-json\/wp\/v2\/pages"}],"about":[{"href":"https:\/\/www.nautaran.org\/es\/wp-json\/wp\/v2\/types\/page"}],"author":[{"embeddable":true,"href":"https:\/\/www.nautaran.org\/es\/wp-json\/wp\/v2\/users\/6"}],"replies":[{"embeddable":true,"href":"https:\/\/www.nautaran.org\/es\/wp-json\/wp\/v2\/comments?post=12268"}],"version-history":[{"count":5,"href":"https:\/\/www.nautaran.org\/es\/wp-json\/wp\/v2\/pages\/12268\/revisions"}],"predecessor-version":[{"id":12461,"href":"https:\/\/www.nautaran.org\/es\/wp-json\/wp\/v2\/pages\/12268\/revisions\/12461"}],"up":[{"embeddable":true,"href":"https:\/\/www.nautaran.org\/es\/wp-json\/wp\/v2\/pages\/12060"}],"wp:attachment":[{"href":"https:\/\/www.nautaran.org\/es\/wp-json\/wp\/v2\/media?parent=12268"}],"curies":[{"name":"wp","href":"https:\/\/api.w.org\/{rel}","templated":true}]}}