{"id":12285,"date":"2022-07-26T11:17:29","date_gmt":"2022-07-26T09:17:29","guid":{"rendered":"https:\/\/www.nautaran.org\/?page_id=12285"},"modified":"2022-08-03T10:56:44","modified_gmt":"2022-08-03T08:56:44","slug":"viles-de-bagergue","status":"publish","type":"page","link":"https:\/\/www.nautaran.org\/es\/villas-floridas-naut-aran\/viles-de-bagergue\/","title":{"rendered":"Viles de Bagergue"},"content":{"rendered":"<p>[et_pb_section fb_built=\u00bb1&#8243; _builder_version=\u00bb4.16&#8243; _module_preset=\u00bbdefault\u00bb use_background_color_gradient=\u00bbon\u00bb background_color_gradient_direction=\u00bb160deg\u00bb background_color_gradient_stops=\u00bbrgba(115,152,198,0.9) 0%|rgba(143,196,109,0.9) 100%\u00bb background_color_gradient_overlays_image=\u00bbon\u00bb background_color_gradient_start=\u00bbrgba(115,152,198,0.9)\u00bb background_color_gradient_end=\u00bbrgba(143,196,109,0.9)\u00bb background_image=\u00bbhttps:\/\/www.nautaran.org\/wp-content\/uploads\/2020\/10\/arties-3.jpg\u00bb custom_padding=\u00bb5px||13px|||\u00bb global_colors_info=\u00bb{}\u00bb][et_pb_row _builder_version=\u00bb4.16&#8243; _module_preset=\u00bbdefault\u00bb custom_margin=\u00bb|auto|-10px|auto||\u00bb custom_padding=\u00bb82px||66px|||\u00bb global_colors_info=\u00bb{}\u00bb][et_pb_column type=\u00bb4_4&#8243; _builder_version=\u00bb4.16&#8243; _module_preset=\u00bbdefault\u00bb global_colors_info=\u00bb{}\u00bb][et_pb_text _builder_version=\u00bb4.16&#8243; _module_preset=\u00bbdefault\u00bb header_text_align=\u00bbcenter\u00bb header_text_color=\u00bb#ffffff\u00bb header_font_size=\u00bb70px\u00bb header_font_size_tablet=\u00bb50px\u00bb header_font_size_phone=\u00bb35px\u00bb header_font_size_last_edited=\u00bbon|phone\u00bb header_text_shadow_style=\u00bbpreset3&#8243; global_colors_info=\u00bb{}\u00bb]<\/p>\n<h1>Viles Florides pueblo de Bagergue<\/h1>\n<p>[\/et_pb_text][\/et_pb_column][\/et_pb_row][\/et_pb_section][et_pb_section fb_built=\u00bb1&#8243; _builder_version=\u00bb4.16&#8243; _module_preset=\u00bbdefault\u00bb background_color=\u00bb#efefef\u00bb custom_padding=\u00bb33px||31px|||\u00bb global_colors_info=\u00bb{}\u00bb][et_pb_row column_structure=\u00bb1_2,1_2&#8243; _builder_version=\u00bb4.16&#8243; _module_preset=\u00bbdefault\u00bb global_colors_info=\u00bb{}\u00bb][et_pb_column type=\u00bb1_2&#8243; _builder_version=\u00bb4.16&#8243; _module_preset=\u00bbdefault\u00bb global_colors_info=\u00bb{}\u00bb][et_pb_text _builder_version=\u00bb4.17.6&#8243; _module_preset=\u00bbdefault\u00bb custom_padding=\u00bb||2px|||\u00bb global_colors_info=\u00bb{}\u00bb]<\/p>\n<h5 style=\"text-align: justify;\">BAGERGUE<\/h5>\n<p style=\"text-align: justify;\">Situado a 1.419 metros, Bagergue es el pueblo habitado m\u00e1s alto de la Val d&#8217;Aran. Colgada en una terraza natural, rodeada de prados y bosques densos, la villa, como salida de un cuento, se caracteriza por sus calles engalanadas con flores de todo tipo. El casco hist\u00f3rico forma parte del Inventario del Patrimonio Arquitect\u00f3nico de Catalu\u00f1a. Entre sus edificios destaca la iglesia parroquial de Sant Feliu, de origen rom\u00e1nico; el museo etnol\u00f3gico privado, Eth Corrau, con 2.500 objetos antiguos relacionados con la vida cotidiana; y la ermita de Santa Margarida, donde se va en romer\u00eda cada 20 de julio. Por su inmejorable ubicaci\u00f3n, Bagergue presenta un buen abanico de posibilidades, tanto en verano como en invierno.<\/p>\n<h5 style=\"text-align: justify;\">Proyecto Florido<\/h5>\n<p style=\"text-align: justify;\">Bagergue se caracteriza por sus calles engalanadas con flores de todo tipo; surfines, petunias, geranios, gitanillas, cal\u00edopes, etc. Sus vecinos destacan por el entusiasmo e implicaci\u00f3n en las tareas de embellecimiento de este pueblo tan acogedor.<\/p>\n<h5 style=\"text-align: justify;\"><\/h5>\n<h5 style=\"text-align: justify;\">Cualificaci\u00f3n:<\/h5>\n<p>[\/et_pb_text][et_pb_image src=\u00bbhttps:\/\/www.nautaran.org\/wp-content\/uploads\/2022\/07\/4_Flors.png\u00bb title_text=\u00bb4_Flors\u00bb _builder_version=\u00bb4.17.6&#8243; _module_preset=\u00bbdefault\u00bb global_colors_info=\u00bb{}\u00bb][\/et_pb_image][\/et_pb_column][et_pb_column type=\u00bb1_2&#8243; _builder_version=\u00bb4.16&#8243; _module_preset=\u00bbdefault\u00bb global_colors_info=\u00bb{}\u00bb][et_pb_image src=\u00bbhttps:\/\/www.nautaran.org\/wp-content\/uploads\/2022\/08\/bagergue.png\u00bb title_text=\u00bbbagergue\u00bb show_in_lightbox=\u00bbon\u00bb _builder_version=\u00bb4.17.6&#8243; _module_preset=\u00bbdefault\u00bb module_alignment=\u00bbcenter\u00bb hover_enabled=\u00bb0&#8243; global_colors_info=\u00bb{}\u00bb sticky_enabled=\u00bb0&#8243;][\/et_pb_image][\/et_pb_column][\/et_pb_row][\/et_pb_section][et_pb_section fb_built=\u00bb1&#8243; _builder_version=\u00bb4.16&#8243; _module_preset=\u00bbdefault\u00bb background_color=\u00bb#ffffff\u00bb custom_padding=\u00bb33px||17px|||\u00bb global_colors_info=\u00bb{}\u00bb][et_pb_row _builder_version=\u00bb4.16&#8243; _module_preset=\u00bbdefault\u00bb background_enable_color=\u00bboff\u00bb custom_margin=\u00bb-3px|auto||auto||\u00bb custom_padding=\u00bb3px||0px|||\u00bb border_width_bottom=\u00bb2px\u00bb border_color_bottom=\u00bb#e8e8e8&#8243; global_colors_info=\u00bb{}\u00bb][et_pb_column type=\u00bb4_4&#8243; _builder_version=\u00bb4.16&#8243; _module_preset=\u00bbdefault\u00bb global_colors_info=\u00bb{}\u00bb][et_pb_text _builder_version=\u00bb4.16&#8243; _module_preset=\u00bbdefault\u00bb header_text_align=\u00bbleft\u00bb header_3_text_align=\u00bbcenter\u00bb custom_margin=\u00bb||-3px|||\u00bb custom_padding=\u00bb||0px|||\u00bb global_colors_info=\u00bb{}\u00bb]<\/p>\n<h3>Mapa<\/h3>\n<p>[\/et_pb_text][\/et_pb_column][\/et_pb_row][et_pb_row _builder_version=\u00bb4.16&#8243; _module_preset=\u00bbdefault\u00bb global_colors_info=\u00bb{}\u00bb][et_pb_column type=\u00bb4_4&#8243; _builder_version=\u00bb4.16&#8243; _module_preset=\u00bbdefault\u00bb global_colors_info=\u00bb{}\u00bb][et_pb_code _builder_version=\u00bb4.17.6&#8243; _module_preset=\u00bbdefault\u00bb global_colors_info=\u00bb{}\u00bb]<iframe loading=\"lazy\" src=\"https:\/\/www.google.com\/maps\/embed?pb=!1m18!1m12!1m3!1d2931.2800649297965!2d0.9136586658202115!3d42.71896262035224!2m3!1f0!2f0!3f0!3m2!1i1024!2i768!4f13.1!3m3!1m2!1s0x12a8bd435a1afef1%3A0xb1652d8ed38b24a2!2s25598%20Bagergue%2C%20L%C3%A9rida!5e0!3m2!1ses!2ses!4v1602316732720!5m2!1ses!2ses\" width=\"1920\" height=\"600\" frameborder=\"0\" style=\"border:0;\" allowfullscreen=\"\" aria-hidden=\"false\" tabindex=\"0\"><\/iframe>[\/et_pb_code][\/et_pb_column][\/et_pb_row][\/et_pb_section]<\/p>\n","protected":false},"excerpt":{"rendered":"<p>Viles Florides pueblo de BagergueBAGERGUE Situado a 1.419 metros, Bagergue es el pueblo habitado m\u00e1s alto de la Val d&#8217;Aran. Colgada en una terraza natural, rodeada de prados y bosques densos, la villa, como salida de un cuento, se caracteriza por sus calles engalanadas con flores de todo tipo. El casco hist\u00f3rico forma parte del [&hellip;]<\/p>\n","protected":false},"author":6,"featured_media":0,"parent":12060,"menu_order":0,"comment_status":"closed","ping_status":"closed","template":"","meta":{"_acf_changed":false,"_et_pb_use_builder":"on","_et_pb_old_content":"","_et_gb_content_width":"","footnotes":""},"class_list":["post-12285","page","type-page","status-publish","hentry"],"acf":[],"yoast_head":"<!-- This site is optimized with the Yoast SEO plugin v26.8 - https:\/\/yoast.com\/product\/yoast-seo-wordpress\/ -->\n<title>Viles de Bagergue - Ajuntament de Naut Aran<\/title>\n<meta name=\"robots\" content=\"index, follow, max-snippet:-1, max-image-preview:large, max-video-preview:-1\" \/>\n<link rel=\"canonical\" href=\"https:\/\/www.nautaran.org\/es\/villas-floridas-naut-aran\/viles-de-bagergue\/\" \/>\n<meta property=\"og:locale\" content=\"es_ES\" \/>\n<meta property=\"og:type\" content=\"article\" \/>\n<meta property=\"og:title\" content=\"Viles de Bagergue - Ajuntament de Naut Aran\" \/>\n<meta property=\"og:description\" content=\"Viles Florides pueblo de BagergueBAGERGUE Situado a 1.419 metros, Bagergue es el pueblo habitado m\u00e1s alto de la Val d&#039;Aran. Colgada en una terraza natural, rodeada de prados y bosques densos, la villa, como salida de un cuento, se caracteriza por sus calles engalanadas con flores de todo tipo. El casco hist\u00f3rico forma parte del [&hellip;]\" \/>\n<meta property=\"og:url\" content=\"https:\/\/www.nautaran.org\/es\/villas-floridas-naut-aran\/viles-de-bagergue\/\" \/>\n<meta property=\"og:site_name\" content=\"Ajuntament de Naut Aran\" \/>\n<meta property=\"article:modified_time\" content=\"2022-08-03T08:56:44+00:00\" \/>\n<meta name=\"twitter:card\" content=\"summary_large_image\" \/>\n<meta name=\"twitter:label1\" content=\"Tiempo de lectura\" \/>\n\t<meta name=\"twitter:data1\" content=\"3 minutos\" \/>\n<script type=\"application\/ld+json\" class=\"yoast-schema-graph\">{\"@context\":\"https:\/\/schema.org\",\"@graph\":[{\"@type\":\"WebPage\",\"@id\":\"https:\/\/www.nautaran.org\/es\/villas-floridas-naut-aran\/viles-de-bagergue\/\",\"url\":\"https:\/\/www.nautaran.org\/es\/villas-floridas-naut-aran\/viles-de-bagergue\/\",\"name\":\"Viles de Bagergue - Ajuntament de Naut Aran\",\"isPartOf\":{\"@id\":\"https:\/\/www.nautaran.org\/#website\"},\"datePublished\":\"2022-07-26T09:17:29+00:00\",\"dateModified\":\"2022-08-03T08:56:44+00:00\",\"breadcrumb\":{\"@id\":\"https:\/\/www.nautaran.org\/es\/villas-floridas-naut-aran\/viles-de-bagergue\/#breadcrumb\"},\"inLanguage\":\"es\",\"potentialAction\":[{\"@type\":\"ReadAction\",\"target\":[\"https:\/\/www.nautaran.org\/es\/villas-floridas-naut-aran\/viles-de-bagergue\/\"]}]},{\"@type\":\"BreadcrumbList\",\"@id\":\"https:\/\/www.nautaran.org\/es\/villas-floridas-naut-aran\/viles-de-bagergue\/#breadcrumb\",\"itemListElement\":[{\"@type\":\"ListItem\",\"position\":1,\"name\":\"Portada\",\"item\":\"https:\/\/www.nautaran.org\/es\/home-2\/\"},{\"@type\":\"ListItem\",\"position\":2,\"name\":\"Viles Florides\",\"item\":\"https:\/\/www.nautaran.org\/es\/villas-floridas-naut-aran\/\"},{\"@type\":\"ListItem\",\"position\":3,\"name\":\"Viles de Bagergue\"}]},{\"@type\":\"WebSite\",\"@id\":\"https:\/\/www.nautaran.org\/#website\",\"url\":\"https:\/\/www.nautaran.org\/\",\"name\":\"Ajuntament de Naut Aran\",\"description\":\"Naut Aran\",\"potentialAction\":[{\"@type\":\"SearchAction\",\"target\":{\"@type\":\"EntryPoint\",\"urlTemplate\":\"https:\/\/www.nautaran.org\/?s={search_term_string}\"},\"query-input\":{\"@type\":\"PropertyValueSpecification\",\"valueRequired\":true,\"valueName\":\"search_term_string\"}}],\"inLanguage\":\"es\"}]}<\/script>\n<!-- \/ Yoast SEO plugin. -->","yoast_head_json":{"title":"Viles de Bagergue - Ajuntament de Naut Aran","robots":{"index":"index","follow":"follow","max-snippet":"max-snippet:-1","max-image-preview":"max-image-preview:large","max-video-preview":"max-video-preview:-1"},"canonical":"https:\/\/www.nautaran.org\/es\/villas-floridas-naut-aran\/viles-de-bagergue\/","og_locale":"es_ES","og_type":"article","og_title":"Viles de Bagergue - Ajuntament de Naut Aran","og_description":"Viles Florides pueblo de BagergueBAGERGUE Situado a 1.419 metros, Bagergue es el pueblo habitado m\u00e1s alto de la Val d'Aran. Colgada en una terraza natural, rodeada de prados y bosques densos, la villa, como salida de un cuento, se caracteriza por sus calles engalanadas con flores de todo tipo. El casco hist\u00f3rico forma parte del [&hellip;]","og_url":"https:\/\/www.nautaran.org\/es\/villas-floridas-naut-aran\/viles-de-bagergue\/","og_site_name":"Ajuntament de Naut Aran","article_modified_time":"2022-08-03T08:56:44+00:00","twitter_card":"summary_large_image","twitter_misc":{"Tiempo de lectura":"3 minutos"},"schema":{"@context":"https:\/\/schema.org","@graph":[{"@type":"WebPage","@id":"https:\/\/www.nautaran.org\/es\/villas-floridas-naut-aran\/viles-de-bagergue\/","url":"https:\/\/www.nautaran.org\/es\/villas-floridas-naut-aran\/viles-de-bagergue\/","name":"Viles de Bagergue - Ajuntament de Naut Aran","isPartOf":{"@id":"https:\/\/www.nautaran.org\/#website"},"datePublished":"2022-07-26T09:17:29+00:00","dateModified":"2022-08-03T08:56:44+00:00","breadcrumb":{"@id":"https:\/\/www.nautaran.org\/es\/villas-floridas-naut-aran\/viles-de-bagergue\/#breadcrumb"},"inLanguage":"es","potentialAction":[{"@type":"ReadAction","target":["https:\/\/www.nautaran.org\/es\/villas-floridas-naut-aran\/viles-de-bagergue\/"]}]},{"@type":"BreadcrumbList","@id":"https:\/\/www.nautaran.org\/es\/villas-floridas-naut-aran\/viles-de-bagergue\/#breadcrumb","itemListElement":[{"@type":"ListItem","position":1,"name":"Portada","item":"https:\/\/www.nautaran.org\/es\/home-2\/"},{"@type":"ListItem","position":2,"name":"Viles Florides","item":"https:\/\/www.nautaran.org\/es\/villas-floridas-naut-aran\/"},{"@type":"ListItem","position":3,"name":"Viles de Bagergue"}]},{"@type":"WebSite","@id":"https:\/\/www.nautaran.org\/#website","url":"https:\/\/www.nautaran.org\/","name":"Ajuntament de Naut Aran","description":"Naut Aran","potentialAction":[{"@type":"SearchAction","target":{"@type":"EntryPoint","urlTemplate":"https:\/\/www.nautaran.org\/?s={search_term_string}"},"query-input":{"@type":"PropertyValueSpecification","valueRequired":true,"valueName":"search_term_string"}}],"inLanguage":"es"}]}},"_links":{"self":[{"href":"https:\/\/www.nautaran.org\/es\/wp-json\/wp\/v2\/pages\/12285","targetHints":{"allow":["GET"]}}],"collection":[{"href":"https:\/\/www.nautaran.org\/es\/wp-json\/wp\/v2\/pages"}],"about":[{"href":"https:\/\/www.nautaran.org\/es\/wp-json\/wp\/v2\/types\/page"}],"author":[{"embeddable":true,"href":"https:\/\/www.nautaran.org\/es\/wp-json\/wp\/v2\/users\/6"}],"replies":[{"embeddable":true,"href":"https:\/\/www.nautaran.org\/es\/wp-json\/wp\/v2\/comments?post=12285"}],"version-history":[{"count":5,"href":"https:\/\/www.nautaran.org\/es\/wp-json\/wp\/v2\/pages\/12285\/revisions"}],"predecessor-version":[{"id":12550,"href":"https:\/\/www.nautaran.org\/es\/wp-json\/wp\/v2\/pages\/12285\/revisions\/12550"}],"up":[{"embeddable":true,"href":"https:\/\/www.nautaran.org\/es\/wp-json\/wp\/v2\/pages\/12060"}],"wp:attachment":[{"href":"https:\/\/www.nautaran.org\/es\/wp-json\/wp\/v2\/media?parent=12285"}],"curies":[{"name":"wp","href":"https:\/\/api.w.org\/{rel}","templated":true}]}}