{"id":16785,"date":"2023-09-21T07:46:53","date_gmt":"2023-09-21T06:46:53","guid":{"rendered":"https:\/\/www.nautaran.org\/?page_id=16785"},"modified":"2023-09-29T11:53:42","modified_gmt":"2023-09-29T10:53:42","slug":"camp_de_fotbol_naut_aran","status":"publish","type":"page","link":"https:\/\/www.nautaran.org\/es\/servicios\/esports\/camp_de_fotbol_naut_aran\/","title":{"rendered":"Campo de F\u00fatbol Naut Aran"},"content":{"rendered":"<p>[et_pb_section fb_built=\u00bb1&#8243; _builder_version=\u00bb4.19.4&#8243; _module_preset=\u00bbdefault\u00bb use_background_color_gradient=\u00bbon\u00bb background_color_gradient_direction=\u00bb160deg\u00bb background_color_gradient_stops=\u00bbrgba(115,152,198,0.79) 0%|rgba(143,196,109,0.77) 100%\u00bb background_color_gradient_overlays_image=\u00bbon\u00bb background_color_gradient_start=\u00bbrgba(115,152,198,0.79)\u00bb background_color_gradient_end=\u00bbrgba(143,196,109,0.77)\u00bb background_image=\u00bbhttps:\/\/www.nautaran.org\/wp-content\/uploads\/2020\/10\/carta-baile.jpg\u00bb custom_padding=\u00bb5px||13px|||\u00bb global_colors_info=\u00bb{}\u00bb][et_pb_row _builder_version=\u00bb4.16&#8243; _module_preset=\u00bbdefault\u00bb custom_margin=\u00bb|auto|-10px|auto||\u00bb custom_padding=\u00bb82px||66px|||\u00bb global_colors_info=\u00bb{}\u00bb][et_pb_column type=\u00bb4_4&#8243; _builder_version=\u00bb4.16&#8243; _module_preset=\u00bbdefault\u00bb global_colors_info=\u00bb{}\u00bb][et_pb_text _builder_version=\u00bb4.20.4&#8243; _module_preset=\u00bbdefault\u00bb header_text_align=\u00bbcenter\u00bb header_text_color=\u00bb#ffffff\u00bb header_font_size=\u00bb50px\u00bb hover_enabled=\u00bb0&#8243; header_font_size_tablet=\u00bb50px\u00bb header_font_size_phone=\u00bb35px\u00bb header_font_size_last_edited=\u00bbon|phone\u00bb header_text_shadow_style=\u00bbpreset3&#8243; global_colors_info=\u00bb{}\u00bb sticky_enabled=\u00bb0&#8243;]<\/p>\n<h1>Campo de F\u00fatbol Naut Aran (Gar\u00f2s)<\/h1>\n<p>[\/et_pb_text][\/et_pb_column][\/et_pb_row][\/et_pb_section][et_pb_section fb_built=\u00bb1&#8243; _builder_version=\u00bb4.16&#8243; _module_preset=\u00bbdefault\u00bb background_color=\u00bb#efefef\u00bb custom_padding=\u00bb30px||60px|||\u00bb global_colors_info=\u00bb{}\u00bb][et_pb_row column_structure=\u00bb1_2,1_2&#8243; make_equal=\u00bbon\u00bb _builder_version=\u00bb4.16&#8243; _module_preset=\u00bbdefault\u00bb background_enable_color=\u00bboff\u00bb custom_padding=\u00bb||0px|||\u00bb global_colors_info=\u00bb{}\u00bb][et_pb_column type=\u00bb1_2&#8243; _builder_version=\u00bb4.16&#8243; _module_preset=\u00bbdefault\u00bb background_color=\u00bb#ffffff\u00bb custom_padding=\u00bb30px|30px|30px|30px|false|false\u00bb global_colors_info=\u00bb{}\u00bb][et_pb_text _builder_version=\u00bb4.20.4&#8243; _module_preset=\u00bbdefault\u00bb text_orientation=\u00bbjustified\u00bb custom_margin=\u00bb20px||||false|false\u00bb hover_enabled=\u00bb0&#8243; global_colors_info=\u00bb{}\u00bb sticky_enabled=\u00bb0&#8243;]<\/p>\n<p><b style=\"color: #d52430; font-size: 29px; font-family: Roboto, Helvetica, Arial, Lucida, sans-serif;\">Horarios:<\/b><\/p>\n<p>El campo de f\u00fatbol municipal de Naut Aran est\u00e1 abierto de las <strong>09:00<\/strong> de la ma\u00f1ana hasta las <strong>22:00<\/strong> de la noche de lunes a viernes del <strong>15 de abril hasta el 31 de octubre de forma ininterrumpida<\/strong>, este periodo podr\u00eda variar en funci\u00f3n de las condiciones climatol\u00f3gicas <em>(si nieva o llueve y en el campo no puede hacerse la pr\u00e1ctica del deporte no estar\u00e1 abierto al p\u00fablico).<\/em><\/p>\n<p><b style=\"color: #d52430; font-size: 29px; font-family: Roboto, Helvetica, Arial, Lucida, sans-serif;\">Como Reservar:<\/b><\/p>\n<p>Las personas que residan en Naut Aran y el resto del Valle de Aran tienen acceso libre a esta equipaci\u00f3n y puede reservarse trucando al tel\u00e9fono <strong>973 64 41 86<\/strong>.<\/p>\n<p>Las personas de fuera del Valle de Aran podr\u00e1n reservar el complejo con un precio de 80 euros por hora.<\/p>\n<p>Si hay alg\u00fan club aran\u00e9s interesado en el alquiler del campo de f\u00fatbol, se informa que tambi\u00e9n ser\u00e1 gratuito, pero habr\u00e1 que hacer una reserva por tel\u00e9fono al <strong>973 64 41 86.<\/strong><\/p>\n<p>[\/et_pb_text][\/et_pb_column][et_pb_column type=\u00bb1_2&#8243; _builder_version=\u00bb4.16&#8243; _module_preset=\u00bbdefault\u00bb global_colors_info=\u00bb{}\u00bb][et_pb_image src=\u00bbhttps:\/\/www.nautaran.org\/wp-content\/uploads\/2023\/09\/Portada_futboll-1.png\u00bb title_text=\u00bbPortada_futboll\u00bb show_in_lightbox=\u00bbon\u00bb align=\u00bbcenter\u00bb _builder_version=\u00bb4.20.4&#8243; _module_preset=\u00bbdefault\u00bb global_colors_info=\u00bb{}\u00bb][\/et_pb_image][\/et_pb_column][\/et_pb_row][\/et_pb_section]<\/p>\n","protected":false},"excerpt":{"rendered":"<p>Campo de F\u00fatbol Naut Aran (Gar\u00f2s)Horarios: El campo de f\u00fatbol municipal de Naut Aran est\u00e1 abierto de las 09:00 de la ma\u00f1ana hasta las 22:00 de la noche de lunes a viernes del 15 de abril hasta el 31 de octubre de forma ininterrumpida, este periodo podr\u00eda variar en funci\u00f3n de las condiciones climatol\u00f3gicas (si [&hellip;]<\/p>\n","protected":false},"author":6,"featured_media":0,"parent":13939,"menu_order":0,"comment_status":"closed","ping_status":"closed","template":"","meta":{"_acf_changed":false,"_et_pb_use_builder":"on","_et_pb_old_content":"","_et_gb_content_width":"","footnotes":""},"class_list":["post-16785","page","type-page","status-publish","hentry"],"acf":[],"yoast_head":"<!-- This site is optimized with the Yoast SEO plugin v26.8 - https:\/\/yoast.com\/product\/yoast-seo-wordpress\/ -->\n<title>Campo de F\u00fatbol Naut Aran - Ajuntament de Naut Aran<\/title>\n<meta name=\"robots\" content=\"index, follow, max-snippet:-1, max-image-preview:large, max-video-preview:-1\" \/>\n<link rel=\"canonical\" href=\"https:\/\/www.nautaran.org\/es\/servicios\/esports\/camp_de_fotbol_naut_aran\/\" \/>\n<meta property=\"og:locale\" content=\"es_ES\" \/>\n<meta property=\"og:type\" content=\"article\" \/>\n<meta property=\"og:title\" content=\"Campo de F\u00fatbol Naut Aran - Ajuntament de Naut Aran\" \/>\n<meta property=\"og:description\" content=\"Campo de F\u00fatbol Naut Aran (Gar\u00f2s)Horarios: El campo de f\u00fatbol municipal de Naut Aran est\u00e1 abierto de las 09:00 de la ma\u00f1ana hasta las 22:00 de la noche de lunes a viernes del 15 de abril hasta el 31 de octubre de forma ininterrumpida, este periodo podr\u00eda variar en funci\u00f3n de las condiciones climatol\u00f3gicas (si [&hellip;]\" \/>\n<meta property=\"og:url\" content=\"https:\/\/www.nautaran.org\/es\/servicios\/esports\/camp_de_fotbol_naut_aran\/\" \/>\n<meta property=\"og:site_name\" content=\"Ajuntament de Naut Aran\" \/>\n<meta property=\"article:modified_time\" content=\"2023-09-29T10:53:42+00:00\" \/>\n<meta name=\"twitter:card\" content=\"summary_large_image\" \/>\n<meta name=\"twitter:label1\" content=\"Tiempo de lectura\" \/>\n\t<meta name=\"twitter:data1\" content=\"2 minutos\" \/>\n<script type=\"application\/ld+json\" class=\"yoast-schema-graph\">{\"@context\":\"https:\/\/schema.org\",\"@graph\":[{\"@type\":\"WebPage\",\"@id\":\"https:\/\/www.nautaran.org\/es\/servicios\/esports\/camp_de_fotbol_naut_aran\/\",\"url\":\"https:\/\/www.nautaran.org\/es\/servicios\/esports\/camp_de_fotbol_naut_aran\/\",\"name\":\"Campo de F\u00fatbol Naut Aran - Ajuntament de Naut Aran\",\"isPartOf\":{\"@id\":\"https:\/\/www.nautaran.org\/#website\"},\"datePublished\":\"2023-09-21T06:46:53+00:00\",\"dateModified\":\"2023-09-29T10:53:42+00:00\",\"breadcrumb\":{\"@id\":\"https:\/\/www.nautaran.org\/es\/servicios\/esports\/camp_de_fotbol_naut_aran\/#breadcrumb\"},\"inLanguage\":\"es\",\"potentialAction\":[{\"@type\":\"ReadAction\",\"target\":[\"https:\/\/www.nautaran.org\/es\/servicios\/esports\/camp_de_fotbol_naut_aran\/\"]}]},{\"@type\":\"BreadcrumbList\",\"@id\":\"https:\/\/www.nautaran.org\/es\/servicios\/esports\/camp_de_fotbol_naut_aran\/#breadcrumb\",\"itemListElement\":[{\"@type\":\"ListItem\",\"position\":1,\"name\":\"Portada\",\"item\":\"https:\/\/www.nautaran.org\/es\/home-2\/\"},{\"@type\":\"ListItem\",\"position\":2,\"name\":\"Servicios\",\"item\":\"https:\/\/www.nautaran.org\/es\/servicios\/\"},{\"@type\":\"ListItem\",\"position\":3,\"name\":\"Deportes\",\"item\":\"https:\/\/www.nautaran.org\/es\/servicios\/esports\/\"},{\"@type\":\"ListItem\",\"position\":4,\"name\":\"Campo de F\u00fatbol Naut Aran\"}]},{\"@type\":\"WebSite\",\"@id\":\"https:\/\/www.nautaran.org\/#website\",\"url\":\"https:\/\/www.nautaran.org\/\",\"name\":\"Ajuntament de Naut Aran\",\"description\":\"Naut Aran\",\"potentialAction\":[{\"@type\":\"SearchAction\",\"target\":{\"@type\":\"EntryPoint\",\"urlTemplate\":\"https:\/\/www.nautaran.org\/?s={search_term_string}\"},\"query-input\":{\"@type\":\"PropertyValueSpecification\",\"valueRequired\":true,\"valueName\":\"search_term_string\"}}],\"inLanguage\":\"es\"}]}<\/script>\n<!-- \/ Yoast SEO plugin. -->","yoast_head_json":{"title":"Campo de F\u00fatbol Naut Aran - Ajuntament de Naut Aran","robots":{"index":"index","follow":"follow","max-snippet":"max-snippet:-1","max-image-preview":"max-image-preview:large","max-video-preview":"max-video-preview:-1"},"canonical":"https:\/\/www.nautaran.org\/es\/servicios\/esports\/camp_de_fotbol_naut_aran\/","og_locale":"es_ES","og_type":"article","og_title":"Campo de F\u00fatbol Naut Aran - Ajuntament de Naut Aran","og_description":"Campo de F\u00fatbol Naut Aran (Gar\u00f2s)Horarios: El campo de f\u00fatbol municipal de Naut Aran est\u00e1 abierto de las 09:00 de la ma\u00f1ana hasta las 22:00 de la noche de lunes a viernes del 15 de abril hasta el 31 de octubre de forma ininterrumpida, este periodo podr\u00eda variar en funci\u00f3n de las condiciones climatol\u00f3gicas (si [&hellip;]","og_url":"https:\/\/www.nautaran.org\/es\/servicios\/esports\/camp_de_fotbol_naut_aran\/","og_site_name":"Ajuntament de Naut Aran","article_modified_time":"2023-09-29T10:53:42+00:00","twitter_card":"summary_large_image","twitter_misc":{"Tiempo de lectura":"2 minutos"},"schema":{"@context":"https:\/\/schema.org","@graph":[{"@type":"WebPage","@id":"https:\/\/www.nautaran.org\/es\/servicios\/esports\/camp_de_fotbol_naut_aran\/","url":"https:\/\/www.nautaran.org\/es\/servicios\/esports\/camp_de_fotbol_naut_aran\/","name":"Campo de F\u00fatbol Naut Aran - Ajuntament de Naut Aran","isPartOf":{"@id":"https:\/\/www.nautaran.org\/#website"},"datePublished":"2023-09-21T06:46:53+00:00","dateModified":"2023-09-29T10:53:42+00:00","breadcrumb":{"@id":"https:\/\/www.nautaran.org\/es\/servicios\/esports\/camp_de_fotbol_naut_aran\/#breadcrumb"},"inLanguage":"es","potentialAction":[{"@type":"ReadAction","target":["https:\/\/www.nautaran.org\/es\/servicios\/esports\/camp_de_fotbol_naut_aran\/"]}]},{"@type":"BreadcrumbList","@id":"https:\/\/www.nautaran.org\/es\/servicios\/esports\/camp_de_fotbol_naut_aran\/#breadcrumb","itemListElement":[{"@type":"ListItem","position":1,"name":"Portada","item":"https:\/\/www.nautaran.org\/es\/home-2\/"},{"@type":"ListItem","position":2,"name":"Servicios","item":"https:\/\/www.nautaran.org\/es\/servicios\/"},{"@type":"ListItem","position":3,"name":"Deportes","item":"https:\/\/www.nautaran.org\/es\/servicios\/esports\/"},{"@type":"ListItem","position":4,"name":"Campo de F\u00fatbol Naut Aran"}]},{"@type":"WebSite","@id":"https:\/\/www.nautaran.org\/#website","url":"https:\/\/www.nautaran.org\/","name":"Ajuntament de Naut Aran","description":"Naut Aran","potentialAction":[{"@type":"SearchAction","target":{"@type":"EntryPoint","urlTemplate":"https:\/\/www.nautaran.org\/?s={search_term_string}"},"query-input":{"@type":"PropertyValueSpecification","valueRequired":true,"valueName":"search_term_string"}}],"inLanguage":"es"}]}},"_links":{"self":[{"href":"https:\/\/www.nautaran.org\/es\/wp-json\/wp\/v2\/pages\/16785","targetHints":{"allow":["GET"]}}],"collection":[{"href":"https:\/\/www.nautaran.org\/es\/wp-json\/wp\/v2\/pages"}],"about":[{"href":"https:\/\/www.nautaran.org\/es\/wp-json\/wp\/v2\/types\/page"}],"author":[{"embeddable":true,"href":"https:\/\/www.nautaran.org\/es\/wp-json\/wp\/v2\/users\/6"}],"replies":[{"embeddable":true,"href":"https:\/\/www.nautaran.org\/es\/wp-json\/wp\/v2\/comments?post=16785"}],"version-history":[{"count":7,"href":"https:\/\/www.nautaran.org\/es\/wp-json\/wp\/v2\/pages\/16785\/revisions"}],"predecessor-version":[{"id":16958,"href":"https:\/\/www.nautaran.org\/es\/wp-json\/wp\/v2\/pages\/16785\/revisions\/16958"}],"up":[{"embeddable":true,"href":"https:\/\/www.nautaran.org\/es\/wp-json\/wp\/v2\/pages\/13939"}],"wp:attachment":[{"href":"https:\/\/www.nautaran.org\/es\/wp-json\/wp\/v2\/media?parent=16785"}],"curies":[{"name":"wp","href":"https:\/\/api.w.org\/{rel}","templated":true}]}}