{"id":23031,"date":"2025-06-05T12:05:05","date_gmt":"2025-06-05T11:05:05","guid":{"rendered":"https:\/\/www.nautaran.org\/?page_id=23031"},"modified":"2025-06-05T12:05:27","modified_gmt":"2025-06-05T11:05:27","slug":"soporte-naut-aran","status":"publish","type":"page","link":"https:\/\/www.nautaran.org\/es\/soporte-naut-aran\/","title":{"rendered":"Soporte Naut Aran"},"content":{"rendered":"<p>[et_pb_section fb_built=\u00bb1&#8243; _builder_version=\u00bb4.16&#8243; global_colors_info=\u00bb{}\u00bb][et_pb_row _builder_version=\u00bb4.20.4&#8243; background_size=\u00bbinitial\u00bb background_position=\u00bbtop_left\u00bb background_repeat=\u00bbrepeat\u00bb global_colors_info=\u00bb{}\u00bb][et_pb_column type=\u00bb4_4&#8243; _builder_version=\u00bb4.16&#8243; custom_padding=\u00bb|||\u00bb global_colors_info=\u00bb{}\u00bb custom_padding__hover=\u00bb|||\u00bb][et_pb_text _builder_version=\u00bb4.20.4&#8243; background_size=\u00bbinitial\u00bb background_position=\u00bbtop_left\u00bb background_repeat=\u00bbrepeat\u00bb custom_padding=\u00bb||0px|||\u00bb global_colors_info=\u00bb{}\u00bb]<\/p>\n<h5 data-start=\"246\" data-end=\"275\">\u00bfNecesitas ayuda t\u00e9cnica?<\/h5>\n<p data-start=\"277\" data-end=\"580\">Desde el Ayuntamiento de Naut Aran ofrecemos asistencia remota para ayudarte con incidencias inform\u00e1ticas relacionadas con los servicios municipales<\/p>\n<p>[\/et_pb_text][et_pb_text _builder_version=\u00bb4.20.4&#8243; _module_preset=\u00bbdefault\u00bb global_colors_info=\u00bb{}\u00bb]<\/p>\n<h5>\u00bfC\u00f3mo funciona?<\/h5>\n<ul>\n<li data-start=\"1229\" data-end=\"1283\">Haz clic en el bot\u00f3n de <strong>Descargar TeamviewerQS Naut Aran<\/strong> y ejecuta el archivo.<\/li>\n<li data-start=\"1287\" data-end=\"1341\">Aparecer\u00e1 una ventana con tu <strong>ID<\/strong> y <strong>contrase\u00f1a temporal.<\/strong><\/li>\n<li data-start=\"1345\" data-end=\"1412\">Proporci\u00f3nanos estos datos para que podamos conectarnos y ayudarte.<\/li>\n<li data-start=\"1416\" data-end=\"1481\">Una vez terminada la sesi\u00f3n, <strong>no tendremos m\u00e1s acceso a tu equipo<\/strong>.<\/li>\n<\/ul>\n<p>[\/et_pb_text][et_pb_text _builder_version=\u00bb4.20.4&#8243; _module_preset=\u00bbdefault\u00bb global_colors_info=\u00bb{}\u00bb]<\/p>\n<h5 data-start=\"587\" data-end=\"623\">Descarga de asistencia remota<\/h5>\n<p data-start=\"625\" data-end=\"802\">Para que podamos conectarnos a tu equipo y ayudarte de forma remota, por favor descarga e instala la herramienta <strong data-start=\"738\" data-end=\"765\">TeamViewer QS de Naut Aran\u00a0<\/strong> haciendo clic en el siguiente bot\u00f3n:<\/p>\n<p>[\/et_pb_text][et_pb_code _builder_version=\u00bb4.20.4&#8243; _module_preset=\u00bbdefault\u00bb global_colors_info=\u00bb{}\u00bb]<\/p>\n<div style=\"text-align: center; margin-top: 20px; margin-bottom: 20px;\"> <a href=\"https:\/\/www.nautaran.org\/wp-content\/uploads\/2025\/06\/TeamViewerQS_NautAran.exe\" target=\"_blank\" rel=\"noopener\"> <button style=\"background-color:#9b0000; color:white; border:none; padding:15px 25px; font-size:16px; border-radius:5px; cursor:pointer;\"> <b>Descargar <!\u2013- [et_pb_br_holder] -\u2013>TeamViewerQS Naut Aran<\/b> <\/button> <\/a> <\/div>\n<p> <!-- [et_pb_line_break_holder] -->[\/et_pb_code][\/et_pb_column][\/et_pb_row][\/et_pb_section]<\/p>\n","protected":false},"excerpt":{"rendered":"<p>\u00bfNecesitas ayuda t\u00e9cnica? Desde el Ayuntamiento de Naut Aran ofrecemos asistencia remota para ayudarte con incidencias inform\u00e1ticas relacionadas con los servicios municipales\u00bfC\u00f3mo funciona? Haz clic en el bot\u00f3n de Descargar TeamviewerQS Naut Aran y ejecuta el archivo. Aparecer\u00e1 una ventana con tu ID y contrase\u00f1a temporal. Proporci\u00f3nanos estos datos para que podamos conectarnos y ayudarte. [&hellip;]<\/p>\n","protected":false},"author":6,"featured_media":0,"parent":0,"menu_order":0,"comment_status":"closed","ping_status":"closed","template":"","meta":{"_acf_changed":false,"_et_pb_use_builder":"on","_et_pb_old_content":"<h2 data-start=\"194\" data-end=\"244\">\ufe0f P\u00e1gina de Soporte \u2013 Ajuntament de Naut Aran<\/h2><h3 data-start=\"246\" data-end=\"275\">\u00bfNecesitas ayuda t\u00e9cnica?<\/h3><p data-start=\"277\" data-end=\"580\">Desde el Ayuntamiento de Naut Aran ofrecemos asistencia remota para ayudarte con incidencias inform\u00e1ticas relacionadas con los servicios municipales. Si tienes alg\u00fan problema con tu ordenador, red o aplicaciones municipales, puedes contactar con el Departamento de Inform\u00e1tica para asistencia inmediata.<\/p><hr data-start=\"582\" data-end=\"585\" \/><h3 data-start=\"587\" data-end=\"623\">Descarga de asistencia remota<\/h3><p data-start=\"625\" data-end=\"802\">Para que podamos conectarnos a tu equipo y ayudarte de forma remota, por favor descarga e instala la herramienta <strong data-start=\"738\" data-end=\"765\">TeamViewer QuickSupport<\/strong> haciendo clic en el siguiente bot\u00f3n:<\/p><p>\u00a0<\/p><hr data-start=\"1194\" data-end=\"1197\" \/><h3 data-start=\"1199\" data-end=\"1224\">\u200d \u00bfC\u00f3mo funciona?<\/h3><ol data-start=\"1226\" data-end=\"1481\"><li data-start=\"1226\" data-end=\"1283\"><p data-start=\"1229\" data-end=\"1283\">Haz clic en el bot\u00f3n de descarga y ejecuta el archivo.<\/p><\/li><li data-start=\"1284\" data-end=\"1341\"><p data-start=\"1287\" data-end=\"1341\">Aparecer\u00e1 una ventana con tu ID y contrase\u00f1a temporal.<\/p><\/li><li data-start=\"1342\" data-end=\"1412\"><p data-start=\"1345\" data-end=\"1412\">Proporci\u00f3nanos estos datos para que podamos conectarnos y ayudarte.<\/p><\/li><li data-start=\"1413\" data-end=\"1481\"><p data-start=\"1416\" data-end=\"1481\">Una vez terminada la sesi\u00f3n, no tendremos m\u00e1s acceso a tu equipo.<\/p><\/li><\/ol>","_et_gb_content_width":"","footnotes":""},"class_list":["post-23031","page","type-page","status-publish","hentry"],"acf":[],"yoast_head":"<!-- This site is optimized with the Yoast SEO plugin v26.8 - https:\/\/yoast.com\/product\/yoast-seo-wordpress\/ -->\n<title>Soporte Naut Aran - Ajuntament de Naut Aran<\/title>\n<meta name=\"robots\" content=\"index, follow, max-snippet:-1, max-image-preview:large, max-video-preview:-1\" \/>\n<link rel=\"canonical\" href=\"https:\/\/www.nautaran.org\/es\/soporte-naut-aran\/\" \/>\n<meta property=\"og:locale\" content=\"es_ES\" \/>\n<meta property=\"og:type\" content=\"article\" \/>\n<meta property=\"og:title\" content=\"Soporte Naut Aran - Ajuntament de Naut Aran\" \/>\n<meta property=\"og:description\" content=\"\u00bfNecesitas ayuda t\u00e9cnica? Desde el Ayuntamiento de Naut Aran ofrecemos asistencia remota para ayudarte con incidencias inform\u00e1ticas relacionadas con los servicios municipales\u00bfC\u00f3mo funciona? Haz clic en el bot\u00f3n de Descargar TeamviewerQS Naut Aran y ejecuta el archivo. Aparecer\u00e1 una ventana con tu ID y contrase\u00f1a temporal. Proporci\u00f3nanos estos datos para que podamos conectarnos y ayudarte. [&hellip;]\" \/>\n<meta property=\"og:url\" content=\"https:\/\/www.nautaran.org\/es\/soporte-naut-aran\/\" \/>\n<meta property=\"og:site_name\" content=\"Ajuntament de Naut Aran\" \/>\n<meta property=\"article:modified_time\" content=\"2025-06-05T11:05:27+00:00\" \/>\n<meta name=\"twitter:card\" content=\"summary_large_image\" \/>\n<meta name=\"twitter:label1\" content=\"Tiempo de lectura\" \/>\n\t<meta name=\"twitter:data1\" content=\"1 minuto\" \/>\n<script type=\"application\/ld+json\" class=\"yoast-schema-graph\">{\"@context\":\"https:\/\/schema.org\",\"@graph\":[{\"@type\":\"WebPage\",\"@id\":\"https:\/\/www.nautaran.org\/es\/soporte-naut-aran\/\",\"url\":\"https:\/\/www.nautaran.org\/es\/soporte-naut-aran\/\",\"name\":\"Soporte Naut Aran - Ajuntament de Naut Aran\",\"isPartOf\":{\"@id\":\"https:\/\/www.nautaran.org\/#website\"},\"datePublished\":\"2025-06-05T11:05:05+00:00\",\"dateModified\":\"2025-06-05T11:05:27+00:00\",\"breadcrumb\":{\"@id\":\"https:\/\/www.nautaran.org\/es\/soporte-naut-aran\/#breadcrumb\"},\"inLanguage\":\"es\",\"potentialAction\":[{\"@type\":\"ReadAction\",\"target\":[\"https:\/\/www.nautaran.org\/es\/soporte-naut-aran\/\"]}]},{\"@type\":\"BreadcrumbList\",\"@id\":\"https:\/\/www.nautaran.org\/es\/soporte-naut-aran\/#breadcrumb\",\"itemListElement\":[{\"@type\":\"ListItem\",\"position\":1,\"name\":\"Portada\",\"item\":\"https:\/\/www.nautaran.org\/es\/home-2\/\"},{\"@type\":\"ListItem\",\"position\":2,\"name\":\"Soporte Naut Aran\"}]},{\"@type\":\"WebSite\",\"@id\":\"https:\/\/www.nautaran.org\/#website\",\"url\":\"https:\/\/www.nautaran.org\/\",\"name\":\"Ajuntament de Naut Aran\",\"description\":\"Naut Aran\",\"potentialAction\":[{\"@type\":\"SearchAction\",\"target\":{\"@type\":\"EntryPoint\",\"urlTemplate\":\"https:\/\/www.nautaran.org\/?s={search_term_string}\"},\"query-input\":{\"@type\":\"PropertyValueSpecification\",\"valueRequired\":true,\"valueName\":\"search_term_string\"}}],\"inLanguage\":\"es\"}]}<\/script>\n<!-- \/ Yoast SEO plugin. -->","yoast_head_json":{"title":"Soporte Naut Aran - Ajuntament de Naut Aran","robots":{"index":"index","follow":"follow","max-snippet":"max-snippet:-1","max-image-preview":"max-image-preview:large","max-video-preview":"max-video-preview:-1"},"canonical":"https:\/\/www.nautaran.org\/es\/soporte-naut-aran\/","og_locale":"es_ES","og_type":"article","og_title":"Soporte Naut Aran - Ajuntament de Naut Aran","og_description":"\u00bfNecesitas ayuda t\u00e9cnica? Desde el Ayuntamiento de Naut Aran ofrecemos asistencia remota para ayudarte con incidencias inform\u00e1ticas relacionadas con los servicios municipales\u00bfC\u00f3mo funciona? Haz clic en el bot\u00f3n de Descargar TeamviewerQS Naut Aran y ejecuta el archivo. Aparecer\u00e1 una ventana con tu ID y contrase\u00f1a temporal. Proporci\u00f3nanos estos datos para que podamos conectarnos y ayudarte. [&hellip;]","og_url":"https:\/\/www.nautaran.org\/es\/soporte-naut-aran\/","og_site_name":"Ajuntament de Naut Aran","article_modified_time":"2025-06-05T11:05:27+00:00","twitter_card":"summary_large_image","twitter_misc":{"Tiempo de lectura":"1 minuto"},"schema":{"@context":"https:\/\/schema.org","@graph":[{"@type":"WebPage","@id":"https:\/\/www.nautaran.org\/es\/soporte-naut-aran\/","url":"https:\/\/www.nautaran.org\/es\/soporte-naut-aran\/","name":"Soporte Naut Aran - Ajuntament de Naut Aran","isPartOf":{"@id":"https:\/\/www.nautaran.org\/#website"},"datePublished":"2025-06-05T11:05:05+00:00","dateModified":"2025-06-05T11:05:27+00:00","breadcrumb":{"@id":"https:\/\/www.nautaran.org\/es\/soporte-naut-aran\/#breadcrumb"},"inLanguage":"es","potentialAction":[{"@type":"ReadAction","target":["https:\/\/www.nautaran.org\/es\/soporte-naut-aran\/"]}]},{"@type":"BreadcrumbList","@id":"https:\/\/www.nautaran.org\/es\/soporte-naut-aran\/#breadcrumb","itemListElement":[{"@type":"ListItem","position":1,"name":"Portada","item":"https:\/\/www.nautaran.org\/es\/home-2\/"},{"@type":"ListItem","position":2,"name":"Soporte Naut Aran"}]},{"@type":"WebSite","@id":"https:\/\/www.nautaran.org\/#website","url":"https:\/\/www.nautaran.org\/","name":"Ajuntament de Naut Aran","description":"Naut Aran","potentialAction":[{"@type":"SearchAction","target":{"@type":"EntryPoint","urlTemplate":"https:\/\/www.nautaran.org\/?s={search_term_string}"},"query-input":{"@type":"PropertyValueSpecification","valueRequired":true,"valueName":"search_term_string"}}],"inLanguage":"es"}]}},"_links":{"self":[{"href":"https:\/\/www.nautaran.org\/es\/wp-json\/wp\/v2\/pages\/23031","targetHints":{"allow":["GET"]}}],"collection":[{"href":"https:\/\/www.nautaran.org\/es\/wp-json\/wp\/v2\/pages"}],"about":[{"href":"https:\/\/www.nautaran.org\/es\/wp-json\/wp\/v2\/types\/page"}],"author":[{"embeddable":true,"href":"https:\/\/www.nautaran.org\/es\/wp-json\/wp\/v2\/users\/6"}],"replies":[{"embeddable":true,"href":"https:\/\/www.nautaran.org\/es\/wp-json\/wp\/v2\/comments?post=23031"}],"version-history":[{"count":4,"href":"https:\/\/www.nautaran.org\/es\/wp-json\/wp\/v2\/pages\/23031\/revisions"}],"predecessor-version":[{"id":23045,"href":"https:\/\/www.nautaran.org\/es\/wp-json\/wp\/v2\/pages\/23031\/revisions\/23045"}],"wp:attachment":[{"href":"https:\/\/www.nautaran.org\/es\/wp-json\/wp\/v2\/media?parent=23031"}],"curies":[{"name":"wp","href":"https:\/\/api.w.org\/{rel}","templated":true}]}}