{"id":23200,"date":"2025-06-27T10:03:56","date_gmt":"2025-06-27T09:03:56","guid":{"rendered":"https:\/\/www.nautaran.org\/servicios\/transport\/"},"modified":"2025-06-27T10:09:35","modified_gmt":"2025-06-27T09:09:35","slug":"transport","status":"publish","type":"page","link":"https:\/\/www.nautaran.org\/es\/servicios\/transport\/","title":{"rendered":"Transporte"},"content":{"rendered":"<p>Este 2025 el Autob\u00fas del Parque estar\u00e1 operativo del 23 de junio al 30 de septiembre, y a partir del 1 de julio en el tramo comprendido entre la Pobla de Segur y el embalse de Sallente, coincidiendo con el periodo de funcionamiento del telef\u00e9rico del Valle Oscuro.<\/p>\n<p>Actualmente este servicio dispone de cuatro frecuencias por sentido y en 2024 se registr\u00f3 el r\u00e9cord hist\u00f3rico de personas transportadas, superando los 13.500 pasajeros.<\/p>\n<p>Los horarios est\u00e1n ajustados para dar mayor calidad en el servicio y para enlazar con diferentes servicios de transporte p\u00fablico que conectan con Lleida y Barcelona y tambi\u00e9n con la l\u00ednea de tren Lleida\u2013la Puebla (#FGC). Los autobuses permiten tambi\u00e9n el transporte de hasta 5 bicicletas por veh\u00edculo.<\/p>\n<p>Coincidiendo con la celebraci\u00f3n del 70\u00b0 cumplea\u00f1os de la declaraci\u00f3n del Parque, las paradas de autob\u00fas de las localidades Bo\u00ed, el Pont de Suert, la Pobla de Segur y Vielha se han tematizado con un vinilado a las zonas de cristaleras con im\u00e1genes de los lugares m\u00e1s representativos de este espacio natural protegido de los Pirineos.<\/p>\n<p>Como ya es habitual, se podr\u00e1 adquirir el billete al mismo autob\u00fas, por internet a trav\u00e9s del web de ALSA y tambi\u00e9n mediante su propia app.<\/p>\n<p><a href=\"https:\/\/www.nautaran.org\/wp-content\/uploads\/2025\/06\/horaris_bus.png\"><img loading=\"lazy\" decoding=\"async\" class=\"aligncenter size-large wp-image-23190\" src=\"https:\/\/www.nautaran.org\/wp-content\/uploads\/2025\/06\/horaris_bus-720x1024.png\" alt=\"\" width=\"720\" height=\"1024\" \/><\/a><\/p>\n<p>Pod\u00e9is descargaros lo PDF de los horarios al siguiente enlace <a href=\"https:\/\/www.nautaran.org\/wp-content\/uploads\/2025\/06\/2025_horaris_bus_parc.pdf\">horarios autob\u00fas del Parque<\/a><\/p>\n","protected":false},"excerpt":{"rendered":"<p>Este 2025 el Autob\u00fas del Parque estar\u00e1 operativo del 23 de junio al 30 de septiembre, y a partir del 1 de julio en el tramo comprendido entre la Pobla de Segur y el embalse de Sallente, coincidiendo con el periodo de funcionamiento del telef\u00e9rico del Valle Oscuro. Actualmente este servicio dispone de cuatro frecuencias [&hellip;]<\/p>\n","protected":false},"author":6,"featured_media":0,"parent":6121,"menu_order":0,"comment_status":"closed","ping_status":"closed","template":"","meta":{"_acf_changed":false,"_et_pb_use_builder":"","_et_pb_old_content":"","_et_gb_content_width":"","footnotes":""},"class_list":["post-23200","page","type-page","status-publish","hentry"],"acf":[],"yoast_head":"<!-- This site is optimized with the Yoast SEO plugin v26.8 - https:\/\/yoast.com\/product\/yoast-seo-wordpress\/ -->\n<title>Transporte - Ajuntament de Naut Aran<\/title>\n<meta name=\"robots\" content=\"index, follow, max-snippet:-1, max-image-preview:large, max-video-preview:-1\" \/>\n<link rel=\"canonical\" href=\"https:\/\/www.nautaran.org\/es\/servicios\/transport\/\" \/>\n<meta property=\"og:locale\" content=\"es_ES\" \/>\n<meta property=\"og:type\" content=\"article\" \/>\n<meta property=\"og:title\" content=\"Transporte - Ajuntament de Naut Aran\" \/>\n<meta property=\"og:description\" content=\"Este 2025 el Autob\u00fas del Parque estar\u00e1 operativo del 23 de junio al 30 de septiembre, y a partir del 1 de julio en el tramo comprendido entre la Pobla de Segur y el embalse de Sallente, coincidiendo con el periodo de funcionamiento del telef\u00e9rico del Valle Oscuro. Actualmente este servicio dispone de cuatro frecuencias [&hellip;]\" \/>\n<meta property=\"og:url\" content=\"https:\/\/www.nautaran.org\/es\/servicios\/transport\/\" \/>\n<meta property=\"og:site_name\" content=\"Ajuntament de Naut Aran\" \/>\n<meta property=\"article:modified_time\" content=\"2025-06-27T09:09:35+00:00\" \/>\n<meta property=\"og:image\" content=\"https:\/\/www.nautaran.org\/wp-content\/uploads\/2025\/06\/horaris_bus-720x1024.png\" \/>\n<meta name=\"twitter:card\" content=\"summary_large_image\" \/>\n<meta name=\"twitter:label1\" content=\"Tiempo de lectura\" \/>\n\t<meta name=\"twitter:data1\" content=\"2 minutos\" \/>\n<script type=\"application\/ld+json\" class=\"yoast-schema-graph\">{\"@context\":\"https:\/\/schema.org\",\"@graph\":[{\"@type\":\"WebPage\",\"@id\":\"https:\/\/www.nautaran.org\/es\/servicios\/transport\/\",\"url\":\"https:\/\/www.nautaran.org\/es\/servicios\/transport\/\",\"name\":\"Transporte - Ajuntament de Naut Aran\",\"isPartOf\":{\"@id\":\"https:\/\/www.nautaran.org\/#website\"},\"primaryImageOfPage\":{\"@id\":\"https:\/\/www.nautaran.org\/es\/servicios\/transport\/#primaryimage\"},\"image\":{\"@id\":\"https:\/\/www.nautaran.org\/es\/servicios\/transport\/#primaryimage\"},\"thumbnailUrl\":\"https:\/\/www.nautaran.org\/wp-content\/uploads\/2025\/06\/horaris_bus-720x1024.png\",\"datePublished\":\"2025-06-27T09:03:56+00:00\",\"dateModified\":\"2025-06-27T09:09:35+00:00\",\"breadcrumb\":{\"@id\":\"https:\/\/www.nautaran.org\/es\/servicios\/transport\/#breadcrumb\"},\"inLanguage\":\"es\",\"potentialAction\":[{\"@type\":\"ReadAction\",\"target\":[\"https:\/\/www.nautaran.org\/es\/servicios\/transport\/\"]}]},{\"@type\":\"ImageObject\",\"inLanguage\":\"es\",\"@id\":\"https:\/\/www.nautaran.org\/es\/servicios\/transport\/#primaryimage\",\"url\":\"https:\/\/www.nautaran.org\/wp-content\/uploads\/2025\/06\/horaris_bus-720x1024.png\",\"contentUrl\":\"https:\/\/www.nautaran.org\/wp-content\/uploads\/2025\/06\/horaris_bus-720x1024.png\"},{\"@type\":\"BreadcrumbList\",\"@id\":\"https:\/\/www.nautaran.org\/es\/servicios\/transport\/#breadcrumb\",\"itemListElement\":[{\"@type\":\"ListItem\",\"position\":1,\"name\":\"Portada\",\"item\":\"https:\/\/www.nautaran.org\/es\/home-2\/\"},{\"@type\":\"ListItem\",\"position\":2,\"name\":\"Servicios\",\"item\":\"https:\/\/www.nautaran.org\/es\/servicios\/\"},{\"@type\":\"ListItem\",\"position\":3,\"name\":\"Transporte\"}]},{\"@type\":\"WebSite\",\"@id\":\"https:\/\/www.nautaran.org\/#website\",\"url\":\"https:\/\/www.nautaran.org\/\",\"name\":\"Ajuntament de Naut Aran\",\"description\":\"Naut Aran\",\"potentialAction\":[{\"@type\":\"SearchAction\",\"target\":{\"@type\":\"EntryPoint\",\"urlTemplate\":\"https:\/\/www.nautaran.org\/?s={search_term_string}\"},\"query-input\":{\"@type\":\"PropertyValueSpecification\",\"valueRequired\":true,\"valueName\":\"search_term_string\"}}],\"inLanguage\":\"es\"}]}<\/script>\n<!-- \/ Yoast SEO plugin. -->","yoast_head_json":{"title":"Transporte - Ajuntament de Naut Aran","robots":{"index":"index","follow":"follow","max-snippet":"max-snippet:-1","max-image-preview":"max-image-preview:large","max-video-preview":"max-video-preview:-1"},"canonical":"https:\/\/www.nautaran.org\/es\/servicios\/transport\/","og_locale":"es_ES","og_type":"article","og_title":"Transporte - Ajuntament de Naut Aran","og_description":"Este 2025 el Autob\u00fas del Parque estar\u00e1 operativo del 23 de junio al 30 de septiembre, y a partir del 1 de julio en el tramo comprendido entre la Pobla de Segur y el embalse de Sallente, coincidiendo con el periodo de funcionamiento del telef\u00e9rico del Valle Oscuro. Actualmente este servicio dispone de cuatro frecuencias [&hellip;]","og_url":"https:\/\/www.nautaran.org\/es\/servicios\/transport\/","og_site_name":"Ajuntament de Naut Aran","article_modified_time":"2025-06-27T09:09:35+00:00","og_image":[{"url":"https:\/\/www.nautaran.org\/wp-content\/uploads\/2025\/06\/horaris_bus-720x1024.png","type":"","width":"","height":""}],"twitter_card":"summary_large_image","twitter_misc":{"Tiempo de lectura":"2 minutos"},"schema":{"@context":"https:\/\/schema.org","@graph":[{"@type":"WebPage","@id":"https:\/\/www.nautaran.org\/es\/servicios\/transport\/","url":"https:\/\/www.nautaran.org\/es\/servicios\/transport\/","name":"Transporte - Ajuntament de Naut Aran","isPartOf":{"@id":"https:\/\/www.nautaran.org\/#website"},"primaryImageOfPage":{"@id":"https:\/\/www.nautaran.org\/es\/servicios\/transport\/#primaryimage"},"image":{"@id":"https:\/\/www.nautaran.org\/es\/servicios\/transport\/#primaryimage"},"thumbnailUrl":"https:\/\/www.nautaran.org\/wp-content\/uploads\/2025\/06\/horaris_bus-720x1024.png","datePublished":"2025-06-27T09:03:56+00:00","dateModified":"2025-06-27T09:09:35+00:00","breadcrumb":{"@id":"https:\/\/www.nautaran.org\/es\/servicios\/transport\/#breadcrumb"},"inLanguage":"es","potentialAction":[{"@type":"ReadAction","target":["https:\/\/www.nautaran.org\/es\/servicios\/transport\/"]}]},{"@type":"ImageObject","inLanguage":"es","@id":"https:\/\/www.nautaran.org\/es\/servicios\/transport\/#primaryimage","url":"https:\/\/www.nautaran.org\/wp-content\/uploads\/2025\/06\/horaris_bus-720x1024.png","contentUrl":"https:\/\/www.nautaran.org\/wp-content\/uploads\/2025\/06\/horaris_bus-720x1024.png"},{"@type":"BreadcrumbList","@id":"https:\/\/www.nautaran.org\/es\/servicios\/transport\/#breadcrumb","itemListElement":[{"@type":"ListItem","position":1,"name":"Portada","item":"https:\/\/www.nautaran.org\/es\/home-2\/"},{"@type":"ListItem","position":2,"name":"Servicios","item":"https:\/\/www.nautaran.org\/es\/servicios\/"},{"@type":"ListItem","position":3,"name":"Transporte"}]},{"@type":"WebSite","@id":"https:\/\/www.nautaran.org\/#website","url":"https:\/\/www.nautaran.org\/","name":"Ajuntament de Naut Aran","description":"Naut Aran","potentialAction":[{"@type":"SearchAction","target":{"@type":"EntryPoint","urlTemplate":"https:\/\/www.nautaran.org\/?s={search_term_string}"},"query-input":{"@type":"PropertyValueSpecification","valueRequired":true,"valueName":"search_term_string"}}],"inLanguage":"es"}]}},"_links":{"self":[{"href":"https:\/\/www.nautaran.org\/es\/wp-json\/wp\/v2\/pages\/23200","targetHints":{"allow":["GET"]}}],"collection":[{"href":"https:\/\/www.nautaran.org\/es\/wp-json\/wp\/v2\/pages"}],"about":[{"href":"https:\/\/www.nautaran.org\/es\/wp-json\/wp\/v2\/types\/page"}],"author":[{"embeddable":true,"href":"https:\/\/www.nautaran.org\/es\/wp-json\/wp\/v2\/users\/6"}],"replies":[{"embeddable":true,"href":"https:\/\/www.nautaran.org\/es\/wp-json\/wp\/v2\/comments?post=23200"}],"version-history":[{"count":2,"href":"https:\/\/www.nautaran.org\/es\/wp-json\/wp\/v2\/pages\/23200\/revisions"}],"predecessor-version":[{"id":23204,"href":"https:\/\/www.nautaran.org\/es\/wp-json\/wp\/v2\/pages\/23200\/revisions\/23204"}],"up":[{"embeddable":true,"href":"https:\/\/www.nautaran.org\/es\/wp-json\/wp\/v2\/pages\/6121"}],"wp:attachment":[{"href":"https:\/\/www.nautaran.org\/es\/wp-json\/wp\/v2\/media?parent=23200"}],"curies":[{"name":"wp","href":"https:\/\/api.w.org\/{rel}","templated":true}]}}