{"id":24413,"date":"2025-09-26T08:07:05","date_gmt":"2025-09-26T07:07:05","guid":{"rendered":"https:\/\/www.nautaran.org\/?page_id=24413"},"modified":"2025-09-26T08:07:34","modified_gmt":"2025-09-26T07:07:34","slug":"sala-de-actividades-de-salardu","status":"publish","type":"page","link":"https:\/\/www.nautaran.org\/es\/servicios\/accessi-equipaments-municipaus\/sala-de-actividades-de-salardu\/","title":{"rendered":"Sala de Actividades de Salard\u00fa"},"content":{"rendered":"<p>[et_pb_section fb_built=\u00bb1&#8243; _builder_version=\u00bb4.19.4&#8243; _module_preset=\u00bbdefault\u00bb use_background_color_gradient=\u00bbon\u00bb background_color_gradient_direction=\u00bb160deg\u00bb background_color_gradient_stops=\u00bbrgba(115,152,198,0.79) 0%|rgba(143,196,109,0.77) 100%\u00bb background_color_gradient_overlays_image=\u00bbon\u00bb background_color_gradient_start=\u00bbrgba(115,152,198,0.79)\u00bb background_color_gradient_end=\u00bbrgba(143,196,109,0.77)\u00bb background_image=\u00bbhttps:\/\/www.nautaran.org\/wp-content\/uploads\/2020\/10\/carta-baile.jpg\u00bb custom_padding=\u00bb5px||13px|||\u00bb global_colors_info=\u00bb{}\u00bb][et_pb_row _builder_version=\u00bb4.16&#8243; _module_preset=\u00bbdefault\u00bb custom_margin=\u00bb|auto|-10px|auto||\u00bb custom_padding=\u00bb82px||66px|||\u00bb global_colors_info=\u00bb{}\u00bb][et_pb_column type=\u00bb4_4&#8243; _builder_version=\u00bb4.16&#8243; _module_preset=\u00bbdefault\u00bb global_colors_info=\u00bb{}\u00bb][et_pb_text _builder_version=\u00bb4.20.4&#8243; _module_preset=\u00bbdefault\u00bb header_text_align=\u00bbcenter\u00bb header_text_color=\u00bb#ffffff\u00bb header_font_size=\u00bb50px\u00bb hover_enabled=\u00bb0&#8243; header_font_size_tablet=\u00bb50px\u00bb header_font_size_phone=\u00bb35px\u00bb header_font_size_last_edited=\u00bbon|phone\u00bb header_text_shadow_style=\u00bbpreset3&#8243; global_colors_info=\u00bb{}\u00bb sticky_enabled=\u00bb0&#8243;]<\/p>\n<h1>Reservas la de Actividades de Salard\u00fa<\/h1>\n<p>[\/et_pb_text][\/et_pb_column][\/et_pb_row][\/et_pb_section][et_pb_section fb_built=\u00bb1&#8243; _builder_version=\u00bb4.16&#8243; _module_preset=\u00bbdefault\u00bb background_color=\u00bb#efefef\u00bb custom_padding=\u00bb30px||60px|||\u00bb global_colors_info=\u00bb{}\u00bb][et_pb_row column_structure=\u00bb1_2,1_2&#8243; make_equal=\u00bbon\u00bb _builder_version=\u00bb4.16&#8243; _module_preset=\u00bbdefault\u00bb background_enable_color=\u00bboff\u00bb custom_padding=\u00bb||0px|||\u00bb global_colors_info=\u00bb{}\u00bb][et_pb_column type=\u00bb1_2&#8243; _builder_version=\u00bb4.16&#8243; _module_preset=\u00bbdefault\u00bb background_color=\u00bb#ffffff\u00bb custom_padding=\u00bb30px|30px|30px|30px|false|false\u00bb global_colors_info=\u00bb{}\u00bb][et_pb_text _builder_version=\u00bb4.19.4&#8243; _module_preset=\u00bbdefault\u00bb custom_margin=\u00bb20px||||false|false\u00bb global_colors_info=\u00bb{}\u00bb]<\/p>\n<p><b style=\"color: #d52430; font-size: 29px; font-family: Roboto, Helvetica, Arial, Lucida, sans-serif;\">Horarios de reserva de la sala:<\/b><\/p>\n<p>Todos los dias de 08:00 a 22:00 horas.<\/p>\n<p>[\/et_pb_text][et_pb_text _builder_version=\u00bb4.19.4&#8243; _module_preset=\u00bbdefault\u00bb custom_margin=\u00bb20px||||false|false\u00bb custom_padding=\u00bb||0px|||\u00bb global_colors_info=\u00bb{}\u00bb]<\/p>\n<p>Con la nueva normativa esta sala se regir\u00e1 por las siguientes normas:<\/p>\n<ul>\n<li>Solo los habitantes del municipio de Naut Aran podr\u00e1n reservar la Sala.\u00a0<\/li>\n<li>Apertura de 08:00 a 22:00 horas con reserva.<\/li>\n<\/ul>\n<p>&nbsp;<\/p>\n<p>[\/et_pb_text][\/et_pb_column][et_pb_column type=\u00bb1_2&#8243; _builder_version=\u00bb4.16&#8243; _module_preset=\u00bbdefault\u00bb global_colors_info=\u00bb{}\u00bb][et_pb_image src=\u00bbhttps:\/\/www.nautaran.org\/wp-content\/uploads\/2023\/04\/Logo-Escut_NautAran2021.png\u00bb title_text=\u00bbLogo-Escut_NautAran2021&#8243; show_in_lightbox=\u00bbon\u00bb align=\u00bbcenter\u00bb _builder_version=\u00bb4.19.4&#8243; _module_preset=\u00bbdefault\u00bb global_colors_info=\u00bb{}\u00bb][\/et_pb_image][\/et_pb_column][\/et_pb_row][\/et_pb_section][et_pb_section fb_built=\u00bb1&#8243; _builder_version=\u00bb4.16&#8243; _module_preset=\u00bbdefault\u00bb background_color=\u00bb#ffffff\u00bb custom_padding=\u00bb0px||31px|||\u00bb global_colors_info=\u00bb{}\u00bb][et_pb_row _builder_version=\u00bb4.17.6&#8243; _module_preset=\u00bbdefault\u00bb global_colors_info=\u00bb{}\u00bb][et_pb_column type=\u00bb4_4&#8243; _builder_version=\u00bb4.16&#8243; _module_preset=\u00bbdefault\u00bb global_colors_info=\u00bb{}\u00bb][et_pb_text _builder_version=\u00bb4.20.4&#8243; _module_preset=\u00bbdefault\u00bb hover_enabled=\u00bb0&#8243; global_colors_info=\u00bb{}\u00bb sticky_enabled=\u00bb0&#8243;]<\/p>\n<h5>Como puedes reservar la Sala de Actividades de Salard\u00fa?<\/h5>\n<h5>Estos son los pasos a seguir:<\/h5>\n<p>[\/et_pb_text][\/et_pb_column][\/et_pb_row][\/et_pb_section][et_pb_section fb_built=\u00bb1&#8243; _builder_version=\u00bb4.16&#8243; _module_preset=\u00bbdefault\u00bb background_color=\u00bb#ffffff\u00bb custom_padding=\u00bb0px||31px|||\u00bb global_colors_info=\u00bb{}\u00bb][et_pb_row column_structure=\u00bb1_3,1_3,1_3&#8243; _builder_version=\u00bb4.16&#8243; _module_preset=\u00bbdefault\u00bb global_colors_info=\u00bb{}\u00bb][et_pb_column type=\u00bb1_3&#8243; _builder_version=\u00bb4.16&#8243; _module_preset=\u00bbdefault\u00bb global_colors_info=\u00bb{}\u00bb][et_pb_text _builder_version=\u00bb4.20.4&#8243; _module_preset=\u00bbdefault\u00bb global_colors_info=\u00bb{}\u00bb]<\/p>\n<h3 style=\"text-align: center;\">Registrate<\/h3>\n<p>Puedes registrarte a la NUEVA App de equipaminetos de Naut Aran haviendo click en este enlace <a title=\"Registro Equipamentos Naut Aran \" href=\"https:\/\/equipamentsnautaran.org\/registre\"><strong>Registro<\/strong> <strong>Equipamentos Naut Aran<\/strong><\/a> o escaneando este c\u00f3digo QR:<\/p>\n<p><a href=\"https:\/\/www.nautaran.org\/wp-content\/uploads\/2025\/02\/REGISTRE_qr-code-300x300-1.png\"><img loading=\"lazy\" decoding=\"async\" class=\"wp-image-22454 aligncenter size-full\" src=\"https:\/\/www.nautaran.org\/wp-content\/uploads\/2025\/02\/REGISTRE_qr-code-300x300-1.png\" alt=\"\" width=\"300\" height=\"300\" srcset=\"https:\/\/www.nautaran.org\/wp-content\/uploads\/2025\/02\/REGISTRE_qr-code-300x300-1.png 300w, https:\/\/www.nautaran.org\/wp-content\/uploads\/2025\/02\/REGISTRE_qr-code-300x300-1-150x150.png 150w\" sizes=\"auto, (max-width: 300px) 100vw, 300px\" \/><\/a><\/p>\n<p>&nbsp;<\/p>\n<h5 style=\"text-align: center;\"><a href=\"https:\/\/www.nautaran.org\/wp-content\/uploads\/2023\/04\/Reserva_Sala_Cultural.pdf\">Puedes descargarte el MANUAL aqui.<\/a><\/h5>\n<p>&nbsp;<\/p>\n<p>[\/et_pb_text][\/et_pb_column][et_pb_column type=\u00bb1_3&#8243; _builder_version=\u00bb4.16&#8243; _module_preset=\u00bbdefault\u00bb global_colors_info=\u00bb{}\u00bb][et_pb_text _builder_version=\u00bb4.20.4&#8243; _module_preset=\u00bbdefault\u00bb global_colors_info=\u00bb{}\u00bb]<\/p>\n<h3 style=\"text-align: center;\">No te quedes sin poder reservar!<\/h3>\n<h3 style=\"text-align: center;\">Desc\u00e1rgate la APP desde Aqu\u00ed<\/h3>\n<h3>\u00a0<\/h3>\n<h3 style=\"text-align: center;\"><a href=\"https:\/\/www.nautaran.org\/wp-content\/uploads\/2022\/04\/logo_apple_200x100.png\"><img loading=\"lazy\" decoding=\"async\" class=\"wp-image-10884 aligncenter size-full\" src=\"https:\/\/www.nautaran.org\/wp-content\/uploads\/2022\/04\/logo_apple_200x100.png\" alt=\"\" width=\"128\" height=\"38\" \/><\/a><\/h3>\n<p><a href=\"https:\/\/www.nautaran.org\/wp-content\/uploads\/2025\/02\/APPLE_qr-code-1-300x300-1.png\"><img loading=\"lazy\" decoding=\"async\" class=\"wp-image-22451 aligncenter size-full\" src=\"https:\/\/www.nautaran.org\/wp-content\/uploads\/2025\/02\/APPLE_qr-code-1-300x300-1.png\" alt=\"\" width=\"300\" height=\"300\" srcset=\"https:\/\/www.nautaran.org\/wp-content\/uploads\/2025\/02\/APPLE_qr-code-1-300x300-1.png 300w, https:\/\/www.nautaran.org\/wp-content\/uploads\/2025\/02\/APPLE_qr-code-1-300x300-1-150x150.png 150w\" sizes=\"auto, (max-width: 300px) 100vw, 300px\" \/><\/a><\/p>\n<p>&nbsp;<\/p>\n<p style=\"text-align: center;\">o puedes hacer click en este enlace:<\/p>\n<p style=\"text-align: center;\"><strong><a href=\"https:\/\/apps.apple.com\/es\/app\/naut-aran\/id1664760964\">App Apple Equipamentos Naut Aran<\/a><\/strong><\/p>\n<p>[\/et_pb_text][\/et_pb_column][et_pb_column type=\u00bb1_3&#8243; _builder_version=\u00bb4.16&#8243; _module_preset=\u00bbdefault\u00bb global_colors_info=\u00bb{}\u00bb][et_pb_text _builder_version=\u00bb4.20.4&#8243; _module_preset=\u00bbdefault\u00bb global_colors_info=\u00bb{}\u00bb]<\/p>\n<h3 style=\"text-align: center;\">No te quedes sin poder reservar!<\/h3>\n<h3 style=\"text-align: center;\">Desc\u00e1rgate la APP desde Aqu\u00ed<\/h3>\n<h3>\u00a0<\/h3>\n<h3 style=\"text-align: center;\"><a href=\"https:\/\/www.nautaran.org\/wp-content\/uploads\/2022\/04\/logo_android_200x100.png\"><img loading=\"lazy\" decoding=\"async\" class=\"wp-image-10869 aligncenter size-full\" src=\"https:\/\/www.nautaran.org\/wp-content\/uploads\/2022\/04\/logo_android_200x100.png\" alt=\"\" width=\"128\" height=\"38\" \/><\/a><\/h3>\n<p><a href=\"https:\/\/www.nautaran.org\/wp-content\/uploads\/2025\/02\/android_qr-300x300-1.png\"><img loading=\"lazy\" decoding=\"async\" class=\"wp-image-22448 aligncenter size-full\" src=\"https:\/\/www.nautaran.org\/wp-content\/uploads\/2025\/02\/android_qr-300x300-1.png\" alt=\"\" width=\"300\" height=\"300\" srcset=\"https:\/\/www.nautaran.org\/wp-content\/uploads\/2025\/02\/android_qr-300x300-1.png 300w, https:\/\/www.nautaran.org\/wp-content\/uploads\/2025\/02\/android_qr-300x300-1-150x150.png 150w\" sizes=\"auto, (max-width: 300px) 100vw, 300px\" \/><\/a><\/p>\n<h3 style=\"text-align: center;\">\u00a0<\/h3>\n<p style=\"text-align: center;\">o puedes hacer click en este enlace:<\/p>\n<p style=\"text-align: center;\"><strong><a href=\"https:\/\/play.google.com\/store\/apps\/details?id=com.kmp.tankuamajunautaran\">App Android Equipamentos Naut Aran<\/a><\/strong><\/p>\n<p>[\/et_pb_text][\/et_pb_column][\/et_pb_row][\/et_pb_section]<\/p>\n","protected":false},"excerpt":{"rendered":"<p>Reservas la de Actividades de Salard\u00faHorarios de reserva de la sala: Todos los dias de 08:00 a 22:00 horas.Con la nueva normativa esta sala se regir\u00e1 por las siguientes normas: Solo los habitantes del municipio de Naut Aran podr\u00e1n reservar la Sala.\u00a0 Apertura de 08:00 a 22:00 horas con reserva. &nbsp;Como puedes reservar la Sala [&hellip;]<\/p>\n","protected":false},"author":6,"featured_media":0,"parent":14843,"menu_order":0,"comment_status":"closed","ping_status":"closed","template":"","meta":{"_acf_changed":false,"_et_pb_use_builder":"on","_et_pb_old_content":"","_et_gb_content_width":"","footnotes":""},"class_list":["post-24413","page","type-page","status-publish","hentry"],"acf":[],"yoast_head":"<!-- This site is optimized with the Yoast SEO plugin v26.8 - https:\/\/yoast.com\/product\/yoast-seo-wordpress\/ -->\n<title>Sala de Actividades de Salard\u00fa - Ajuntament de Naut Aran<\/title>\n<meta name=\"robots\" content=\"index, follow, max-snippet:-1, max-image-preview:large, max-video-preview:-1\" \/>\n<link rel=\"canonical\" href=\"https:\/\/www.nautaran.org\/es\/servicios\/accessi-equipaments-municipaus\/sala-de-actividades-de-salardu\/\" \/>\n<meta property=\"og:locale\" content=\"es_ES\" \/>\n<meta property=\"og:type\" content=\"article\" \/>\n<meta property=\"og:title\" content=\"Sala de Actividades de Salard\u00fa - Ajuntament de Naut Aran\" \/>\n<meta property=\"og:description\" content=\"Reservas la de Actividades de Salard\u00faHorarios de reserva de la sala: Todos los dias de 08:00 a 22:00 horas.Con la nueva normativa esta sala se regir\u00e1 por las siguientes normas: Solo los habitantes del municipio de Naut Aran podr\u00e1n reservar la Sala.\u00a0 Apertura de 08:00 a 22:00 horas con reserva. &nbsp;Como puedes reservar la Sala [&hellip;]\" \/>\n<meta property=\"og:url\" content=\"https:\/\/www.nautaran.org\/es\/servicios\/accessi-equipaments-municipaus\/sala-de-actividades-de-salardu\/\" \/>\n<meta property=\"og:site_name\" content=\"Ajuntament de Naut Aran\" \/>\n<meta property=\"article:modified_time\" content=\"2025-09-26T07:07:34+00:00\" \/>\n<meta property=\"og:image\" content=\"https:\/\/www.nautaran.org\/wp-content\/uploads\/2025\/02\/REGISTRE_qr-code-300x300-1.png\" \/>\n<meta name=\"twitter:card\" content=\"summary_large_image\" \/>\n<meta name=\"twitter:label1\" content=\"Tiempo de lectura\" \/>\n\t<meta name=\"twitter:data1\" content=\"3 minutos\" \/>\n<script type=\"application\/ld+json\" class=\"yoast-schema-graph\">{\"@context\":\"https:\/\/schema.org\",\"@graph\":[{\"@type\":\"WebPage\",\"@id\":\"https:\/\/www.nautaran.org\/es\/servicios\/accessi-equipaments-municipaus\/sala-de-actividades-de-salardu\/\",\"url\":\"https:\/\/www.nautaran.org\/es\/servicios\/accessi-equipaments-municipaus\/sala-de-actividades-de-salardu\/\",\"name\":\"Sala de Actividades de Salard\u00fa - Ajuntament de Naut Aran\",\"isPartOf\":{\"@id\":\"https:\/\/www.nautaran.org\/#website\"},\"primaryImageOfPage\":{\"@id\":\"https:\/\/www.nautaran.org\/es\/servicios\/accessi-equipaments-municipaus\/sala-de-actividades-de-salardu\/#primaryimage\"},\"image\":{\"@id\":\"https:\/\/www.nautaran.org\/es\/servicios\/accessi-equipaments-municipaus\/sala-de-actividades-de-salardu\/#primaryimage\"},\"thumbnailUrl\":\"https:\/\/www.nautaran.org\/wp-content\/uploads\/2025\/02\/REGISTRE_qr-code-300x300-1.png\",\"datePublished\":\"2025-09-26T07:07:05+00:00\",\"dateModified\":\"2025-09-26T07:07:34+00:00\",\"breadcrumb\":{\"@id\":\"https:\/\/www.nautaran.org\/es\/servicios\/accessi-equipaments-municipaus\/sala-de-actividades-de-salardu\/#breadcrumb\"},\"inLanguage\":\"es\",\"potentialAction\":[{\"@type\":\"ReadAction\",\"target\":[\"https:\/\/www.nautaran.org\/es\/servicios\/accessi-equipaments-municipaus\/sala-de-actividades-de-salardu\/\"]}]},{\"@type\":\"ImageObject\",\"inLanguage\":\"es\",\"@id\":\"https:\/\/www.nautaran.org\/es\/servicios\/accessi-equipaments-municipaus\/sala-de-actividades-de-salardu\/#primaryimage\",\"url\":\"https:\/\/www.nautaran.org\/wp-content\/uploads\/2025\/02\/REGISTRE_qr-code-300x300-1.png\",\"contentUrl\":\"https:\/\/www.nautaran.org\/wp-content\/uploads\/2025\/02\/REGISTRE_qr-code-300x300-1.png\"},{\"@type\":\"BreadcrumbList\",\"@id\":\"https:\/\/www.nautaran.org\/es\/servicios\/accessi-equipaments-municipaus\/sala-de-actividades-de-salardu\/#breadcrumb\",\"itemListElement\":[{\"@type\":\"ListItem\",\"position\":1,\"name\":\"Portada\",\"item\":\"https:\/\/www.nautaran.org\/es\/home-2\/\"},{\"@type\":\"ListItem\",\"position\":2,\"name\":\"Servicios\",\"item\":\"https:\/\/www.nautaran.org\/es\/servicios\/\"},{\"@type\":\"ListItem\",\"position\":3,\"name\":\"Accesos Equipamientos Municipales\",\"item\":\"https:\/\/www.nautaran.org\/es\/servicios\/accessi-equipaments-municipaus\/\"},{\"@type\":\"ListItem\",\"position\":4,\"name\":\"Sala de Actividades de Salard\u00fa\"}]},{\"@type\":\"WebSite\",\"@id\":\"https:\/\/www.nautaran.org\/#website\",\"url\":\"https:\/\/www.nautaran.org\/\",\"name\":\"Ajuntament de Naut Aran\",\"description\":\"Naut Aran\",\"potentialAction\":[{\"@type\":\"SearchAction\",\"target\":{\"@type\":\"EntryPoint\",\"urlTemplate\":\"https:\/\/www.nautaran.org\/?s={search_term_string}\"},\"query-input\":{\"@type\":\"PropertyValueSpecification\",\"valueRequired\":true,\"valueName\":\"search_term_string\"}}],\"inLanguage\":\"es\"}]}<\/script>\n<!-- \/ Yoast SEO plugin. -->","yoast_head_json":{"title":"Sala de Actividades de Salard\u00fa - Ajuntament de Naut Aran","robots":{"index":"index","follow":"follow","max-snippet":"max-snippet:-1","max-image-preview":"max-image-preview:large","max-video-preview":"max-video-preview:-1"},"canonical":"https:\/\/www.nautaran.org\/es\/servicios\/accessi-equipaments-municipaus\/sala-de-actividades-de-salardu\/","og_locale":"es_ES","og_type":"article","og_title":"Sala de Actividades de Salard\u00fa - Ajuntament de Naut Aran","og_description":"Reservas la de Actividades de Salard\u00faHorarios de reserva de la sala: Todos los dias de 08:00 a 22:00 horas.Con la nueva normativa esta sala se regir\u00e1 por las siguientes normas: Solo los habitantes del municipio de Naut Aran podr\u00e1n reservar la Sala.\u00a0 Apertura de 08:00 a 22:00 horas con reserva. &nbsp;Como puedes reservar la Sala [&hellip;]","og_url":"https:\/\/www.nautaran.org\/es\/servicios\/accessi-equipaments-municipaus\/sala-de-actividades-de-salardu\/","og_site_name":"Ajuntament de Naut Aran","article_modified_time":"2025-09-26T07:07:34+00:00","og_image":[{"url":"https:\/\/www.nautaran.org\/wp-content\/uploads\/2025\/02\/REGISTRE_qr-code-300x300-1.png","type":"","width":"","height":""}],"twitter_card":"summary_large_image","twitter_misc":{"Tiempo de lectura":"3 minutos"},"schema":{"@context":"https:\/\/schema.org","@graph":[{"@type":"WebPage","@id":"https:\/\/www.nautaran.org\/es\/servicios\/accessi-equipaments-municipaus\/sala-de-actividades-de-salardu\/","url":"https:\/\/www.nautaran.org\/es\/servicios\/accessi-equipaments-municipaus\/sala-de-actividades-de-salardu\/","name":"Sala de Actividades de Salard\u00fa - Ajuntament de Naut Aran","isPartOf":{"@id":"https:\/\/www.nautaran.org\/#website"},"primaryImageOfPage":{"@id":"https:\/\/www.nautaran.org\/es\/servicios\/accessi-equipaments-municipaus\/sala-de-actividades-de-salardu\/#primaryimage"},"image":{"@id":"https:\/\/www.nautaran.org\/es\/servicios\/accessi-equipaments-municipaus\/sala-de-actividades-de-salardu\/#primaryimage"},"thumbnailUrl":"https:\/\/www.nautaran.org\/wp-content\/uploads\/2025\/02\/REGISTRE_qr-code-300x300-1.png","datePublished":"2025-09-26T07:07:05+00:00","dateModified":"2025-09-26T07:07:34+00:00","breadcrumb":{"@id":"https:\/\/www.nautaran.org\/es\/servicios\/accessi-equipaments-municipaus\/sala-de-actividades-de-salardu\/#breadcrumb"},"inLanguage":"es","potentialAction":[{"@type":"ReadAction","target":["https:\/\/www.nautaran.org\/es\/servicios\/accessi-equipaments-municipaus\/sala-de-actividades-de-salardu\/"]}]},{"@type":"ImageObject","inLanguage":"es","@id":"https:\/\/www.nautaran.org\/es\/servicios\/accessi-equipaments-municipaus\/sala-de-actividades-de-salardu\/#primaryimage","url":"https:\/\/www.nautaran.org\/wp-content\/uploads\/2025\/02\/REGISTRE_qr-code-300x300-1.png","contentUrl":"https:\/\/www.nautaran.org\/wp-content\/uploads\/2025\/02\/REGISTRE_qr-code-300x300-1.png"},{"@type":"BreadcrumbList","@id":"https:\/\/www.nautaran.org\/es\/servicios\/accessi-equipaments-municipaus\/sala-de-actividades-de-salardu\/#breadcrumb","itemListElement":[{"@type":"ListItem","position":1,"name":"Portada","item":"https:\/\/www.nautaran.org\/es\/home-2\/"},{"@type":"ListItem","position":2,"name":"Servicios","item":"https:\/\/www.nautaran.org\/es\/servicios\/"},{"@type":"ListItem","position":3,"name":"Accesos Equipamientos Municipales","item":"https:\/\/www.nautaran.org\/es\/servicios\/accessi-equipaments-municipaus\/"},{"@type":"ListItem","position":4,"name":"Sala de Actividades de Salard\u00fa"}]},{"@type":"WebSite","@id":"https:\/\/www.nautaran.org\/#website","url":"https:\/\/www.nautaran.org\/","name":"Ajuntament de Naut Aran","description":"Naut Aran","potentialAction":[{"@type":"SearchAction","target":{"@type":"EntryPoint","urlTemplate":"https:\/\/www.nautaran.org\/?s={search_term_string}"},"query-input":{"@type":"PropertyValueSpecification","valueRequired":true,"valueName":"search_term_string"}}],"inLanguage":"es"}]}},"_links":{"self":[{"href":"https:\/\/www.nautaran.org\/es\/wp-json\/wp\/v2\/pages\/24413","targetHints":{"allow":["GET"]}}],"collection":[{"href":"https:\/\/www.nautaran.org\/es\/wp-json\/wp\/v2\/pages"}],"about":[{"href":"https:\/\/www.nautaran.org\/es\/wp-json\/wp\/v2\/types\/page"}],"author":[{"embeddable":true,"href":"https:\/\/www.nautaran.org\/es\/wp-json\/wp\/v2\/users\/6"}],"replies":[{"embeddable":true,"href":"https:\/\/www.nautaran.org\/es\/wp-json\/wp\/v2\/comments?post=24413"}],"version-history":[{"count":3,"href":"https:\/\/www.nautaran.org\/es\/wp-json\/wp\/v2\/pages\/24413\/revisions"}],"predecessor-version":[{"id":24426,"href":"https:\/\/www.nautaran.org\/es\/wp-json\/wp\/v2\/pages\/24413\/revisions\/24426"}],"up":[{"embeddable":true,"href":"https:\/\/www.nautaran.org\/es\/wp-json\/wp\/v2\/pages\/14843"}],"wp:attachment":[{"href":"https:\/\/www.nautaran.org\/es\/wp-json\/wp\/v2\/media?parent=24413"}],"curies":[{"name":"wp","href":"https:\/\/api.w.org\/{rel}","templated":true}]}}