{"id":451,"date":"2016-11-14T11:41:17","date_gmt":"2016-11-14T11:41:17","guid":{"rendered":"https:\/\/www.nautaran.org\/?page_id=451"},"modified":"2024-08-22T10:46:43","modified_gmt":"2024-08-22T09:46:43","slug":"politica-de-privacidad","status":"publish","type":"page","link":"https:\/\/www.nautaran.org\/es\/politica-de-privacidad\/","title":{"rendered":"Pol\u00edtica de privacidad"},"content":{"rendered":"<p>[et_pb_section fb_built=\u00bb1&#8243; admin_label=\u00bbsection\u00bb _builder_version=\u00bb4.16&#8243; global_colors_info=\u00bb{}\u00bb][et_pb_row admin_label=\u00bbrow\u00bb _builder_version=\u00bb4.16&#8243; background_size=\u00bbinitial\u00bb background_position=\u00bbtop_left\u00bb background_repeat=\u00bbrepeat\u00bb global_colors_info=\u00bb{}\u00bb][et_pb_column type=\u00bb4_4&#8243; _builder_version=\u00bb4.16&#8243; custom_padding=\u00bb|||\u00bb global_colors_info=\u00bb{}\u00bb custom_padding__hover=\u00bb|||\u00bb][et_pb_text admin_label=\u00bbText\u00bb _builder_version=\u00bb4.20.4&#8243; background_size=\u00bbinitial\u00bb background_position=\u00bbtop_left\u00bb background_repeat=\u00bbrepeat\u00bb hover_enabled=\u00bb0&#8243; global_colors_info=\u00bb{}\u00bb sticky_enabled=\u00bb0&#8243;]<\/p>\n<h4><span><strong>REDES SOCIALES<\/strong><\/span><span>\u00a0<\/span><\/h4>\n<p><span>El usuario deber\u00e1 disponer de su perfil en las redes sociales para poder interactuar con <strong>AJUNTAMENT NAUT ARAN<\/strong> y que acepte la relaci\u00f3n con nuestra red social. Si as\u00ed se ejecuta, <strong>AJUNTAMENT NAUT ARAN<\/strong> tendr\u00e1 acceso al perfil del usuario de acuerdo con los par\u00e1metros estipulados por la propia red social y podr\u00e1 interactuar con \u00e9l mediante el env\u00edo de mensajes, publicaciones, participaci\u00f3n en concursos y sorteos. Si el usuario no desea que <strong>AJUNTAMENT NAUT ARAN<\/strong>\u00a0 pueda acceder a su perfil o interrelacionarse con \u00e9l ser\u00e1 necesario que se desvincule del perfil dejando de seguir o eliminar como amistad, seguidor o usuario a\u00a0\u00a0<\/span><span>\u00a0<\/span><\/p>\n<p><span>Las actuaciones que realice <strong>AJUNTAMENT NAUT ARAN<\/strong> podr\u00e1n tener car\u00e1cter informativo y\/o publicitario de sus servicios o productos, considerando que la red social es un medio publicitario, bajo la responsabilidad de <strong>AJUNTAMENT NAUT ARAN<\/strong> en cuanto a las publicaciones y comunicaciones que se realicen por estos medios online.\u00a0<\/span><span>\u00a0<\/span><\/p>\n<p><span>La participaci\u00f3n de los usuarios en concursos, promociones o sorteos implicar\u00e1 que el usuario acepta las bases legales de este concurso, promoci\u00f3n o sorteo que ser\u00e1n publicados en la red social de referencia en el momento oportuno y con su participaci\u00f3n implicar\u00e1 que el usuario ha aceptado las mismas.\u00a0<\/span><span>\u00a0<\/span><\/p>\n<p><span>Se recuerda a los usuarios que las publicaciones que realicen en las redes sociales estar\u00e1n bajo su responsabilidad y ser\u00e1 necesario que respeten la legislaci\u00f3n y los derechos de terceros que puedan afectar con especial relevancia a los derechos de propiedad intelectual, de protecci\u00f3n de datos y de la propia imagen de terceros, as\u00ed como las normas de las propias redes sociales que consten en los siguientes enlaces:<\/span><span>\u00a0<\/span><\/p>\n<p style=\"padding-left: 40px;\"><span>Facebook: https:\/\/www.facebook.com\/legal\/terms<\/span><span>\u00a0<\/span><\/p>\n<p style=\"padding-left: 40px;\"><span>Instagram : https:\/\/help.instagram.com\/<\/span><span>\u00a0<\/span><\/p>\n<p style=\"padding-left: 40px;\"><span>Twitter: https:\/\/twitter.com\/es\/tos<\/span><span>\u00a0<\/span><\/p>\n<h4><span>PROTECCI\u00d3N DE DATOS PERSONALES<\/span><span>\u00a0<\/span><\/h4>\n<p><span>En virtud de la normativa de protecci\u00f3n de datos de car\u00e1cter personal, por la presente autoriza a que los datos personales facilitados ser\u00e1n tratados bajo la responsabilidad <strong>AJUNTAMENT NAUT ARAN<\/strong> y domicilio en <strong>AJUNTAMENT NAUT ARAN<\/strong><\/span><\/p>\n<ul>\n<li style=\"list-style-type: none;\">\n<ul>\n<li><span>Formulario de contacto Sus datos ser\u00e1n tratados con la finalidad de atender su petici\u00f3n, siendo esta la causa que legitima el tratamiento. Estos ser\u00e1n conservados hasta que no manifiesta su voluntad de darse de baja, y no ser\u00e1n transmitidos a terceros.\u00a0<\/span><span><\/span><\/li>\n<li><span>Si son tratados en nuestras redes sociales, de acuerdo a lo detallado anteriormente, estas ser\u00e1n tratados con la finalidad de gestionar aquella informaci\u00f3n y datos obtenidos de la interactuaci\u00f3n de los usuarios de las redes sociales con estos perfiles\/ p\u00e1gina. Estos datos son tratados de acuerdo al inter\u00e9s leg\u00edtimo de esta empresa y ser\u00e1n conservados siempre que se mantenga el inter\u00e9s leg\u00edtimo que permiti\u00f3 su tratamiento.\u00a0<\/span><span><\/span><\/li>\n<li><span>Si son captados a trav\u00e9s de la utilizaci\u00f3n de les cookies anal\u00edticas que previamente ha aceptado al acceder a nuestro sitio web, ser\u00e1n utilizadas con la finalidad de an\u00e1lisis especificadas en la pol\u00edtica de cookies de nuestra web. Sus datos ser\u00e1n objeto de transferencia internacional con los Estados Unidos y conservadas durante el plazo necesario para la finalidad detallada en nuestra pol\u00edtica de cookies.\u00a0<\/span><span><\/span><\/li>\n<\/ul>\n<\/li>\n<\/ul>\n<p><span>En cualquier caso, podr\u00e1 indicar la revocaci\u00f3n del consentimiento dado, si \u00e9sta fue la base que legitim\u00f3 el tratamiento o ejercitar los derechos previstos:<\/span><span>\u00a0<\/span><\/p>\n<ul>\n<li style=\"list-style-type: none;\">\n<ul>\n<li><span><u>De acceso:<\/u><\/span><span> el interesado tiene derecho a saber si el responsable trata datos personales suyos y, si es as\u00ed, tiene derecho a acceder a estos datos, as\u00ed como a obtener informaci\u00f3n al respecto de los tratamientos realizados.\u00a0<\/span><span><\/span><\/li>\n<li><span><u>Rectificaci\u00f3n:<\/u><\/span><span> Est\u00e1 vinculado al car\u00e1cter de inexactitud o incompleto de los datos. El interesado tiene derecho a rectificar sus datos personales inexactos y que se completen sus datos personales incompletos.\u00a0<\/span><span><\/span><\/li>\n<li><span><u>Supresi\u00f3n<\/u><\/span><span>: El interesado tiene derecho a obtener la supresi\u00f3n de sus datos personales (\u00abderecho al olvido\u00bb), cuando estos ya no son necesarios para la finalidad para la cual se recogieron, se revoca el consentimiento en el cual se basaba el tratamiento, el interesado se opone al tratamiento, los datos se han tratado il\u00edcitamente, se tienen que suprimir para cumplir una obligaci\u00f3n legal o se han obtenido en relaci\u00f3n con la oferta de servicios de la sociedad de la informaci\u00f3n dirigida a menores.<\/span><span><\/span><\/li>\n<li><span><u>Limitaci\u00f3n del tratamiento<\/u><\/span><span>: es un derecho de la persona interesada consistente en marcar sus datos de car\u00e1cter personal conservados con la finalidad de limitar el tratamiento en el futuro. La limitaci\u00f3n del tratamiento supone que, a petici\u00f3n de la persona interesada, sus datos personales indicados se dejen de tratar.<\/span><span><\/span><\/li>\n<li><span><u>Oposici\u00f3n<\/u><\/span><span>: el interesado tiene derecho a oponerse al tratamiento de sus datos cuando se base en algunos supuestos concretos y se invoque un motivo relacionado con su situaci\u00f3n personal.\u00a0<\/span><span><\/span><\/li>\n<li><span><u>Portabilidad de los datos:<\/u><\/span><span> el interesado tiene derecho a recibir sus datos personales facilitados al responsable del tratamiento en un formato estructurado, de uso com\u00fan y de lectura mec\u00e1nica, si se basa en el consentimiento o en un contrato o cuando el tratamiento se realiza por medios automatizados.\u00a0<\/span><span><\/span><\/li>\n<li><span><u>A no ser objeto de decisiones individuales automatizadas:<\/u><\/span><span> el interesado tiene derecho a no ser objeto de una decisi\u00f3n basada en el tratamiento automatizado de sus datos, incluida la elaboraci\u00f3n de perfiles que produzca efectos jur\u00eddicos en \u00e9l o que le afecte negativamente.\u00a0<\/span><span><\/span><\/li>\n<\/ul>\n<\/li>\n<\/ul>\n<p><span>Estas peticiones ser deber\u00e1n realizar en c. <strong>Balmes, n. 2, 25598 SALARD\u00da (VALL D\u2019ARAN)<\/strong> o en <\/span><a href=\"mailto:info@nautaran.org\">info@nautaran.org<\/a><\/p>\n<p><span>Asimismo, tambi\u00e9n podr\u00e1 presentar una reclamaci\u00f3n ante la \/Autoridad Catalana de Protecci\u00f3n de Datos, o ponerse en contacto con nuestro Delegado de Protecci\u00f3n de datos en <\/span><span>secretaria@nautaran.org<\/span><span>\u00a0<\/span><\/p>\n<h4><span><strong>PROPIEDAD INDUSTRIAL E INTELECTUAL<\/strong><\/span><span>\u00a0<\/span><\/h4>\n<p><span>Esta web es propiedad de <strong>AJUNTAMENT NAUT ARAN<\/strong>. Los derechos de Propiedad intelectual y derechos de explotaci\u00f3n y reproducci\u00f3n de esta web, sus p\u00e1ginas, su presencia en redes sociales, pantallas, la informaci\u00f3n que contienen, su apariencia, su dise\u00f1o, as\u00ed como los enlaces (hiperv\u00ednculos) establecidos des de ella a otras p\u00e1ginas web de cualquier centro adscrito u organismo dependiente, son propiedad exclusiva de esta a no ser que expresamente se establezca otra cosa.\u00a0<\/span><span>\u00a0<\/span><\/p>\n<p><span>Todas las denominaciones, dise\u00f1os y\/o logotipos, as\u00ed como cualquier producto o servicios ofrecidos y reflectados en este sitio web, son marcas comerciales debidamente registradas por <strong>AJUNTAMENT NAUT ARAN<\/strong> por sus subsidiarias y\/o denominadas por terceros.\u00a0<\/span><span>\u00a0<\/span><\/p>\n<p><span>Cualquier uso indebido del mismo por personas diferentes de su leg\u00edtimo titular y sin el consentimiento expreso e inequ\u00edvoco por parte de este podr\u00e1 ser denunciado y perseguido a trav\u00e9s de todos los medios legales existentes en el ordenamiento jur\u00eddico espa\u00f1ol y\/o comunitario.\u00a0<\/span><span>\u00a0<\/span><\/p>\n<p><span>Los derechos de propiedad intelectual y marcas comerciales de terceros se destacan convenientemente y han de ser respetados por todo aquel que acceda a esta p\u00e1gina, no siendo responsabilidad de <strong>AJUNTAMENT NAUT ARAN<\/strong> el uso que el usuario pueda llevar a cabo referente a este respeto, siendo la \u00fanica responsabilidad sobre su persona.\u00a0<\/span><span>\u00a0<\/span><\/p>\n<p><span>\u00danicamente para uso personal y privado se permite descargar los contenidos, copiar o imprimir cualquier p\u00e1gina de esta web y redes sociales. Queda prohibido reproducir, transmitir, modificar o eliminar la informaci\u00f3n contenido o advertencias de este sitio web sin la autorizaci\u00f3n previa por escrito de <strong>AJUNTAMENT NAUT ARAN <\/strong><\/span><\/p>\n<p><span><strong>AJUNTAMENT NAUT ARAN<\/strong> no transfiere a los usuarios la propiedad de su software. El usuario es el propietario del medio en el que se graba el software. <strong>AJUNTAMENT NAUT ARAN<\/strong> posee todos los derechos de propiedad industrial y intelectual, incluyendo el software. Si el usuario transfiere software de este sitio web a su terminal, no podr\u00e1 diseccionar por su estudio y descompilar, traducir la versi\u00f3n del c\u00f3digo objeto original o su idioma u otro c\u00f3digo o idioma.<\/span><span>\u00a0<\/span><\/p>\n<h4><span><strong>LEY APLICABLE Y JURISDICCI\u00d3N<\/strong><\/span><span>\u00a0<\/span><\/h4>\n<p><span>Las presentes condiciones generales se rigen por la Legislaci\u00f3n espa\u00f1ola, siendo competentes los Juzgados y Tribunales espa\u00f1oles para conocer de cuantas cuestiones se susciten sobre la interpretaci\u00f3n, aplicaci\u00f3n y cumplimiento de las mismas. El usuario, por virtud de su aceptaci\u00f3n a las condiciones generales recogidas en este aviso legal y siempre que esta sumisi\u00f3n sea posible, renuncia expresamente a cualquier fuero que, por aplicaci\u00f3n de la Ley de Enjuiciamiento Civil vigente pudiera corresponderle<\/span><span>\u00a0<\/span><\/p>\n<p>[\/et_pb_text][\/et_pb_column][\/et_pb_row][\/et_pb_section]<\/p>\n","protected":false},"excerpt":{"rendered":"<p>REDES SOCIALES\u00a0 El usuario deber\u00e1 disponer de su perfil en las redes sociales para poder interactuar con AJUNTAMENT NAUT ARAN y que acepte la relaci\u00f3n con nuestra red social. Si as\u00ed se ejecuta, AJUNTAMENT NAUT ARAN tendr\u00e1 acceso al perfil del usuario de acuerdo con los par\u00e1metros estipulados por la propia red social y podr\u00e1 [&hellip;]<\/p>\n","protected":false},"author":3,"featured_media":0,"parent":0,"menu_order":0,"comment_status":"closed","ping_status":"closed","template":"","meta":{"_acf_changed":false,"_et_pb_use_builder":"on","_et_pb_old_content":"<h3>Identidad y direcci\u00f3n del responsable del fichero donde se encuentran sus datos<\/h3>\r\n<p class=\"ng-binding\">En virtud de la Ley Org\u00e1nica 15\/1999, de 13 de diciembre, Protecci\u00f3n de Datos de Car\u00e1cter Personal, con domicilio social en (de ahora en adelante el Responsable del Fichero), le informa que al introducir sus datos a trav\u00e9s de los formularios electr\u00f3nicos de nuestra web nos suministrar\u00e1 determinados datos de car\u00e1cter personal que se tratar\u00e1n de forma automatizada e incorporar\u00e1n a los correspondientes ficheros de los que es titular y Responsable.<\/p>\r\n\r\n<h3>Finalidad del tratamiento de sus datos<\/h3>\r\n<p class=\"ng-binding\">La recogida y tratamiento automatizado de sus datos personales tiene como finalidad hacerle participar en los concursos y promociones que ofrecemos a trav\u00e9s de nuestra web as\u00ed como recibir nuestro Newsletter si as\u00ed lo desea. Por la presente, usted consiente el tratamiento de sus datos con el fin de ser utilizados para el env\u00edo de promociones publicitarias y prospecci\u00f3n comercial a trav\u00e9s de cualquier medio, incluyendo por v\u00eda electr\u00f3nica, por la empresa y otras relacionadas con los sectores de las telecomunicaciones, financiero, ocio, formaci\u00f3n, gran consumo, automoci\u00f3n y energ\u00eda.<\/p>\r\n\r\n<h3>Derechos de acceso, rectificaci\u00f3n y cancelaci\u00f3n<\/h3>\r\n<p class=\"ng-binding\">En todo momento podr\u00e1 ejercitar su derecho de acceso, rectificaci\u00f3n, cancelaci\u00f3n y oposici\u00f3n enviando su solicitud escrita y firmada dirigida al Departamento Legal de acompa\u00f1ando fotocopia de su DNI a la direcci\u00f3n postal arriba indicada o bien a la siguiente direcci\u00f3n de correo electr\u00f3nico . Asimismo, en cualquier momento podr\u00e1 revocar el consentimiento arriba prestado para la cesi\u00f3n de sus datos personales y la recepci\u00f3n de comunicaciones comerciales enviando una comunicaci\u00f3n en este sentido a la direcci\u00f3n de correo electr\u00f3nico indicando la palabra \u201cBaja\u201d en el asunto a la direcci\u00f3n de correo electr\u00f3nico arriba referenciada.<\/p>\r\n\r\n<h3>Cesi\u00f3n<\/h3>\r\n<p class=\"ng-binding\">Si usted es premiado en alguno de nuestros concursos o promociones, autoriza la publicaci\u00f3n de sus datos personales en nuestra Web y en los perfiles sociales de de Facebook, Youtube, Twitter, Instagram, Google y Pinterest a efectos de anunciar quien ha sido la persona ganadora. Asimismo, usted consiente la comunicaci\u00f3n de sus datos a proveedores externos de relacionados con los sectores de las telecomunicaciones, financiero, ocio, formaci\u00f3n, gran consumo, automoci\u00f3n y energ\u00eda, a fin de ser utilizados para el env\u00edo de promociones publicitarias y prospecci\u00f3n comercial.<\/p>","_et_gb_content_width":"","footnotes":""},"class_list":["post-451","page","type-page","status-publish","hentry"],"acf":[],"yoast_head":"<!-- This site is optimized with the Yoast SEO plugin v26.8 - https:\/\/yoast.com\/product\/yoast-seo-wordpress\/ -->\n<title>Pol\u00edtica de privacidad - Ajuntament de Naut Aran<\/title>\n<meta name=\"robots\" content=\"index, follow, max-snippet:-1, max-image-preview:large, max-video-preview:-1\" \/>\n<link rel=\"canonical\" href=\"https:\/\/www.nautaran.org\/es\/politica-de-privacidad\/\" \/>\n<meta property=\"og:locale\" content=\"es_ES\" \/>\n<meta property=\"og:type\" content=\"article\" \/>\n<meta property=\"og:title\" content=\"Pol\u00edtica de privacidad - Ajuntament de Naut Aran\" \/>\n<meta property=\"og:description\" content=\"REDES SOCIALES\u00a0 El usuario deber\u00e1 disponer de su perfil en las redes sociales para poder interactuar con AJUNTAMENT NAUT ARAN y que acepte la relaci\u00f3n con nuestra red social. Si as\u00ed se ejecuta, AJUNTAMENT NAUT ARAN tendr\u00e1 acceso al perfil del usuario de acuerdo con los par\u00e1metros estipulados por la propia red social y podr\u00e1 [&hellip;]\" \/>\n<meta property=\"og:url\" content=\"https:\/\/www.nautaran.org\/es\/politica-de-privacidad\/\" \/>\n<meta property=\"og:site_name\" content=\"Ajuntament de Naut Aran\" \/>\n<meta property=\"article:modified_time\" content=\"2024-08-22T09:46:43+00:00\" \/>\n<meta name=\"twitter:card\" content=\"summary_large_image\" \/>\n<meta name=\"twitter:label1\" content=\"Tiempo de lectura\" \/>\n\t<meta name=\"twitter:data1\" content=\"7 minutos\" \/>\n<script type=\"application\/ld+json\" class=\"yoast-schema-graph\">{\"@context\":\"https:\/\/schema.org\",\"@graph\":[{\"@type\":\"WebPage\",\"@id\":\"https:\/\/www.nautaran.org\/es\/politica-de-privacidad\/\",\"url\":\"https:\/\/www.nautaran.org\/es\/politica-de-privacidad\/\",\"name\":\"Pol\u00edtica de privacidad - Ajuntament de Naut Aran\",\"isPartOf\":{\"@id\":\"https:\/\/www.nautaran.org\/#website\"},\"datePublished\":\"2016-11-14T11:41:17+00:00\",\"dateModified\":\"2024-08-22T09:46:43+00:00\",\"breadcrumb\":{\"@id\":\"https:\/\/www.nautaran.org\/es\/politica-de-privacidad\/#breadcrumb\"},\"inLanguage\":\"es\",\"potentialAction\":[{\"@type\":\"ReadAction\",\"target\":[\"https:\/\/www.nautaran.org\/es\/politica-de-privacidad\/\"]}]},{\"@type\":\"BreadcrumbList\",\"@id\":\"https:\/\/www.nautaran.org\/es\/politica-de-privacidad\/#breadcrumb\",\"itemListElement\":[{\"@type\":\"ListItem\",\"position\":1,\"name\":\"Portada\",\"item\":\"https:\/\/www.nautaran.org\/es\/home-2\/\"},{\"@type\":\"ListItem\",\"position\":2,\"name\":\"Pol\u00edtica de privacidad\"}]},{\"@type\":\"WebSite\",\"@id\":\"https:\/\/www.nautaran.org\/#website\",\"url\":\"https:\/\/www.nautaran.org\/\",\"name\":\"Ajuntament de Naut Aran\",\"description\":\"Naut Aran\",\"potentialAction\":[{\"@type\":\"SearchAction\",\"target\":{\"@type\":\"EntryPoint\",\"urlTemplate\":\"https:\/\/www.nautaran.org\/?s={search_term_string}\"},\"query-input\":{\"@type\":\"PropertyValueSpecification\",\"valueRequired\":true,\"valueName\":\"search_term_string\"}}],\"inLanguage\":\"es\"}]}<\/script>\n<!-- \/ Yoast SEO plugin. -->","yoast_head_json":{"title":"Pol\u00edtica de privacidad - Ajuntament de Naut Aran","robots":{"index":"index","follow":"follow","max-snippet":"max-snippet:-1","max-image-preview":"max-image-preview:large","max-video-preview":"max-video-preview:-1"},"canonical":"https:\/\/www.nautaran.org\/es\/politica-de-privacidad\/","og_locale":"es_ES","og_type":"article","og_title":"Pol\u00edtica de privacidad - Ajuntament de Naut Aran","og_description":"REDES SOCIALES\u00a0 El usuario deber\u00e1 disponer de su perfil en las redes sociales para poder interactuar con AJUNTAMENT NAUT ARAN y que acepte la relaci\u00f3n con nuestra red social. Si as\u00ed se ejecuta, AJUNTAMENT NAUT ARAN tendr\u00e1 acceso al perfil del usuario de acuerdo con los par\u00e1metros estipulados por la propia red social y podr\u00e1 [&hellip;]","og_url":"https:\/\/www.nautaran.org\/es\/politica-de-privacidad\/","og_site_name":"Ajuntament de Naut Aran","article_modified_time":"2024-08-22T09:46:43+00:00","twitter_card":"summary_large_image","twitter_misc":{"Tiempo de lectura":"7 minutos"},"schema":{"@context":"https:\/\/schema.org","@graph":[{"@type":"WebPage","@id":"https:\/\/www.nautaran.org\/es\/politica-de-privacidad\/","url":"https:\/\/www.nautaran.org\/es\/politica-de-privacidad\/","name":"Pol\u00edtica de privacidad - Ajuntament de Naut Aran","isPartOf":{"@id":"https:\/\/www.nautaran.org\/#website"},"datePublished":"2016-11-14T11:41:17+00:00","dateModified":"2024-08-22T09:46:43+00:00","breadcrumb":{"@id":"https:\/\/www.nautaran.org\/es\/politica-de-privacidad\/#breadcrumb"},"inLanguage":"es","potentialAction":[{"@type":"ReadAction","target":["https:\/\/www.nautaran.org\/es\/politica-de-privacidad\/"]}]},{"@type":"BreadcrumbList","@id":"https:\/\/www.nautaran.org\/es\/politica-de-privacidad\/#breadcrumb","itemListElement":[{"@type":"ListItem","position":1,"name":"Portada","item":"https:\/\/www.nautaran.org\/es\/home-2\/"},{"@type":"ListItem","position":2,"name":"Pol\u00edtica de privacidad"}]},{"@type":"WebSite","@id":"https:\/\/www.nautaran.org\/#website","url":"https:\/\/www.nautaran.org\/","name":"Ajuntament de Naut Aran","description":"Naut Aran","potentialAction":[{"@type":"SearchAction","target":{"@type":"EntryPoint","urlTemplate":"https:\/\/www.nautaran.org\/?s={search_term_string}"},"query-input":{"@type":"PropertyValueSpecification","valueRequired":true,"valueName":"search_term_string"}}],"inLanguage":"es"}]}},"_links":{"self":[{"href":"https:\/\/www.nautaran.org\/es\/wp-json\/wp\/v2\/pages\/451","targetHints":{"allow":["GET"]}}],"collection":[{"href":"https:\/\/www.nautaran.org\/es\/wp-json\/wp\/v2\/pages"}],"about":[{"href":"https:\/\/www.nautaran.org\/es\/wp-json\/wp\/v2\/types\/page"}],"author":[{"embeddable":true,"href":"https:\/\/www.nautaran.org\/es\/wp-json\/wp\/v2\/users\/3"}],"replies":[{"embeddable":true,"href":"https:\/\/www.nautaran.org\/es\/wp-json\/wp\/v2\/comments?post=451"}],"version-history":[{"count":5,"href":"https:\/\/www.nautaran.org\/es\/wp-json\/wp\/v2\/pages\/451\/revisions"}],"predecessor-version":[{"id":21241,"href":"https:\/\/www.nautaran.org\/es\/wp-json\/wp\/v2\/pages\/451\/revisions\/21241"}],"wp:attachment":[{"href":"https:\/\/www.nautaran.org\/es\/wp-json\/wp\/v2\/media?parent=451"}],"curies":[{"name":"wp","href":"https:\/\/api.w.org\/{rel}","templated":true}]}}