{"id":5640,"date":"2020-10-16T18:42:16","date_gmt":"2020-10-16T16:42:16","guid":{"rendered":"https:\/\/www.nautaran.org\/ayuntamiento\/corporacions\/composicion-emd-tredos\/"},"modified":"2020-12-30T12:55:12","modified_gmt":"2020-12-30T10:55:12","slug":"composicion-emd-tredos","status":"publish","type":"page","link":"https:\/\/www.nautaran.org\/es\/ayuntamiento\/corporaciones\/composicion-emd-tredos\/","title":{"rendered":"Composici\u00f3n EMD Tred\u00f2s"},"content":{"rendered":"<p>[et_pb_section fb_built=\u00bb1&#8243; _builder_version=\u00bb4.6.1&#8243; _module_preset=\u00bbdefault\u00bb use_background_color_gradient=\u00bbon\u00bb background_color_gradient_start=\u00bbrgba(115,152,198,0.9)\u00bb background_color_gradient_end=\u00bbrgba(143,196,109,0.9)\u00bb background_color_gradient_direction=\u00bb160deg\u00bb background_color_gradient_overlays_image=\u00bbon\u00bb background_image=\u00bbhttps:\/\/www.nautaran.org\/wp-content\/uploads\/2020\/10\/corporacion-tredos.jpg\u00bb custom_padding=\u00bb5px||13px|||\u00bb][et_pb_row _builder_version=\u00bb4.6.1&#8243; _module_preset=\u00bbdefault\u00bb custom_margin=\u00bb|auto|-10px|auto||\u00bb custom_padding=\u00bb82px||66px|||\u00bb][et_pb_column type=\u00bb4_4&#8243; _builder_version=\u00bb4.6.1&#8243; _module_preset=\u00bbdefault\u00bb][et_pb_text _builder_version=\u00bb4.6.1&#8243; _module_preset=\u00bbdefault\u00bb header_text_align=\u00bbcenter\u00bb header_text_color=\u00bb#ffffff\u00bb header_font_size=\u00bb70px\u00bb header_font_size_tablet=\u00bb50px\u00bb header_font_size_phone=\u00bb35px\u00bb header_font_size_last_edited=\u00bbon|phone\u00bb header_text_shadow_style=\u00bbpreset3&#8243;]<\/p>\n<h1>Composici\u00f3n EMD Tred\u00f2s<\/h1>\n<p>[\/et_pb_text][\/et_pb_column][\/et_pb_row][\/et_pb_section][et_pb_section fb_built=\u00bb1&#8243; _builder_version=\u00bb4.6.1&#8243; use_background_color_gradient=\u00bbon\u00bb background_color_gradient_start=\u00bb#ffffff\u00bb background_color_gradient_end=\u00bb#efefef\u00bb background_enable_image=\u00bboff\u00bb custom_margin=\u00bb-3px|||||\u00bb custom_padding=\u00bb47px||22px|||\u00bb][et_pb_row column_structure=\u00bb1_3,1_3,1_3&#8243; use_custom_gutter=\u00bbon\u00bb gutter_width=\u00bb1&#8243; make_equal=\u00bbon\u00bb _builder_version=\u00bb4.6.1&#8243; _module_preset=\u00bbdefault\u00bb background_enable_image=\u00bboff\u00bb custom_margin=\u00bb|auto|27px|auto||\u00bb custom_padding=\u00bb2px||0px|||\u00bb box_shadow_style=\u00bbpreset3&#8243;][et_pb_column type=\u00bb1_3&#8243; _builder_version=\u00bb4.6.1&#8243; _module_preset=\u00bbdefault\u00bb background_enable_color=\u00bboff\u00bb use_background_color_gradient=\u00bbon\u00bb background_color_gradient_start=\u00bbrgba(115,152,198,0.9)\u00bb background_color_gradient_end=\u00bbrgba(143,196,109,0.9)\u00bb background_color_gradient_direction=\u00bb127deg\u00bb background_enable_image=\u00bboff\u00bb custom_padding=\u00bb||20px||false|false\u00bb][et_pb_image src=\u00bbhttps:\/\/www.nautaran.org\/wp-content\/uploads\/2020\/10\/tredos-2.png\u00bb title_text=\u00bbtredos\u00bb align=\u00bbcenter\u00bb _builder_version=\u00bb4.6.1&#8243; _module_preset=\u00bbdefault\u00bb custom_margin=\u00bb||-21px|||\u00bb][\/et_pb_image][\/et_pb_column][et_pb_column type=\u00bb1_3&#8243; _builder_version=\u00bb4.6.1&#8243; _module_preset=\u00bbdefault\u00bb background_color=\u00bb#ffffff\u00bb background_enable_image=\u00bboff\u00bb custom_padding=\u00bb||20px||false|false\u00bb border_width_right=\u00bb2px\u00bb border_color_right=\u00bb#d3d3d3&#8243; border_width_right_tablet=\u00bb0px\u00bb border_width_right_phone=\u00bb\u00bb border_width_right_last_edited=\u00bbon|desktop\u00bb][et_pb_text _builder_version=\u00bb4.7.7&#8243; _module_preset=\u00bbdefault\u00bb header_4_font=\u00bb||on||||||\u00bb width=\u00bb70%\u00bb width_tablet=\u00bb100%\u00bb width_phone=\u00bb\u00bb width_last_edited=\u00bbon|phone\u00bb module_alignment=\u00bbcenter\u00bb custom_margin=\u00bb||||false|false\u00bb custom_padding=\u00bb60px|30px|30px|30px|false|false\u00bb hover_enabled=\u00bb0&#8243; sticky_enabled=\u00bb0&#8243;]<\/p>\n<h3>Juan Jos\u00e9 Espa\u00f1a C\u00f3nsul<\/h3>\n<p>Presidente<\/p>\n<h3>Moises Lozano C\u00f3nsul<\/h3>\n<p>Vocal<\/p>\n<h3>Ernesto Mola Marsol<\/h3>\n<p>Vocal<\/p>\n<p>[\/et_pb_text][\/et_pb_column][et_pb_column type=\u00bb1_3&#8243; _builder_version=\u00bb4.6.1&#8243; _module_preset=\u00bbdefault\u00bb background_color=\u00bb#ffffff\u00bb background_enable_image=\u00bboff\u00bb custom_padding=\u00bb||20px||false|false\u00bb][et_pb_text _builder_version=\u00bb4.6.1&#8243; _module_preset=\u00bbdefault\u00bb header_4_font=\u00bb||on||||||\u00bb width=\u00bb70%\u00bb width_tablet=\u00bb100%\u00bb width_phone=\u00bb\u00bb width_last_edited=\u00bbon|phone\u00bb module_alignment=\u00bbcenter\u00bb custom_padding=\u00bb60px|30px|30px|30px|false|false\u00bb custom_padding_tablet=\u00bb0px||||false|false\u00bb custom_padding_phone=\u00bb\u00bb custom_padding_last_edited=\u00bbon|phone\u00bb]<\/p>\n<h3>Antonio Manuel Pujol Tersa<\/h3>\n<p>Vocal<\/p>\n<h3>M\u00aa Rosa Montilla Moga<\/h3>\n<p>Vocal[\/et_pb_text][\/et_pb_column][\/et_pb_row][\/et_pb_section]<\/p>\n","protected":false},"excerpt":{"rendered":"<p>Composici\u00f3n EMD Tred\u00f2sJuan Jos\u00e9 Espa\u00f1a C\u00f3nsul Presidente Moises Lozano C\u00f3nsul Vocal Ernesto Mola Marsol Vocal Antonio Manuel Pujol Tersa Vocal M\u00aa Rosa Montilla Moga Vocal<\/p>\n","protected":false},"author":1,"featured_media":0,"parent":5632,"menu_order":0,"comment_status":"closed","ping_status":"closed","template":"","meta":{"_acf_changed":false,"_et_pb_use_builder":"on","_et_pb_old_content":"","_et_gb_content_width":"","footnotes":""},"class_list":["post-5640","page","type-page","status-publish","hentry"],"acf":[],"yoast_head":"<!-- This site is optimized with the Yoast SEO plugin v26.8 - https:\/\/yoast.com\/product\/yoast-seo-wordpress\/ -->\n<title>Composici\u00f3n EMD Tred\u00f2s - Ajuntament de Naut Aran<\/title>\n<meta name=\"robots\" content=\"index, follow, max-snippet:-1, max-image-preview:large, max-video-preview:-1\" \/>\n<link rel=\"canonical\" href=\"https:\/\/www.nautaran.org\/es\/ayuntamiento\/corporaciones\/composicion-emd-tredos\/\" \/>\n<meta property=\"og:locale\" content=\"es_ES\" \/>\n<meta property=\"og:type\" content=\"article\" \/>\n<meta property=\"og:title\" content=\"Composici\u00f3n EMD Tred\u00f2s - Ajuntament de Naut Aran\" \/>\n<meta property=\"og:description\" content=\"Composici\u00f3n EMD Tred\u00f2sJuan Jos\u00e9 Espa\u00f1a C\u00f3nsul Presidente Moises Lozano C\u00f3nsul Vocal Ernesto Mola Marsol Vocal Antonio Manuel Pujol Tersa Vocal M\u00aa Rosa Montilla Moga Vocal\" \/>\n<meta property=\"og:url\" content=\"https:\/\/www.nautaran.org\/es\/ayuntamiento\/corporaciones\/composicion-emd-tredos\/\" \/>\n<meta property=\"og:site_name\" content=\"Ajuntament de Naut Aran\" \/>\n<meta property=\"article:modified_time\" content=\"2020-12-30T10:55:12+00:00\" \/>\n<meta name=\"twitter:card\" content=\"summary_large_image\" \/>\n<meta name=\"twitter:label1\" content=\"Tiempo de lectura\" \/>\n\t<meta name=\"twitter:data1\" content=\"2 minutos\" \/>\n<script type=\"application\/ld+json\" class=\"yoast-schema-graph\">{\"@context\":\"https:\/\/schema.org\",\"@graph\":[{\"@type\":\"WebPage\",\"@id\":\"https:\/\/www.nautaran.org\/es\/ayuntamiento\/corporaciones\/composicion-emd-tredos\/\",\"url\":\"https:\/\/www.nautaran.org\/es\/ayuntamiento\/corporaciones\/composicion-emd-tredos\/\",\"name\":\"Composici\u00f3n EMD Tred\u00f2s - Ajuntament de Naut Aran\",\"isPartOf\":{\"@id\":\"https:\/\/www.nautaran.org\/#website\"},\"datePublished\":\"2020-10-16T16:42:16+00:00\",\"dateModified\":\"2020-12-30T10:55:12+00:00\",\"breadcrumb\":{\"@id\":\"https:\/\/www.nautaran.org\/es\/ayuntamiento\/corporaciones\/composicion-emd-tredos\/#breadcrumb\"},\"inLanguage\":\"es\",\"potentialAction\":[{\"@type\":\"ReadAction\",\"target\":[\"https:\/\/www.nautaran.org\/es\/ayuntamiento\/corporaciones\/composicion-emd-tredos\/\"]}]},{\"@type\":\"BreadcrumbList\",\"@id\":\"https:\/\/www.nautaran.org\/es\/ayuntamiento\/corporaciones\/composicion-emd-tredos\/#breadcrumb\",\"itemListElement\":[{\"@type\":\"ListItem\",\"position\":1,\"name\":\"Portada\",\"item\":\"https:\/\/www.nautaran.org\/es\/home-2\/\"},{\"@type\":\"ListItem\",\"position\":2,\"name\":\"Ayuntamiento\",\"item\":\"https:\/\/www.nautaran.org\/es\/ayuntamiento\/\"},{\"@type\":\"ListItem\",\"position\":3,\"name\":\"Corporaciones 2019 - 2023\",\"item\":\"https:\/\/www.nautaran.org\/es\/ayuntamiento\/corporaciones\/\"},{\"@type\":\"ListItem\",\"position\":4,\"name\":\"Composici\u00f3n EMD Tred\u00f2s\"}]},{\"@type\":\"WebSite\",\"@id\":\"https:\/\/www.nautaran.org\/#website\",\"url\":\"https:\/\/www.nautaran.org\/\",\"name\":\"Ajuntament de Naut Aran\",\"description\":\"Naut Aran\",\"potentialAction\":[{\"@type\":\"SearchAction\",\"target\":{\"@type\":\"EntryPoint\",\"urlTemplate\":\"https:\/\/www.nautaran.org\/?s={search_term_string}\"},\"query-input\":{\"@type\":\"PropertyValueSpecification\",\"valueRequired\":true,\"valueName\":\"search_term_string\"}}],\"inLanguage\":\"es\"}]}<\/script>\n<!-- \/ Yoast SEO plugin. -->","yoast_head_json":{"title":"Composici\u00f3n EMD Tred\u00f2s - Ajuntament de Naut Aran","robots":{"index":"index","follow":"follow","max-snippet":"max-snippet:-1","max-image-preview":"max-image-preview:large","max-video-preview":"max-video-preview:-1"},"canonical":"https:\/\/www.nautaran.org\/es\/ayuntamiento\/corporaciones\/composicion-emd-tredos\/","og_locale":"es_ES","og_type":"article","og_title":"Composici\u00f3n EMD Tred\u00f2s - Ajuntament de Naut Aran","og_description":"Composici\u00f3n EMD Tred\u00f2sJuan Jos\u00e9 Espa\u00f1a C\u00f3nsul Presidente Moises Lozano C\u00f3nsul Vocal Ernesto Mola Marsol Vocal Antonio Manuel Pujol Tersa Vocal M\u00aa Rosa Montilla Moga Vocal","og_url":"https:\/\/www.nautaran.org\/es\/ayuntamiento\/corporaciones\/composicion-emd-tredos\/","og_site_name":"Ajuntament de Naut Aran","article_modified_time":"2020-12-30T10:55:12+00:00","twitter_card":"summary_large_image","twitter_misc":{"Tiempo de lectura":"2 minutos"},"schema":{"@context":"https:\/\/schema.org","@graph":[{"@type":"WebPage","@id":"https:\/\/www.nautaran.org\/es\/ayuntamiento\/corporaciones\/composicion-emd-tredos\/","url":"https:\/\/www.nautaran.org\/es\/ayuntamiento\/corporaciones\/composicion-emd-tredos\/","name":"Composici\u00f3n EMD Tred\u00f2s - Ajuntament de Naut Aran","isPartOf":{"@id":"https:\/\/www.nautaran.org\/#website"},"datePublished":"2020-10-16T16:42:16+00:00","dateModified":"2020-12-30T10:55:12+00:00","breadcrumb":{"@id":"https:\/\/www.nautaran.org\/es\/ayuntamiento\/corporaciones\/composicion-emd-tredos\/#breadcrumb"},"inLanguage":"es","potentialAction":[{"@type":"ReadAction","target":["https:\/\/www.nautaran.org\/es\/ayuntamiento\/corporaciones\/composicion-emd-tredos\/"]}]},{"@type":"BreadcrumbList","@id":"https:\/\/www.nautaran.org\/es\/ayuntamiento\/corporaciones\/composicion-emd-tredos\/#breadcrumb","itemListElement":[{"@type":"ListItem","position":1,"name":"Portada","item":"https:\/\/www.nautaran.org\/es\/home-2\/"},{"@type":"ListItem","position":2,"name":"Ayuntamiento","item":"https:\/\/www.nautaran.org\/es\/ayuntamiento\/"},{"@type":"ListItem","position":3,"name":"Corporaciones 2019 - 2023","item":"https:\/\/www.nautaran.org\/es\/ayuntamiento\/corporaciones\/"},{"@type":"ListItem","position":4,"name":"Composici\u00f3n EMD Tred\u00f2s"}]},{"@type":"WebSite","@id":"https:\/\/www.nautaran.org\/#website","url":"https:\/\/www.nautaran.org\/","name":"Ajuntament de Naut Aran","description":"Naut Aran","potentialAction":[{"@type":"SearchAction","target":{"@type":"EntryPoint","urlTemplate":"https:\/\/www.nautaran.org\/?s={search_term_string}"},"query-input":{"@type":"PropertyValueSpecification","valueRequired":true,"valueName":"search_term_string"}}],"inLanguage":"es"}]}},"_links":{"self":[{"href":"https:\/\/www.nautaran.org\/es\/wp-json\/wp\/v2\/pages\/5640","targetHints":{"allow":["GET"]}}],"collection":[{"href":"https:\/\/www.nautaran.org\/es\/wp-json\/wp\/v2\/pages"}],"about":[{"href":"https:\/\/www.nautaran.org\/es\/wp-json\/wp\/v2\/types\/page"}],"author":[{"embeddable":true,"href":"https:\/\/www.nautaran.org\/es\/wp-json\/wp\/v2\/users\/1"}],"replies":[{"embeddable":true,"href":"https:\/\/www.nautaran.org\/es\/wp-json\/wp\/v2\/comments?post=5640"}],"version-history":[{"count":5,"href":"https:\/\/www.nautaran.org\/es\/wp-json\/wp\/v2\/pages\/5640\/revisions"}],"predecessor-version":[{"id":7287,"href":"https:\/\/www.nautaran.org\/es\/wp-json\/wp\/v2\/pages\/5640\/revisions\/7287"}],"up":[{"embeddable":true,"href":"https:\/\/www.nautaran.org\/es\/wp-json\/wp\/v2\/pages\/5632"}],"wp:attachment":[{"href":"https:\/\/www.nautaran.org\/es\/wp-json\/wp\/v2\/media?parent=5640"}],"curies":[{"name":"wp","href":"https:\/\/api.w.org\/{rel}","templated":true}]}}