{"id":5645,"date":"2020-10-16T12:21:03","date_gmt":"2020-10-16T10:21:03","guid":{"rendered":"https:\/\/www.nautaran.org\/ayuntamiento\/corporacions\/composicion-naut-aran\/"},"modified":"2020-11-05T19:17:02","modified_gmt":"2020-11-05T17:17:02","slug":"composicion-naut-aran","status":"publish","type":"page","link":"https:\/\/www.nautaran.org\/es\/ayuntamiento\/corporaciones\/composicion-naut-aran\/","title":{"rendered":"Composici\u00f3n Naut Aran"},"content":{"rendered":"<p>[et_pb_section fb_built=\u00bb1&#8243; _builder_version=\u00bb4.6.1&#8243; _module_preset=\u00bbdefault\u00bb use_background_color_gradient=\u00bbon\u00bb background_color_gradient_start=\u00bbrgba(115,152,198,0.9)\u00bb background_color_gradient_end=\u00bbrgba(143,196,109,0.9)\u00bb background_color_gradient_direction=\u00bb160deg\u00bb background_color_gradient_overlays_image=\u00bbon\u00bb background_image=\u00bbhttps:\/\/www.nautaran.org\/wp-content\/uploads\/2020\/10\/corporacion-naut-aran.jpg\u00bb custom_padding=\u00bb5px||13px|||\u00bb][et_pb_row _builder_version=\u00bb4.6.1&#8243; _module_preset=\u00bbdefault\u00bb custom_margin=\u00bb|auto|-10px|auto||\u00bb custom_padding=\u00bb82px||66px|||\u00bb][et_pb_column type=\u00bb4_4&#8243; _builder_version=\u00bb4.6.1&#8243; _module_preset=\u00bbdefault\u00bb][et_pb_text _builder_version=\u00bb4.6.1&#8243; _module_preset=\u00bbdefault\u00bb header_text_align=\u00bbcenter\u00bb header_text_color=\u00bb#ffffff\u00bb header_font_size=\u00bb70px\u00bb hover_enabled=\u00bb0&#8243; header_font_size_tablet=\u00bb50px\u00bb header_font_size_phone=\u00bb35px\u00bb header_font_size_last_edited=\u00bbon|phone\u00bb header_text_shadow_style=\u00bbpreset3&#8243; sticky_enabled=\u00bb0&#8243;]<\/p>\n<h1>Composici\u00f3n Naut Aran<\/h1>\n<p>[\/et_pb_text][\/et_pb_column][\/et_pb_row][\/et_pb_section][et_pb_section fb_built=\u00bb1&#8243; _builder_version=\u00bb4.6.1&#8243; use_background_color_gradient=\u00bbon\u00bb background_color_gradient_start=\u00bb#ffffff\u00bb background_color_gradient_end=\u00bb#efefef\u00bb background_enable_image=\u00bboff\u00bb custom_margin=\u00bb-3px|||||\u00bb custom_padding=\u00bb47px||22px|||\u00bb][et_pb_row column_structure=\u00bb1_3,1_3,1_3&#8243; use_custom_gutter=\u00bbon\u00bb gutter_width=\u00bb1&#8243; make_equal=\u00bbon\u00bb _builder_version=\u00bb4.6.1&#8243; _module_preset=\u00bbdefault\u00bb background_enable_image=\u00bboff\u00bb min_height_tablet=\u00bb\u00bb min_height_phone=\u00bb\u00bb min_height_last_edited=\u00bbon|phone\u00bb custom_margin=\u00bb|auto|27px|auto||\u00bb custom_padding=\u00bb2px||0px|||\u00bb box_shadow_style=\u00bbpreset3&#8243; min_height__hover_enabled=\u00bboff|desktop\u00bb][et_pb_column type=\u00bb1_3&#8243; _builder_version=\u00bb4.6.1&#8243; _module_preset=\u00bbdefault\u00bb background_enable_color=\u00bboff\u00bb use_background_color_gradient=\u00bbon\u00bb background_color_gradient_start=\u00bbrgba(115,152,198,0.9)\u00bb background_color_gradient_end=\u00bbrgba(143,196,109,0.9)\u00bb background_color_gradient_direction=\u00bb127deg\u00bb background_enable_image=\u00bboff\u00bb custom_padding=\u00bb||20px||false|false\u00bb][et_pb_image src=\u00bbhttps:\/\/www.nautaran.org\/wp-content\/uploads\/2020\/10\/escudo-nautaran-1.png\u00bb title_text=\u00bbescudo-nautaran\u00bb align=\u00bbcenter\u00bb _builder_version=\u00bb4.6.1&#8243; _module_preset=\u00bbdefault\u00bb width=\u00bb80%\u00bb custom_margin=\u00bb||-19px|||\u00bb custom_padding=\u00bb0px|||||\u00bb][\/et_pb_image][\/et_pb_column][et_pb_column type=\u00bb1_3&#8243; _builder_version=\u00bb4.6.1&#8243; _module_preset=\u00bbdefault\u00bb background_color=\u00bb#ffffff\u00bb background_enable_image=\u00bboff\u00bb custom_padding=\u00bb||20px||false|false\u00bb border_width_right=\u00bb2px\u00bb border_color_right=\u00bb#d3d3d3&#8243; border_width_right_tablet=\u00bb0px\u00bb border_width_right_phone=\u00bb\u00bb border_width_right_last_edited=\u00bbon|phone\u00bb][et_pb_text _builder_version=\u00bb4.6.1&#8243; _module_preset=\u00bbdefault\u00bb header_4_font=\u00bb||on||||||\u00bb custom_padding=\u00bb30px|30px|30px|30px|false|false\u00bb hover_enabled=\u00bb0&#8243; sticky_enabled=\u00bb0&#8243;]<\/p>\n<h3>Cesar Ruiz-Canela Nieto<\/h3>\n<p>Alcalde<br \/>\nGobernaci\u00f3n, Personal, Bienestar Social y Asistencia Social, Fiestas, Deportes, Turismo, Cultura, Juventud, Ganader\u00eda  y Coordinador con las EMD<\/p>\n<h3>David Torres Alonso<\/h3>\n<p>1er Teniente Alcalde<br \/>\nUrbanismo y Obras<\/p>\n<h3>Marcos Amiell Moga<\/h3>\n<p>2\u00ba Teniente Alcalde<br \/>\nHacienda, Educaci\u00f3n y Ense\u00f1anza<\/p>\n<h3>Andr\u00e9s Espa\u00f1a Consul<\/h3>\n<p>3\u00ba Teniente Alcalde<br \/>\nMedio Natural y Montes <\/p>\n<h3>Juan Manuel Paba Serena<\/h3>\n<p>Regidor<br \/>\nNuevas Tecnolog\u00edas<\/p>\n<p>\u00a0[\/et_pb_text][\/et_pb_column][et_pb_column type=\u00bb1_3&#8243; _builder_version=\u00bb4.6.1&#8243; _module_preset=\u00bbdefault\u00bb background_color=\u00bb#ffffff\u00bb background_enable_image=\u00bboff\u00bb custom_padding=\u00bb||20px||false|false\u00bb][et_pb_text _builder_version=\u00bb4.6.1&#8243; _module_preset=\u00bbdefault\u00bb header_4_font=\u00bb||on||||||\u00bb custom_padding=\u00bb30px|30px|30px|30px|false|false\u00bb custom_padding_tablet=\u00bb0px||||false|false\u00bb custom_padding_phone=\u00bb0px||||false|false\u00bb custom_padding_last_edited=\u00bbon|phone\u00bb hover_enabled=\u00bb0&#8243; sticky_enabled=\u00bb0&#8243;]<\/p>\n<h3>Francisco Bruna Capel<\/h3>\n<p>Regidor<\/p>\n<h3>Jos\u00e9 Paba Jordana<\/h3>\n<p>Regidor<\/p>\n<h3>Marc Tarrau Leja<\/h3>\n<p>Regidor<\/p>\n<h3>Maria Neus Canals Casellas<\/h3>\n<p>Regidora<\/p>\n<h3>Mariano Capdevila Noguero<\/h3>\n<p>Secretario-Interventor<br \/>\nTesorero[\/et_pb_text][\/et_pb_column][\/et_pb_row][\/et_pb_section]<\/p>\n","protected":false},"excerpt":{"rendered":"<p>Composici\u00f3n Naut AranCesar Ruiz-Canela Nieto Alcalde Gobernaci\u00f3n, Personal, Bienestar Social y Asistencia Social, Fiestas, Deportes, Turismo, Cultura, Juventud, Ganader\u00eda y Coordinador con las EMD David Torres Alonso 1er Teniente Alcalde Urbanismo y Obras Marcos Amiell Moga 2\u00ba Teniente Alcalde Hacienda, Educaci\u00f3n y Ense\u00f1anza Andr\u00e9s Espa\u00f1a Consul 3\u00ba Teniente Alcalde Medio Natural y Montes Juan Manuel [&hellip;]<\/p>\n","protected":false},"author":1,"featured_media":0,"parent":5632,"menu_order":0,"comment_status":"closed","ping_status":"closed","template":"","meta":{"_acf_changed":false,"_et_pb_use_builder":"on","_et_pb_old_content":"","_et_gb_content_width":"","footnotes":""},"class_list":["post-5645","page","type-page","status-publish","hentry"],"acf":[],"yoast_head":"<!-- This site is optimized with the Yoast SEO plugin v26.8 - https:\/\/yoast.com\/product\/yoast-seo-wordpress\/ -->\n<title>Composici\u00f3n Naut Aran - Ajuntament de Naut Aran<\/title>\n<meta name=\"robots\" content=\"index, follow, max-snippet:-1, max-image-preview:large, max-video-preview:-1\" \/>\n<link rel=\"canonical\" href=\"https:\/\/www.nautaran.org\/es\/ayuntamiento\/corporaciones\/composicion-naut-aran\/\" \/>\n<meta property=\"og:locale\" content=\"es_ES\" \/>\n<meta property=\"og:type\" content=\"article\" \/>\n<meta property=\"og:title\" content=\"Composici\u00f3n Naut Aran - Ajuntament de Naut Aran\" \/>\n<meta property=\"og:description\" content=\"Composici\u00f3n Naut AranCesar Ruiz-Canela Nieto Alcalde Gobernaci\u00f3n, Personal, Bienestar Social y Asistencia Social, Fiestas, Deportes, Turismo, Cultura, Juventud, Ganader\u00eda y Coordinador con las EMD David Torres Alonso 1er Teniente Alcalde Urbanismo y Obras Marcos Amiell Moga 2\u00ba Teniente Alcalde Hacienda, Educaci\u00f3n y Ense\u00f1anza Andr\u00e9s Espa\u00f1a Consul 3\u00ba Teniente Alcalde Medio Natural y Montes Juan Manuel [&hellip;]\" \/>\n<meta property=\"og:url\" content=\"https:\/\/www.nautaran.org\/es\/ayuntamiento\/corporaciones\/composicion-naut-aran\/\" \/>\n<meta property=\"og:site_name\" content=\"Ajuntament de Naut Aran\" \/>\n<meta property=\"article:modified_time\" content=\"2020-11-05T17:17:02+00:00\" \/>\n<meta name=\"twitter:card\" content=\"summary_large_image\" \/>\n<meta name=\"twitter:label1\" content=\"Tiempo de lectura\" \/>\n\t<meta name=\"twitter:data1\" content=\"3 minutos\" \/>\n<script type=\"application\/ld+json\" class=\"yoast-schema-graph\">{\"@context\":\"https:\/\/schema.org\",\"@graph\":[{\"@type\":\"WebPage\",\"@id\":\"https:\/\/www.nautaran.org\/es\/ayuntamiento\/corporaciones\/composicion-naut-aran\/\",\"url\":\"https:\/\/www.nautaran.org\/es\/ayuntamiento\/corporaciones\/composicion-naut-aran\/\",\"name\":\"Composici\u00f3n Naut Aran - Ajuntament de Naut Aran\",\"isPartOf\":{\"@id\":\"https:\/\/www.nautaran.org\/#website\"},\"datePublished\":\"2020-10-16T10:21:03+00:00\",\"dateModified\":\"2020-11-05T17:17:02+00:00\",\"breadcrumb\":{\"@id\":\"https:\/\/www.nautaran.org\/es\/ayuntamiento\/corporaciones\/composicion-naut-aran\/#breadcrumb\"},\"inLanguage\":\"es\",\"potentialAction\":[{\"@type\":\"ReadAction\",\"target\":[\"https:\/\/www.nautaran.org\/es\/ayuntamiento\/corporaciones\/composicion-naut-aran\/\"]}]},{\"@type\":\"BreadcrumbList\",\"@id\":\"https:\/\/www.nautaran.org\/es\/ayuntamiento\/corporaciones\/composicion-naut-aran\/#breadcrumb\",\"itemListElement\":[{\"@type\":\"ListItem\",\"position\":1,\"name\":\"Portada\",\"item\":\"https:\/\/www.nautaran.org\/es\/home-2\/\"},{\"@type\":\"ListItem\",\"position\":2,\"name\":\"Ayuntamiento\",\"item\":\"https:\/\/www.nautaran.org\/es\/ayuntamiento\/\"},{\"@type\":\"ListItem\",\"position\":3,\"name\":\"Corporaciones 2019 - 2023\",\"item\":\"https:\/\/www.nautaran.org\/es\/ayuntamiento\/corporaciones\/\"},{\"@type\":\"ListItem\",\"position\":4,\"name\":\"Composici\u00f3n Naut Aran\"}]},{\"@type\":\"WebSite\",\"@id\":\"https:\/\/www.nautaran.org\/#website\",\"url\":\"https:\/\/www.nautaran.org\/\",\"name\":\"Ajuntament de Naut Aran\",\"description\":\"Naut Aran\",\"potentialAction\":[{\"@type\":\"SearchAction\",\"target\":{\"@type\":\"EntryPoint\",\"urlTemplate\":\"https:\/\/www.nautaran.org\/?s={search_term_string}\"},\"query-input\":{\"@type\":\"PropertyValueSpecification\",\"valueRequired\":true,\"valueName\":\"search_term_string\"}}],\"inLanguage\":\"es\"}]}<\/script>\n<!-- \/ Yoast SEO plugin. -->","yoast_head_json":{"title":"Composici\u00f3n Naut Aran - Ajuntament de Naut Aran","robots":{"index":"index","follow":"follow","max-snippet":"max-snippet:-1","max-image-preview":"max-image-preview:large","max-video-preview":"max-video-preview:-1"},"canonical":"https:\/\/www.nautaran.org\/es\/ayuntamiento\/corporaciones\/composicion-naut-aran\/","og_locale":"es_ES","og_type":"article","og_title":"Composici\u00f3n Naut Aran - Ajuntament de Naut Aran","og_description":"Composici\u00f3n Naut AranCesar Ruiz-Canela Nieto Alcalde Gobernaci\u00f3n, Personal, Bienestar Social y Asistencia Social, Fiestas, Deportes, Turismo, Cultura, Juventud, Ganader\u00eda y Coordinador con las EMD David Torres Alonso 1er Teniente Alcalde Urbanismo y Obras Marcos Amiell Moga 2\u00ba Teniente Alcalde Hacienda, Educaci\u00f3n y Ense\u00f1anza Andr\u00e9s Espa\u00f1a Consul 3\u00ba Teniente Alcalde Medio Natural y Montes Juan Manuel [&hellip;]","og_url":"https:\/\/www.nautaran.org\/es\/ayuntamiento\/corporaciones\/composicion-naut-aran\/","og_site_name":"Ajuntament de Naut Aran","article_modified_time":"2020-11-05T17:17:02+00:00","twitter_card":"summary_large_image","twitter_misc":{"Tiempo de lectura":"3 minutos"},"schema":{"@context":"https:\/\/schema.org","@graph":[{"@type":"WebPage","@id":"https:\/\/www.nautaran.org\/es\/ayuntamiento\/corporaciones\/composicion-naut-aran\/","url":"https:\/\/www.nautaran.org\/es\/ayuntamiento\/corporaciones\/composicion-naut-aran\/","name":"Composici\u00f3n Naut Aran - Ajuntament de Naut Aran","isPartOf":{"@id":"https:\/\/www.nautaran.org\/#website"},"datePublished":"2020-10-16T10:21:03+00:00","dateModified":"2020-11-05T17:17:02+00:00","breadcrumb":{"@id":"https:\/\/www.nautaran.org\/es\/ayuntamiento\/corporaciones\/composicion-naut-aran\/#breadcrumb"},"inLanguage":"es","potentialAction":[{"@type":"ReadAction","target":["https:\/\/www.nautaran.org\/es\/ayuntamiento\/corporaciones\/composicion-naut-aran\/"]}]},{"@type":"BreadcrumbList","@id":"https:\/\/www.nautaran.org\/es\/ayuntamiento\/corporaciones\/composicion-naut-aran\/#breadcrumb","itemListElement":[{"@type":"ListItem","position":1,"name":"Portada","item":"https:\/\/www.nautaran.org\/es\/home-2\/"},{"@type":"ListItem","position":2,"name":"Ayuntamiento","item":"https:\/\/www.nautaran.org\/es\/ayuntamiento\/"},{"@type":"ListItem","position":3,"name":"Corporaciones 2019 - 2023","item":"https:\/\/www.nautaran.org\/es\/ayuntamiento\/corporaciones\/"},{"@type":"ListItem","position":4,"name":"Composici\u00f3n Naut Aran"}]},{"@type":"WebSite","@id":"https:\/\/www.nautaran.org\/#website","url":"https:\/\/www.nautaran.org\/","name":"Ajuntament de Naut Aran","description":"Naut Aran","potentialAction":[{"@type":"SearchAction","target":{"@type":"EntryPoint","urlTemplate":"https:\/\/www.nautaran.org\/?s={search_term_string}"},"query-input":{"@type":"PropertyValueSpecification","valueRequired":true,"valueName":"search_term_string"}}],"inLanguage":"es"}]}},"_links":{"self":[{"href":"https:\/\/www.nautaran.org\/es\/wp-json\/wp\/v2\/pages\/5645","targetHints":{"allow":["GET"]}}],"collection":[{"href":"https:\/\/www.nautaran.org\/es\/wp-json\/wp\/v2\/pages"}],"about":[{"href":"https:\/\/www.nautaran.org\/es\/wp-json\/wp\/v2\/types\/page"}],"author":[{"embeddable":true,"href":"https:\/\/www.nautaran.org\/es\/wp-json\/wp\/v2\/users\/1"}],"replies":[{"embeddable":true,"href":"https:\/\/www.nautaran.org\/es\/wp-json\/wp\/v2\/comments?post=5645"}],"version-history":[{"count":4,"href":"https:\/\/www.nautaran.org\/es\/wp-json\/wp\/v2\/pages\/5645\/revisions"}],"predecessor-version":[{"id":6238,"href":"https:\/\/www.nautaran.org\/es\/wp-json\/wp\/v2\/pages\/5645\/revisions\/6238"}],"up":[{"embeddable":true,"href":"https:\/\/www.nautaran.org\/es\/wp-json\/wp\/v2\/pages\/5632"}],"wp:attachment":[{"href":"https:\/\/www.nautaran.org\/es\/wp-json\/wp\/v2\/media?parent=5645"}],"curies":[{"name":"wp","href":"https:\/\/api.w.org\/{rel}","templated":true}]}}