{"id":5653,"date":"2020-10-28T13:45:52","date_gmt":"2020-10-28T11:45:52","guid":{"rendered":"https:\/\/www.nautaran.org\/factura-electronica\/"},"modified":"2020-11-03T10:26:54","modified_gmt":"2020-11-03T08:26:54","slug":"factura-electronica","status":"publish","type":"page","link":"https:\/\/www.nautaran.org\/es\/factura-electronica\/","title":{"rendered":"Factura Electr\u00f2nica"},"content":{"rendered":"<p>[et_pb_section fb_built=\u00bb1&#8243; _builder_version=\u00bb4.6.1&#8243; _module_preset=\u00bbdefault\u00bb use_background_color_gradient=\u00bbon\u00bb background_color_gradient_start=\u00bbrgba(115,152,198,0.9)\u00bb background_color_gradient_end=\u00bbrgba(143,196,109,0.9)\u00bb background_color_gradient_direction=\u00bb160deg\u00bb background_color_gradient_overlays_image=\u00bbon\u00bb background_image=\u00bbhttps:\/\/www.nautaran.org\/wp-content\/uploads\/2020\/10\/naut-aran.jpg\u00bb custom_padding=\u00bb5px||21px|||\u00bb][et_pb_row _builder_version=\u00bb4.6.1&#8243; _module_preset=\u00bbdefault\u00bb custom_margin=\u00bb|auto|-10px|auto||\u00bb custom_padding=\u00bb44px||30px|||\u00bb][et_pb_column type=\u00bb4_4&#8243; _builder_version=\u00bb4.6.1&#8243; _module_preset=\u00bbdefault\u00bb][et_pb_text _builder_version=\u00bb4.6.1&#8243; _module_preset=\u00bbdefault\u00bb header_text_align=\u00bbcenter\u00bb header_text_color=\u00bb#ffffff\u00bb header_font_size=\u00bb70px\u00bb header_font_size_tablet=\u00bb50px\u00bb header_font_size_phone=\u00bb35px\u00bb header_font_size_last_edited=\u00bbon|phone\u00bb header_text_shadow_style=\u00bbpreset3&#8243;]<\/p>\n<h1>Factura Electr\u00f2nica<\/h1>\n<p>[\/et_pb_text][\/et_pb_column][\/et_pb_row][\/et_pb_section][et_pb_section fb_built=\u00bb1&#8243; _builder_version=\u00bb4.6.1&#8243; _module_preset=\u00bbdefault\u00bb custom_padding=\u00bb17px||31px|||\u00bb][et_pb_row column_structure=\u00bb1_3,1_3,1_3&#8243; make_equal=\u00bbon\u00bb _builder_version=\u00bb4.6.1&#8243; _module_preset=\u00bbdefault\u00bb custom_padding=\u00bb29px|||||\u00bb][et_pb_column type=\u00bb1_3&#8243; _builder_version=\u00bb4.6.1&#8243; _module_preset=\u00bbdefault\u00bb background_color=\u00bb#ffffff\u00bb custom_padding=\u00bb||20px||false|false\u00bb box_shadow_style=\u00bbpreset3&#8243;][et_pb_image src=\u00bbhttps:\/\/www.nautaran.org\/wp-content\/uploads\/2020\/10\/naut-aran-2.png\u00bb title_text=\u00bbnaut-aran\u00bb _builder_version=\u00bb4.6.1&#8243; _module_preset=\u00bbdefault\u00bb background_color=\u00bb#efefef\u00bb][\/et_pb_image][et_pb_text admin_label=\u00bbTitulo\u00bb _builder_version=\u00bb4.6.1&#8243; _module_preset=\u00bbdefault\u00bb header_font=\u00bbRoboto|700|||||||\u00bb header_text_align=\u00bbcenter\u00bb header_font_size=\u00bb35px\u00bb custom_margin=\u00bb|20px|6px|20px|false|false\u00bb link_option_url=\u00bbhttps:\/\/efact.eacat.cat\/bustia\/home.htm\u00bb link_option_url_new_window=\u00bbon\u00bb hover_enabled=\u00bb0&#8243; sticky_enabled=\u00bb0&#8243;]<\/p>\n<h1>Ayuntamiento de Naut Aran<\/h1>\n<p>[\/et_pb_text][et_pb_button button_url=\u00bbhttps:\/\/efact.eacat.cat\/bustia\/home.htm\u00bb url_new_window=\u00bbon\u00bb button_text=\u00bbVer m\u00e1s \u00bb button_alignment=\u00bbcenter\u00bb module_id=\u00bbboton-boxes\u00bb _builder_version=\u00bb4.6.1&#8243; _module_preset=\u00bbdefault\u00bb custom_button=\u00bbon\u00bb button_use_icon=\u00bboff\u00bb custom_margin=\u00bb|20px||20px|false|false\u00bb custom_padding=\u00bb||||false|false\u00bb button_bg_color__hover_enabled=\u00bbon|hover\u00bb button_bg_color__hover=\u00bb#e06660&#8243; button_bg_enable_color__hover=\u00bbon\u00bb][\/et_pb_button][\/et_pb_column][et_pb_column type=\u00bb1_3&#8243; _builder_version=\u00bb4.6.1&#8243; _module_preset=\u00bbdefault\u00bb background_color=\u00bb#ffffff\u00bb custom_padding=\u00bb||20px||false|false\u00bb box_shadow_style=\u00bbpreset3&#8243;][et_pb_image src=\u00bbhttps:\/\/www.nautaran.org\/wp-content\/uploads\/2020\/10\/arties-e-garos-2.png\u00bb title_text=\u00bbarties-e-garos\u00bb _builder_version=\u00bb4.6.1&#8243; _module_preset=\u00bbdefault\u00bb background_color=\u00bb#efefef\u00bb][\/et_pb_image][et_pb_text admin_label=\u00bbTitulo\u00bb _builder_version=\u00bb4.6.1&#8243; _module_preset=\u00bbdefault\u00bb header_font=\u00bbRoboto|700|||||||\u00bb header_text_align=\u00bbcenter\u00bb header_font_size=\u00bb35px\u00bb custom_margin=\u00bb|20px|6px|20px|false|false\u00bb link_option_url=\u00bbhttps:\/\/efact.eacat.cat\/bustia\/home.htm\u00bb link_option_url_new_window=\u00bbon\u00bb]<\/p>\n<h1>EMD Arties e Gar\u00f2s<\/h1>\n<p>[\/et_pb_text][et_pb_button button_url=\u00bbhttps:\/\/efact.eacat.cat\/bustia\/home.htm\u00bb url_new_window=\u00bbon\u00bb button_text=\u00bbVer m\u00e1s \u00bb button_alignment=\u00bbcenter\u00bb module_id=\u00bbboton-boxes\u00bb _builder_version=\u00bb4.6.1&#8243; _module_preset=\u00bbdefault\u00bb custom_button=\u00bbon\u00bb button_use_icon=\u00bboff\u00bb custom_margin=\u00bb|20px||20px|false|false\u00bb custom_padding=\u00bb||||false|false\u00bb button_bg_color__hover_enabled=\u00bbon|hover\u00bb button_bg_color__hover=\u00bb#e06660&#8243; button_bg_enable_color__hover=\u00bbon\u00bb][\/et_pb_button][\/et_pb_column][et_pb_column type=\u00bb1_3&#8243; _builder_version=\u00bb4.6.1&#8243; _module_preset=\u00bbdefault\u00bb background_color=\u00bb#ffffff\u00bb custom_padding=\u00bb||20px||false|false\u00bb box_shadow_style=\u00bbpreset3&#8243;][et_pb_image src=\u00bbhttps:\/\/www.nautaran.org\/wp-content\/uploads\/2020\/10\/gessa-2.png\u00bb title_text=\u00bbgessa\u00bb _builder_version=\u00bb4.6.1&#8243; _module_preset=\u00bbdefault\u00bb background_color=\u00bb#efefef\u00bb][\/et_pb_image][et_pb_text admin_label=\u00bbTitulo\u00bb _builder_version=\u00bb4.6.1&#8243; _module_preset=\u00bbdefault\u00bb header_font=\u00bbRoboto|700|||||||\u00bb header_text_align=\u00bbcenter\u00bb header_font_size=\u00bb35px\u00bb custom_margin=\u00bb|20px|6px|20px|false|false\u00bb link_option_url=\u00bbhttps:\/\/efact.eacat.cat\/bustia\/home.htm\u00bb link_option_url_new_window=\u00bbon\u00bb]<\/p>\n<h1>EMD Gessa<\/h1>\n<p>[\/et_pb_text][et_pb_button button_url=\u00bbhttps:\/\/efact.eacat.cat\/bustia\/home.htm\u00bb url_new_window=\u00bbon\u00bb button_text=\u00bbVer m\u00e1s \u00bb button_alignment=\u00bbcenter\u00bb module_id=\u00bbboton-boxes\u00bb _builder_version=\u00bb4.6.1&#8243; _module_preset=\u00bbdefault\u00bb custom_button=\u00bbon\u00bb button_use_icon=\u00bboff\u00bb custom_margin=\u00bb|20px||20px|false|false\u00bb custom_padding=\u00bb||||false|false\u00bb button_bg_color__hover_enabled=\u00bbon|hover\u00bb button_bg_color__hover=\u00bb#e06660&#8243; button_bg_enable_color__hover=\u00bbon\u00bb][\/et_pb_button][\/et_pb_column][\/et_pb_row][et_pb_row column_structure=\u00bb1_3,1_3,1_3&#8243; make_equal=\u00bbon\u00bb _builder_version=\u00bb4.6.1&#8243; _module_preset=\u00bbdefault\u00bb custom_padding=\u00bb22px|||||\u00bb][et_pb_column type=\u00bb1_3&#8243; _builder_version=\u00bb4.6.1&#8243; _module_preset=\u00bbdefault\u00bb background_color=\u00bb#ffffff\u00bb custom_padding=\u00bb||20px||false|false\u00bb box_shadow_style=\u00bbpreset3&#8243;][et_pb_image src=\u00bbhttps:\/\/www.nautaran.org\/wp-content\/uploads\/2020\/10\/unha-1.png\u00bb title_text=\u00bbunha\u00bb _builder_version=\u00bb4.6.1&#8243; _module_preset=\u00bbdefault\u00bb background_color=\u00bb#efefef\u00bb][\/et_pb_image][et_pb_text admin_label=\u00bbTitulo\u00bb _builder_version=\u00bb4.6.1&#8243; _module_preset=\u00bbdefault\u00bb header_font=\u00bbRoboto|700|||||||\u00bb header_text_align=\u00bbcenter\u00bb header_font_size=\u00bb35px\u00bb custom_margin=\u00bb|20px|6px|20px|false|false\u00bb link_option_url=\u00bbhttps:\/\/efact.eacat.cat\/bustia\/home.htm\u00bb link_option_url_new_window=\u00bbon\u00bb]<\/p>\n<h1>EMD Unha<\/h1>\n<p>[\/et_pb_text][et_pb_button button_url=\u00bbhttps:\/\/efact.eacat.cat\/bustia\/home.htm\u00bb url_new_window=\u00bbon\u00bb button_text=\u00bbVer m\u00e1s \u00bb button_alignment=\u00bbcenter\u00bb module_id=\u00bbboton-boxes\u00bb _builder_version=\u00bb4.6.1&#8243; _module_preset=\u00bbdefault\u00bb custom_button=\u00bbon\u00bb button_use_icon=\u00bboff\u00bb custom_margin=\u00bb|20px||20px|false|false\u00bb custom_padding=\u00bb||||false|false\u00bb button_bg_color__hover_enabled=\u00bbon|hover\u00bb button_bg_color__hover=\u00bb#e06660&#8243; button_bg_enable_color__hover=\u00bbon\u00bb][\/et_pb_button][\/et_pb_column][et_pb_column type=\u00bb1_3&#8243; _builder_version=\u00bb4.6.1&#8243; _module_preset=\u00bbdefault\u00bb background_color=\u00bb#ffffff\u00bb custom_padding=\u00bb||20px||false|false\u00bb box_shadow_style=\u00bbpreset3&#8243;][et_pb_image src=\u00bbhttps:\/\/www.nautaran.org\/wp-content\/uploads\/2020\/10\/bagergue-1.png\u00bb title_text=\u00bbbagergue\u00bb _builder_version=\u00bb4.6.1&#8243; _module_preset=\u00bbdefault\u00bb background_color=\u00bb#efefef\u00bb][\/et_pb_image][et_pb_text admin_label=\u00bbTitulo\u00bb _builder_version=\u00bb4.6.1&#8243; _module_preset=\u00bbdefault\u00bb header_font=\u00bbRoboto|700|||||||\u00bb header_text_align=\u00bbcenter\u00bb header_font_size=\u00bb35px\u00bb custom_margin=\u00bb|20px|6px|20px|false|false\u00bb link_option_url=\u00bbhttps:\/\/efact.eacat.cat\/bustia\/home.htm\u00bb link_option_url_new_window=\u00bbon\u00bb]<\/p>\n<h1>EMD Bagergue<\/h1>\n<p>[\/et_pb_text][et_pb_button button_url=\u00bbhttps:\/\/efact.eacat.cat\/bustia\/home.htm\u00bb url_new_window=\u00bbon\u00bb button_text=\u00bbVer m\u00e1s\u00bb button_alignment=\u00bbcenter\u00bb module_id=\u00bbboton-boxes\u00bb _builder_version=\u00bb4.6.1&#8243; _module_preset=\u00bbdefault\u00bb custom_button=\u00bbon\u00bb button_use_icon=\u00bboff\u00bb custom_margin=\u00bb|20px||20px|false|false\u00bb custom_padding=\u00bb||||false|false\u00bb button_bg_color__hover_enabled=\u00bbon|hover\u00bb button_bg_color__hover=\u00bb#e06660&#8243; button_bg_enable_color__hover=\u00bbon\u00bb][\/et_pb_button][\/et_pb_column][et_pb_column type=\u00bb1_3&#8243; _builder_version=\u00bb4.6.1&#8243; _module_preset=\u00bbdefault\u00bb background_color=\u00bb#ffffff\u00bb custom_padding=\u00bb||20px||false|false\u00bb box_shadow_style=\u00bbpreset3&#8243;][et_pb_image src=\u00bbhttps:\/\/www.nautaran.org\/wp-content\/uploads\/2020\/10\/tredos-1.png\u00bb title_text=\u00bbtredos\u00bb _builder_version=\u00bb4.6.1&#8243; _module_preset=\u00bbdefault\u00bb background_color=\u00bb#efefef\u00bb][\/et_pb_image][et_pb_text admin_label=\u00bbTitulo\u00bb _builder_version=\u00bb4.6.1&#8243; _module_preset=\u00bbdefault\u00bb header_font=\u00bbRoboto|700|||||||\u00bb header_text_align=\u00bbcenter\u00bb header_font_size=\u00bb35px\u00bb custom_margin=\u00bb|20px|6px|20px|false|false\u00bb link_option_url=\u00bbhttps:\/\/efact.eacat.cat\/bustia\/home.htm\u00bb link_option_url_new_window=\u00bbon\u00bb]<\/p>\n<h1>EMD Tred\u00f2s<\/h1>\n<p>[\/et_pb_text][et_pb_button button_url=\u00bbhttps:\/\/efact.eacat.cat\/bustia\/home.htm\u00bb url_new_window=\u00bbon\u00bb button_text=\u00bbVer m\u00e1s\u00bb button_alignment=\u00bbcenter\u00bb module_id=\u00bbboton-boxes\u00bb _builder_version=\u00bb4.6.1&#8243; _module_preset=\u00bbdefault\u00bb custom_button=\u00bbon\u00bb button_use_icon=\u00bboff\u00bb custom_margin=\u00bb|20px||20px|false|false\u00bb custom_padding=\u00bb||||false|false\u00bb button_bg_color__hover_enabled=\u00bbon|hover\u00bb button_bg_color__hover=\u00bb#e06660&#8243; button_bg_enable_color__hover=\u00bbon\u00bb][\/et_pb_button][\/et_pb_column][\/et_pb_row][\/et_pb_section]<\/p>\n","protected":false},"excerpt":{"rendered":"<p>Factura Electr\u00f2nicaAyuntamiento de Naut AranEMD Arties e Gar\u00f2sEMD GessaEMD UnhaEMD BagergueEMD Tred\u00f2s<\/p>\n","protected":false},"author":3,"featured_media":0,"parent":0,"menu_order":0,"comment_status":"closed","ping_status":"closed","template":"","meta":{"_acf_changed":false,"_et_pb_use_builder":"on","_et_pb_old_content":"","_et_gb_content_width":"","footnotes":""},"class_list":["post-5653","page","type-page","status-publish","hentry"],"acf":[],"yoast_head":"<!-- This site is optimized with the Yoast SEO plugin v26.8 - https:\/\/yoast.com\/product\/yoast-seo-wordpress\/ -->\n<title>Factura Electr\u00f2nica - Ajuntament de Naut Aran<\/title>\n<meta name=\"robots\" content=\"index, follow, max-snippet:-1, max-image-preview:large, max-video-preview:-1\" \/>\n<link rel=\"canonical\" href=\"https:\/\/www.nautaran.org\/es\/factura-electronica\/\" \/>\n<meta property=\"og:locale\" content=\"es_ES\" \/>\n<meta property=\"og:type\" content=\"article\" \/>\n<meta property=\"og:title\" content=\"Factura Electr\u00f2nica - Ajuntament de Naut Aran\" \/>\n<meta property=\"og:description\" content=\"Factura Electr\u00f2nicaAyuntamiento de Naut AranEMD Arties e Gar\u00f2sEMD GessaEMD UnhaEMD BagergueEMD Tred\u00f2s\" \/>\n<meta property=\"og:url\" content=\"https:\/\/www.nautaran.org\/es\/factura-electronica\/\" \/>\n<meta property=\"og:site_name\" content=\"Ajuntament de Naut Aran\" \/>\n<meta property=\"article:modified_time\" content=\"2020-11-03T08:26:54+00:00\" \/>\n<meta name=\"twitter:card\" content=\"summary_large_image\" \/>\n<meta name=\"twitter:label1\" content=\"Tiempo de lectura\" \/>\n\t<meta name=\"twitter:data1\" content=\"6 minutos\" \/>\n<script type=\"application\/ld+json\" class=\"yoast-schema-graph\">{\"@context\":\"https:\/\/schema.org\",\"@graph\":[{\"@type\":\"WebPage\",\"@id\":\"https:\/\/www.nautaran.org\/es\/factura-electronica\/\",\"url\":\"https:\/\/www.nautaran.org\/es\/factura-electronica\/\",\"name\":\"Factura Electr\u00f2nica - Ajuntament de Naut Aran\",\"isPartOf\":{\"@id\":\"https:\/\/www.nautaran.org\/#website\"},\"datePublished\":\"2020-10-28T11:45:52+00:00\",\"dateModified\":\"2020-11-03T08:26:54+00:00\",\"breadcrumb\":{\"@id\":\"https:\/\/www.nautaran.org\/es\/factura-electronica\/#breadcrumb\"},\"inLanguage\":\"es\",\"potentialAction\":[{\"@type\":\"ReadAction\",\"target\":[\"https:\/\/www.nautaran.org\/es\/factura-electronica\/\"]}]},{\"@type\":\"BreadcrumbList\",\"@id\":\"https:\/\/www.nautaran.org\/es\/factura-electronica\/#breadcrumb\",\"itemListElement\":[{\"@type\":\"ListItem\",\"position\":1,\"name\":\"Portada\",\"item\":\"https:\/\/www.nautaran.org\/es\/home-2\/\"},{\"@type\":\"ListItem\",\"position\":2,\"name\":\"Factura Electr\u00f2nica\"}]},{\"@type\":\"WebSite\",\"@id\":\"https:\/\/www.nautaran.org\/#website\",\"url\":\"https:\/\/www.nautaran.org\/\",\"name\":\"Ajuntament de Naut Aran\",\"description\":\"Naut Aran\",\"potentialAction\":[{\"@type\":\"SearchAction\",\"target\":{\"@type\":\"EntryPoint\",\"urlTemplate\":\"https:\/\/www.nautaran.org\/?s={search_term_string}\"},\"query-input\":{\"@type\":\"PropertyValueSpecification\",\"valueRequired\":true,\"valueName\":\"search_term_string\"}}],\"inLanguage\":\"es\"}]}<\/script>\n<!-- \/ Yoast SEO plugin. -->","yoast_head_json":{"title":"Factura Electr\u00f2nica - Ajuntament de Naut Aran","robots":{"index":"index","follow":"follow","max-snippet":"max-snippet:-1","max-image-preview":"max-image-preview:large","max-video-preview":"max-video-preview:-1"},"canonical":"https:\/\/www.nautaran.org\/es\/factura-electronica\/","og_locale":"es_ES","og_type":"article","og_title":"Factura Electr\u00f2nica - Ajuntament de Naut Aran","og_description":"Factura Electr\u00f2nicaAyuntamiento de Naut AranEMD Arties e Gar\u00f2sEMD GessaEMD UnhaEMD BagergueEMD Tred\u00f2s","og_url":"https:\/\/www.nautaran.org\/es\/factura-electronica\/","og_site_name":"Ajuntament de Naut Aran","article_modified_time":"2020-11-03T08:26:54+00:00","twitter_card":"summary_large_image","twitter_misc":{"Tiempo de lectura":"6 minutos"},"schema":{"@context":"https:\/\/schema.org","@graph":[{"@type":"WebPage","@id":"https:\/\/www.nautaran.org\/es\/factura-electronica\/","url":"https:\/\/www.nautaran.org\/es\/factura-electronica\/","name":"Factura Electr\u00f2nica - Ajuntament de Naut Aran","isPartOf":{"@id":"https:\/\/www.nautaran.org\/#website"},"datePublished":"2020-10-28T11:45:52+00:00","dateModified":"2020-11-03T08:26:54+00:00","breadcrumb":{"@id":"https:\/\/www.nautaran.org\/es\/factura-electronica\/#breadcrumb"},"inLanguage":"es","potentialAction":[{"@type":"ReadAction","target":["https:\/\/www.nautaran.org\/es\/factura-electronica\/"]}]},{"@type":"BreadcrumbList","@id":"https:\/\/www.nautaran.org\/es\/factura-electronica\/#breadcrumb","itemListElement":[{"@type":"ListItem","position":1,"name":"Portada","item":"https:\/\/www.nautaran.org\/es\/home-2\/"},{"@type":"ListItem","position":2,"name":"Factura Electr\u00f2nica"}]},{"@type":"WebSite","@id":"https:\/\/www.nautaran.org\/#website","url":"https:\/\/www.nautaran.org\/","name":"Ajuntament de Naut Aran","description":"Naut Aran","potentialAction":[{"@type":"SearchAction","target":{"@type":"EntryPoint","urlTemplate":"https:\/\/www.nautaran.org\/?s={search_term_string}"},"query-input":{"@type":"PropertyValueSpecification","valueRequired":true,"valueName":"search_term_string"}}],"inLanguage":"es"}]}},"_links":{"self":[{"href":"https:\/\/www.nautaran.org\/es\/wp-json\/wp\/v2\/pages\/5653","targetHints":{"allow":["GET"]}}],"collection":[{"href":"https:\/\/www.nautaran.org\/es\/wp-json\/wp\/v2\/pages"}],"about":[{"href":"https:\/\/www.nautaran.org\/es\/wp-json\/wp\/v2\/types\/page"}],"author":[{"embeddable":true,"href":"https:\/\/www.nautaran.org\/es\/wp-json\/wp\/v2\/users\/3"}],"replies":[{"embeddable":true,"href":"https:\/\/www.nautaran.org\/es\/wp-json\/wp\/v2\/comments?post=5653"}],"version-history":[{"count":5,"href":"https:\/\/www.nautaran.org\/es\/wp-json\/wp\/v2\/pages\/5653\/revisions"}],"predecessor-version":[{"id":5712,"href":"https:\/\/www.nautaran.org\/es\/wp-json\/wp\/v2\/pages\/5653\/revisions\/5712"}],"wp:attachment":[{"href":"https:\/\/www.nautaran.org\/es\/wp-json\/wp\/v2\/media?parent=5653"}],"curies":[{"name":"wp","href":"https:\/\/api.w.org\/{rel}","templated":true}]}}