{"id":5980,"date":"2020-10-09T17:48:37","date_gmt":"2020-10-09T15:48:37","guid":{"rendered":"https:\/\/www.nautaran.org\/naut-aran\/arties\/"},"modified":"2020-12-18T13:13:06","modified_gmt":"2020-12-18T11:13:06","slug":"arties","status":"publish","type":"page","link":"https:\/\/www.nautaran.org\/es\/naut-aran\/arties\/","title":{"rendered":"Arties"},"content":{"rendered":"<p>[et_pb_section fb_built=\u00bb1&#8243; _builder_version=\u00bb4.6.1&#8243; _module_preset=\u00bbdefault\u00bb use_background_color_gradient=\u00bbon\u00bb background_color_gradient_start=\u00bbrgba(115,152,198,0.9)\u00bb background_color_gradient_end=\u00bbrgba(143,196,109,0.9)\u00bb background_color_gradient_direction=\u00bb160deg\u00bb background_color_gradient_overlays_image=\u00bbon\u00bb background_image=\u00bbhttps:\/\/www.nautaran.org\/wp-content\/uploads\/2020\/10\/arties-3.jpg\u00bb custom_padding=\u00bb5px||13px|||\u00bb][et_pb_row _builder_version=\u00bb4.6.1&#8243; _module_preset=\u00bbdefault\u00bb custom_margin=\u00bb|auto|-10px|auto||\u00bb custom_padding=\u00bb82px||66px|||\u00bb][et_pb_column type=\u00bb4_4&#8243; _builder_version=\u00bb4.6.1&#8243; _module_preset=\u00bbdefault\u00bb][et_pb_text _builder_version=\u00bb4.6.1&#8243; _module_preset=\u00bbdefault\u00bb header_text_align=\u00bbcenter\u00bb header_text_color=\u00bb#ffffff\u00bb header_font_size=\u00bb70px\u00bb header_font_size_tablet=\u00bb50px\u00bb header_font_size_phone=\u00bb35px\u00bb header_font_size_last_edited=\u00bbon|phone\u00bb header_text_shadow_style=\u00bbpreset3&#8243;]<\/p>\n<h1>Arties<\/h1>\n<p>[\/et_pb_text][\/et_pb_column][\/et_pb_row][\/et_pb_section][et_pb_section fb_built=\u00bb1&#8243; _builder_version=\u00bb4.6.1&#8243; _module_preset=\u00bbdefault\u00bb background_color=\u00bb#efefef\u00bb custom_padding=\u00bb33px||31px|||\u00bb][et_pb_row column_structure=\u00bb1_2,1_2&#8243; _builder_version=\u00bb4.6.1&#8243; _module_preset=\u00bbdefault\u00bb][et_pb_column type=\u00bb1_2&#8243; _builder_version=\u00bb4.6.1&#8243; _module_preset=\u00bbdefault\u00bb][et_pb_image src=\u00bbhttps:\/\/www.nautaran.org\/wp-content\/uploads\/2020\/10\/Arties1.jpg\u00bb title_text=\u00bbArties1&#8243; show_in_lightbox=\u00bbon\u00bb _builder_version=\u00bb4.6.1&#8243; _module_preset=\u00bbdefault\u00bb][\/et_pb_image][\/et_pb_column][et_pb_column type=\u00bb1_2&#8243; _builder_version=\u00bb4.6.1&#8243; _module_preset=\u00bbdefault\u00bb][et_pb_image src=\u00bbhttps:\/\/www.nautaran.org\/wp-content\/uploads\/2020\/10\/Arties3.jpg\u00bb title_text=\u00bbArties3&#8243; show_in_lightbox=\u00bbon\u00bb _builder_version=\u00bb4.6.1&#8243; _module_preset=\u00bbdefault\u00bb][\/et_pb_image][\/et_pb_column][\/et_pb_row][\/et_pb_section][et_pb_section fb_built=\u00bb1&#8243; _builder_version=\u00bb4.6.1&#8243; _module_preset=\u00bbdefault\u00bb background_color=\u00bb#ffffff\u00bb custom_padding=\u00bb33px||17px|||\u00bb][et_pb_row _builder_version=\u00bb4.6.1&#8243; _module_preset=\u00bbdefault\u00bb background_enable_color=\u00bboff\u00bb custom_margin=\u00bb-3px|auto||auto||\u00bb custom_padding=\u00bb3px||0px|||\u00bb border_width_bottom=\u00bb2px\u00bb border_color_bottom=\u00bb#e8e8e8&#8243;][et_pb_column type=\u00bb4_4&#8243; _builder_version=\u00bb4.6.1&#8243; _module_preset=\u00bbdefault\u00bb][et_pb_text _builder_version=\u00bb4.6.1&#8243; _module_preset=\u00bbdefault\u00bb header_text_align=\u00bbleft\u00bb header_3_text_align=\u00bbcenter\u00bb custom_margin=\u00bb||-3px|||\u00bb custom_padding=\u00bb||0px|||\u00bb]<\/p>\n<h3>Descripci\u00f3n<\/h3>\n<p>[\/et_pb_text][\/et_pb_column][\/et_pb_row][\/et_pb_section][et_pb_section fb_built=\u00bb1&#8243; _builder_version=\u00bb4.6.1&#8243; _module_preset=\u00bbdefault\u00bb custom_padding=\u00bb33px||31px|||\u00bb][et_pb_row column_structure=\u00bb1_2,1_2&#8243; _builder_version=\u00bb4.6.1&#8243; _module_preset=\u00bbdefault\u00bb background_enable_color=\u00bboff\u00bb custom_margin=\u00bb-3px|auto||auto||\u00bb custom_padding=\u00bb3px||36px|||\u00bb border_color_bottom=\u00bb#e8e8e8&#8243;][et_pb_column type=\u00bb1_2&#8243; _builder_version=\u00bb4.6.1&#8243; _module_preset=\u00bbdefault\u00bb][et_pb_text _builder_version=\u00bb4.6.1&#8243; _module_preset=\u00bbdefault\u00bb]El pueblo de Arties (400 habitantes) se encuentra a 1.143 m altitud, en la confluencia del r\u00edo Valarties con el r\u00edo Garona, en un peque\u00f1o ensanche de la Val. Al final del pueblo la ribera de Valarties dominada por el cerro del Montardo (2.833 m) nos lleva a la cabecera del r\u00edo Valarties donde est\u00e1n los estanques de Mar, T\u00f2rt, R\u00edos, el de Restanca con su refugio de monta\u00f1a al lado y otros menores.<\/p>\n<p>En el casco antiguo se destaca la iglesia parroquial de Sta. Maria de Arties, construcci\u00f3n rom\u00e1nica del siglo XI al XII, con un campanario muy elegante obra de los \u00faltimos a\u00f1os del siglo XIII y principios del XIV, tambi\u00e9n tiene una espada\u00f1a rom\u00e1nico.<\/p>\n<p>La iglesia tiene tres naves separadas por pilares cil\u00edndricos, que no tienen bases. Estos pilares son coronados por un \u00e1baco cuadrado y sin decorar los que arrancan los arcos de medio punto que sostienen los muros. Sobresale el importante n\u00famero y calidad de sus pinturas. Al N de la poblaci\u00f3n, a la derecha del Garona y al otro lado de la carretera, est\u00e1 la iglesia de San Juan de Arties, edificio g\u00f3tico de finales del siglo XIII, primeros del XIV, con campanario octogonal. Actualmente es un equipamiento muse\u00edstico, que acoge exposiciones itinerantes.[\/et_pb_text][\/et_pb_column][et_pb_column type=\u00bb1_2&#8243; _builder_version=\u00bb4.6.1&#8243; _module_preset=\u00bbdefault\u00bb][et_pb_text _builder_version=\u00bb4.6.1&#8243; _module_preset=\u00bbdefault\u00bb]Al sur de la ciudad est\u00e1 la capilla de San Pelegrin con peque\u00f1o campanario y \u00e1bside semicircular y actualmente encalado. En el viejo n\u00facleo del pueblo se destacan dos edificios civiles. Uno, la casa llamada Lo Paulet (1.549) con notables ventanales, y el otro, la casa de Portol\u00e0, de la que se conserva una torre cuadrada del siglo XVI. Hacia el 1.970 se construy\u00f3 el Parador Nacional de Turismo Gaspar de Portol\u00e1.<br \/>\nEn las afueras del pueblo est\u00e1n los Ba\u00f1os de Arties, actualmente abandonados, de aguas sulfurosas y que tienen dos fuentes una a 43\u00ba y la otra a 29\u00ba.<\/p>\n<p>Celebra la fiesta mayor el 24 de junio por San Juan, y en la verbena se hace la fiesta del Taro. El d\u00eda 25 de junio hay romer\u00eda a Sant Pelegr\u00ed, y el 25 de julio romer\u00eda a Santiago.<\/p>\n<p>El pueblo tiene escuela, biblioteca, hogar de jubilados, consultorio m\u00e9dico, farmacia, oficina bancaria, estanco, comercio, hoteles, un camping y una abundante oferta de bares y restaurantes. Tambi\u00e9n hay un espacio recreativo al aire libre con zona deportiva, y un n\u00facleo zool\u00f3gico dentro de un espacio delimitado y protegido con un oso pardo.[\/et_pb_text][\/et_pb_column][\/et_pb_row][\/et_pb_section][et_pb_section fb_built=\u00bb1&#8243; _builder_version=\u00bb4.6.1&#8243; _module_preset=\u00bbdefault\u00bb background_color=\u00bb#ffffff\u00bb custom_padding=\u00bb33px||17px|||\u00bb][et_pb_row _builder_version=\u00bb4.6.1&#8243; _module_preset=\u00bbdefault\u00bb background_enable_color=\u00bboff\u00bb custom_margin=\u00bb-3px|auto||auto||\u00bb custom_padding=\u00bb3px||0px|||\u00bb border_width_bottom=\u00bb2px\u00bb border_color_bottom=\u00bb#e8e8e8&#8243;][et_pb_column type=\u00bb4_4&#8243; _builder_version=\u00bb4.6.1&#8243; _module_preset=\u00bbdefault\u00bb][et_pb_text _builder_version=\u00bb4.6.1&#8243; _module_preset=\u00bbdefault\u00bb header_text_align=\u00bbleft\u00bb header_3_text_align=\u00bbcenter\u00bb custom_margin=\u00bb||-3px|||\u00bb custom_padding=\u00bb||0px|||\u00bb]<\/p>\n<h3>Mapa<\/h3>\n<p>[\/et_pb_text][\/et_pb_column][\/et_pb_row][et_pb_row _builder_version=\u00bb4.6.1&#8243; _module_preset=\u00bbdefault\u00bb][et_pb_column type=\u00bb4_4&#8243; _builder_version=\u00bb4.6.1&#8243; _module_preset=\u00bbdefault\u00bb][et_pb_code _builder_version=\u00bb4.6.1&#8243; _module_preset=\u00bbdefault\u00bb]<iframe loading=\"lazy\" src=\"https:\/\/www.google.com\/maps\/embed?pb=!1m18!1m12!1m3!1d5864.485543919067!2d0.8676655769812753!3d42.698580016662305!2m3!1f0!2f0!3f0!3m2!1i1024!2i768!4f13.1!3m3!1m2!1s0x12a8982c1c6b14dd%3A0x866ceaa724ed98c4!2s25599%20Arties%2C%20L%C3%A9rida!5e0!3m2!1ses!2ses!4v1602261968158!5m2!1ses!2ses\" width=\"1920\" height=\"600\" frameborder=\"0\" style=\"border:0;\" allowfullscreen=\"\" aria-hidden=\"false\" tabindex=\"0\"><\/iframe>[\/et_pb_code][\/et_pb_column][\/et_pb_row][\/et_pb_section]<\/p>\n","protected":false},"excerpt":{"rendered":"<p>ArtiesDescripci\u00f3nEl pueblo de Arties (400 habitantes) se encuentra a 1.143 m altitud, en la confluencia del r\u00edo Valarties con el r\u00edo Garona, en un peque\u00f1o ensanche de la Val. Al final del pueblo la ribera de Valarties dominada por el cerro del Montardo (2.833 m) nos lleva a la cabecera del r\u00edo Valarties donde est\u00e1n [&hellip;]<\/p>\n","protected":false},"author":1,"featured_media":0,"parent":5951,"menu_order":0,"comment_status":"closed","ping_status":"closed","template":"","meta":{"_acf_changed":false,"_et_pb_use_builder":"on","_et_pb_old_content":"","_et_gb_content_width":"","footnotes":""},"class_list":["post-5980","page","type-page","status-publish","hentry"],"acf":[],"yoast_head":"<!-- This site is optimized with the Yoast SEO plugin v26.8 - https:\/\/yoast.com\/product\/yoast-seo-wordpress\/ -->\n<title>Arties - Ajuntament de Naut Aran<\/title>\n<meta name=\"robots\" content=\"index, follow, max-snippet:-1, max-image-preview:large, max-video-preview:-1\" \/>\n<link rel=\"canonical\" href=\"https:\/\/www.nautaran.org\/es\/naut-aran\/arties\/\" \/>\n<meta property=\"og:locale\" content=\"es_ES\" \/>\n<meta property=\"og:type\" content=\"article\" \/>\n<meta property=\"og:title\" content=\"Arties - Ajuntament de Naut Aran\" \/>\n<meta property=\"og:description\" content=\"ArtiesDescripci\u00f3nEl pueblo de Arties (400 habitantes) se encuentra a 1.143 m altitud, en la confluencia del r\u00edo Valarties con el r\u00edo Garona, en un peque\u00f1o ensanche de la Val. Al final del pueblo la ribera de Valarties dominada por el cerro del Montardo (2.833 m) nos lleva a la cabecera del r\u00edo Valarties donde est\u00e1n [&hellip;]\" \/>\n<meta property=\"og:url\" content=\"https:\/\/www.nautaran.org\/es\/naut-aran\/arties\/\" \/>\n<meta property=\"og:site_name\" content=\"Ajuntament de Naut Aran\" \/>\n<meta property=\"article:modified_time\" content=\"2020-12-18T11:13:06+00:00\" \/>\n<meta name=\"twitter:card\" content=\"summary_large_image\" \/>\n<meta name=\"twitter:label1\" content=\"Tiempo de lectura\" \/>\n\t<meta name=\"twitter:data1\" content=\"5 minutos\" \/>\n<script type=\"application\/ld+json\" class=\"yoast-schema-graph\">{\"@context\":\"https:\/\/schema.org\",\"@graph\":[{\"@type\":\"WebPage\",\"@id\":\"https:\/\/www.nautaran.org\/es\/naut-aran\/arties\/\",\"url\":\"https:\/\/www.nautaran.org\/es\/naut-aran\/arties\/\",\"name\":\"Arties - Ajuntament de Naut Aran\",\"isPartOf\":{\"@id\":\"https:\/\/www.nautaran.org\/#website\"},\"datePublished\":\"2020-10-09T15:48:37+00:00\",\"dateModified\":\"2020-12-18T11:13:06+00:00\",\"breadcrumb\":{\"@id\":\"https:\/\/www.nautaran.org\/es\/naut-aran\/arties\/#breadcrumb\"},\"inLanguage\":\"es\",\"potentialAction\":[{\"@type\":\"ReadAction\",\"target\":[\"https:\/\/www.nautaran.org\/es\/naut-aran\/arties\/\"]}]},{\"@type\":\"BreadcrumbList\",\"@id\":\"https:\/\/www.nautaran.org\/es\/naut-aran\/arties\/#breadcrumb\",\"itemListElement\":[{\"@type\":\"ListItem\",\"position\":1,\"name\":\"Portada\",\"item\":\"https:\/\/www.nautaran.org\/es\/home-2\/\"},{\"@type\":\"ListItem\",\"position\":2,\"name\":\"Naut Aran\",\"item\":\"https:\/\/www.nautaran.org\/es\/naut-aran\/\"},{\"@type\":\"ListItem\",\"position\":3,\"name\":\"Arties\"}]},{\"@type\":\"WebSite\",\"@id\":\"https:\/\/www.nautaran.org\/#website\",\"url\":\"https:\/\/www.nautaran.org\/\",\"name\":\"Ajuntament de Naut Aran\",\"description\":\"Naut Aran\",\"potentialAction\":[{\"@type\":\"SearchAction\",\"target\":{\"@type\":\"EntryPoint\",\"urlTemplate\":\"https:\/\/www.nautaran.org\/?s={search_term_string}\"},\"query-input\":{\"@type\":\"PropertyValueSpecification\",\"valueRequired\":true,\"valueName\":\"search_term_string\"}}],\"inLanguage\":\"es\"}]}<\/script>\n<!-- \/ Yoast SEO plugin. -->","yoast_head_json":{"title":"Arties - Ajuntament de Naut Aran","robots":{"index":"index","follow":"follow","max-snippet":"max-snippet:-1","max-image-preview":"max-image-preview:large","max-video-preview":"max-video-preview:-1"},"canonical":"https:\/\/www.nautaran.org\/es\/naut-aran\/arties\/","og_locale":"es_ES","og_type":"article","og_title":"Arties - Ajuntament de Naut Aran","og_description":"ArtiesDescripci\u00f3nEl pueblo de Arties (400 habitantes) se encuentra a 1.143 m altitud, en la confluencia del r\u00edo Valarties con el r\u00edo Garona, en un peque\u00f1o ensanche de la Val. Al final del pueblo la ribera de Valarties dominada por el cerro del Montardo (2.833 m) nos lleva a la cabecera del r\u00edo Valarties donde est\u00e1n [&hellip;]","og_url":"https:\/\/www.nautaran.org\/es\/naut-aran\/arties\/","og_site_name":"Ajuntament de Naut Aran","article_modified_time":"2020-12-18T11:13:06+00:00","twitter_card":"summary_large_image","twitter_misc":{"Tiempo de lectura":"5 minutos"},"schema":{"@context":"https:\/\/schema.org","@graph":[{"@type":"WebPage","@id":"https:\/\/www.nautaran.org\/es\/naut-aran\/arties\/","url":"https:\/\/www.nautaran.org\/es\/naut-aran\/arties\/","name":"Arties - Ajuntament de Naut Aran","isPartOf":{"@id":"https:\/\/www.nautaran.org\/#website"},"datePublished":"2020-10-09T15:48:37+00:00","dateModified":"2020-12-18T11:13:06+00:00","breadcrumb":{"@id":"https:\/\/www.nautaran.org\/es\/naut-aran\/arties\/#breadcrumb"},"inLanguage":"es","potentialAction":[{"@type":"ReadAction","target":["https:\/\/www.nautaran.org\/es\/naut-aran\/arties\/"]}]},{"@type":"BreadcrumbList","@id":"https:\/\/www.nautaran.org\/es\/naut-aran\/arties\/#breadcrumb","itemListElement":[{"@type":"ListItem","position":1,"name":"Portada","item":"https:\/\/www.nautaran.org\/es\/home-2\/"},{"@type":"ListItem","position":2,"name":"Naut Aran","item":"https:\/\/www.nautaran.org\/es\/naut-aran\/"},{"@type":"ListItem","position":3,"name":"Arties"}]},{"@type":"WebSite","@id":"https:\/\/www.nautaran.org\/#website","url":"https:\/\/www.nautaran.org\/","name":"Ajuntament de Naut Aran","description":"Naut Aran","potentialAction":[{"@type":"SearchAction","target":{"@type":"EntryPoint","urlTemplate":"https:\/\/www.nautaran.org\/?s={search_term_string}"},"query-input":{"@type":"PropertyValueSpecification","valueRequired":true,"valueName":"search_term_string"}}],"inLanguage":"es"}]}},"_links":{"self":[{"href":"https:\/\/www.nautaran.org\/es\/wp-json\/wp\/v2\/pages\/5980","targetHints":{"allow":["GET"]}}],"collection":[{"href":"https:\/\/www.nautaran.org\/es\/wp-json\/wp\/v2\/pages"}],"about":[{"href":"https:\/\/www.nautaran.org\/es\/wp-json\/wp\/v2\/types\/page"}],"author":[{"embeddable":true,"href":"https:\/\/www.nautaran.org\/es\/wp-json\/wp\/v2\/users\/1"}],"replies":[{"embeddable":true,"href":"https:\/\/www.nautaran.org\/es\/wp-json\/wp\/v2\/comments?post=5980"}],"version-history":[{"count":5,"href":"https:\/\/www.nautaran.org\/es\/wp-json\/wp\/v2\/pages\/5980\/revisions"}],"predecessor-version":[{"id":6967,"href":"https:\/\/www.nautaran.org\/es\/wp-json\/wp\/v2\/pages\/5980\/revisions\/6967"}],"up":[{"embeddable":true,"href":"https:\/\/www.nautaran.org\/es\/wp-json\/wp\/v2\/pages\/5951"}],"wp:attachment":[{"href":"https:\/\/www.nautaran.org\/es\/wp-json\/wp\/v2\/media?parent=5980"}],"curies":[{"name":"wp","href":"https:\/\/api.w.org\/{rel}","templated":true}]}}