{"id":6139,"date":"2020-10-12T11:40:49","date_gmt":"2020-10-12T09:40:49","guid":{"rendered":"https:\/\/www.nautaran.org\/servicios\/telefons-durgencia\/"},"modified":"2025-06-13T07:15:30","modified_gmt":"2025-06-13T06:15:30","slug":"telefons-durgencia","status":"publish","type":"page","link":"https:\/\/www.nautaran.org\/es\/servicios\/telefons-durgencia\/","title":{"rendered":"Telef\u00f2ns d&#8217;urg\u00e9ncia"},"content":{"rendered":"<p>[et_pb_section fb_built=\u00bb1&#8243; _builder_version=\u00bb4.16&#8243; _module_preset=\u00bbdefault\u00bb use_background_color_gradient=\u00bbon\u00bb background_color_gradient_direction=\u00bb160deg\u00bb background_color_gradient_stops=\u00bbrgba(115,152,198,0.9) 0%|rgba(143,196,109,0.9) 100%\u00bb background_color_gradient_overlays_image=\u00bbon\u00bb background_color_gradient_start=\u00bbrgba(115,152,198,0.9)\u00bb background_color_gradient_end=\u00bbrgba(143,196,109,0.9)\u00bb background_image=\u00bbhttps:\/\/www.nautaran.org\/wp-content\/uploads\/2020\/10\/telefonos-1.jpg\u00bb custom_padding=\u00bb5px||13px|||\u00bb global_colors_info=\u00bb{}\u00bb][et_pb_row _builder_version=\u00bb4.16&#8243; _module_preset=\u00bbdefault\u00bb custom_margin=\u00bb|auto|-10px|auto||\u00bb custom_padding=\u00bb67px||53px|||\u00bb global_colors_info=\u00bb{}\u00bb][et_pb_column type=\u00bb4_4&#8243; _builder_version=\u00bb4.16&#8243; _module_preset=\u00bbdefault\u00bb global_colors_info=\u00bb{}\u00bb][et_pb_text _builder_version=\u00bb4.16&#8243; _module_preset=\u00bbdefault\u00bb header_text_align=\u00bbcenter\u00bb header_text_color=\u00bb#ffffff\u00bb header_font_size=\u00bb70px\u00bb header_font_size_tablet=\u00bb50px\u00bb header_font_size_phone=\u00bb35px\u00bb header_font_size_last_edited=\u00bbon|phone\u00bb header_text_shadow_style=\u00bbpreset3&#8243; global_colors_info=\u00bb{}\u00bb]<\/p>\n<h1>Tel\u00e9fonos de urgencia<\/h1>\n<p>[\/et_pb_text][\/et_pb_column][\/et_pb_row][\/et_pb_section][et_pb_section fb_built=\u00bb1&#8243; _builder_version=\u00bb4.16&#8243; _module_preset=\u00bbdefault\u00bb background_color=\u00bb#efefef\u00bb custom_padding=\u00bb27px||31px|||\u00bb global_colors_info=\u00bb{}\u00bb][et_pb_row column_structure=\u00bb1_3,1_3,1_3&#8243; make_equal=\u00bbon\u00bb _builder_version=\u00bb4.16&#8243; _module_preset=\u00bbdefault\u00bb custom_padding=\u00bb||19px|||\u00bb global_colors_info=\u00bb{}\u00bb][et_pb_column type=\u00bb1_3&#8243; _builder_version=\u00bb4.16&#8243; _module_preset=\u00bbdefault\u00bb background_color=\u00bb#ffffff\u00bb custom_padding=\u00bb20px||20px||false|false\u00bb box_shadow_style=\u00bbpreset3&#8243; global_colors_info=\u00bb{}\u00bb][et_pb_text admin_label=\u00bbTitulo\u00bb _builder_version=\u00bb4.16&#8243; _module_preset=\u00bbdefault\u00bb header_font=\u00bbRoboto|700|||||||\u00bb header_text_align=\u00bbleft\u00bb header_font_size=\u00bb35px\u00bb custom_margin=\u00bb|20px|6px|20px|false|false\u00bb global_colors_info=\u00bb{}\u00bb]<\/p>\n<h1>Urgencias<\/h1>\n<p>[\/et_pb_text][et_pb_text admin_label=\u00bbEnlace\u00bb _builder_version=\u00bb4.16&#8243; _module_preset=\u00bbdefault\u00bb text_text_color=\u00bb#e02b20&#8243; background_color=\u00bb#efefef\u00bb custom_margin=\u00bb|20px|7px|20px|false|false\u00bb custom_padding=\u00bb10px|20px|10px|20px|false|false\u00bb border_color_top=\u00bb#d2d2d2&#8243; global_colors_info=\u00bb{}\u00bb]<a href=\"tel:112\">Emergencias: 112<\/a>[\/et_pb_text][et_pb_text admin_label=\u00bbEnlace\u00bb _builder_version=\u00bb4.16&#8243; _module_preset=\u00bbdefault\u00bb text_text_color=\u00bb#e02b20&#8243; background_color=\u00bb#efefef\u00bb custom_margin=\u00bb|20px|7px|20px|false|false\u00bb custom_padding=\u00bb10px|20px|10px|20px|false|false\u00bb border_color_top=\u00bb#d2d2d2&#8243; global_colors_info=\u00bb{}\u00bb]<a href=\"tel:+34973640006\">Hospital Val d&#8217;Aran: +34 973 64 00 06<\/a>[\/et_pb_text][et_pb_text admin_label=\u00bbEnlace\u00bb _builder_version=\u00bb4.16&#8243; _module_preset=\u00bbdefault\u00bb text_text_color=\u00bb#e02b20&#8243; background_color=\u00bb#efefef\u00bb custom_margin=\u00bb|20px|7px|20px|false|false\u00bb custom_padding=\u00bb10px|20px|10px|20px|false|false\u00bb border_color_top=\u00bb#d2d2d2&#8243; global_colors_info=\u00bb{}\u00bb]<a href=\"tel:065\">Bomberos: 065<\/a>[\/et_pb_text][et_pb_text admin_label=\u00bbEnlace\u00bb _builder_version=\u00bb4.16&#8243; _module_preset=\u00bbdefault\u00bb text_text_color=\u00bb#e02b20&#8243; background_color=\u00bb#efefef\u00bb custom_margin=\u00bb|20px|7px|20px|false|false\u00bb custom_padding=\u00bb10px|20px|10px|20px|false|false\u00bb border_color_top=\u00bb#d2d2d2&#8243; global_colors_info=\u00bb{}\u00bb]<a href=\"tel:062\">Policia Nacional: 062<\/a>[\/et_pb_text][et_pb_text admin_label=\u00bbEnlace\u00bb _builder_version=\u00bb4.16&#8243; _module_preset=\u00bbdefault\u00bb text_text_color=\u00bb#e02b20&#8243; background_color=\u00bb#efefef\u00bb custom_margin=\u00bb|20px|7px|20px|false|false\u00bb custom_padding=\u00bb10px|20px|10px|20px|false|false\u00bb border_color_top=\u00bb#d2d2d2&#8243; global_colors_info=\u00bb{}\u00bb]<a href=\"tel:091\">Guardia Civil: 091<\/a>[\/et_pb_text][\/et_pb_column][et_pb_column type=\u00bb1_3&#8243; _builder_version=\u00bb4.16&#8243; _module_preset=\u00bbdefault\u00bb background_color=\u00bb#ffffff\u00bb custom_padding=\u00bb20px||20px||false|false\u00bb box_shadow_style=\u00bbpreset3&#8243; global_colors_info=\u00bb{}\u00bb][et_pb_text admin_label=\u00bbTitulo\u00bb _builder_version=\u00bb4.16&#8243; _module_preset=\u00bbdefault\u00bb header_font=\u00bbRoboto|700|||||||\u00bb header_text_align=\u00bbleft\u00bb header_font_size=\u00bb35px\u00bb custom_margin=\u00bb|20px|6px|20px|false|false\u00bb global_colors_info=\u00bb{}\u00bb]<\/p>\n<h1>Protecci\u00f3n ciudadana<\/h1>\n<p>[\/et_pb_text][et_pb_text admin_label=\u00bbEnlace\u00bb _builder_version=\u00bb4.16&#8243; _module_preset=\u00bbdefault\u00bb text_text_color=\u00bb#e02b20&#8243; background_color=\u00bb#efefef\u00bb custom_margin=\u00bb|20px|7px|20px|false|false\u00bb custom_padding=\u00bb10px|20px|10px|20px|false|false\u00bb border_color_top=\u00bb#d2d2d2&#8243; global_colors_info=\u00bb{}\u00bb]<a href=\"tel:+34973640080\">Bomberos Vielha: +34 973 64 00 80<\/a>[\/et_pb_text][et_pb_text admin_label=\u00bbEnlace\u00bb _builder_version=\u00bb4.16&#8243; _module_preset=\u00bbdefault\u00bb text_text_color=\u00bb#e02b20&#8243; background_color=\u00bb#efefef\u00bb custom_margin=\u00bb|20px|7px|20px|false|false\u00bb custom_padding=\u00bb10px|20px|10px|20px|false|false\u00bb border_color_top=\u00bb#d2d2d2&#8243; global_colors_info=\u00bb{}\u00bb]<\/p>\n<p><a href=\"tel:+34973640080\">Bomberos Vielha Transitorio: +34 973 08 84 00<\/a><\/p>\n<p>[\/et_pb_text][et_pb_text admin_label=\u00bbEnlace\u00bb _builder_version=\u00bb4.16&#8243; _module_preset=\u00bbdefault\u00bb text_text_color=\u00bb#e02b20&#8243; background_color=\u00bb#efefef\u00bb custom_margin=\u00bb|20px|7px|20px|false|false\u00bb custom_padding=\u00bb10px|20px|10px|20px|false|false\u00bb border_color_top=\u00bb#d2d2d2&#8243; global_colors_info=\u00bb{}\u00bb]<a href=\"tel:+34973357285\">Mossos d&#8217;Esquadra: +34 973 35 72 85<\/a>[\/et_pb_text][et_pb_text admin_label=\u00bbEnlace\u00bb _builder_version=\u00bb4.20.4&#8243; _module_preset=\u00bbdefault\u00bb text_text_color=\u00bb#e02b20&#8243; background_color=\u00bb#efefef\u00bb custom_margin=\u00bb|20px|7px|20px|false|false\u00bb custom_padding=\u00bb10px|20px|10px|20px|false|false\u00bb hover_enabled=\u00bb0&#8243; border_color_top=\u00bb#d2d2d2&#8243; global_colors_info=\u00bb{}\u00bb sticky_enabled=\u00bb0&#8243;]<\/p>\n<p><a href=\"tel:+34973357285\">Vigilantes Municipales Naut Aran: +34 973 64 57 31<\/a><\/p>\n<p>[\/et_pb_text][et_pb_text admin_label=\u00bbEnlace\u00bb _builder_version=\u00bb4.16&#8243; _module_preset=\u00bbdefault\u00bb text_text_color=\u00bb#e02b20&#8243; background_color=\u00bb#efefef\u00bb custom_margin=\u00bb|20px|7px|20px|false|false\u00bb custom_padding=\u00bb10px|20px|10px|20px|false|false\u00bb border_color_top=\u00bb#d2d2d2&#8243; global_colors_info=\u00bb{}\u00bb]<a href=\"tel:+34973648014\">Policia Nacional Les: +34 973 64 80 14<\/a>[\/et_pb_text][et_pb_text admin_label=\u00bbEnlace\u00bb _builder_version=\u00bb4.16&#8243; _module_preset=\u00bbdefault\u00bb text_text_color=\u00bb#e02b20&#8243; background_color=\u00bb#efefef\u00bb custom_margin=\u00bb|20px|7px|20px|false|false\u00bb custom_padding=\u00bb10px|20px|10px|20px|false|false\u00bb border_color_top=\u00bb#d2d2d2&#8243; global_colors_info=\u00bb{}\u00bb]<a href=\"tel:+34973640005\">Guardia Civil Vielha: +34 973 64 00 05<\/a>[\/et_pb_text][et_pb_text admin_label=\u00bbEnlace\u00bb _builder_version=\u00bb4.16&#8243; _module_preset=\u00bbdefault\u00bb text_text_color=\u00bb#e02b20&#8243; background_color=\u00bb#efefef\u00bb custom_margin=\u00bb|20px|7px|20px|false|false\u00bb custom_padding=\u00bb10px|20px|10px|20px|false|false\u00bb border_color_top=\u00bb#d2d2d2&#8243; global_colors_info=\u00bb{}\u00bb]<a href=\"tel:+34973648207\">Guardia Civil Boss\u00f2st: +34 973 64 82 07<\/a>[\/et_pb_text][\/et_pb_column][et_pb_column type=\u00bb1_3&#8243; _builder_version=\u00bb4.16&#8243; _module_preset=\u00bbdefault\u00bb background_color=\u00bb#ffffff\u00bb custom_padding=\u00bb20px||20px||false|false\u00bb box_shadow_style=\u00bbpreset3&#8243; global_colors_info=\u00bb{}\u00bb][et_pb_text admin_label=\u00bbTitulo\u00bb _builder_version=\u00bb4.16&#8243; _module_preset=\u00bbdefault\u00bb header_font=\u00bbRoboto|700|||||||\u00bb header_text_align=\u00bbleft\u00bb header_font_size=\u00bb35px\u00bb custom_margin=\u00bb|20px|6px|20px|false|false\u00bb global_colors_info=\u00bb{}\u00bb]<\/p>\n<h1>Servicios Salut<\/h1>\n<p>[\/et_pb_text][et_pb_text admin_label=\u00bbEnlace\u00bb _builder_version=\u00bb4.16&#8243; _module_preset=\u00bbdefault\u00bb text_text_color=\u00bb#e02b20&#8243; background_color=\u00bb#efefef\u00bb custom_margin=\u00bb|20px|7px|20px|false|false\u00bb custom_padding=\u00bb10px|20px|10px|20px|false|false\u00bb border_color_top=\u00bb#d2d2d2&#8243; global_colors_info=\u00bb{}\u00bb]<a href=\"tel:+34973640006\">Hospital Val d&#8217;Aran: +34 973 64 00 06<\/a>[\/et_pb_text][et_pb_text admin_label=\u00bbEnlace\u00bb _builder_version=\u00bb4.16&#8243; _module_preset=\u00bbdefault\u00bb text_text_color=\u00bb#e02b20&#8243; background_color=\u00bb#efefef\u00bb custom_margin=\u00bb|20px|7px|20px|false|false\u00bb custom_padding=\u00bb10px|20px|10px|20px|false|false\u00bb border_color_top=\u00bb#d2d2d2&#8243; global_colors_info=\u00bb{}\u00bb]<a href=\"tel:+34973645818\">Dispensario Salard\u00fa: +34 973 64 58 18<\/a>[\/et_pb_text][et_pb_text admin_label=\u00bbEnlace\u00bb _builder_version=\u00bb4.16&#8243; _module_preset=\u00bbdefault\u00bb text_text_color=\u00bb#e02b20&#8243; background_color=\u00bb#efefef\u00bb custom_margin=\u00bb|20px|7px|20px|false|false\u00bb custom_padding=\u00bb10px|20px|10px|20px|false|false\u00bb border_color_top=\u00bb#d2d2d2&#8243; global_colors_info=\u00bb{}\u00bb]<a href=\"tel:+34973642847\">Dispensario Arties: +34 973 64 28 47<\/a>[\/et_pb_text][et_pb_text admin_label=\u00bbEnlace\u00bb _builder_version=\u00bb4.16&#8243; _module_preset=\u00bbdefault\u00bb text_text_color=\u00bb#e02b20&#8243; background_color=\u00bb#efefef\u00bb custom_margin=\u00bb|20px|7px|20px|false|false\u00bb custom_padding=\u00bb10px|20px|10px|20px|false|false\u00bb border_color_top=\u00bb#d2d2d2&#8243; global_colors_info=\u00bb{}\u00bb]<a href=\"tel:+34973644462\">Farmacia Pal\u00e1 Baqueira: +34 973 64 44 62<\/a>[\/et_pb_text][et_pb_text admin_label=\u00bbEnlace\u00bb _builder_version=\u00bb4.16&#8243; _module_preset=\u00bbdefault\u00bb text_text_color=\u00bb#e02b20&#8243; background_color=\u00bb#efefef\u00bb custom_margin=\u00bb|20px|7px|20px|false|false\u00bb custom_padding=\u00bb10px|20px|10px|20px|false|false\u00bb border_color_top=\u00bb#d2d2d2&#8243; global_colors_info=\u00bb{}\u00bb]<a href=\"tel:+34973644346\">Farmacia Pal\u00e1 Arties: +34 973 64 43 46<\/a>[\/et_pb_text][\/et_pb_column][\/et_pb_row][et_pb_row column_structure=\u00bb1_2,1_2&#8243; make_equal=\u00bbon\u00bb _builder_version=\u00bb4.16&#8243; _module_preset=\u00bbdefault\u00bb custom_padding=\u00bb22px|||||\u00bb global_colors_info=\u00bb{}\u00bb][et_pb_column type=\u00bb1_2&#8243; _builder_version=\u00bb4.16&#8243; _module_preset=\u00bbdefault\u00bb background_color=\u00bb#ffffff\u00bb custom_padding=\u00bb20px||20px||false|false\u00bb box_shadow_style=\u00bbpreset3&#8243; global_colors_info=\u00bb{}\u00bb][et_pb_text admin_label=\u00bbTitulo\u00bb _builder_version=\u00bb4.16&#8243; _module_preset=\u00bbdefault\u00bb header_font=\u00bbRoboto|700|||||||\u00bb header_text_align=\u00bbleft\u00bb header_font_size=\u00bb35px\u00bb custom_margin=\u00bb|20px|6px|20px|false|false\u00bb global_colors_info=\u00bb{}\u00bb]<\/p>\n<h1>Organismos p\u00fablicos<\/h1>\n<p>[\/et_pb_text][et_pb_text admin_label=\u00bbEnlace\u00bb _builder_version=\u00bb4.16&#8243; _module_preset=\u00bbdefault\u00bb text_text_color=\u00bb#e02b20&#8243; background_color=\u00bb#efefef\u00bb custom_margin=\u00bb|20px|7px|20px|false|false\u00bb custom_padding=\u00bb10px|20px|10px|20px|false|false\u00bb border_color_top=\u00bb#d2d2d2&#8243; global_colors_info=\u00bb{}\u00bb]<a href=\"tel:012\">Atenci\u00f3n Ciudadana: 012<\/a>[\/et_pb_text][et_pb_text admin_label=\u00bbEnlace\u00bb _builder_version=\u00bb4.16&#8243; _module_preset=\u00bbdefault\u00bb text_text_color=\u00bb#e02b20&#8243; background_color=\u00bb#efefef\u00bb custom_margin=\u00bb|20px|7px|20px|false|false\u00bb custom_padding=\u00bb10px|20px|10px|20px|false|false\u00bb border_color_top=\u00bb#d2d2d2&#8243; global_colors_info=\u00bb{}\u00bb]<a href=\"tel:+34973644030\">Ayuntamiento de Naut Aran: +34 973 64 40 30<\/a>[\/et_pb_text][et_pb_text admin_label=\u00bbEnlace\u00bb _builder_version=\u00bb4.16&#8243; _module_preset=\u00bbdefault\u00bb text_text_color=\u00bb#e02b20&#8243; background_color=\u00bb#efefef\u00bb custom_margin=\u00bb|20px|7px|20px|false|false\u00bb custom_padding=\u00bb10px|20px|10px|20px|false|false\u00bb border_color_top=\u00bb#d2d2d2&#8243; global_colors_info=\u00bb{}\u00bb]<a href=\"tel:+34973640018\">Ayuntamiento de Vielha: +34 973 64 00 18<\/a>[\/et_pb_text][et_pb_text admin_label=\u00bbEnlace\u00bb _builder_version=\u00bb4.16&#8243; _module_preset=\u00bbdefault\u00bb text_text_color=\u00bb#e02b20&#8243; background_color=\u00bb#efefef\u00bb custom_margin=\u00bb|20px|7px|20px|false|false\u00bb custom_padding=\u00bb10px|20px|10px|20px|false|false\u00bb border_color_top=\u00bb#d2d2d2&#8243; global_colors_info=\u00bb{}\u00bb]<a href=\"tel:+34973641801\">Conselh Generau d&#8217;Aran: +34 973 64 18 01<\/a>[\/et_pb_text][et_pb_text admin_label=\u00bbEnlace\u00bb _builder_version=\u00bb4.16&#8243; _module_preset=\u00bbdefault\u00bb text_text_color=\u00bb#e02b20&#8243; background_color=\u00bb#efefef\u00bb custom_margin=\u00bb|20px|7px|20px|false|false\u00bb custom_padding=\u00bb10px|20px|10px|20px|false|false\u00bb border_color_top=\u00bb#d2d2d2&#8243; global_colors_info=\u00bb{}\u00bb]<a href=\"tel:+34973915910\">Juzgado de primera instancia de Vielha: +34 973 91 59 10<\/a>[\/et_pb_text][et_pb_text admin_label=\u00bbEnlace\u00bb _builder_version=\u00bb4.16&#8243; _module_preset=\u00bbdefault\u00bb text_text_color=\u00bb#e02b20&#8243; background_color=\u00bb#efefef\u00bb custom_margin=\u00bb|20px|7px|20px|false|false\u00bb custom_padding=\u00bb10px|20px|10px|20px|false|false\u00bb border_color_top=\u00bb#d2d2d2&#8243; global_colors_info=\u00bb{}\u00bb]<a href=\"tel:+34973640912\">Correos: +34 973 64 09 12<\/a>[\/et_pb_text][\/et_pb_column][et_pb_column type=\u00bb1_2&#8243; _builder_version=\u00bb4.16&#8243; _module_preset=\u00bbdefault\u00bb background_color=\u00bb#ffffff\u00bb custom_padding=\u00bb20px||20px||false|false\u00bb box_shadow_style=\u00bbpreset3&#8243; global_colors_info=\u00bb{}\u00bb][et_pb_text admin_label=\u00bbTitulo\u00bb _builder_version=\u00bb4.16&#8243; _module_preset=\u00bbdefault\u00bb header_font=\u00bbRoboto|700|||||||\u00bb header_text_align=\u00bbleft\u00bb header_font_size=\u00bb35px\u00bb custom_margin=\u00bb|20px|6px|20px|false|false\u00bb global_colors_info=\u00bb{}\u00bb]<\/p>\n<h1>Otros servicios de inter\u00e9s<\/h1>\n<p>[\/et_pb_text][et_pb_text admin_label=\u00bbEnlace\u00bb _builder_version=\u00bb4.16&#8243; _module_preset=\u00bbdefault\u00bb text_text_color=\u00bb#e02b20&#8243; background_color=\u00bb#efefef\u00bb custom_margin=\u00bb|20px|7px|20px|false|false\u00bb custom_padding=\u00bb10px|20px|10px|20px|false|false\u00bb border_color_top=\u00bb#d2d2d2&#8243; global_colors_info=\u00bb{}\u00bb]<a href=\"tel:+34902422242\">ALSA: +34 902 42 22 42<\/a>[\/et_pb_text][et_pb_text admin_label=\u00bbEnlace\u00bb _builder_version=\u00bb4.16&#8243; _module_preset=\u00bbdefault\u00bb text_text_color=\u00bb#e02b20&#8243; background_color=\u00bb#efefef\u00bb custom_margin=\u00bb|20px|7px|20px|false|false\u00bb custom_padding=\u00bb10px|20px|10px|20px|false|false\u00bb border_color_top=\u00bb#d2d2d2&#8243; global_colors_info=\u00bb{}\u00bb]<a href=\"tel:+34900770077\">Fecsa Endesa: +34 900 77 00 77<\/a>[\/et_pb_text][et_pb_text admin_label=\u00bbEnlace\u00bb _builder_version=\u00bb4.16&#8243; _module_preset=\u00bbdefault\u00bb text_text_color=\u00bb#e02b20&#8243; background_color=\u00bb#efefef\u00bb custom_margin=\u00bb|20px|7px|20px|false|false\u00bb custom_padding=\u00bb10px|20px|10px|20px|false|false\u00bb border_color_top=\u00bb#d2d2d2&#8243; global_colors_info=\u00bb{}\u00bb]<a href=\"tel:+34973640110\">Oficina de Turismo de Vielha: +34 973 64 01 10<\/a>[\/et_pb_text][et_pb_text admin_label=\u00bbEnlace\u00bb _builder_version=\u00bb4.16&#8243; _module_preset=\u00bbdefault\u00bb text_text_color=\u00bb#e02b20&#8243; background_color=\u00bb#efefef\u00bb custom_margin=\u00bb|20px|7px|20px|false|false\u00bb custom_padding=\u00bb10px|20px|10px|20px|false|false\u00bb border_color_top=\u00bb#d2d2d2&#8243; global_colors_info=\u00bb{}\u00bb]<a href=\"tel:+34973644867\">Taxis p\u00fablicos: +34 973 64 48 67<\/a>[\/et_pb_text][\/et_pb_column][\/et_pb_row][\/et_pb_section]<\/p>\n","protected":false},"excerpt":{"rendered":"<p>Tel\u00e9fonos de urgenciaUrgenciasEmergencias: 112Hospital Val d&#8217;Aran: +34 973 64 00 06Bomberos: 065Policia Nacional: 062Guardia Civil: 091Protecci\u00f3n ciudadanaBomberos Vielha: +34 973 64 00 80Bomberos Vielha Transitorio: +34 973 08 84 00Mossos d&#8217;Esquadra: +34 973 35 72 85Vigilantes Municipales Naut Aran: +34 973 64 57 31Policia Nacional Les: +34 973 64 80 14Guardia Civil Vielha: +34 973 [&hellip;]<\/p>\n","protected":false},"author":1,"featured_media":0,"parent":6121,"menu_order":0,"comment_status":"closed","ping_status":"closed","template":"","meta":{"_acf_changed":false,"_et_pb_use_builder":"on","_et_pb_old_content":"","_et_gb_content_width":"","footnotes":""},"class_list":["post-6139","page","type-page","status-publish","hentry"],"acf":[],"yoast_head":"<!-- This site is optimized with the Yoast SEO plugin v26.8 - https:\/\/yoast.com\/product\/yoast-seo-wordpress\/ -->\n<title>Telef\u00f2ns d&#039;urg\u00e9ncia - Ajuntament de Naut Aran<\/title>\n<meta name=\"robots\" content=\"index, follow, max-snippet:-1, max-image-preview:large, max-video-preview:-1\" \/>\n<link rel=\"canonical\" href=\"https:\/\/www.nautaran.org\/es\/servicios\/telefons-durgencia\/\" \/>\n<meta property=\"og:locale\" content=\"es_ES\" \/>\n<meta property=\"og:type\" content=\"article\" \/>\n<meta property=\"og:title\" content=\"Telef\u00f2ns d&#039;urg\u00e9ncia - Ajuntament de Naut Aran\" \/>\n<meta property=\"og:description\" content=\"Tel\u00e9fonos de urgenciaUrgenciasEmergencias: 112Hospital Val d&#039;Aran: +34 973 64 00 06Bomberos: 065Policia Nacional: 062Guardia Civil: 091Protecci\u00f3n ciudadanaBomberos Vielha: +34 973 64 00 80Bomberos Vielha Transitorio: +34 973 08 84 00Mossos d&#039;Esquadra: +34 973 35 72 85Vigilantes Municipales Naut Aran: +34 973 64 57 31Policia Nacional Les: +34 973 64 80 14Guardia Civil Vielha: +34 973 [&hellip;]\" \/>\n<meta property=\"og:url\" content=\"https:\/\/www.nautaran.org\/es\/servicios\/telefons-durgencia\/\" \/>\n<meta property=\"og:site_name\" content=\"Ajuntament de Naut Aran\" \/>\n<meta property=\"article:modified_time\" content=\"2025-06-13T06:15:30+00:00\" \/>\n<meta name=\"twitter:card\" content=\"summary_large_image\" \/>\n<meta name=\"twitter:label1\" content=\"Tiempo de lectura\" \/>\n\t<meta name=\"twitter:data1\" content=\"9 minutos\" \/>\n<script type=\"application\/ld+json\" class=\"yoast-schema-graph\">{\"@context\":\"https:\/\/schema.org\",\"@graph\":[{\"@type\":\"WebPage\",\"@id\":\"https:\/\/www.nautaran.org\/es\/servicios\/telefons-durgencia\/\",\"url\":\"https:\/\/www.nautaran.org\/es\/servicios\/telefons-durgencia\/\",\"name\":\"Telef\u00f2ns d'urg\u00e9ncia - Ajuntament de Naut Aran\",\"isPartOf\":{\"@id\":\"https:\/\/www.nautaran.org\/#website\"},\"datePublished\":\"2020-10-12T09:40:49+00:00\",\"dateModified\":\"2025-06-13T06:15:30+00:00\",\"breadcrumb\":{\"@id\":\"https:\/\/www.nautaran.org\/es\/servicios\/telefons-durgencia\/#breadcrumb\"},\"inLanguage\":\"es\",\"potentialAction\":[{\"@type\":\"ReadAction\",\"target\":[\"https:\/\/www.nautaran.org\/es\/servicios\/telefons-durgencia\/\"]}]},{\"@type\":\"BreadcrumbList\",\"@id\":\"https:\/\/www.nautaran.org\/es\/servicios\/telefons-durgencia\/#breadcrumb\",\"itemListElement\":[{\"@type\":\"ListItem\",\"position\":1,\"name\":\"Portada\",\"item\":\"https:\/\/www.nautaran.org\/es\/home-2\/\"},{\"@type\":\"ListItem\",\"position\":2,\"name\":\"Servicios\",\"item\":\"https:\/\/www.nautaran.org\/es\/servicios\/\"},{\"@type\":\"ListItem\",\"position\":3,\"name\":\"Telef\u00f2ns d'urg\u00e9ncia\"}]},{\"@type\":\"WebSite\",\"@id\":\"https:\/\/www.nautaran.org\/#website\",\"url\":\"https:\/\/www.nautaran.org\/\",\"name\":\"Ajuntament de Naut Aran\",\"description\":\"Naut Aran\",\"potentialAction\":[{\"@type\":\"SearchAction\",\"target\":{\"@type\":\"EntryPoint\",\"urlTemplate\":\"https:\/\/www.nautaran.org\/?s={search_term_string}\"},\"query-input\":{\"@type\":\"PropertyValueSpecification\",\"valueRequired\":true,\"valueName\":\"search_term_string\"}}],\"inLanguage\":\"es\"}]}<\/script>\n<!-- \/ Yoast SEO plugin. -->","yoast_head_json":{"title":"Telef\u00f2ns d'urg\u00e9ncia - Ajuntament de Naut Aran","robots":{"index":"index","follow":"follow","max-snippet":"max-snippet:-1","max-image-preview":"max-image-preview:large","max-video-preview":"max-video-preview:-1"},"canonical":"https:\/\/www.nautaran.org\/es\/servicios\/telefons-durgencia\/","og_locale":"es_ES","og_type":"article","og_title":"Telef\u00f2ns d'urg\u00e9ncia - Ajuntament de Naut Aran","og_description":"Tel\u00e9fonos de urgenciaUrgenciasEmergencias: 112Hospital Val d'Aran: +34 973 64 00 06Bomberos: 065Policia Nacional: 062Guardia Civil: 091Protecci\u00f3n ciudadanaBomberos Vielha: +34 973 64 00 80Bomberos Vielha Transitorio: +34 973 08 84 00Mossos d'Esquadra: +34 973 35 72 85Vigilantes Municipales Naut Aran: +34 973 64 57 31Policia Nacional Les: +34 973 64 80 14Guardia Civil Vielha: +34 973 [&hellip;]","og_url":"https:\/\/www.nautaran.org\/es\/servicios\/telefons-durgencia\/","og_site_name":"Ajuntament de Naut Aran","article_modified_time":"2025-06-13T06:15:30+00:00","twitter_card":"summary_large_image","twitter_misc":{"Tiempo de lectura":"9 minutos"},"schema":{"@context":"https:\/\/schema.org","@graph":[{"@type":"WebPage","@id":"https:\/\/www.nautaran.org\/es\/servicios\/telefons-durgencia\/","url":"https:\/\/www.nautaran.org\/es\/servicios\/telefons-durgencia\/","name":"Telef\u00f2ns d'urg\u00e9ncia - Ajuntament de Naut Aran","isPartOf":{"@id":"https:\/\/www.nautaran.org\/#website"},"datePublished":"2020-10-12T09:40:49+00:00","dateModified":"2025-06-13T06:15:30+00:00","breadcrumb":{"@id":"https:\/\/www.nautaran.org\/es\/servicios\/telefons-durgencia\/#breadcrumb"},"inLanguage":"es","potentialAction":[{"@type":"ReadAction","target":["https:\/\/www.nautaran.org\/es\/servicios\/telefons-durgencia\/"]}]},{"@type":"BreadcrumbList","@id":"https:\/\/www.nautaran.org\/es\/servicios\/telefons-durgencia\/#breadcrumb","itemListElement":[{"@type":"ListItem","position":1,"name":"Portada","item":"https:\/\/www.nautaran.org\/es\/home-2\/"},{"@type":"ListItem","position":2,"name":"Servicios","item":"https:\/\/www.nautaran.org\/es\/servicios\/"},{"@type":"ListItem","position":3,"name":"Telef\u00f2ns d'urg\u00e9ncia"}]},{"@type":"WebSite","@id":"https:\/\/www.nautaran.org\/#website","url":"https:\/\/www.nautaran.org\/","name":"Ajuntament de Naut Aran","description":"Naut Aran","potentialAction":[{"@type":"SearchAction","target":{"@type":"EntryPoint","urlTemplate":"https:\/\/www.nautaran.org\/?s={search_term_string}"},"query-input":{"@type":"PropertyValueSpecification","valueRequired":true,"valueName":"search_term_string"}}],"inLanguage":"es"}]}},"_links":{"self":[{"href":"https:\/\/www.nautaran.org\/es\/wp-json\/wp\/v2\/pages\/6139","targetHints":{"allow":["GET"]}}],"collection":[{"href":"https:\/\/www.nautaran.org\/es\/wp-json\/wp\/v2\/pages"}],"about":[{"href":"https:\/\/www.nautaran.org\/es\/wp-json\/wp\/v2\/types\/page"}],"author":[{"embeddable":true,"href":"https:\/\/www.nautaran.org\/es\/wp-json\/wp\/v2\/users\/1"}],"replies":[{"embeddable":true,"href":"https:\/\/www.nautaran.org\/es\/wp-json\/wp\/v2\/comments?post=6139"}],"version-history":[{"count":3,"href":"https:\/\/www.nautaran.org\/es\/wp-json\/wp\/v2\/pages\/6139\/revisions"}],"predecessor-version":[{"id":23105,"href":"https:\/\/www.nautaran.org\/es\/wp-json\/wp\/v2\/pages\/6139\/revisions\/23105"}],"up":[{"embeddable":true,"href":"https:\/\/www.nautaran.org\/es\/wp-json\/wp\/v2\/pages\/6121"}],"wp:attachment":[{"href":"https:\/\/www.nautaran.org\/es\/wp-json\/wp\/v2\/media?parent=6139"}],"curies":[{"name":"wp","href":"https:\/\/api.w.org\/{rel}","templated":true}]}}