{"id":7161,"date":"2020-12-19T12:38:14","date_gmt":"2020-12-19T10:38:14","guid":{"rendered":"https:\/\/www.nautaran.org\/politica-de-cookies-ue\/"},"modified":"2024-08-22T11:21:04","modified_gmt":"2024-08-22T10:21:04","slug":"politica-de-cookies-ue","status":"publish","type":"page","link":"https:\/\/www.nautaran.org\/es\/politica-de-cookies-ue\/","title":{"rendered":"Pol\u00edtica de cookies"},"content":{"rendered":"<p>[et_pb_section fb_built=\u00bb1&#8243; admin_label=\u00bbsection\u00bb _builder_version=\u00bb4.16&#8243; global_colors_info=\u00bb{}\u00bb][et_pb_row admin_label=\u00bbrow\u00bb _builder_version=\u00bb4.16&#8243; background_size=\u00bbinitial\u00bb background_position=\u00bbtop_left\u00bb background_repeat=\u00bbrepeat\u00bb global_colors_info=\u00bb{}\u00bb][et_pb_column type=\u00bb4_4&#8243; _builder_version=\u00bb4.16&#8243; custom_padding=\u00bb|||\u00bb global_colors_info=\u00bb{}\u00bb custom_padding__hover=\u00bb|||\u00bb][et_pb_text _builder_version=\u00bb4.20.4&#8243; _module_preset=\u00bbdefault\u00bb hover_enabled=\u00bb0&#8243; global_colors_info=\u00bb{}\u00bb sticky_enabled=\u00bb0&#8243;]<\/p>\n<h4><strong>Aviso de cookies<\/strong><\/h4>\n<p>Utilizamos cookies propias y de terceros para analizar nuestros servicios y mostrarte publicidad relacionada con las preferencias de los usuarios en base a un perfil elaborado a partir de sus h\u00e1bitos de navegaci\u00f3n.<\/p>\n<h4><strong>Pol\u00edtica de cookies<\/strong><\/h4>\n<p>Les informamos que en la web <a href=\"https:\/\/www.nautaran.org\/ca\/\">https:\/\/www.nautaran.org\/es<\/a> , el sistema de navegaci\u00f3n utiliza algunos datos de navegaci\u00f3n (\u201cCookies\u201d) para poder ofrecer un servicio m\u00e1s personalizado a los usuarios de la web.<\/p>\n<p>Las \u201cCookies\u201d son peque\u00f1os archivos de texto que el navegador guarda cuando se navega por p\u00e1ginas web y aplicaciones. En general, estas tecnolog\u00edas pueden servir para finalidades muy diversas, como, por ejemplo, reconocerte como usuario, obtener informaci\u00f3n sobre tus h\u00e1bitos de navegaci\u00f3n o personalizar la forma en que se muestra el contenido.<\/p>\n<p><strong>AJUNTAMENT NAUT ARAN<\/strong> en su web utiliza \u201ccookies\u201d de terceros:<\/p>\n<ul>\n<li>Cookies an\u00e1lisis: Estas son tratadas por terceros y nos permiten cuantificar el n\u00famero de usuarios y as\u00ed realizar la medici\u00f3n y an\u00e1lisis estad\u00edstico de la utilizaci\u00f3n que hacen los usuarios del servicio ofrecido. Para ello, se analiza su navegaci\u00f3n en nuestra web con el fin de mejorar la oferta de productos o servicios. El tercero es Google Analytics, que es un servicio de estad\u00edsticas de p\u00e1ginas web que ofrece Google Inc. Google Analytics recoge informaci\u00f3n del equipo del usuario para obtener informes sobre la actividad de la aplicaci\u00f3n y almacena la informaci\u00f3n recogida por las \u201ccookies\u201d en servidores de los Estados Unidos existiendo una transferencia internacional de datos, y por tanto, aceptando a la misma mediante la aceptaci\u00f3n de estas cookies.<\/li>\n<li>Cookies publicitarias comportamentales: son aquellas, que tratadas por terceros, nos permiten analizar los h\u00e1bitos de navegaci\u00f3n en Internet para poder mostrar publicidad con su perfil de navegaci\u00f3n. El servicio es prestado por Google Inc.<\/li>\n<\/ul>\n<p>En todo caso, en el supuesto que se capten datos de car\u00e1cter personal- en este caso tan s\u00f3lo la IP de acceso; les informamos que estos ser\u00e1n tratados bajo la responsabilidad de <strong>AJUNTAMENT NAUT ARAN<\/strong>.<\/p>\n<p>La finalidad de este tratamiento es la gesti\u00f3n y control de las redes sociales que se disponen, as\u00ed como de los usuarios que interact\u00faan en la web y la informaci\u00f3n que se obtiene, siendo su consentimiento la base de legitimaci\u00f3n de este tratamiento. Estos datos ser\u00e1n transmitidos\u202fa las empresas gestoras de las cookies y ser\u00e1n conservados de acuerdo con los par\u00e1metros estipulados por estas empresas. Estos datos ser\u00e1n transferidos a terceros pa\u00edses, pudiendo obtener m\u00e1s informaci\u00f3n al respecto en la propia pol\u00edtica de Google: <a href=\"https:\/\/policies.google.com\/privacy?hl=es\">https:\/\/policies.google.com\/privacy?hl=es<\/a><\/p>\n<p>Conforme lo dispuesto en la normativa de protecci\u00f3n de datos, le informamos que puede revocar estas autorizaciones a trav\u00e9s de su propio navegador o ejercitar los derechos de acceso, rectificaci\u00f3n o supresi\u00f3n, la limitaci\u00f3n del tratamiento u oponerse, as\u00ed como el derecho a la portabilidad de los datos se puede dirigir en: <strong>AJUNTAMENT NAUT ARAN<\/strong>, c. <strong>Balmes, n. 2, 25598 \u2013 SALARD\u00da (Vall d\u2019Aran)<\/strong> o bien, enviar un correo electr\u00f3nico a: <a href=\"mailto:info@nautaran.org\">info@nautaran.org<\/a><\/p>\n<p>Asimismo, podr\u00e1 presentar una reclamaci\u00f3n ante la Autoridad Catalana de Protecci\u00f3n de Datos\u00a0 o ponerse en contacto con el Delegado de Protecci\u00f3n de Datos a secretaria@nautaran.org<\/p>\n<p>Se informa al usuario que Google podr\u00e1 transmitir esta informaci\u00f3n a terceros cuando as\u00ed lo requiera la ley, o cuando estos terceros procesen la informaci\u00f3n por cuenta de Google. Google no asociar\u00e1 la direcci\u00f3n de IP del usuario con otro dato de que dispongan, y por tanto, lo har\u00e1n totalmente de forma anonimizada.<\/p>\n<p>Para rehusar o eliminar esta \u201ccookie\u201d se puede consultar la siguiente direcci\u00f3n:<\/p>\n<p><a href=\"http:\/\/www.google.com\/intl\/ca\/policies\/privacy\/\">http:\/\/www.google.com\/intl\/ca\/policies\/privacy\/<\/a><\/p>\n<p><a href=\"http:\/\/www.google.com\/intl\/en\/privacypolicy.html\">http:\/\/www.google.com\/intl\/en\/privacypolicy.html<\/a><\/p>\n<h4><strong>DESACTIVACI\u00d3N Y BLOQUEO DE LAS COOKIES<\/strong><\/h4>\n<p>En cualquier caso, el usuario puede habilitar la opci\u00f3n de su propio sistema de navegaci\u00f3n para no permitir la instalaci\u00f3n de cookies; sin que en ning\u00fan caso AJUNTAMENT NAUT ARAN pueda ser responsable de que la inhabilitaci\u00f3n de Cookies comporte que algunos de los servicios que ofrece esta web no funcione correctamente.<\/p>\n<p>En los siguientes enlaces, podr\u00e1 encontrar instrucciones que le ayudar\u00e1n a configurar los ajustes de los principales navegadores m\u00e1s utilizados.<\/p>\n<p>Internet Explorer:\u202f\u00a0<a href=\"https:\/\/support.microsoft.com\/es-es\/help\/17442\/windows-internet-explorer-delete-manage-cookies\">https:\/\/support.microsoft.com\/es-es\/help\/17442\/windows-internet-explorer-delete-manage-cookies<\/a><\/p>\n<p>Microsoft Edge: <a href=\"https:\/\/support.microsoft.com\/es-es\/help\/4027947\/microsoft-edge-delete-cookies\">https:\/\/support.microsoft.com\/es-es\/help\/4027947\/microsoft-edge-delete-cookies<\/a><\/p>\n<p>Google Chrome:\u202f\u00a0<a href=\"https:\/\/support.google.com\/chrome\/answer\/95647?hl=es\">https:\/\/support.google.com\/chrome\/answer\/95647?hl=es<\/a><\/p>\n<p>Mozilla Firefox:\u202f\u00a0<a href=\"http:\/\/support.mozilla.org\/es\/kb\/habilitar-y-deshabilitar-cookies-que-los-sitios-we\">http:\/\/support.mozilla.org\/es\/kb\/habilitar-y-deshabilitar-cookies-que-los-sitios-we<\/a><\/p>\n<p>Safari:\u202f\u00a0<a href=\"http:\/\/support.apple.com\/kb\/ph5042\">http:\/\/support.apple.com\/kb\/ph5042<\/a><\/p>\n<p>Safari para IOS (Iphone, IPad):\u202f\u00a0<a href=\"http:\/\/support.apple.com\/kb\/ht1677?viewlocale=es_es&amp;locale=es_es\">http:\/\/support.apple.com\/kb\/ht1677?viewlocale=es_es&amp;locale=es_es<\/a><\/p>\n<p>Chrome para Android:\u202f\u00a0<a href=\"https:\/\/support.google.com\/chrome\/answer\/2392971?hl=es\">https:\/\/support.google.com\/chrome\/answer\/2392971?hl=es<\/a><\/p>\n<p>Si desea m\u00e1s informaci\u00f3n sobre las cookies y su manera de deshabilitarlas seg\u00fan su sistema de navegaci\u00f3n puede consultar los siguientes links: <a href=\"http:\/\/www.aboutcookies.org\/\">www.aboutcookies.org<\/a><\/p>\n<p><a href=\"http:\/\/www.aboutcookies.org\/Default.aspx?page=1\">http:\/\/www.aboutcookies.org\/Default.aspx?page=1<\/a><\/p>\n<p>En caso contrario, y habiendo informado<strong> AJUNTAMENT NAUT ARAN<\/strong> del uso de cookies, y sin que estas hayan sido inhabilitadas implica que el usuario presta su consentimiento al tratamiento de datos por Google en la forma prevista en este aviso y para las finalidades aqu\u00ed descritas.<\/p>\n<p>En caso de duda o de cualquier comentario, se puede dirigir a <strong>AJUNTAMENT NAUT ARAN<\/strong> a trav\u00e9s de sus medios de atenci\u00f3n al p\u00fablico o bien comunicarse con nosotros a trav\u00e9s de: info@nautaran.org<\/p>\n<p>[\/et_pb_text][\/et_pb_column][\/et_pb_row][\/et_pb_section]<\/p>\n","protected":false},"excerpt":{"rendered":"<p>Aviso de cookies Utilizamos cookies propias y de terceros para analizar nuestros servicios y mostrarte publicidad relacionada con las preferencias de los usuarios en base a un perfil elaborado a partir de sus h\u00e1bitos de navegaci\u00f3n. Pol\u00edtica de cookies Les informamos que en la web https:\/\/www.nautaran.org\/es , el sistema de navegaci\u00f3n utiliza algunos datos de [&hellip;]<\/p>\n","protected":false},"author":3,"featured_media":0,"parent":0,"menu_order":0,"comment_status":"closed","ping_status":"closed","template":"","meta":{"_acf_changed":false,"_et_pb_use_builder":"on","_et_pb_old_content":"[cmplz-document type=\"cookie-statement\" region=\"eu\"]","_et_gb_content_width":"","footnotes":""},"class_list":["post-7161","page","type-page","status-publish","hentry"],"acf":[],"yoast_head":"<!-- This site is optimized with the Yoast SEO plugin v26.8 - https:\/\/yoast.com\/product\/yoast-seo-wordpress\/ -->\n<title>Pol\u00edtica de cookies - Ajuntament de Naut Aran<\/title>\n<meta name=\"robots\" content=\"index, follow, max-snippet:-1, max-image-preview:large, max-video-preview:-1\" \/>\n<link rel=\"canonical\" href=\"https:\/\/www.nautaran.org\/es\/politica-de-cookies-ue\/\" \/>\n<meta property=\"og:locale\" content=\"es_ES\" \/>\n<meta property=\"og:type\" content=\"article\" \/>\n<meta property=\"og:title\" content=\"Pol\u00edtica de cookies - Ajuntament de Naut Aran\" \/>\n<meta property=\"og:description\" content=\"Aviso de cookies Utilizamos cookies propias y de terceros para analizar nuestros servicios y mostrarte publicidad relacionada con las preferencias de los usuarios en base a un perfil elaborado a partir de sus h\u00e1bitos de navegaci\u00f3n. Pol\u00edtica de cookies Les informamos que en la web https:\/\/www.nautaran.org\/es , el sistema de navegaci\u00f3n utiliza algunos datos de [&hellip;]\" \/>\n<meta property=\"og:url\" content=\"https:\/\/www.nautaran.org\/es\/politica-de-cookies-ue\/\" \/>\n<meta property=\"og:site_name\" content=\"Ajuntament de Naut Aran\" \/>\n<meta property=\"article:modified_time\" content=\"2024-08-22T10:21:04+00:00\" \/>\n<meta name=\"twitter:card\" content=\"summary_large_image\" \/>\n<meta name=\"twitter:label1\" content=\"Tiempo de lectura\" \/>\n\t<meta name=\"twitter:data1\" content=\"4 minutos\" \/>\n<script type=\"application\/ld+json\" class=\"yoast-schema-graph\">{\"@context\":\"https:\/\/schema.org\",\"@graph\":[{\"@type\":\"WebPage\",\"@id\":\"https:\/\/www.nautaran.org\/es\/politica-de-cookies-ue\/\",\"url\":\"https:\/\/www.nautaran.org\/es\/politica-de-cookies-ue\/\",\"name\":\"Pol\u00edtica de cookies - Ajuntament de Naut Aran\",\"isPartOf\":{\"@id\":\"https:\/\/www.nautaran.org\/#website\"},\"datePublished\":\"2020-12-19T10:38:14+00:00\",\"dateModified\":\"2024-08-22T10:21:04+00:00\",\"breadcrumb\":{\"@id\":\"https:\/\/www.nautaran.org\/es\/politica-de-cookies-ue\/#breadcrumb\"},\"inLanguage\":\"es\",\"potentialAction\":[{\"@type\":\"ReadAction\",\"target\":[\"https:\/\/www.nautaran.org\/es\/politica-de-cookies-ue\/\"]}]},{\"@type\":\"BreadcrumbList\",\"@id\":\"https:\/\/www.nautaran.org\/es\/politica-de-cookies-ue\/#breadcrumb\",\"itemListElement\":[{\"@type\":\"ListItem\",\"position\":1,\"name\":\"Portada\",\"item\":\"https:\/\/www.nautaran.org\/es\/home-2\/\"},{\"@type\":\"ListItem\",\"position\":2,\"name\":\"Pol\u00edtica de cookies\"}]},{\"@type\":\"WebSite\",\"@id\":\"https:\/\/www.nautaran.org\/#website\",\"url\":\"https:\/\/www.nautaran.org\/\",\"name\":\"Ajuntament de Naut Aran\",\"description\":\"Naut Aran\",\"potentialAction\":[{\"@type\":\"SearchAction\",\"target\":{\"@type\":\"EntryPoint\",\"urlTemplate\":\"https:\/\/www.nautaran.org\/?s={search_term_string}\"},\"query-input\":{\"@type\":\"PropertyValueSpecification\",\"valueRequired\":true,\"valueName\":\"search_term_string\"}}],\"inLanguage\":\"es\"}]}<\/script>\n<!-- \/ Yoast SEO plugin. -->","yoast_head_json":{"title":"Pol\u00edtica de cookies - Ajuntament de Naut Aran","robots":{"index":"index","follow":"follow","max-snippet":"max-snippet:-1","max-image-preview":"max-image-preview:large","max-video-preview":"max-video-preview:-1"},"canonical":"https:\/\/www.nautaran.org\/es\/politica-de-cookies-ue\/","og_locale":"es_ES","og_type":"article","og_title":"Pol\u00edtica de cookies - Ajuntament de Naut Aran","og_description":"Aviso de cookies Utilizamos cookies propias y de terceros para analizar nuestros servicios y mostrarte publicidad relacionada con las preferencias de los usuarios en base a un perfil elaborado a partir de sus h\u00e1bitos de navegaci\u00f3n. Pol\u00edtica de cookies Les informamos que en la web https:\/\/www.nautaran.org\/es , el sistema de navegaci\u00f3n utiliza algunos datos de [&hellip;]","og_url":"https:\/\/www.nautaran.org\/es\/politica-de-cookies-ue\/","og_site_name":"Ajuntament de Naut Aran","article_modified_time":"2024-08-22T10:21:04+00:00","twitter_card":"summary_large_image","twitter_misc":{"Tiempo de lectura":"4 minutos"},"schema":{"@context":"https:\/\/schema.org","@graph":[{"@type":"WebPage","@id":"https:\/\/www.nautaran.org\/es\/politica-de-cookies-ue\/","url":"https:\/\/www.nautaran.org\/es\/politica-de-cookies-ue\/","name":"Pol\u00edtica de cookies - Ajuntament de Naut Aran","isPartOf":{"@id":"https:\/\/www.nautaran.org\/#website"},"datePublished":"2020-12-19T10:38:14+00:00","dateModified":"2024-08-22T10:21:04+00:00","breadcrumb":{"@id":"https:\/\/www.nautaran.org\/es\/politica-de-cookies-ue\/#breadcrumb"},"inLanguage":"es","potentialAction":[{"@type":"ReadAction","target":["https:\/\/www.nautaran.org\/es\/politica-de-cookies-ue\/"]}]},{"@type":"BreadcrumbList","@id":"https:\/\/www.nautaran.org\/es\/politica-de-cookies-ue\/#breadcrumb","itemListElement":[{"@type":"ListItem","position":1,"name":"Portada","item":"https:\/\/www.nautaran.org\/es\/home-2\/"},{"@type":"ListItem","position":2,"name":"Pol\u00edtica de cookies"}]},{"@type":"WebSite","@id":"https:\/\/www.nautaran.org\/#website","url":"https:\/\/www.nautaran.org\/","name":"Ajuntament de Naut Aran","description":"Naut Aran","potentialAction":[{"@type":"SearchAction","target":{"@type":"EntryPoint","urlTemplate":"https:\/\/www.nautaran.org\/?s={search_term_string}"},"query-input":{"@type":"PropertyValueSpecification","valueRequired":true,"valueName":"search_term_string"}}],"inLanguage":"es"}]}},"_links":{"self":[{"href":"https:\/\/www.nautaran.org\/es\/wp-json\/wp\/v2\/pages\/7161","targetHints":{"allow":["GET"]}}],"collection":[{"href":"https:\/\/www.nautaran.org\/es\/wp-json\/wp\/v2\/pages"}],"about":[{"href":"https:\/\/www.nautaran.org\/es\/wp-json\/wp\/v2\/types\/page"}],"author":[{"embeddable":true,"href":"https:\/\/www.nautaran.org\/es\/wp-json\/wp\/v2\/users\/3"}],"replies":[{"embeddable":true,"href":"https:\/\/www.nautaran.org\/es\/wp-json\/wp\/v2\/comments?post=7161"}],"version-history":[{"count":7,"href":"https:\/\/www.nautaran.org\/es\/wp-json\/wp\/v2\/pages\/7161\/revisions"}],"predecessor-version":[{"id":21259,"href":"https:\/\/www.nautaran.org\/es\/wp-json\/wp\/v2\/pages\/7161\/revisions\/21259"}],"wp:attachment":[{"href":"https:\/\/www.nautaran.org\/es\/wp-json\/wp\/v2\/media?parent=7161"}],"curies":[{"name":"wp","href":"https:\/\/api.w.org\/{rel}","templated":true}]}}