{"id":7631,"date":"2021-01-28T11:52:46","date_gmt":"2021-01-28T09:52:46","guid":{"rendered":"https:\/\/www.nautaran.org\/?page_id=7631"},"modified":"2021-01-28T15:08:07","modified_gmt":"2021-01-28T13:08:07","slug":"centro-de-primaria-losseron","status":"publish","type":"page","link":"https:\/\/www.nautaran.org\/es\/servicios\/educacion\/centro-de-primaria-losseron\/","title":{"rendered":"Centro de primaria Losseron"},"content":{"rendered":"<p>[et_pb_section fb_built=\u00bb1&#8243; _builder_version=\u00bb4.7.7&#8243; _module_preset=\u00bbdefault\u00bb use_background_color_gradient=\u00bbon\u00bb background_color_gradient_start=\u00bbrgba(115,152,198,0.79)\u00bb background_color_gradient_end=\u00bbrgba(143,196,109,0.77)\u00bb background_color_gradient_direction=\u00bb160deg\u00bb background_color_gradient_overlays_image=\u00bbon\u00bb background_image=\u00bbhttps:\/\/www.nautaran.org\/wp-content\/uploads\/2021\/01\/crayons-1209804_1920.jpg\u00bb custom_padding=\u00bb5px||13px|||\u00bb][et_pb_row _builder_version=\u00bb4.6.1&#8243; _module_preset=\u00bbdefault\u00bb custom_margin=\u00bb|auto|-10px|auto||\u00bb custom_padding=\u00bb82px||66px|||\u00bb][et_pb_column type=\u00bb4_4&#8243; _builder_version=\u00bb4.6.1&#8243; _module_preset=\u00bbdefault\u00bb][et_pb_text _builder_version=\u00bb4.7.7&#8243; _module_preset=\u00bbdefault\u00bb header_text_align=\u00bbcenter\u00bb header_text_color=\u00bb#ffffff\u00bb header_font_size=\u00bb50px\u00bb header_font_size_tablet=\u00bb50px\u00bb header_font_size_phone=\u00bb35px\u00bb header_font_size_last_edited=\u00bbon|phone\u00bb header_text_shadow_style=\u00bbpreset3&#8243;]<\/p>\n<h1>Centro de Primaria Losseron<\/h1>\n<p>[\/et_pb_text][\/et_pb_column][\/et_pb_row][\/et_pb_section][et_pb_section fb_built=\u00bb1&#8243; _builder_version=\u00bb4.6.1&#8243; _module_preset=\u00bbdefault\u00bb background_color=\u00bb#efefef\u00bb custom_padding=\u00bb33px||21px|||\u00bb][et_pb_row column_structure=\u00bb1_2,1_2&#8243; make_equal=\u00bbon\u00bb _builder_version=\u00bb4.7.7&#8243; _module_preset=\u00bbdefault\u00bb background_enable_color=\u00bboff\u00bb][et_pb_column type=\u00bb1_2&#8243; _builder_version=\u00bb4.7.7&#8243; _module_preset=\u00bbdefault\u00bb background_color=\u00bb#ffffff\u00bb custom_padding=\u00bb30px|30px|30px|30px|false|false\u00bb][et_pb_text _builder_version=\u00bb4.7.7&#8243; _module_preset=\u00bbdefault\u00bb custom_margin=\u00bb3px||||false|false\u00bb]<\/p>\n<p>El CEIP Losseron junto con otros estudios de la Val d&#8217;Aran: Salard\u00fa, Es Bordes, Boss\u00f2st, Les, Canejan, son fruto de un proyecto de edificaci\u00f3n de nuevos estudios, en todo el Valle, llevado a cabo en 1924 , por el diputado del Valle de Aran, Sr. Deo (hijo de Canejan); es debido con ello que todos ellos responden a un mismo tipo de edificaci\u00f3n.<\/p>\n<p>En un principio, el a\u00f1o 1934, el estudio ten\u00eda dos salas, una para los enanos y otra para las ni\u00f1as. En el patio se reflejaba tambi\u00e9n esta separaci\u00f3n.<\/p>\n<p>Este edificio se ha reformado en varias ocasiones. La remodelaci\u00f3n m\u00e1s importante se ha hecho durante el a\u00f1o escolar 2001-02, en que s\u00f3lo se guardaron las paredes exteriores que le dan su aspecto caracter\u00edstico<\/p>\n<p>[\/et_pb_text][\/et_pb_column][et_pb_column type=\u00bb1_2&#8243; _builder_version=\u00bb4.6.1&#8243; _module_preset=\u00bbdefault\u00bb][et_pb_image src=\u00bbhttps:\/\/www.nautaran.org\/wp-content\/uploads\/2020\/11\/IMG_6958.jpg\u00bb title_text=\u00bbIMG_5557-980&#215;735&#8243; show_in_lightbox=\u00bbon\u00bb _builder_version=\u00bb4.7.7&#8243; _module_preset=\u00bbdefault\u00bb][\/et_pb_image][\/et_pb_column][\/et_pb_row][\/et_pb_section]<\/p>\n","protected":false},"excerpt":{"rendered":"<p>Centro de Primaria LosseronEl CEIP Losseron junto con otros estudios de la Val d&#8217;Aran: Salard\u00fa, Es Bordes, Boss\u00f2st, Les, Canejan, son fruto de un proyecto de edificaci\u00f3n de nuevos estudios, en todo el Valle, llevado a cabo en 1924 , por el diputado del Valle de Aran, Sr. Deo (hijo de Canejan); es debido con [&hellip;]<\/p>\n","protected":false},"author":6,"featured_media":0,"parent":7651,"menu_order":0,"comment_status":"closed","ping_status":"closed","template":"","meta":{"_acf_changed":false,"_et_pb_use_builder":"on","_et_pb_old_content":"","_et_gb_content_width":"","footnotes":""},"class_list":["post-7631","page","type-page","status-publish","hentry"],"acf":[],"yoast_head":"<!-- This site is optimized with the Yoast SEO plugin v26.8 - https:\/\/yoast.com\/product\/yoast-seo-wordpress\/ -->\n<title>Centro de primaria Losseron - Ajuntament de Naut Aran<\/title>\n<meta name=\"robots\" content=\"index, follow, max-snippet:-1, max-image-preview:large, max-video-preview:-1\" \/>\n<link rel=\"canonical\" href=\"https:\/\/www.nautaran.org\/es\/servicios\/educacion\/centro-de-primaria-losseron\/\" \/>\n<meta property=\"og:locale\" content=\"es_ES\" \/>\n<meta property=\"og:type\" content=\"article\" \/>\n<meta property=\"og:title\" content=\"Centro de primaria Losseron - Ajuntament de Naut Aran\" \/>\n<meta property=\"og:description\" content=\"Centro de Primaria LosseronEl CEIP Losseron junto con otros estudios de la Val d&#039;Aran: Salard\u00fa, Es Bordes, Boss\u00f2st, Les, Canejan, son fruto de un proyecto de edificaci\u00f3n de nuevos estudios, en todo el Valle, llevado a cabo en 1924 , por el diputado del Valle de Aran, Sr. Deo (hijo de Canejan); es debido con [&hellip;]\" \/>\n<meta property=\"og:url\" content=\"https:\/\/www.nautaran.org\/es\/servicios\/educacion\/centro-de-primaria-losseron\/\" \/>\n<meta property=\"og:site_name\" content=\"Ajuntament de Naut Aran\" \/>\n<meta property=\"article:modified_time\" content=\"2021-01-28T13:08:07+00:00\" \/>\n<meta name=\"twitter:card\" content=\"summary_large_image\" \/>\n<meta name=\"twitter:label1\" content=\"Tiempo de lectura\" \/>\n\t<meta name=\"twitter:data1\" content=\"2 minutos\" \/>\n<script type=\"application\/ld+json\" class=\"yoast-schema-graph\">{\"@context\":\"https:\/\/schema.org\",\"@graph\":[{\"@type\":\"WebPage\",\"@id\":\"https:\/\/www.nautaran.org\/es\/servicios\/educacion\/centro-de-primaria-losseron\/\",\"url\":\"https:\/\/www.nautaran.org\/es\/servicios\/educacion\/centro-de-primaria-losseron\/\",\"name\":\"Centro de primaria Losseron - Ajuntament de Naut Aran\",\"isPartOf\":{\"@id\":\"https:\/\/www.nautaran.org\/#website\"},\"datePublished\":\"2021-01-28T09:52:46+00:00\",\"dateModified\":\"2021-01-28T13:08:07+00:00\",\"breadcrumb\":{\"@id\":\"https:\/\/www.nautaran.org\/es\/servicios\/educacion\/centro-de-primaria-losseron\/#breadcrumb\"},\"inLanguage\":\"es\",\"potentialAction\":[{\"@type\":\"ReadAction\",\"target\":[\"https:\/\/www.nautaran.org\/es\/servicios\/educacion\/centro-de-primaria-losseron\/\"]}]},{\"@type\":\"BreadcrumbList\",\"@id\":\"https:\/\/www.nautaran.org\/es\/servicios\/educacion\/centro-de-primaria-losseron\/#breadcrumb\",\"itemListElement\":[{\"@type\":\"ListItem\",\"position\":1,\"name\":\"Portada\",\"item\":\"https:\/\/www.nautaran.org\/es\/home-2\/\"},{\"@type\":\"ListItem\",\"position\":2,\"name\":\"Servicios\",\"item\":\"https:\/\/www.nautaran.org\/es\/servicios\/\"},{\"@type\":\"ListItem\",\"position\":3,\"name\":\"Educaci\u00f3n\",\"item\":\"https:\/\/www.nautaran.org\/es\/?page_id=7651\"},{\"@type\":\"ListItem\",\"position\":4,\"name\":\"Centro de primaria Losseron\"}]},{\"@type\":\"WebSite\",\"@id\":\"https:\/\/www.nautaran.org\/#website\",\"url\":\"https:\/\/www.nautaran.org\/\",\"name\":\"Ajuntament de Naut Aran\",\"description\":\"Naut Aran\",\"potentialAction\":[{\"@type\":\"SearchAction\",\"target\":{\"@type\":\"EntryPoint\",\"urlTemplate\":\"https:\/\/www.nautaran.org\/?s={search_term_string}\"},\"query-input\":{\"@type\":\"PropertyValueSpecification\",\"valueRequired\":true,\"valueName\":\"search_term_string\"}}],\"inLanguage\":\"es\"}]}<\/script>\n<!-- \/ Yoast SEO plugin. -->","yoast_head_json":{"title":"Centro de primaria Losseron - Ajuntament de Naut Aran","robots":{"index":"index","follow":"follow","max-snippet":"max-snippet:-1","max-image-preview":"max-image-preview:large","max-video-preview":"max-video-preview:-1"},"canonical":"https:\/\/www.nautaran.org\/es\/servicios\/educacion\/centro-de-primaria-losseron\/","og_locale":"es_ES","og_type":"article","og_title":"Centro de primaria Losseron - Ajuntament de Naut Aran","og_description":"Centro de Primaria LosseronEl CEIP Losseron junto con otros estudios de la Val d'Aran: Salard\u00fa, Es Bordes, Boss\u00f2st, Les, Canejan, son fruto de un proyecto de edificaci\u00f3n de nuevos estudios, en todo el Valle, llevado a cabo en 1924 , por el diputado del Valle de Aran, Sr. Deo (hijo de Canejan); es debido con [&hellip;]","og_url":"https:\/\/www.nautaran.org\/es\/servicios\/educacion\/centro-de-primaria-losseron\/","og_site_name":"Ajuntament de Naut Aran","article_modified_time":"2021-01-28T13:08:07+00:00","twitter_card":"summary_large_image","twitter_misc":{"Tiempo de lectura":"2 minutos"},"schema":{"@context":"https:\/\/schema.org","@graph":[{"@type":"WebPage","@id":"https:\/\/www.nautaran.org\/es\/servicios\/educacion\/centro-de-primaria-losseron\/","url":"https:\/\/www.nautaran.org\/es\/servicios\/educacion\/centro-de-primaria-losseron\/","name":"Centro de primaria Losseron - Ajuntament de Naut Aran","isPartOf":{"@id":"https:\/\/www.nautaran.org\/#website"},"datePublished":"2021-01-28T09:52:46+00:00","dateModified":"2021-01-28T13:08:07+00:00","breadcrumb":{"@id":"https:\/\/www.nautaran.org\/es\/servicios\/educacion\/centro-de-primaria-losseron\/#breadcrumb"},"inLanguage":"es","potentialAction":[{"@type":"ReadAction","target":["https:\/\/www.nautaran.org\/es\/servicios\/educacion\/centro-de-primaria-losseron\/"]}]},{"@type":"BreadcrumbList","@id":"https:\/\/www.nautaran.org\/es\/servicios\/educacion\/centro-de-primaria-losseron\/#breadcrumb","itemListElement":[{"@type":"ListItem","position":1,"name":"Portada","item":"https:\/\/www.nautaran.org\/es\/home-2\/"},{"@type":"ListItem","position":2,"name":"Servicios","item":"https:\/\/www.nautaran.org\/es\/servicios\/"},{"@type":"ListItem","position":3,"name":"Educaci\u00f3n","item":"https:\/\/www.nautaran.org\/es\/?page_id=7651"},{"@type":"ListItem","position":4,"name":"Centro de primaria Losseron"}]},{"@type":"WebSite","@id":"https:\/\/www.nautaran.org\/#website","url":"https:\/\/www.nautaran.org\/","name":"Ajuntament de Naut Aran","description":"Naut Aran","potentialAction":[{"@type":"SearchAction","target":{"@type":"EntryPoint","urlTemplate":"https:\/\/www.nautaran.org\/?s={search_term_string}"},"query-input":{"@type":"PropertyValueSpecification","valueRequired":true,"valueName":"search_term_string"}}],"inLanguage":"es"}]}},"_links":{"self":[{"href":"https:\/\/www.nautaran.org\/es\/wp-json\/wp\/v2\/pages\/7631","targetHints":{"allow":["GET"]}}],"collection":[{"href":"https:\/\/www.nautaran.org\/es\/wp-json\/wp\/v2\/pages"}],"about":[{"href":"https:\/\/www.nautaran.org\/es\/wp-json\/wp\/v2\/types\/page"}],"author":[{"embeddable":true,"href":"https:\/\/www.nautaran.org\/es\/wp-json\/wp\/v2\/users\/6"}],"replies":[{"embeddable":true,"href":"https:\/\/www.nautaran.org\/es\/wp-json\/wp\/v2\/comments?post=7631"}],"version-history":[{"count":4,"href":"https:\/\/www.nautaran.org\/es\/wp-json\/wp\/v2\/pages\/7631\/revisions"}],"predecessor-version":[{"id":7644,"href":"https:\/\/www.nautaran.org\/es\/wp-json\/wp\/v2\/pages\/7631\/revisions\/7644"}],"up":[{"embeddable":true,"href":"https:\/\/www.nautaran.org\/es\/wp-json\/wp\/v2\/pages\/7651"}],"wp:attachment":[{"href":"https:\/\/www.nautaran.org\/es\/wp-json\/wp\/v2\/media?parent=7631"}],"curies":[{"name":"wp","href":"https:\/\/api.w.org\/{rel}","templated":true}]}}