{"id":8707,"date":"2021-05-31T10:36:21","date_gmt":"2021-05-31T08:36:21","guid":{"rendered":"https:\/\/www.nautaran.org\/?page_id=8707"},"modified":"2026-04-13T08:32:31","modified_gmt":"2026-04-13T07:32:31","slug":"piscina-municipau-salardu","status":"publish","type":"page","link":"https:\/\/www.nautaran.org\/es\/servicios\/esports\/piscina-municipau-salardu\/","title":{"rendered":"Piscina Municipal Salard\u00fa"},"content":{"rendered":"<p>[et_pb_section fb_built=\u00bb1&#8243; _builder_version=\u00bb4.16&#8243; _module_preset=\u00bbdefault\u00bb use_background_color_gradient=\u00bbon\u00bb background_color_gradient_direction=\u00bb160deg\u00bb background_color_gradient_stops=\u00bbrgba(115,152,198,0.79) 0%|rgba(143,196,109,0.77) 100%\u00bb background_color_gradient_overlays_image=\u00bbon\u00bb background_color_gradient_start=\u00bbrgba(115,152,198,0.79)\u00bb background_color_gradient_end=\u00bbrgba(143,196,109,0.77)\u00bb background_image=\u00bbhttps:\/\/www.nautaran.org\/wp-content\/uploads\/2021\/05\/PISCINA_SALARDU.jpg\u00bb custom_padding=\u00bb5px||13px|||\u00bb global_colors_info=\u00bb{}\u00bb][et_pb_row _builder_version=\u00bb4.16&#8243; _module_preset=\u00bbdefault\u00bb custom_margin=\u00bb|auto|-10px|auto||\u00bb custom_padding=\u00bb82px||66px|||\u00bb global_colors_info=\u00bb{}\u00bb][et_pb_column type=\u00bb4_4&#8243; _builder_version=\u00bb4.16&#8243; _module_preset=\u00bbdefault\u00bb global_colors_info=\u00bb{}\u00bb][et_pb_text _builder_version=\u00bb4.16&#8243; _module_preset=\u00bbdefault\u00bb header_text_align=\u00bbcenter\u00bb header_text_color=\u00bb#ffffff\u00bb header_font_size=\u00bb50px\u00bb header_font_size_tablet=\u00bb50px\u00bb header_font_size_phone=\u00bb35px\u00bb header_font_size_last_edited=\u00bbon|phone\u00bb header_text_shadow_style=\u00bbpreset3&#8243; global_colors_info=\u00bb{}\u00bb]<\/p>\n<h1>Piscina Municipal Salard\u00fa<\/h1>\n<p>[\/et_pb_text][\/et_pb_column][\/et_pb_row][\/et_pb_section][et_pb_section fb_built=\u00bb1&#8243; _builder_version=\u00bb4.16&#8243; _module_preset=\u00bbdefault\u00bb background_color=\u00bb#efefef\u00bb custom_padding=\u00bb30px||60px|||\u00bb global_colors_info=\u00bb{}\u00bb][et_pb_row column_structure=\u00bb1_2,1_2&#8243; make_equal=\u00bbon\u00bb _builder_version=\u00bb4.16&#8243; _module_preset=\u00bbdefault\u00bb background_enable_color=\u00bboff\u00bb custom_padding=\u00bb||0px|||\u00bb global_colors_info=\u00bb{}\u00bb][et_pb_column type=\u00bb1_2&#8243; _builder_version=\u00bb4.16&#8243; _module_preset=\u00bbdefault\u00bb background_color=\u00bb#ffffff\u00bb custom_padding=\u00bb30px|30px|30px|30px|false|false\u00bb global_colors_info=\u00bb{}\u00bb][et_pb_text _builder_version=\u00bb4.20.4&#8243; _module_preset=\u00bbdefault\u00bb custom_margin=\u00bb20px||||false|false\u00bb global_colors_info=\u00bb{}\u00bb]<\/p>\n<h3>\u00a0<\/h3>\n<h3><span style=\"color: #d52430; font-family: Roboto, Helvetica, Arial, Lucida, sans-serif; font-size: 29px; font-weight: bold;\"><strong>Horario<\/strong><\/span><span style=\"color: #d52430; font-family: Roboto, Helvetica, Arial, Lucida, sans-serif; font-size: 29px; font-weight: bold;\"><strong>:<\/strong><\/span><\/h3>\n<p><span style=\"font-size: 17px;\">Del 6 de junio al 7 de septiembre.<\/span><\/p>\n<p><span style=\"font-size: 17px;\">De 11:00 horas a 20:00 horas.<\/span><\/p>\n<p><span style=\"font-size: 17px;\">La Piscina estara abierta siempre que no llueva y que la temperatura ambiente sea superior a los 17\u00ba.<\/span><\/p>\n<h3><span style=\"font-size: x-large; font-family: inherit; font-weight: normal;\"><strong>Precios d\u00eda Empadronados:<\/strong><\/span><\/h3>\n<ul>\n<li><span style=\"font-size: 17px;\">Menores de 7 a\u00f1os: <strong>Gratuito.<\/strong><\/span><\/li>\n<li><span style=\"font-size: 17px;\">De 7 a menores de 18 a\u00f1os: <strong>2,00 \u20ac.<\/strong><\/span><\/li>\n<li><span style=\"font-size: 17px;\">De 18 a menores de 65 a\u00f1os: <strong>3,00 \u20ac.<\/strong><\/span><\/li>\n<li><span style=\"font-size: 17px;\">Mayores de 65 a\u00f1os: <strong>Gratuito.<\/strong><\/span><\/li>\n<\/ul>\n<h3><span style=\"font-size: x-large; font-family: inherit; font-weight: normal;\"><strong>Precios d\u00eda No Empadronados:<\/strong><\/span><\/h3>\n<ul>\n<li><span style=\"font-size: 17px;\">Menores de 7 a\u00f1os: <strong>1,00 \u20ac.<\/strong><\/span><\/li>\n<li><span style=\"font-size: 17px;\">De 7 a menores de 18 a\u00f1os: <strong>3,00 \u20ac.<\/strong><\/span><\/li>\n<li><span style=\"font-size: 17px;\">De 18 a menores de 65 a\u00f1os: <strong>5,00 \u20ac.<\/strong><\/span><\/li>\n<li><span style=\"font-size: 17px;\">Mayores de 65 a\u00f1os: <strong>1,00\u20ac.<\/strong><\/span><\/li>\n<\/ul>\n<h3><span style=\"font-size: x-large; font-family: inherit; font-weight: normal;\"><strong>Abono de Temporada para vecinos residentes permanentes:<\/strong><\/span><\/h3>\n<ul>\n<li><span style=\"font-size: 17px;\">De 7 a menores de 18 a\u00f1os: <strong>18,00 \u20ac<\/strong><\/span><\/li>\n<li><span style=\"font-size: 17px;\">De 18 a menores de 65 a\u00f1os:<strong>\u00a030,00 \u20ac<\/strong><\/span><\/li>\n<li><span style=\"font-size: 17px;\">Bono familiar: <strong>50,00 \u20ac<\/strong><\/span><\/li>\n<\/ul>\n<h3><span style=\"font-size: x-large; font-family: inherit; font-weight: normal;\"><strong>Abono de Temporada para no empadronados:<\/strong><\/span><\/h3>\n<ul>\n<li><span style=\"font-size: 17px;\">Semanal de 7 a menores de 18 a\u00f1os: <strong>15,00 \u20ac<\/strong><\/span><\/li>\n<li>Semanal de 18 a menores de 65 a\u00f1os: <strong>25,00\u20ac\u00a0<\/strong><\/li>\n<li><span style=\"font-size: 17px;\">De 7 a menores de 18 a\u00f1os: <strong>75,00 \u20ac<\/strong><\/span><\/li>\n<li><span style=\"font-size: 17px;\">De 18 a menores de 65 a\u00f1os: <strong>100,00 \u20ac<\/strong><\/span><\/li>\n<li><span style=\"font-size: 17px;\">Menores de 7 a\u00f1os y mayores de 65 a\u00f1os: <strong>50,00 \u20ac<\/strong><\/span><\/li>\n<\/ul>\n<h1><span style=\"font-size: large;\"><strong><span style=\"font-family: inherit;\">Servicio de Bar, Terraza y Solarium<\/span><\/strong><\/span><\/h1>\n<h2><span style=\"font-size: large;\"><strong><span style=\"font-family: inherit;\">M\u00e1s informaci\u00f3n en el Ajuntament de Naut Aran en horas de oficina o en la misma piscina al n\u00famero 638483272<\/span><\/strong><\/span><\/h2>\n<p>[\/et_pb_text][\/et_pb_column][et_pb_column type=\u00bb1_2&#8243; _builder_version=\u00bb4.16&#8243; _module_preset=\u00bbdefault\u00bb global_colors_info=\u00bb{}\u00bb][et_pb_image src=\u00bbhttps:\/\/www.nautaran.org\/wp-content\/uploads\/2021\/05\/PISCINA_SALARDU.jpg\u00bb title_text=\u00bbPISCINA_SALARDU\u00bb show_in_lightbox=\u00bbon\u00bb _builder_version=\u00bb4.16&#8243; _module_preset=\u00bbdefault\u00bb global_colors_info=\u00bb{}\u00bb][\/et_pb_image][\/et_pb_column][\/et_pb_row][\/et_pb_section][et_pb_section fb_built=\u00bb1&#8243; _builder_version=\u00bb4.16&#8243; _module_preset=\u00bbdefault\u00bb global_colors_info=\u00bb{}\u00bb][et_pb_row _builder_version=\u00bb4.16&#8243; _module_preset=\u00bbdefault\u00bb global_colors_info=\u00bb{}\u00bb][et_pb_column type=\u00bb4_4&#8243; _builder_version=\u00bb4.16&#8243; _module_preset=\u00bbdefault\u00bb global_colors_info=\u00bb{}\u00bb][et_pb_image src=\u00bbhttps:\/\/www.nautaran.org\/wp-content\/uploads\/2026\/04\/Piscina_Tempsada_26.png\u00bb title_text=\u00bbPiscina_Tempsada_26&#8243; align=\u00bbcenter\u00bb _builder_version=\u00bb4.20.4&#8243; _module_preset=\u00bbdefault\u00bb width=\u00bb67%\u00bb max_width=\u00bb67%\u00bb module_alignment=\u00bbcenter\u00bb hover_enabled=\u00bb0&#8243; global_colors_info=\u00bb{}\u00bb sticky_enabled=\u00bb0&#8243;][\/et_pb_image][\/et_pb_column][\/et_pb_row][\/et_pb_section]<\/p>\n","protected":false},"excerpt":{"rendered":"<p>Piscina Municipal Salard\u00fa\u00a0 Horario: Del 6 de junio al 7 de septiembre. De 11:00 horas a 20:00 horas. La Piscina estara abierta siempre que no llueva y que la temperatura ambiente sea superior a los 17\u00ba. Precios d\u00eda Empadronados: Menores de 7 a\u00f1os: Gratuito. De 7 a menores de 18 a\u00f1os: 2,00 \u20ac. De 18 [&hellip;]<\/p>\n","protected":false},"author":6,"featured_media":0,"parent":13939,"menu_order":0,"comment_status":"closed","ping_status":"closed","template":"","meta":{"_acf_changed":false,"_et_pb_use_builder":"on","_et_pb_old_content":"","_et_gb_content_width":"","footnotes":""},"class_list":["post-8707","page","type-page","status-publish","hentry"],"acf":[],"yoast_head":"<!-- This site is optimized with the Yoast SEO plugin v26.8 - https:\/\/yoast.com\/product\/yoast-seo-wordpress\/ -->\n<title>Piscina Municipal Salard\u00fa - Ajuntament de Naut Aran<\/title>\n<meta name=\"robots\" content=\"index, follow, max-snippet:-1, max-image-preview:large, max-video-preview:-1\" \/>\n<link rel=\"canonical\" href=\"https:\/\/www.nautaran.org\/es\/servicios\/esports\/piscina-municipau-salardu\/\" \/>\n<meta property=\"og:locale\" content=\"es_ES\" \/>\n<meta property=\"og:type\" content=\"article\" \/>\n<meta property=\"og:title\" content=\"Piscina Municipal Salard\u00fa - Ajuntament de Naut Aran\" \/>\n<meta property=\"og:description\" content=\"Piscina Municipal Salard\u00fa\u00a0 Horario: Del 6 de junio al 7 de septiembre. De 11:00 horas a 20:00 horas. La Piscina estara abierta siempre que no llueva y que la temperatura ambiente sea superior a los 17\u00ba. Precios d\u00eda Empadronados: Menores de 7 a\u00f1os: Gratuito. De 7 a menores de 18 a\u00f1os: 2,00 \u20ac. De 18 [&hellip;]\" \/>\n<meta property=\"og:url\" content=\"https:\/\/www.nautaran.org\/es\/servicios\/esports\/piscina-municipau-salardu\/\" \/>\n<meta property=\"og:site_name\" content=\"Ajuntament de Naut Aran\" \/>\n<meta property=\"article:modified_time\" content=\"2026-04-13T07:32:31+00:00\" \/>\n<meta name=\"twitter:card\" content=\"summary_large_image\" \/>\n<meta name=\"twitter:label1\" content=\"Tiempo de lectura\" \/>\n\t<meta name=\"twitter:data1\" content=\"2 minutos\" \/>\n<script type=\"application\/ld+json\" class=\"yoast-schema-graph\">{\"@context\":\"https:\/\/schema.org\",\"@graph\":[{\"@type\":\"WebPage\",\"@id\":\"https:\/\/www.nautaran.org\/es\/servicios\/esports\/piscina-municipau-salardu\/\",\"url\":\"https:\/\/www.nautaran.org\/es\/servicios\/esports\/piscina-municipau-salardu\/\",\"name\":\"Piscina Municipal Salard\u00fa - Ajuntament de Naut Aran\",\"isPartOf\":{\"@id\":\"https:\/\/www.nautaran.org\/#website\"},\"datePublished\":\"2021-05-31T08:36:21+00:00\",\"dateModified\":\"2026-04-13T07:32:31+00:00\",\"breadcrumb\":{\"@id\":\"https:\/\/www.nautaran.org\/es\/servicios\/esports\/piscina-municipau-salardu\/#breadcrumb\"},\"inLanguage\":\"es\",\"potentialAction\":[{\"@type\":\"ReadAction\",\"target\":[\"https:\/\/www.nautaran.org\/es\/servicios\/esports\/piscina-municipau-salardu\/\"]}]},{\"@type\":\"BreadcrumbList\",\"@id\":\"https:\/\/www.nautaran.org\/es\/servicios\/esports\/piscina-municipau-salardu\/#breadcrumb\",\"itemListElement\":[{\"@type\":\"ListItem\",\"position\":1,\"name\":\"Portada\",\"item\":\"https:\/\/www.nautaran.org\/es\/home-2\/\"},{\"@type\":\"ListItem\",\"position\":2,\"name\":\"Servicios\",\"item\":\"https:\/\/www.nautaran.org\/es\/servicios\/\"},{\"@type\":\"ListItem\",\"position\":3,\"name\":\"Deportes\",\"item\":\"https:\/\/www.nautaran.org\/es\/servicios\/esports\/\"},{\"@type\":\"ListItem\",\"position\":4,\"name\":\"Piscina Municipal Salard\u00fa\"}]},{\"@type\":\"WebSite\",\"@id\":\"https:\/\/www.nautaran.org\/#website\",\"url\":\"https:\/\/www.nautaran.org\/\",\"name\":\"Ajuntament de Naut Aran\",\"description\":\"Naut Aran\",\"potentialAction\":[{\"@type\":\"SearchAction\",\"target\":{\"@type\":\"EntryPoint\",\"urlTemplate\":\"https:\/\/www.nautaran.org\/?s={search_term_string}\"},\"query-input\":{\"@type\":\"PropertyValueSpecification\",\"valueRequired\":true,\"valueName\":\"search_term_string\"}}],\"inLanguage\":\"es\"}]}<\/script>\n<!-- \/ Yoast SEO plugin. -->","yoast_head_json":{"title":"Piscina Municipal Salard\u00fa - Ajuntament de Naut Aran","robots":{"index":"index","follow":"follow","max-snippet":"max-snippet:-1","max-image-preview":"max-image-preview:large","max-video-preview":"max-video-preview:-1"},"canonical":"https:\/\/www.nautaran.org\/es\/servicios\/esports\/piscina-municipau-salardu\/","og_locale":"es_ES","og_type":"article","og_title":"Piscina Municipal Salard\u00fa - Ajuntament de Naut Aran","og_description":"Piscina Municipal Salard\u00fa\u00a0 Horario: Del 6 de junio al 7 de septiembre. De 11:00 horas a 20:00 horas. La Piscina estara abierta siempre que no llueva y que la temperatura ambiente sea superior a los 17\u00ba. Precios d\u00eda Empadronados: Menores de 7 a\u00f1os: Gratuito. De 7 a menores de 18 a\u00f1os: 2,00 \u20ac. De 18 [&hellip;]","og_url":"https:\/\/www.nautaran.org\/es\/servicios\/esports\/piscina-municipau-salardu\/","og_site_name":"Ajuntament de Naut Aran","article_modified_time":"2026-04-13T07:32:31+00:00","twitter_card":"summary_large_image","twitter_misc":{"Tiempo de lectura":"2 minutos"},"schema":{"@context":"https:\/\/schema.org","@graph":[{"@type":"WebPage","@id":"https:\/\/www.nautaran.org\/es\/servicios\/esports\/piscina-municipau-salardu\/","url":"https:\/\/www.nautaran.org\/es\/servicios\/esports\/piscina-municipau-salardu\/","name":"Piscina Municipal Salard\u00fa - Ajuntament de Naut Aran","isPartOf":{"@id":"https:\/\/www.nautaran.org\/#website"},"datePublished":"2021-05-31T08:36:21+00:00","dateModified":"2026-04-13T07:32:31+00:00","breadcrumb":{"@id":"https:\/\/www.nautaran.org\/es\/servicios\/esports\/piscina-municipau-salardu\/#breadcrumb"},"inLanguage":"es","potentialAction":[{"@type":"ReadAction","target":["https:\/\/www.nautaran.org\/es\/servicios\/esports\/piscina-municipau-salardu\/"]}]},{"@type":"BreadcrumbList","@id":"https:\/\/www.nautaran.org\/es\/servicios\/esports\/piscina-municipau-salardu\/#breadcrumb","itemListElement":[{"@type":"ListItem","position":1,"name":"Portada","item":"https:\/\/www.nautaran.org\/es\/home-2\/"},{"@type":"ListItem","position":2,"name":"Servicios","item":"https:\/\/www.nautaran.org\/es\/servicios\/"},{"@type":"ListItem","position":3,"name":"Deportes","item":"https:\/\/www.nautaran.org\/es\/servicios\/esports\/"},{"@type":"ListItem","position":4,"name":"Piscina Municipal Salard\u00fa"}]},{"@type":"WebSite","@id":"https:\/\/www.nautaran.org\/#website","url":"https:\/\/www.nautaran.org\/","name":"Ajuntament de Naut Aran","description":"Naut Aran","potentialAction":[{"@type":"SearchAction","target":{"@type":"EntryPoint","urlTemplate":"https:\/\/www.nautaran.org\/?s={search_term_string}"},"query-input":{"@type":"PropertyValueSpecification","valueRequired":true,"valueName":"search_term_string"}}],"inLanguage":"es"}]}},"_links":{"self":[{"href":"https:\/\/www.nautaran.org\/es\/wp-json\/wp\/v2\/pages\/8707","targetHints":{"allow":["GET"]}}],"collection":[{"href":"https:\/\/www.nautaran.org\/es\/wp-json\/wp\/v2\/pages"}],"about":[{"href":"https:\/\/www.nautaran.org\/es\/wp-json\/wp\/v2\/types\/page"}],"author":[{"embeddable":true,"href":"https:\/\/www.nautaran.org\/es\/wp-json\/wp\/v2\/users\/6"}],"replies":[{"embeddable":true,"href":"https:\/\/www.nautaran.org\/es\/wp-json\/wp\/v2\/comments?post=8707"}],"version-history":[{"count":16,"href":"https:\/\/www.nautaran.org\/es\/wp-json\/wp\/v2\/pages\/8707\/revisions"}],"predecessor-version":[{"id":25878,"href":"https:\/\/www.nautaran.org\/es\/wp-json\/wp\/v2\/pages\/8707\/revisions\/25878"}],"up":[{"embeddable":true,"href":"https:\/\/www.nautaran.org\/es\/wp-json\/wp\/v2\/pages\/13939"}],"wp:attachment":[{"href":"https:\/\/www.nautaran.org\/es\/wp-json\/wp\/v2\/media?parent=8707"}],"curies":[{"name":"wp","href":"https:\/\/api.w.org\/{rel}","templated":true}]}}